{"id":5469,"date":"2024-06-08T03:58:35","date_gmt":"2024-06-08T03:58:35","guid":{"rendered":"https:\/\/moyahousehold.com\/?post_type=product&#038;p=5469"},"modified":"2025-02-05T08:37:16","modified_gmt":"2025-02-05T08:37:16","slug":"bulk-insulated-lunch-boxes-wholesale","status":"publish","type":"product","link":"https:\/\/moyahousehold.com\/de\/produkt\/bulk-insulated-lunch-boxes-wholesale\/","title":{"rendered":"Isolierte Edelstahl Lunch Box Gro\u00dfhandel"},"content":{"rendered":"<h2 class=\"wp-block-heading\">Parameter der isolierten Edelstahl-Lunchbox <\/h2>\n\n\n\n<p><strong>Material:<\/strong>304 + PP <strong> Farbe:<\/strong>Stahl\/Schwarz\/Beige<\/p>\n\n\n\n<figure class=\"wp-block-table\"><table><tbody><tr><td>Modellnummer<\/td><td>Kapazit\u00e4t<\/td><td>Gr\u00f6\u00dfe des Produkts<\/td><td>\u00c4u\u00dfere Gr\u00f6\u00dfe der Box<\/td><td>Menge pro Kiste<\/td><td>N.W<\/td><td>G.W\/Koffer<\/td><\/tr><tr><td>MYJJL04<\/td><td>1400ml<br>mit einem Licht&amp;einem tiefen Kasten<\/td><td>14.5*14.5*16.3<\/td><td>71*35*36<\/td><td>16<\/td><td>0.78<\/td><td>15.68<\/td><\/tr><tr><td>MYJJL05<\/td><td>1800ml<br>mit Saperate Box<br>\uff08zwei tiefe Boxen\uff09<\/td><td>14.5*14.5*19.3<\/td><td>70.5*35*47.5<\/td><td>16<\/td><td>1.1<\/td><td>20.8<\/td><\/tr><tr><td>MYJJL06<\/td><td>2200ml<br>mit Saperate Box<br>\uff08zwei hell&amp;eins tief\uff09<\/td><td>14.5*14.5*22.5<\/td><td>70.5*35*53.5<\/td><td>16<\/td><td>1.3<\/td><td>24<\/td><\/tr><\/tbody><\/table><\/figure>\n\n\n\n<h3 class=\"wp-block-heading\">Individuelle Edelstahl-Lunchbox-Optionen<\/h3>\n\n\n\n<p><strong>Logo<\/strong>: Gestalten Sie Ihr Markenlogo auf Brotdosen und Verpackungen.<br><strong>Logo-Optionen<\/strong>: gedrucktes Logo, lasergraviertes Logo, etc.<br><strong>Muster<\/strong>: Druckmuster <br><strong>Drucktechnik<\/strong>Wassertransferdruck, Siebdruck, W\u00e4rmetransferdruck, Sublimationstransfer, etc.<br><strong>Verpackung:<\/strong> Farbkasten<br><a href=\"https:\/\/moyahousehold.com\/de\/individuelle-losung\/\"><strong>Erfahren Sie mehr \u00fcber die individuelle Lunchbox-L\u00f6sung<\/strong><\/a><\/p>\n\n\n\n<div class=\"wp-block-columns is-layout-flex wp-container-core-columns-is-layout-9d6595d7 wp-block-columns-is-layout-flex\">\n<div class=\"wp-block-column is-layout-flow wp-block-column-is-layout-flow\">\n<figure class=\"wp-block-image size-full\"><img fetchpriority=\"high\" decoding=\"async\" width=\"3284\" height=\"3284\" src=\"https:\/\/moyahousehold.com\/wp-content\/uploads\/2024\/06\/Wholesale-Insulated-Stainless-Steel-Lunch-Box-1.webp\" alt=\"Gro\u00dfhandel Isolierte Edelstahl Lunch Box (1)\" class=\"wp-image-8840\" srcset=\"https:\/\/moyahousehold.com\/wp-content\/uploads\/2024\/06\/Wholesale-Insulated-Stainless-Steel-Lunch-Box-1.webp 3284w, https:\/\/moyahousehold.com\/wp-content\/uploads\/2024\/06\/Wholesale-Insulated-Stainless-Steel-Lunch-Box-1-300x300.webp 300w, https:\/\/moyahousehold.com\/wp-content\/uploads\/2024\/06\/Wholesale-Insulated-Stainless-Steel-Lunch-Box-1-150x150.webp 150w, https:\/\/moyahousehold.com\/wp-content\/uploads\/2024\/06\/Wholesale-Insulated-Stainless-Steel-Lunch-Box-1-768x768.webp 768w, https:\/\/moyahousehold.com\/wp-content\/uploads\/2024\/06\/Wholesale-Insulated-Stainless-Steel-Lunch-Box-1-12x12.webp 12w, https:\/\/moyahousehold.com\/wp-content\/uploads\/2024\/06\/Wholesale-Insulated-Stainless-Steel-Lunch-Box-1-285x285.webp 285w, https:\/\/moyahousehold.com\/wp-content\/uploads\/2024\/06\/Wholesale-Insulated-Stainless-Steel-Lunch-Box-1-1600x1600.webp 1600w, https:\/\/moyahousehold.com\/wp-content\/uploads\/2024\/06\/Wholesale-Insulated-Stainless-Steel-Lunch-Box-1-270x270.webp 270w, https:\/\/moyahousehold.com\/wp-content\/uploads\/2024\/06\/Wholesale-Insulated-Stainless-Steel-Lunch-Box-1-540x540.webp 540w, https:\/\/moyahousehold.com\/wp-content\/uploads\/2024\/06\/Wholesale-Insulated-Stainless-Steel-Lunch-Box-1-660x660.webp 660w\" sizes=\"(max-width: 3284px) 100vw, 3284px\" \/><\/figure>\n<\/div>\n\n\n\n<div class=\"wp-block-column is-layout-flow wp-block-column-is-layout-flow\">\n<figure class=\"wp-block-image size-full\"><img decoding=\"async\" width=\"3284\" height=\"3284\" src=\"https:\/\/moyahousehold.com\/wp-content\/uploads\/2024\/06\/Wholesale-Insulated-Stainless-Steel-Lunch-Box-2.webp\" alt=\"Gro\u00dfhandel Isolierte Edelstahl Lunch Box (2)\" class=\"wp-image-8841\" srcset=\"https:\/\/moyahousehold.com\/wp-content\/uploads\/2024\/06\/Wholesale-Insulated-Stainless-Steel-Lunch-Box-2.webp 3284w, https:\/\/moyahousehold.com\/wp-content\/uploads\/2024\/06\/Wholesale-Insulated-Stainless-Steel-Lunch-Box-2-300x300.webp 300w, https:\/\/moyahousehold.com\/wp-content\/uploads\/2024\/06\/Wholesale-Insulated-Stainless-Steel-Lunch-Box-2-150x150.webp 150w, https:\/\/moyahousehold.com\/wp-content\/uploads\/2024\/06\/Wholesale-Insulated-Stainless-Steel-Lunch-Box-2-768x768.webp 768w, https:\/\/moyahousehold.com\/wp-content\/uploads\/2024\/06\/Wholesale-Insulated-Stainless-Steel-Lunch-Box-2-12x12.webp 12w, https:\/\/moyahousehold.com\/wp-content\/uploads\/2024\/06\/Wholesale-Insulated-Stainless-Steel-Lunch-Box-2-285x285.webp 285w, https:\/\/moyahousehold.com\/wp-content\/uploads\/2024\/06\/Wholesale-Insulated-Stainless-Steel-Lunch-Box-2-1600x1600.webp 1600w, https:\/\/moyahousehold.com\/wp-content\/uploads\/2024\/06\/Wholesale-Insulated-Stainless-Steel-Lunch-Box-2-270x270.webp 270w, https:\/\/moyahousehold.com\/wp-content\/uploads\/2024\/06\/Wholesale-Insulated-Stainless-Steel-Lunch-Box-2-540x540.webp 540w, https:\/\/moyahousehold.com\/wp-content\/uploads\/2024\/06\/Wholesale-Insulated-Stainless-Steel-Lunch-Box-2-660x660.webp 660w\" sizes=\"(max-width: 3284px) 100vw, 3284px\" \/><\/figure>\n<\/div>\n<\/div>\n\n\n\n<div class=\"wp-block-columns is-layout-flex wp-container-core-columns-is-layout-9d6595d7 wp-block-columns-is-layout-flex\">\n<div class=\"wp-block-column is-layout-flow wp-block-column-is-layout-flow\">\n<figure class=\"wp-block-image size-full\"><img decoding=\"async\" width=\"3284\" height=\"3284\" src=\"https:\/\/moyahousehold.com\/wp-content\/uploads\/2024\/06\/Wholesale-Insulated-Stainless-Steel-Lunch-Box-3.webp\" alt=\"Gro\u00dfhandel Isolierte Edelstahl Lunch Box (3)\" class=\"wp-image-8842\" srcset=\"https:\/\/moyahousehold.com\/wp-content\/uploads\/2024\/06\/Wholesale-Insulated-Stainless-Steel-Lunch-Box-3.webp 3284w, https:\/\/moyahousehold.com\/wp-content\/uploads\/2024\/06\/Wholesale-Insulated-Stainless-Steel-Lunch-Box-3-300x300.webp 300w, https:\/\/moyahousehold.com\/wp-content\/uploads\/2024\/06\/Wholesale-Insulated-Stainless-Steel-Lunch-Box-3-150x150.webp 150w, https:\/\/moyahousehold.com\/wp-content\/uploads\/2024\/06\/Wholesale-Insulated-Stainless-Steel-Lunch-Box-3-768x768.webp 768w, https:\/\/moyahousehold.com\/wp-content\/uploads\/2024\/06\/Wholesale-Insulated-Stainless-Steel-Lunch-Box-3-12x12.webp 12w, https:\/\/moyahousehold.com\/wp-content\/uploads\/2024\/06\/Wholesale-Insulated-Stainless-Steel-Lunch-Box-3-285x285.webp 285w, https:\/\/moyahousehold.com\/wp-content\/uploads\/2024\/06\/Wholesale-Insulated-Stainless-Steel-Lunch-Box-3-1600x1600.webp 1600w, https:\/\/moyahousehold.com\/wp-content\/uploads\/2024\/06\/Wholesale-Insulated-Stainless-Steel-Lunch-Box-3-270x270.webp 270w, https:\/\/moyahousehold.com\/wp-content\/uploads\/2024\/06\/Wholesale-Insulated-Stainless-Steel-Lunch-Box-3-540x540.webp 540w, https:\/\/moyahousehold.com\/wp-content\/uploads\/2024\/06\/Wholesale-Insulated-Stainless-Steel-Lunch-Box-3-660x660.webp 660w\" sizes=\"(max-width: 3284px) 100vw, 3284px\" \/><\/figure>\n<\/div>\n\n\n\n<div class=\"wp-block-column is-layout-flow wp-block-column-is-layout-flow\">\n<figure class=\"wp-block-image size-full\"><img loading=\"lazy\" decoding=\"async\" width=\"3284\" height=\"3284\" src=\"https:\/\/moyahousehold.com\/wp-content\/uploads\/2024\/06\/Wholesale-Insulated-Stainless-Steel-Lunch-Box-4.webp\" alt=\"Gro\u00dfhandel Isolierte Edelstahl Lunch Box (4)\" class=\"wp-image-8843\" srcset=\"https:\/\/moyahousehold.com\/wp-content\/uploads\/2024\/06\/Wholesale-Insulated-Stainless-Steel-Lunch-Box-4.webp 3284w, https:\/\/moyahousehold.com\/wp-content\/uploads\/2024\/06\/Wholesale-Insulated-Stainless-Steel-Lunch-Box-4-300x300.webp 300w, https:\/\/moyahousehold.com\/wp-content\/uploads\/2024\/06\/Wholesale-Insulated-Stainless-Steel-Lunch-Box-4-150x150.webp 150w, https:\/\/moyahousehold.com\/wp-content\/uploads\/2024\/06\/Wholesale-Insulated-Stainless-Steel-Lunch-Box-4-768x768.webp 768w, https:\/\/moyahousehold.com\/wp-content\/uploads\/2024\/06\/Wholesale-Insulated-Stainless-Steel-Lunch-Box-4-12x12.webp 12w, https:\/\/moyahousehold.com\/wp-content\/uploads\/2024\/06\/Wholesale-Insulated-Stainless-Steel-Lunch-Box-4-285x285.webp 285w, https:\/\/moyahousehold.com\/wp-content\/uploads\/2024\/06\/Wholesale-Insulated-Stainless-Steel-Lunch-Box-4-1600x1600.webp 1600w, https:\/\/moyahousehold.com\/wp-content\/uploads\/2024\/06\/Wholesale-Insulated-Stainless-Steel-Lunch-Box-4-270x270.webp 270w, https:\/\/moyahousehold.com\/wp-content\/uploads\/2024\/06\/Wholesale-Insulated-Stainless-Steel-Lunch-Box-4-540x540.webp 540w, https:\/\/moyahousehold.com\/wp-content\/uploads\/2024\/06\/Wholesale-Insulated-Stainless-Steel-Lunch-Box-4-660x660.webp 660w\" sizes=\"(max-width: 3284px) 100vw, 3284px\" \/><\/figure>\n<\/div>\n<\/div>\n\n\n\n<p><\/p>","protected":false},"excerpt":{"rendered":"<p>Bulk isoliert Edelstahl Lunch Box Fabrik Direktvertrieb, sind unsere Gro\u00dfhandel Lunch-Boxen mit Vakuum-Schicht, die langfristige Isolierung Wirkung hat, so dass Mahlzeiten halten die beste Temperatur und Geschmack, geeignet f\u00fcr viele Gelegenheiten wie B\u00fcro, Schule, Outdoor-Aktivit\u00e4ten, etc. Als Lunch-Box-Hersteller, bieten wir Ihnen mit Bulk-Lunch-Boxen zu Fabrikpreisen, willkommen, uns zu kontaktieren.<\/p>\n<h3>Eigenschaften der isolierten Lunchbox aus Edelstahl<\/h3>\n<p><strong>Vakuumschicht-Design:<\/strong> Diese isolierte Edelstahl-Lunchbox verf\u00fcgt \u00fcber ein Vakuum-Schicht-Design, das eine hervorragende Isolierleistung aufweist und die Temperatur von Lebensmitteln 8-10 Stunden lang halten kann, so dass der Benutzer jederzeit warme Speisen genie\u00dfen kann.<\/p>\n<p><strong>Mehrschichtiges Design:<\/strong> Diese isolierte Edelstahl-Lunchbox verf\u00fcgt \u00fcber mehrere unabh\u00e4ngige Aufbewahrungsschichten mit exquisitem Design, die verschiedene Arten von Lebensmitteln leicht trennen k\u00f6nnen.<\/p>\n<p><strong>Gute Abdichtung:<\/strong> Diese isolierte Edelstahl-Lunchbox hat einen eingebauten hochwertigen Silikondichtungsring mit hervorragender Dichtungsleistung. Sie kann auch f\u00fcr den Transport von Suppengerichten verwendet werden.<\/p>\n<p><strong>Anti-Rutsch-Boden:<\/strong> Der speziell entworfene Anti-Rutsch-Boden erh\u00f6ht die Stabilit\u00e4t der Lunchbox, und sie bleibt auch dann stabil, wenn sie auf einem Glastisch steht.<\/p>\n<p><strong>Bequemer Griff:<\/strong> Die Konfiguration ist komfortabel und langlebig Griff, um die Last zu reduzieren, so dass es sehr bequem f\u00fcr Sie zu tragen.<\/p>\n<p><strong>Brotdosen im Gro\u00dfhandel:<\/strong> Wir bieten Bulk-Lunchboxen f\u00fcr den Gro\u00dfhandel an, die f\u00fcr Unternehmen geeignet sind, um sie anzupassen und in gro\u00dfen Mengen zu kaufen.<\/p>\n<p>&nbsp;<\/p>","protected":false},"featured_media":8847,"comment_status":"closed","ping_status":"closed","template":"","meta":[],"product_cat":[58],"product_tag":[89,90,86,91],"class_list":{"0":"post-5469","1":"product","2":"type-product","3":"status-publish","4":"has-post-thumbnail","6":"product_cat-lunch-box-wholesale","7":"product_tag-wholesale-3-layer-lunch-box","8":"product_tag-wholesale-double-layer-lunch-box","9":"product_tag-wholesale-insulated-lunch-box","10":"product_tag-wholesale-round-lunch-box","12":"first","13":"instock","14":"shipping-taxable","15":"product-type-simple"},"_links":{"self":[{"href":"https:\/\/moyahousehold.com\/de\/wp-json\/wp\/v2\/product\/5469","targetHints":{"allow":["GET"]}}],"collection":[{"href":"https:\/\/moyahousehold.com\/de\/wp-json\/wp\/v2\/product"}],"about":[{"href":"https:\/\/moyahousehold.com\/de\/wp-json\/wp\/v2\/types\/product"}],"replies":[{"embeddable":true,"href":"https:\/\/moyahousehold.com\/de\/wp-json\/wp\/v2\/comments?post=5469"}],"version-history":[{"count":0,"href":"https:\/\/moyahousehold.com\/de\/wp-json\/wp\/v2\/product\/5469\/revisions"}],"wp:featuredmedia":[{"embeddable":true,"href":"https:\/\/moyahousehold.com\/de\/wp-json\/wp\/v2\/media\/8847"}],"wp:attachment":[{"href":"https:\/\/moyahousehold.com\/de\/wp-json\/wp\/v2\/media?parent=5469"}],"wp:term":[{"taxonomy":"product_cat","embeddable":true,"href":"https:\/\/moyahousehold.com\/de\/wp-json\/wp\/v2\/product_cat?post=5469"},{"taxonomy":"product_tag","embeddable":true,"href":"https:\/\/moyahousehold.com\/de\/wp-json\/wp\/v2\/product_tag?post=5469"}],"curies":[{"name":"wp","href":"https:\/\/api.w.org\/{rel}","templated":true}]}}