{"id":5511,"date":"2024-06-08T06:46:55","date_gmt":"2024-06-08T06:46:55","guid":{"rendered":"https:\/\/moyahousehold.com\/?post_type=product&#038;p=5511"},"modified":"2025-02-05T08:37:00","modified_gmt":"2025-02-05T08:37:00","slug":"wholesale-insulated-bento-box","status":"publish","type":"product","link":"https:\/\/moyahousehold.com\/de\/produkt\/wholesale-insulated-bento-box\/","title":{"rendered":"Gro\u00dfhandel Isolierte Edelstahl-Bento-Boxen Geeignet f\u00fcr hei\u00dfe und kalte Speisen"},"content":{"rendered":"<h2 class=\"wp-block-heading\">Parameter der isolierten Bento-Box aus Edelstahl<\/h2>\n\n\n\n<p><strong>Material:<\/strong>304 + PP <strong> Farbe:<\/strong>Stahl\/Beige\/Grau<\/p>\n\n\n\n<figure class=\"wp-block-table\"><table><tbody><tr><td>Modellnummer<\/td><td>Kapazit\u00e4t<\/td><td>Gr\u00f6\u00dfe des Produkts<\/td><td>\u00c4u\u00dfere Gr\u00f6\u00dfe der Box<\/td><td>Menge pro Kiste<\/td><td>N.W<\/td><td>G.W\/Koffer<\/td><\/tr><tr><td>MYJJL07<\/td><td>1800ml<br>mit Saperate Box<br>\uff08zwei tiefe Boxen\uff09<\/td><td>14.5*14.5*19.3<\/td><td>71*35*51<\/td><td>16<\/td><td>1.1<\/td><td>20.8<\/td><\/tr><tr><td>MYJJL08<\/td><td>2200ml<br>mit Saperate Box<br>\uff08zwei tiefe&amp;ein Licht\uff09<\/td><td>14.5*14.5*22.5<\/td><td>71*35*58<\/td><td>16<\/td><td>1.3<\/td><td>24<\/td><\/tr><tr><td>MYJJL09<\/td><td>2500ml<br>mit Saperate Box<br>\uff08zwei tief&amp;zwei hell\uff09<\/td><td>14.5*14.5*28.5<\/td><td>71*35*70<\/td><td>16<\/td><td>1.3<\/td><td>24<\/td><\/tr><\/tbody><\/table><\/figure>\n\n\n\n<h3 class=\"wp-block-heading\">Individuell isolierte Bento-Ox-Optionen<\/h3>\n\n\n\n<p><strong>Logo:<\/strong> Ihr Markenlogo auf Bento-Boxen und Verpackungen anbringen.<br><strong>Logo-Optionen:<\/strong> gedrucktes Logo, lasergraviertes Logo, usw.<br><strong>Muster: <\/strong>Druckmuster <br><strong>Drucktechnik: <\/strong>Wassertransferdruck, Siebdruck, W\u00e4rmetransferdruck, Sublimationstransfer, etc.<br><strong>Verpackung:<\/strong>Farbkasten<br><a href=\"https:\/\/moyahousehold.com\/de\/individuelle-losung\/\"><strong>Entdecken Sie weitere individuelle Bento-Box-L\u00f6sungen.<\/strong><\/a><br><br><\/p>\n\n\n\n<div class=\"wp-block-columns is-layout-flex wp-container-core-columns-is-layout-9d6595d7 wp-block-columns-is-layout-flex\">\n<div class=\"wp-block-column is-layout-flow wp-block-column-is-layout-flow\">\n<figure class=\"wp-block-image size-full\"><img fetchpriority=\"high\" decoding=\"async\" width=\"2000\" height=\"2000\" src=\"https:\/\/moyahousehold.com\/wp-content\/uploads\/2024\/06\/Insulated-Stainless-Steel-Bento-Box-Display.jpg\" alt=\"Isolierte Bento-Box aus Edelstahl Display\" class=\"wp-image-8825\" srcset=\"https:\/\/moyahousehold.com\/wp-content\/uploads\/2024\/06\/Insulated-Stainless-Steel-Bento-Box-Display.jpg 2000w, https:\/\/moyahousehold.com\/wp-content\/uploads\/2024\/06\/Insulated-Stainless-Steel-Bento-Box-Display-300x300.jpg 300w, https:\/\/moyahousehold.com\/wp-content\/uploads\/2024\/06\/Insulated-Stainless-Steel-Bento-Box-Display-150x150.jpg 150w, https:\/\/moyahousehold.com\/wp-content\/uploads\/2024\/06\/Insulated-Stainless-Steel-Bento-Box-Display-768x768.jpg 768w, https:\/\/moyahousehold.com\/wp-content\/uploads\/2024\/06\/Insulated-Stainless-Steel-Bento-Box-Display-12x12.jpg 12w, https:\/\/moyahousehold.com\/wp-content\/uploads\/2024\/06\/Insulated-Stainless-Steel-Bento-Box-Display-285x285.jpg 285w, https:\/\/moyahousehold.com\/wp-content\/uploads\/2024\/06\/Insulated-Stainless-Steel-Bento-Box-Display-1600x1600.jpg 1600w, https:\/\/moyahousehold.com\/wp-content\/uploads\/2024\/06\/Insulated-Stainless-Steel-Bento-Box-Display-270x270.jpg 270w, https:\/\/moyahousehold.com\/wp-content\/uploads\/2024\/06\/Insulated-Stainless-Steel-Bento-Box-Display-540x540.jpg 540w, https:\/\/moyahousehold.com\/wp-content\/uploads\/2024\/06\/Insulated-Stainless-Steel-Bento-Box-Display-660x660.jpg 660w\" sizes=\"(max-width: 2000px) 100vw, 2000px\" \/><\/figure>\n<\/div>\n\n\n\n<div class=\"wp-block-column is-layout-flow wp-block-column-is-layout-flow\">\n<figure class=\"wp-block-image size-full\"><img decoding=\"async\" width=\"2000\" height=\"2000\" src=\"https:\/\/moyahousehold.com\/wp-content\/uploads\/2024\/06\/Insulated-Stainless-Steel-Bento-Box-Display-2.jpg\" alt=\"Isolierte Edelstahl-Bento-Box Display (2)\" class=\"wp-image-8824\" srcset=\"https:\/\/moyahousehold.com\/wp-content\/uploads\/2024\/06\/Insulated-Stainless-Steel-Bento-Box-Display-2.jpg 2000w, https:\/\/moyahousehold.com\/wp-content\/uploads\/2024\/06\/Insulated-Stainless-Steel-Bento-Box-Display-2-300x300.jpg 300w, https:\/\/moyahousehold.com\/wp-content\/uploads\/2024\/06\/Insulated-Stainless-Steel-Bento-Box-Display-2-150x150.jpg 150w, https:\/\/moyahousehold.com\/wp-content\/uploads\/2024\/06\/Insulated-Stainless-Steel-Bento-Box-Display-2-768x768.jpg 768w, https:\/\/moyahousehold.com\/wp-content\/uploads\/2024\/06\/Insulated-Stainless-Steel-Bento-Box-Display-2-12x12.jpg 12w, https:\/\/moyahousehold.com\/wp-content\/uploads\/2024\/06\/Insulated-Stainless-Steel-Bento-Box-Display-2-285x285.jpg 285w, https:\/\/moyahousehold.com\/wp-content\/uploads\/2024\/06\/Insulated-Stainless-Steel-Bento-Box-Display-2-1600x1600.jpg 1600w, https:\/\/moyahousehold.com\/wp-content\/uploads\/2024\/06\/Insulated-Stainless-Steel-Bento-Box-Display-2-270x270.jpg 270w, https:\/\/moyahousehold.com\/wp-content\/uploads\/2024\/06\/Insulated-Stainless-Steel-Bento-Box-Display-2-540x540.jpg 540w, https:\/\/moyahousehold.com\/wp-content\/uploads\/2024\/06\/Insulated-Stainless-Steel-Bento-Box-Display-2-660x660.jpg 660w\" sizes=\"(max-width: 2000px) 100vw, 2000px\" \/><\/figure>\n<\/div>\n<\/div>","protected":false},"excerpt":{"rendered":"<p>Gro\u00dfhandel isoliert Edelstahl Bento-Box. Diese Bento-Box kann Lebensmittel hei\u00df oder kalt f\u00fcr 8 bis 10 Stunden zu halten. Es nimmt eine mehrschichtige Design, geeignet f\u00fcr die Speicherung von verschiedenen Arten von Lebensmitteln. Wir bieten OEM &amp; ODM Dienstleistungen, willkommen, uns zu kontaktieren.<\/p>\n<h3>Merkmale der isolierten Bento-Box aus Edelstahl<\/h3>\n<p><strong>Lebensmittelgeeignetes Material aus rostfreiem Stahl:<\/strong> Die isolierte Bento-Box ist aus lebensmittelechtem 304er-Edelstahl gefertigt, der eine ges\u00fcndere und sicherere Aufbewahrung von Lebensmitteln erm\u00f6glicht.<\/p>\n<p><strong>8-10 Stunden Warmhaltezeit:<\/strong> Die Vakuumschichtstruktur der Brotdose h\u00e4lt die W\u00e4rme \u00fcber einen l\u00e4ngeren Zeitraum aufrecht, so dass Sie Ihre warme Mahlzeit jederzeit zu sich nehmen k\u00f6nnen.<\/p>\n<p><strong>Gute Abdichtung:<\/strong> Die vakuumisolierte Lunchbox aus Edelstahl hat einen eingebauten Silikondichtring, der daf\u00fcr sorgt, dass keine Fl\u00fcssigkeit ausl\u00e4uft.<\/p>\n<p><strong>Mehrschichtiges Design:<\/strong> Die Lunchboxen sind mehrlagig gestaltet und die Benutzer k\u00f6nnen 1-4 Lagen frei w\u00e4hlen, um sie zu mischen oder zu kombinieren.<\/p>\n<p><strong>Bequemer Griff:<\/strong> Ausgestattet mit einem robusten und bequemen Griff, ist diese Lunchbox sehr bequem zu tragen und damit geeignet f\u00fcr die Verwendung durch Arbeitnehmer und Studenten.<\/p>\n<p><strong>OEM&amp;ODM-Anpassungsdienst:<\/strong> Wir unterst\u00fctzen die individuelle Anpassung von Lunchboxen, die Anpassung an das Unternehmen und den Gro\u00dfeinkauf.<\/p>","protected":false},"featured_media":8823,"comment_status":"closed","ping_status":"closed","template":"","meta":[],"product_cat":[58],"product_tag":[89,86,91],"class_list":{"0":"post-5511","1":"product","2":"type-product","3":"status-publish","4":"has-post-thumbnail","6":"product_cat-lunch-box-wholesale","7":"product_tag-wholesale-3-layer-lunch-box","8":"product_tag-wholesale-insulated-lunch-box","9":"product_tag-wholesale-round-lunch-box","11":"first","12":"instock","13":"shipping-taxable","14":"product-type-simple"},"_links":{"self":[{"href":"https:\/\/moyahousehold.com\/de\/wp-json\/wp\/v2\/product\/5511","targetHints":{"allow":["GET"]}}],"collection":[{"href":"https:\/\/moyahousehold.com\/de\/wp-json\/wp\/v2\/product"}],"about":[{"href":"https:\/\/moyahousehold.com\/de\/wp-json\/wp\/v2\/types\/product"}],"replies":[{"embeddable":true,"href":"https:\/\/moyahousehold.com\/de\/wp-json\/wp\/v2\/comments?post=5511"}],"version-history":[{"count":0,"href":"https:\/\/moyahousehold.com\/de\/wp-json\/wp\/v2\/product\/5511\/revisions"}],"wp:featuredmedia":[{"embeddable":true,"href":"https:\/\/moyahousehold.com\/de\/wp-json\/wp\/v2\/media\/8823"}],"wp:attachment":[{"href":"https:\/\/moyahousehold.com\/de\/wp-json\/wp\/v2\/media?parent=5511"}],"wp:term":[{"taxonomy":"product_cat","embeddable":true,"href":"https:\/\/moyahousehold.com\/de\/wp-json\/wp\/v2\/product_cat?post=5511"},{"taxonomy":"product_tag","embeddable":true,"href":"https:\/\/moyahousehold.com\/de\/wp-json\/wp\/v2\/product_tag?post=5511"}],"curies":[{"name":"wp","href":"https:\/\/api.w.org\/{rel}","templated":true}]}}