{"id":5543,"date":"2024-06-08T08:13:21","date_gmt":"2024-06-08T08:13:21","guid":{"rendered":"https:\/\/moyahousehold.com\/?post_type=product&#038;p=5543"},"modified":"2025-04-12T04:38:43","modified_gmt":"2025-04-12T04:38:43","slug":"fashion-stainless-steel-mug-wholesale","status":"publish","type":"product","link":"https:\/\/moyahousehold.com\/de\/produkt\/fashion-stainless-steel-mug-wholesale\/","title":{"rendered":"Gro\u00dfhandel Edelstahl Mode Kaffeebecher 400ML, OEM und ODM verf\u00fcgbar"},"content":{"rendered":"<h2 class=\"wp-block-heading\">Parameter von Edelstahl Mode Kaffeebecher<\/h2>\n\n\n\n<p><strong>Material:<\/strong>304 + 316 + PP <strong> Farbe:<\/strong>Wei\u00df\/Schwarz\/Stahl\/Gr\u00fcn<\/p>\n\n\n\n<figure class=\"wp-block-table\"><table><tbody><tr><td>Modellnummer<\/td><td>Kapazit\u00e4t<\/td><td>Gr\u00f6\u00dfe des Produkts<\/td><td>\u00c4u\u00dfere Gr\u00f6\u00dfe der Box<\/td><td>Menge pro Kiste<\/td><td>N.W<\/td><td>G.W\/Koffer<\/td><\/tr><tr><td>MYJJL10<\/td><td>400ml<\/td><td>8.8*8.8*10.8<\/td><td>62*40*37.5<\/td><td>60<\/td><td>0.3<\/td><td>30<\/td><\/tr><\/tbody><\/table><\/figure>\n\n\n\n<h3 class=\"wp-block-heading\">Individueller Kaffeebecher aus Edelstahl als Option<\/h3>\n\n\n\n<p><strong>Logo:<\/strong> Gestalten Sie Ihr Markenlogo auf dem Produkt und der Verpackung.<br><strong>Logo-Optionen:<\/strong> gedrucktes Logo, lasergraviertes Logo, usw.<br><strong>Muster:<\/strong> Druckmuster <br><strong>Drucktechnik:<\/strong> Wassertransferdruck, Siebdruck, W\u00e4rmetransferdruck, Sublimationstransfer, usw.<br><strong>Verpackung:<\/strong> Farbkasten<br><a href=\"https:\/\/moyahousehold.com\/de\/individuelle-losung\/\"><strong>Entdecken Sie weitere Details zu individuellen Kaffeebechern.<\/strong><\/a><\/p>\n\n\n\n<div class=\"wp-block-columns is-layout-flex wp-container-core-columns-is-layout-9d6595d7 wp-block-columns-is-layout-flex\">\n<div class=\"wp-block-column is-layout-flow wp-block-column-is-layout-flow\">\n<figure class=\"wp-block-image size-full\"><img fetchpriority=\"high\" decoding=\"async\" width=\"2500\" height=\"2500\" src=\"https:\/\/moyahousehold.com\/wp-content\/uploads\/2024\/06\/wholesale-stainless-steel-coffee-mug-display-1.webp\" alt=\"Gro\u00dfhandel Edelstahl Kaffeebecher Display (1)\" class=\"wp-image-10817\" srcset=\"https:\/\/moyahousehold.com\/wp-content\/uploads\/2024\/06\/wholesale-stainless-steel-coffee-mug-display-1.webp 2500w, https:\/\/moyahousehold.com\/wp-content\/uploads\/2024\/06\/wholesale-stainless-steel-coffee-mug-display-1-300x300.webp 300w, https:\/\/moyahousehold.com\/wp-content\/uploads\/2024\/06\/wholesale-stainless-steel-coffee-mug-display-1-150x150.webp 150w, https:\/\/moyahousehold.com\/wp-content\/uploads\/2024\/06\/wholesale-stainless-steel-coffee-mug-display-1-768x768.webp 768w, https:\/\/moyahousehold.com\/wp-content\/uploads\/2024\/06\/wholesale-stainless-steel-coffee-mug-display-1-12x12.webp 12w, https:\/\/moyahousehold.com\/wp-content\/uploads\/2024\/06\/wholesale-stainless-steel-coffee-mug-display-1-285x285.webp 285w, https:\/\/moyahousehold.com\/wp-content\/uploads\/2024\/06\/wholesale-stainless-steel-coffee-mug-display-1-1600x1600.webp 1600w, https:\/\/moyahousehold.com\/wp-content\/uploads\/2024\/06\/wholesale-stainless-steel-coffee-mug-display-1-270x270.webp 270w, https:\/\/moyahousehold.com\/wp-content\/uploads\/2024\/06\/wholesale-stainless-steel-coffee-mug-display-1-540x540.webp 540w, https:\/\/moyahousehold.com\/wp-content\/uploads\/2024\/06\/wholesale-stainless-steel-coffee-mug-display-1-660x660.webp 660w\" sizes=\"(max-width: 2500px) 100vw, 2500px\" \/><\/figure>\n<\/div>\n\n\n\n<div class=\"wp-block-column is-layout-flow wp-block-column-is-layout-flow\">\n<figure class=\"wp-block-image size-full\"><img decoding=\"async\" width=\"2500\" height=\"2500\" src=\"https:\/\/moyahousehold.com\/wp-content\/uploads\/2024\/06\/wholesale-stainless-steel-coffee-mug-display-2.webp\" alt=\"Gro\u00dfhandel Edelstahl Kaffeebecher Display (2)\" class=\"wp-image-10818\" srcset=\"https:\/\/moyahousehold.com\/wp-content\/uploads\/2024\/06\/wholesale-stainless-steel-coffee-mug-display-2.webp 2500w, https:\/\/moyahousehold.com\/wp-content\/uploads\/2024\/06\/wholesale-stainless-steel-coffee-mug-display-2-300x300.webp 300w, https:\/\/moyahousehold.com\/wp-content\/uploads\/2024\/06\/wholesale-stainless-steel-coffee-mug-display-2-150x150.webp 150w, https:\/\/moyahousehold.com\/wp-content\/uploads\/2024\/06\/wholesale-stainless-steel-coffee-mug-display-2-768x768.webp 768w, https:\/\/moyahousehold.com\/wp-content\/uploads\/2024\/06\/wholesale-stainless-steel-coffee-mug-display-2-12x12.webp 12w, https:\/\/moyahousehold.com\/wp-content\/uploads\/2024\/06\/wholesale-stainless-steel-coffee-mug-display-2-285x285.webp 285w, https:\/\/moyahousehold.com\/wp-content\/uploads\/2024\/06\/wholesale-stainless-steel-coffee-mug-display-2-1600x1600.webp 1600w, https:\/\/moyahousehold.com\/wp-content\/uploads\/2024\/06\/wholesale-stainless-steel-coffee-mug-display-2-270x270.webp 270w, https:\/\/moyahousehold.com\/wp-content\/uploads\/2024\/06\/wholesale-stainless-steel-coffee-mug-display-2-540x540.webp 540w, https:\/\/moyahousehold.com\/wp-content\/uploads\/2024\/06\/wholesale-stainless-steel-coffee-mug-display-2-660x660.webp 660w\" sizes=\"(max-width: 2500px) 100vw, 2500px\" \/><\/figure>\n<\/div>\n<\/div>\n\n\n\n<div class=\"wp-block-columns is-layout-flex wp-container-core-columns-is-layout-9d6595d7 wp-block-columns-is-layout-flex\">\n<div class=\"wp-block-column is-layout-flow wp-block-column-is-layout-flow\">\n<figure class=\"wp-block-image size-full\"><img decoding=\"async\" width=\"1024\" height=\"1024\" src=\"https:\/\/moyahousehold.com\/wp-content\/uploads\/2024\/06\/stainless-steel-coffee-mug-details-1.webp\" alt=\"Edelstahl Kaffeebecher Details (1)\" class=\"wp-image-10813\" srcset=\"https:\/\/moyahousehold.com\/wp-content\/uploads\/2024\/06\/stainless-steel-coffee-mug-details-1.webp 1024w, https:\/\/moyahousehold.com\/wp-content\/uploads\/2024\/06\/stainless-steel-coffee-mug-details-1-300x300.webp 300w, https:\/\/moyahousehold.com\/wp-content\/uploads\/2024\/06\/stainless-steel-coffee-mug-details-1-150x150.webp 150w, https:\/\/moyahousehold.com\/wp-content\/uploads\/2024\/06\/stainless-steel-coffee-mug-details-1-768x768.webp 768w, https:\/\/moyahousehold.com\/wp-content\/uploads\/2024\/06\/stainless-steel-coffee-mug-details-1-12x12.webp 12w, https:\/\/moyahousehold.com\/wp-content\/uploads\/2024\/06\/stainless-steel-coffee-mug-details-1-285x285.webp 285w, https:\/\/moyahousehold.com\/wp-content\/uploads\/2024\/06\/stainless-steel-coffee-mug-details-1-270x270.webp 270w, https:\/\/moyahousehold.com\/wp-content\/uploads\/2024\/06\/stainless-steel-coffee-mug-details-1-540x540.webp 540w, https:\/\/moyahousehold.com\/wp-content\/uploads\/2024\/06\/stainless-steel-coffee-mug-details-1-660x660.webp 660w\" sizes=\"(max-width: 1024px) 100vw, 1024px\" \/><\/figure>\n<\/div>\n\n\n\n<div class=\"wp-block-column is-layout-flow wp-block-column-is-layout-flow\">\n<figure class=\"wp-block-image size-full\"><img loading=\"lazy\" decoding=\"async\" width=\"1024\" height=\"1024\" src=\"https:\/\/moyahousehold.com\/wp-content\/uploads\/2024\/06\/stainless-steel-coffee-mug-details-2.webp\" alt=\"Edelstahl Kaffeebecher Details (2)\" class=\"wp-image-10814\" srcset=\"https:\/\/moyahousehold.com\/wp-content\/uploads\/2024\/06\/stainless-steel-coffee-mug-details-2.webp 1024w, https:\/\/moyahousehold.com\/wp-content\/uploads\/2024\/06\/stainless-steel-coffee-mug-details-2-300x300.webp 300w, https:\/\/moyahousehold.com\/wp-content\/uploads\/2024\/06\/stainless-steel-coffee-mug-details-2-150x150.webp 150w, https:\/\/moyahousehold.com\/wp-content\/uploads\/2024\/06\/stainless-steel-coffee-mug-details-2-768x768.webp 768w, https:\/\/moyahousehold.com\/wp-content\/uploads\/2024\/06\/stainless-steel-coffee-mug-details-2-12x12.webp 12w, https:\/\/moyahousehold.com\/wp-content\/uploads\/2024\/06\/stainless-steel-coffee-mug-details-2-285x285.webp 285w, https:\/\/moyahousehold.com\/wp-content\/uploads\/2024\/06\/stainless-steel-coffee-mug-details-2-270x270.webp 270w, https:\/\/moyahousehold.com\/wp-content\/uploads\/2024\/06\/stainless-steel-coffee-mug-details-2-540x540.webp 540w, https:\/\/moyahousehold.com\/wp-content\/uploads\/2024\/06\/stainless-steel-coffee-mug-details-2-660x660.webp 660w\" sizes=\"(max-width: 1024px) 100vw, 1024px\" \/><\/figure>\n<\/div>\n<\/div>","protected":false},"excerpt":{"rendered":"<p>Gro\u00dfhandel Edelstahl Kaffeebecher, sie sind eine perfekte Mischung aus Mode, Funktionalit\u00e4t und Sicherheit. Mit Schiebe-Staubabdeckung Design, einfach zu \u00f6ffnen und zu schlie\u00dfen, mehr benutzerfreundlich. Ideal f\u00fcr B\u00fcro, zu Hause oder auf Reisen. Unterst\u00fctzung OEM und ODM, kontaktieren Sie uns f\u00fcr ein Angebot.<\/p>\n<h3>Eigenschaften und Vorteile des Edelstahl-Kaffeebechers<\/h3>\n<p><strong>Sicher und gesund:<\/strong> Hergestellt aus lebensmittelechtem Edelstahl 304 - geruchsneutral und leicht zu reinigen f\u00fcr ein ges\u00fcnderes Trinkerlebnis.<\/p>\n<p><strong>Langlebig und praktisch:<\/strong> Der Edelstahl-Kaffeebecher verf\u00fcgt \u00fcber eine doppelschichtige Verdickung mit Antiverbr\u00fchungsfunktion, die das Getr\u00e4nk auf der richtigen Temperatur h\u00e4lt und Ihre H\u00e4nde sch\u00fctzt.<\/p>\n<p><strong>Bequemes Design:<\/strong> Der Edelstahl-Kaffeebecher hat eine breite \u00d6ffnung, die sich leicht aufbr\u00fchen und reinigen l\u00e4sst, und ist mit einem Schiebedeckel ausgestattet, der sich flexibel \u00f6ffnen und schlie\u00dfen l\u00e4sst.<\/p>\n<p><strong>Anpassbar und Gro\u00dfhandel:<\/strong> MOYA Kaffeebecher Lieferant unterst\u00fctzt Gro\u00dfhandel und OEM\/ODM Anpassung.<\/p>","protected":false},"featured_media":10819,"comment_status":"closed","ping_status":"closed","template":"","meta":[],"product_cat":[75],"product_tag":[],"class_list":{"0":"post-5543","1":"product","2":"type-product","3":"status-publish","4":"has-post-thumbnail","6":"product_cat-wholesale-stainless-steel-coffee-mug","8":"first","9":"instock","10":"shipping-taxable","11":"product-type-simple"},"_links":{"self":[{"href":"https:\/\/moyahousehold.com\/de\/wp-json\/wp\/v2\/product\/5543","targetHints":{"allow":["GET"]}}],"collection":[{"href":"https:\/\/moyahousehold.com\/de\/wp-json\/wp\/v2\/product"}],"about":[{"href":"https:\/\/moyahousehold.com\/de\/wp-json\/wp\/v2\/types\/product"}],"replies":[{"embeddable":true,"href":"https:\/\/moyahousehold.com\/de\/wp-json\/wp\/v2\/comments?post=5543"}],"version-history":[{"count":0,"href":"https:\/\/moyahousehold.com\/de\/wp-json\/wp\/v2\/product\/5543\/revisions"}],"wp:featuredmedia":[{"embeddable":true,"href":"https:\/\/moyahousehold.com\/de\/wp-json\/wp\/v2\/media\/10819"}],"wp:attachment":[{"href":"https:\/\/moyahousehold.com\/de\/wp-json\/wp\/v2\/media?parent=5543"}],"wp:term":[{"taxonomy":"product_cat","embeddable":true,"href":"https:\/\/moyahousehold.com\/de\/wp-json\/wp\/v2\/product_cat?post=5543"},{"taxonomy":"product_tag","embeddable":true,"href":"https:\/\/moyahousehold.com\/de\/wp-json\/wp\/v2\/product_tag?post=5543"}],"curies":[{"name":"wp","href":"https:\/\/api.w.org\/{rel}","templated":true}]}}