{"id":5566,"date":"2024-06-08T08:41:46","date_gmt":"2024-06-08T08:41:46","guid":{"rendered":"https:\/\/moyahousehold.com\/?post_type=product&#038;p=5566"},"modified":"2025-04-12T09:29:34","modified_gmt":"2025-04-12T09:29:34","slug":"wholesale-stainless-steel-coffee-cups-with-handle","status":"publish","type":"product","link":"https:\/\/moyahousehold.com\/de\/produkt\/edelstahl-kaffeetassen-groshandel\/","title":{"rendered":"Gro\u00dfhandel Edelstahl-Kaffeetassen mit Griff, einfaches Design, zwei Farboptionen"},"content":{"rendered":"<h3 class=\"wp-block-heading\">Parameter von Kaffeetassen aus Edelstahl<\/h3>\n\n\n\n<p><strong>Material:<\/strong>304 + 316 + PP <strong> Farbe:<\/strong>Wei\u00df\/Schwarz<\/p>\n\n\n\n<figure class=\"wp-block-table\"><table><tbody><tr><td>Modellnummer<\/td><td>Kapazit\u00e4t<\/td><td>Gr\u00f6\u00dfe des Produkts<\/td><td>\u00c4u\u00dfere Gr\u00f6\u00dfe der Box<\/td><td>Menge pro Kiste<\/td><td>N.W<\/td><td>G.W\/Koffer<\/td><\/tr><tr><td>MYJJL11<\/td><td>400ml<\/td><td>9*9*10<\/td><td>62*40*37.5<\/td><td>60<\/td><td>0.21<\/td><td>24.6<\/td><\/tr><\/tbody><\/table><\/figure>\n\n\n\n<h3 class=\"wp-block-heading\">Individuelle Kaffeetassen aus Edelstahl<\/h3>\n\n\n\n<p><strong>Logo:<\/strong> Gestalten Sie Ihr Markenlogo auf dem Produkt und der Verpackung.<br><strong>Logo-Optionen:<\/strong> gedrucktes Logo, lasergraviertes Logo, usw.<br><strong>Muster: <\/strong>Druckmuster <br><strong>Drucktechnik: <\/strong>Wassertransferdruck, Siebdruck, W\u00e4rmetransferdruck, Sublimationstransfer, usw.<br><strong>Verpackung: <\/strong>Farbkasten<br><a href=\"https:\/\/moyahousehold.com\/de\/individuelle-losung\/\"><strong>Erfahren Sie mehr \u00fcber individuelle L\u00f6sungen f\u00fcr Kaffeebecher.<\/strong><\/a><\/p>\n\n\n\n<div class=\"wp-block-columns is-layout-flex wp-container-core-columns-is-layout-9d6595d7 wp-block-columns-is-layout-flex\">\n<div class=\"wp-block-column is-layout-flow wp-block-column-is-layout-flow\">\n<figure class=\"wp-block-image size-full\"><img fetchpriority=\"high\" decoding=\"async\" width=\"2500\" height=\"2437\" src=\"https:\/\/moyahousehold.com\/wp-content\/uploads\/2024\/06\/Wholesale-Stainless-Steel-Coffee-Cups-with-Handle-3.webp\" alt=\"Gro\u00dfhandel Edelstahl-Kaffeetassen mit Griff (3)\" class=\"wp-image-10900\" srcset=\"https:\/\/moyahousehold.com\/wp-content\/uploads\/2024\/06\/Wholesale-Stainless-Steel-Coffee-Cups-with-Handle-3.webp 2500w, https:\/\/moyahousehold.com\/wp-content\/uploads\/2024\/06\/Wholesale-Stainless-Steel-Coffee-Cups-with-Handle-3-300x292.webp 300w, https:\/\/moyahousehold.com\/wp-content\/uploads\/2024\/06\/Wholesale-Stainless-Steel-Coffee-Cups-with-Handle-3-768x749.webp 768w, https:\/\/moyahousehold.com\/wp-content\/uploads\/2024\/06\/Wholesale-Stainless-Steel-Coffee-Cups-with-Handle-3-12x12.webp 12w, https:\/\/moyahousehold.com\/wp-content\/uploads\/2024\/06\/Wholesale-Stainless-Steel-Coffee-Cups-with-Handle-3-285x278.webp 285w, https:\/\/moyahousehold.com\/wp-content\/uploads\/2024\/06\/Wholesale-Stainless-Steel-Coffee-Cups-with-Handle-3-1600x1560.webp 1600w, https:\/\/moyahousehold.com\/wp-content\/uploads\/2024\/06\/Wholesale-Stainless-Steel-Coffee-Cups-with-Handle-3-660x643.webp 660w, https:\/\/moyahousehold.com\/wp-content\/uploads\/2024\/06\/Wholesale-Stainless-Steel-Coffee-Cups-with-Handle-3-150x146.webp 150w\" sizes=\"(max-width: 2500px) 100vw, 2500px\" \/><\/figure>\n<\/div>\n\n\n\n<div class=\"wp-block-column is-layout-flow wp-block-column-is-layout-flow\">\n<figure class=\"wp-block-image size-full\"><img decoding=\"async\" width=\"2500\" height=\"2437\" src=\"https:\/\/moyahousehold.com\/wp-content\/uploads\/2024\/06\/Wholesale-Stainless-Steel-Coffee-Cups-with-Handle-4.webp\" alt=\"Gro\u00dfhandel Edelstahl-Kaffeetassen mit Griff (4)\" class=\"wp-image-10901\" srcset=\"https:\/\/moyahousehold.com\/wp-content\/uploads\/2024\/06\/Wholesale-Stainless-Steel-Coffee-Cups-with-Handle-4.webp 2500w, https:\/\/moyahousehold.com\/wp-content\/uploads\/2024\/06\/Wholesale-Stainless-Steel-Coffee-Cups-with-Handle-4-300x292.webp 300w, https:\/\/moyahousehold.com\/wp-content\/uploads\/2024\/06\/Wholesale-Stainless-Steel-Coffee-Cups-with-Handle-4-768x749.webp 768w, https:\/\/moyahousehold.com\/wp-content\/uploads\/2024\/06\/Wholesale-Stainless-Steel-Coffee-Cups-with-Handle-4-12x12.webp 12w, https:\/\/moyahousehold.com\/wp-content\/uploads\/2024\/06\/Wholesale-Stainless-Steel-Coffee-Cups-with-Handle-4-285x278.webp 285w, https:\/\/moyahousehold.com\/wp-content\/uploads\/2024\/06\/Wholesale-Stainless-Steel-Coffee-Cups-with-Handle-4-1600x1560.webp 1600w, https:\/\/moyahousehold.com\/wp-content\/uploads\/2024\/06\/Wholesale-Stainless-Steel-Coffee-Cups-with-Handle-4-660x643.webp 660w, https:\/\/moyahousehold.com\/wp-content\/uploads\/2024\/06\/Wholesale-Stainless-Steel-Coffee-Cups-with-Handle-4-150x146.webp 150w\" sizes=\"(max-width: 2500px) 100vw, 2500px\" \/><\/figure>\n<\/div>\n<\/div>\n\n\n\n<div class=\"wp-block-columns is-layout-flex wp-container-core-columns-is-layout-9d6595d7 wp-block-columns-is-layout-flex\">\n<div class=\"wp-block-column is-layout-flow wp-block-column-is-layout-flow\">\n<figure class=\"wp-block-image size-full\"><img decoding=\"async\" width=\"2500\" height=\"1666\" src=\"https:\/\/moyahousehold.com\/wp-content\/uploads\/2024\/06\/Stainless-Steel-Coffee-Mug-Series-1-2.webp\" alt=\"Edelstahl Kaffeebecher Serie (1)\" class=\"wp-image-10896\" srcset=\"https:\/\/moyahousehold.com\/wp-content\/uploads\/2024\/06\/Stainless-Steel-Coffee-Mug-Series-1-2.webp 2500w, https:\/\/moyahousehold.com\/wp-content\/uploads\/2024\/06\/Stainless-Steel-Coffee-Mug-Series-1-2-300x200.webp 300w, https:\/\/moyahousehold.com\/wp-content\/uploads\/2024\/06\/Stainless-Steel-Coffee-Mug-Series-1-2-768x512.webp 768w, https:\/\/moyahousehold.com\/wp-content\/uploads\/2024\/06\/Stainless-Steel-Coffee-Mug-Series-1-2-18x12.webp 18w, https:\/\/moyahousehold.com\/wp-content\/uploads\/2024\/06\/Stainless-Steel-Coffee-Mug-Series-1-2-285x190.webp 285w, https:\/\/moyahousehold.com\/wp-content\/uploads\/2024\/06\/Stainless-Steel-Coffee-Mug-Series-1-2-1600x1066.webp 1600w, https:\/\/moyahousehold.com\/wp-content\/uploads\/2024\/06\/Stainless-Steel-Coffee-Mug-Series-1-2-660x440.webp 660w, https:\/\/moyahousehold.com\/wp-content\/uploads\/2024\/06\/Stainless-Steel-Coffee-Mug-Series-1-2-150x100.webp 150w\" sizes=\"(max-width: 2500px) 100vw, 2500px\" \/><\/figure>\n<\/div>\n\n\n\n<div class=\"wp-block-column is-layout-flow wp-block-column-is-layout-flow\">\n<figure class=\"wp-block-image size-full\"><img loading=\"lazy\" decoding=\"async\" width=\"2500\" height=\"1666\" src=\"https:\/\/moyahousehold.com\/wp-content\/uploads\/2024\/06\/Stainless-Steel-Coffee-Mug-Series-2-2.webp\" alt=\"Edelstahl Kaffeebecher Serie (2)\" class=\"wp-image-10897\" srcset=\"https:\/\/moyahousehold.com\/wp-content\/uploads\/2024\/06\/Stainless-Steel-Coffee-Mug-Series-2-2.webp 2500w, https:\/\/moyahousehold.com\/wp-content\/uploads\/2024\/06\/Stainless-Steel-Coffee-Mug-Series-2-2-300x200.webp 300w, https:\/\/moyahousehold.com\/wp-content\/uploads\/2024\/06\/Stainless-Steel-Coffee-Mug-Series-2-2-768x512.webp 768w, https:\/\/moyahousehold.com\/wp-content\/uploads\/2024\/06\/Stainless-Steel-Coffee-Mug-Series-2-2-18x12.webp 18w, https:\/\/moyahousehold.com\/wp-content\/uploads\/2024\/06\/Stainless-Steel-Coffee-Mug-Series-2-2-285x190.webp 285w, https:\/\/moyahousehold.com\/wp-content\/uploads\/2024\/06\/Stainless-Steel-Coffee-Mug-Series-2-2-1600x1066.webp 1600w, https:\/\/moyahousehold.com\/wp-content\/uploads\/2024\/06\/Stainless-Steel-Coffee-Mug-Series-2-2-660x440.webp 660w, https:\/\/moyahousehold.com\/wp-content\/uploads\/2024\/06\/Stainless-Steel-Coffee-Mug-Series-2-2-150x100.webp 150w\" sizes=\"(max-width: 2500px) 100vw, 2500px\" \/><\/figure>\n<\/div>\n<\/div>","protected":false},"excerpt":{"rendered":"<p>MOYA Gro\u00dfhandel Edelstahl-Kaffeetassen, sind diese Kaffeetassen sowohl stilvoll und praktisch, mit breiten Mund Design und Schiebe-Staubschutz. Unterst\u00fctzung Logodruck, Farbanpassung und Verpackungsdesign, willkommen B2B K\u00e4ufer, uns zu kontaktieren.<\/p>\n<h3>Merkmale und Vorteile von Kaffeetassen aus Edelstahl<\/h3>\n<p><strong>Praktische Anwendung:<\/strong> MOYA Edelstahl-Kaffeebecher sind aus hochwertigem 304-Edelstahl gefertigt und k\u00f6nnen sowohl f\u00fcr kalte als auch f\u00fcr hei\u00dfe Getr\u00e4nke verwendet werden. Sie eignen sich perfekt f\u00fcr zu Hause, im B\u00fcro oder unterwegs.<\/p>\n<p><strong>Freundliche Bewerbung:<\/strong> MOYA Edelstahl-Kaffeebecher sind mit einem breiten Mund Design, einfach zu brauen, gie\u00dfen, und sauber; es verf\u00fcgt \u00fcber einen Schiebe-Staubschutz, die ge\u00f6ffnet und geschlossen werden kann frei.<\/p>\n<p><strong>Liberale Kapazit\u00e4t:<\/strong> Mit einem Fassungsverm\u00f6gen von 400 ml ist er perfekt f\u00fcr Kaffee, Tee oder andere Getr\u00e4nke geeignet und reduziert das Nachf\u00fcllen.<\/p>\n<p><strong>Gro\u00dfhandelsservice:<\/strong> Wir unterst\u00fctzen den Edelstahl-Kaffeebecher-Gro\u00dfhandel, der f\u00fcr globale B2B-Kunden offen ist, und k\u00f6nnen ma\u00dfgeschneiderte L\u00f6sungen auf der Grundlage Ihrer Markenanforderungen anbieten:<\/p>\n<ol>\n<li>\n<p>Anpassbares Markenlogo.<\/p>\n<\/li>\n<li>\n<p>Die Farbe des Becherk\u00f6rpers und die Art der Verpackung sind optional.<\/p>\n<\/li>\n<li>\n<p>Anwendbar auf verschiedene Gesch\u00e4ftsmodelle wie Geschenkaktionen, E-Commerce-Plattformen und Einzelhandelskan\u00e4le.<\/p>\n<\/li>\n<\/ol>","protected":false},"featured_media":10902,"comment_status":"closed","ping_status":"closed","template":"","meta":[],"product_cat":[75],"product_tag":[],"class_list":{"0":"post-5566","1":"product","2":"type-product","3":"status-publish","4":"has-post-thumbnail","6":"product_cat-wholesale-stainless-steel-coffee-mug","8":"first","9":"instock","10":"shipping-taxable","11":"product-type-simple"},"_links":{"self":[{"href":"https:\/\/moyahousehold.com\/de\/wp-json\/wp\/v2\/product\/5566","targetHints":{"allow":["GET"]}}],"collection":[{"href":"https:\/\/moyahousehold.com\/de\/wp-json\/wp\/v2\/product"}],"about":[{"href":"https:\/\/moyahousehold.com\/de\/wp-json\/wp\/v2\/types\/product"}],"replies":[{"embeddable":true,"href":"https:\/\/moyahousehold.com\/de\/wp-json\/wp\/v2\/comments?post=5566"}],"version-history":[{"count":0,"href":"https:\/\/moyahousehold.com\/de\/wp-json\/wp\/v2\/product\/5566\/revisions"}],"wp:featuredmedia":[{"embeddable":true,"href":"https:\/\/moyahousehold.com\/de\/wp-json\/wp\/v2\/media\/10902"}],"wp:attachment":[{"href":"https:\/\/moyahousehold.com\/de\/wp-json\/wp\/v2\/media?parent=5566"}],"wp:term":[{"taxonomy":"product_cat","embeddable":true,"href":"https:\/\/moyahousehold.com\/de\/wp-json\/wp\/v2\/product_cat?post=5566"},{"taxonomy":"product_tag","embeddable":true,"href":"https:\/\/moyahousehold.com\/de\/wp-json\/wp\/v2\/product_tag?post=5566"}],"curies":[{"name":"wp","href":"https:\/\/api.w.org\/{rel}","templated":true}]}}