{"id":5606,"date":"2024-06-10T01:31:40","date_gmt":"2024-06-10T01:31:40","guid":{"rendered":"https:\/\/moyahousehold.com\/?post_type=product&#038;p=5606"},"modified":"2025-04-12T06:20:14","modified_gmt":"2025-04-12T06:20:14","slug":"wholesale-coffee-mugs-for-the-office","status":"publish","type":"product","link":"https:\/\/moyahousehold.com\/de\/produkt\/wholesale-coffee-mugs-for-the-office\/","title":{"rendered":"Gro\u00dfhandel Kaffeebecher f\u00fcr das B\u00fcro, Lebensmittel Grade 304 Edelstahl Stahl Material, 400ML"},"content":{"rendered":"<h2 class=\"wp-block-heading\">Parameter von Kaffeebechern f\u00fcr das B\u00fcro<\/h2>\n\n\n\n<p><strong>Material:<\/strong>304 + PP <strong> Farbe:<\/strong>Beige\/Khaki<\/p>\n\n\n\n<figure class=\"wp-block-table\"><table><tbody><tr><td>Modellnummer<\/td><td>Kapazit\u00e4t<\/td><td>Gr\u00f6\u00dfe des Produkts<\/td><td>\u00c4u\u00dfere Gr\u00f6\u00dfe der Box<\/td><td>Menge pro Kiste<\/td><td>N.W<\/td><td>G.W\/Koffer<\/td><\/tr><tr><td>MYLY017<\/td><td>400ml<\/td><td>8*9*11<\/td><td>62*40*49.5<\/td><td>80<\/td><td>0.16<\/td><td>28.8<\/td><\/tr><\/tbody><\/table><\/figure>\n\n\n\n<h3 class=\"wp-block-heading\">Individuelle Reise-Kaffeebecher<\/h3>\n\n\n\n<p>Logo: Ihr Markenlogo auf Produkt und Verpackung.<br>Logo-Optionen: gedrucktes Logo, lasergraviertes Logo, etc.<br>Muster: Druckmuster <br>Drucktechnik: Wassertransferdruck, Siebdruck, W\u00e4rmetransferdruck, Sublimationstransfer, etc.<br>Paket:Farbe Box<br><a href=\"https:\/\/moyahousehold.com\/de\/individuelle-losung\/\"><strong>Entdecken Sie weitere Details zu individuellen Kaffeebechern.<\/strong><\/a><\/p>\n\n\n\n<div class=\"wp-block-columns is-layout-flex wp-container-core-columns-is-layout-9d6595d7 wp-block-columns-is-layout-flex\">\n<div class=\"wp-block-column is-layout-flow wp-block-column-is-layout-flow\">\n<figure class=\"wp-block-image size-full\"><img fetchpriority=\"high\" decoding=\"async\" width=\"2500\" height=\"2437\" src=\"https:\/\/moyahousehold.com\/wp-content\/uploads\/2024\/06\/Coffee-Mugs-for-the-Office-Display-1.webp\" alt=\"Kaffeebecher f\u00fcr das B\u00fcro Display (1)\" class=\"wp-image-10832\" srcset=\"https:\/\/moyahousehold.com\/wp-content\/uploads\/2024\/06\/Coffee-Mugs-for-the-Office-Display-1.webp 2500w, https:\/\/moyahousehold.com\/wp-content\/uploads\/2024\/06\/Coffee-Mugs-for-the-Office-Display-1-300x292.webp 300w, https:\/\/moyahousehold.com\/wp-content\/uploads\/2024\/06\/Coffee-Mugs-for-the-Office-Display-1-768x749.webp 768w, https:\/\/moyahousehold.com\/wp-content\/uploads\/2024\/06\/Coffee-Mugs-for-the-Office-Display-1-12x12.webp 12w, https:\/\/moyahousehold.com\/wp-content\/uploads\/2024\/06\/Coffee-Mugs-for-the-Office-Display-1-285x278.webp 285w, https:\/\/moyahousehold.com\/wp-content\/uploads\/2024\/06\/Coffee-Mugs-for-the-Office-Display-1-1600x1560.webp 1600w, https:\/\/moyahousehold.com\/wp-content\/uploads\/2024\/06\/Coffee-Mugs-for-the-Office-Display-1-660x643.webp 660w, https:\/\/moyahousehold.com\/wp-content\/uploads\/2024\/06\/Coffee-Mugs-for-the-Office-Display-1-150x146.webp 150w\" sizes=\"(max-width: 2500px) 100vw, 2500px\" \/><\/figure>\n<\/div>\n\n\n\n<div class=\"wp-block-column is-layout-flow wp-block-column-is-layout-flow\">\n<figure class=\"wp-block-image size-full\"><img decoding=\"async\" width=\"2500\" height=\"2437\" src=\"https:\/\/moyahousehold.com\/wp-content\/uploads\/2024\/06\/Coffee-Mugs-for-the-Office-Display-2.webp\" alt=\"Kaffeebecher f\u00fcr das B\u00fcro Display (2)\" class=\"wp-image-10833\" srcset=\"https:\/\/moyahousehold.com\/wp-content\/uploads\/2024\/06\/Coffee-Mugs-for-the-Office-Display-2.webp 2500w, https:\/\/moyahousehold.com\/wp-content\/uploads\/2024\/06\/Coffee-Mugs-for-the-Office-Display-2-300x292.webp 300w, https:\/\/moyahousehold.com\/wp-content\/uploads\/2024\/06\/Coffee-Mugs-for-the-Office-Display-2-768x749.webp 768w, https:\/\/moyahousehold.com\/wp-content\/uploads\/2024\/06\/Coffee-Mugs-for-the-Office-Display-2-12x12.webp 12w, https:\/\/moyahousehold.com\/wp-content\/uploads\/2024\/06\/Coffee-Mugs-for-the-Office-Display-2-285x278.webp 285w, https:\/\/moyahousehold.com\/wp-content\/uploads\/2024\/06\/Coffee-Mugs-for-the-Office-Display-2-1600x1560.webp 1600w, https:\/\/moyahousehold.com\/wp-content\/uploads\/2024\/06\/Coffee-Mugs-for-the-Office-Display-2-660x643.webp 660w, https:\/\/moyahousehold.com\/wp-content\/uploads\/2024\/06\/Coffee-Mugs-for-the-Office-Display-2-150x146.webp 150w\" sizes=\"(max-width: 2500px) 100vw, 2500px\" \/><\/figure>\n<\/div>\n<\/div>\n\n\n\n<div class=\"wp-block-columns is-layout-flex wp-container-core-columns-is-layout-9d6595d7 wp-block-columns-is-layout-flex\">\n<div class=\"wp-block-column is-layout-flow wp-block-column-is-layout-flow\">\n<figure class=\"wp-block-image size-full\"><img decoding=\"async\" width=\"1024\" height=\"1024\" src=\"https:\/\/moyahousehold.com\/wp-content\/uploads\/2024\/06\/Coffee-Mugs-for-the-Office-Details-1.webp\" alt=\"Kaffeebecher f\u00fcr das B\u00fcro Details (1)\" class=\"wp-image-10830\" srcset=\"https:\/\/moyahousehold.com\/wp-content\/uploads\/2024\/06\/Coffee-Mugs-for-the-Office-Details-1.webp 1024w, https:\/\/moyahousehold.com\/wp-content\/uploads\/2024\/06\/Coffee-Mugs-for-the-Office-Details-1-300x300.webp 300w, https:\/\/moyahousehold.com\/wp-content\/uploads\/2024\/06\/Coffee-Mugs-for-the-Office-Details-1-150x150.webp 150w, https:\/\/moyahousehold.com\/wp-content\/uploads\/2024\/06\/Coffee-Mugs-for-the-Office-Details-1-768x768.webp 768w, https:\/\/moyahousehold.com\/wp-content\/uploads\/2024\/06\/Coffee-Mugs-for-the-Office-Details-1-12x12.webp 12w, https:\/\/moyahousehold.com\/wp-content\/uploads\/2024\/06\/Coffee-Mugs-for-the-Office-Details-1-285x285.webp 285w, https:\/\/moyahousehold.com\/wp-content\/uploads\/2024\/06\/Coffee-Mugs-for-the-Office-Details-1-270x270.webp 270w, https:\/\/moyahousehold.com\/wp-content\/uploads\/2024\/06\/Coffee-Mugs-for-the-Office-Details-1-540x540.webp 540w, https:\/\/moyahousehold.com\/wp-content\/uploads\/2024\/06\/Coffee-Mugs-for-the-Office-Details-1-660x660.webp 660w\" sizes=\"(max-width: 1024px) 100vw, 1024px\" \/><\/figure>\n<\/div>\n\n\n\n<div class=\"wp-block-column is-layout-flow wp-block-column-is-layout-flow\">\n<figure class=\"wp-block-image size-full\"><img loading=\"lazy\" decoding=\"async\" width=\"1024\" height=\"1024\" src=\"https:\/\/moyahousehold.com\/wp-content\/uploads\/2024\/06\/Coffee-Mugs-for-the-Office-Details-2.webp\" alt=\"Kaffeebecher f\u00fcr das B\u00fcro Details (2)\" class=\"wp-image-10831\" srcset=\"https:\/\/moyahousehold.com\/wp-content\/uploads\/2024\/06\/Coffee-Mugs-for-the-Office-Details-2.webp 1024w, https:\/\/moyahousehold.com\/wp-content\/uploads\/2024\/06\/Coffee-Mugs-for-the-Office-Details-2-300x300.webp 300w, https:\/\/moyahousehold.com\/wp-content\/uploads\/2024\/06\/Coffee-Mugs-for-the-Office-Details-2-150x150.webp 150w, https:\/\/moyahousehold.com\/wp-content\/uploads\/2024\/06\/Coffee-Mugs-for-the-Office-Details-2-768x768.webp 768w, https:\/\/moyahousehold.com\/wp-content\/uploads\/2024\/06\/Coffee-Mugs-for-the-Office-Details-2-12x12.webp 12w, https:\/\/moyahousehold.com\/wp-content\/uploads\/2024\/06\/Coffee-Mugs-for-the-Office-Details-2-285x285.webp 285w, https:\/\/moyahousehold.com\/wp-content\/uploads\/2024\/06\/Coffee-Mugs-for-the-Office-Details-2-270x270.webp 270w, https:\/\/moyahousehold.com\/wp-content\/uploads\/2024\/06\/Coffee-Mugs-for-the-Office-Details-2-540x540.webp 540w, https:\/\/moyahousehold.com\/wp-content\/uploads\/2024\/06\/Coffee-Mugs-for-the-Office-Details-2-660x660.webp 660w\" sizes=\"(max-width: 1024px) 100vw, 1024px\" \/><\/figure>\n<\/div>\n<\/div>\n\n\n\n<div class=\"wp-block-columns is-layout-flex wp-container-core-columns-is-layout-9d6595d7 wp-block-columns-is-layout-flex\">\n<div class=\"wp-block-column is-layout-flow wp-block-column-is-layout-flow\">\n<figure class=\"wp-block-image size-full\"><img loading=\"lazy\" decoding=\"async\" width=\"2500\" height=\"1666\" src=\"https:\/\/moyahousehold.com\/wp-content\/uploads\/2024\/06\/MOYA-stainless-steel-coffee-mug-series-1.webp\" alt=\"MOYA Edelstahl Kaffeebecher Serie (1)\" class=\"wp-image-10834\" srcset=\"https:\/\/moyahousehold.com\/wp-content\/uploads\/2024\/06\/MOYA-stainless-steel-coffee-mug-series-1.webp 2500w, https:\/\/moyahousehold.com\/wp-content\/uploads\/2024\/06\/MOYA-stainless-steel-coffee-mug-series-1-300x200.webp 300w, https:\/\/moyahousehold.com\/wp-content\/uploads\/2024\/06\/MOYA-stainless-steel-coffee-mug-series-1-768x512.webp 768w, https:\/\/moyahousehold.com\/wp-content\/uploads\/2024\/06\/MOYA-stainless-steel-coffee-mug-series-1-18x12.webp 18w, https:\/\/moyahousehold.com\/wp-content\/uploads\/2024\/06\/MOYA-stainless-steel-coffee-mug-series-1-285x190.webp 285w, https:\/\/moyahousehold.com\/wp-content\/uploads\/2024\/06\/MOYA-stainless-steel-coffee-mug-series-1-1600x1066.webp 1600w, https:\/\/moyahousehold.com\/wp-content\/uploads\/2024\/06\/MOYA-stainless-steel-coffee-mug-series-1-660x440.webp 660w, https:\/\/moyahousehold.com\/wp-content\/uploads\/2024\/06\/MOYA-stainless-steel-coffee-mug-series-1-150x100.webp 150w\" sizes=\"(max-width: 2500px) 100vw, 2500px\" \/><\/figure>\n<\/div>\n\n\n\n<div class=\"wp-block-column is-layout-flow wp-block-column-is-layout-flow\">\n<figure class=\"wp-block-image size-full\"><img loading=\"lazy\" decoding=\"async\" width=\"2500\" height=\"1666\" src=\"https:\/\/moyahousehold.com\/wp-content\/uploads\/2024\/06\/MOYA-stainless-steel-coffee-mug-series-2.webp\" alt=\"MOYA Edelstahl Kaffeebecher Serie (2)\" class=\"wp-image-10835\" srcset=\"https:\/\/moyahousehold.com\/wp-content\/uploads\/2024\/06\/MOYA-stainless-steel-coffee-mug-series-2.webp 2500w, https:\/\/moyahousehold.com\/wp-content\/uploads\/2024\/06\/MOYA-stainless-steel-coffee-mug-series-2-300x200.webp 300w, https:\/\/moyahousehold.com\/wp-content\/uploads\/2024\/06\/MOYA-stainless-steel-coffee-mug-series-2-768x512.webp 768w, https:\/\/moyahousehold.com\/wp-content\/uploads\/2024\/06\/MOYA-stainless-steel-coffee-mug-series-2-18x12.webp 18w, https:\/\/moyahousehold.com\/wp-content\/uploads\/2024\/06\/MOYA-stainless-steel-coffee-mug-series-2-285x190.webp 285w, https:\/\/moyahousehold.com\/wp-content\/uploads\/2024\/06\/MOYA-stainless-steel-coffee-mug-series-2-1600x1066.webp 1600w, https:\/\/moyahousehold.com\/wp-content\/uploads\/2024\/06\/MOYA-stainless-steel-coffee-mug-series-2-660x440.webp 660w, https:\/\/moyahousehold.com\/wp-content\/uploads\/2024\/06\/MOYA-stainless-steel-coffee-mug-series-2-150x100.webp 150w\" sizes=\"(max-width: 2500px) 100vw, 2500px\" \/><\/figure>\n<\/div>\n<\/div>","protected":false},"excerpt":{"rendered":"<p>Gro\u00dfhandel Kaffeebecher f\u00fcr das B\u00fcro, 400ml Kaffeebecher Gro\u00dfhandel Serie sind sorgf\u00e4ltig f\u00fcr die moderne B\u00fcroumgebung konzipiert, die Erreichung der perfekten Balance zwischen Stil, Komfort und Funktionalit\u00e4t. Moya unterst\u00fctzt sowohl Bulk-Gro\u00dfhandel und volle OEM \/ ODM-Anpassung Dienstleistungen, einschlie\u00dflich personalisierte Logo und Verpackung. Kontaktieren Sie uns f\u00fcr ein Angebot.<\/p>\n<h3>Merkmale und Vorteile von Kaffeebechern f\u00fcr das B\u00fcro<\/h3>\n<p><strong>Sch\u00f6nes Design:<\/strong> Dieser Office-Kaffeebecher ist in sanften und beruhigenden Creme- und Haferflockenfarben erh\u00e4ltlich, mit einem modernen und einfachen Design, das ihn zu einem sch\u00f6nen Accessoire f\u00fcr Ihren Schreibtisch macht.<\/p>\n<p><strong>Sicher und einfach in der Anwendung:<\/strong> Dieser Office-Kaffeebecher ist mit 304 lebensmittelechtem Edelstahl ausgekleidet, um sichere und hygienische kalte und hei\u00dfe Getr\u00e4nke zu gew\u00e4hrleisten. Die \u00e4u\u00dfere Schale besteht aus hochwertigem PP-Kunststoff mit matter Textur, der sich angenehm anf\u00fchlt.<\/p>\n<p><strong>Geeignet f\u00fcr Haus und B\u00fcro:<\/strong> Dieser Kaffeebecher verbindet Sch\u00f6nheit und Zweckm\u00e4\u00dfigkeit mit einem modischen Stil und eignet sich perfekt f\u00fcr die Freizeit zu Hause oder die Arbeit im B\u00fcro.<\/p>\n<p><strong>Individuelles Markenlogo:<\/strong> MOYA Kaffeebecher Hersteller bietet OEM-Service, diese Kaffeetasse unterst\u00fctzt benutzerdefinierte Logo-Druck, k\u00f6nnen Sie ganz einfach Ihre eigenen Kaffeebecher zu erstellen.<\/p>\n<p><strong>Gro\u00dfhandelsservice:<\/strong> MOYA Kaffeebecher Hersteller bietet eine stabile Produktversorgung f\u00fcr Ihr Unternehmen, und bietet Fabrikpreise und Beratungsdienste.<\/p>","protected":false},"featured_media":10836,"comment_status":"closed","ping_status":"closed","template":"","meta":[],"product_cat":[75],"product_tag":[],"class_list":{"0":"post-5606","1":"product","2":"type-product","3":"status-publish","4":"has-post-thumbnail","6":"product_cat-wholesale-stainless-steel-coffee-mug","8":"first","9":"instock","10":"shipping-taxable","11":"product-type-simple"},"_links":{"self":[{"href":"https:\/\/moyahousehold.com\/de\/wp-json\/wp\/v2\/product\/5606","targetHints":{"allow":["GET"]}}],"collection":[{"href":"https:\/\/moyahousehold.com\/de\/wp-json\/wp\/v2\/product"}],"about":[{"href":"https:\/\/moyahousehold.com\/de\/wp-json\/wp\/v2\/types\/product"}],"replies":[{"embeddable":true,"href":"https:\/\/moyahousehold.com\/de\/wp-json\/wp\/v2\/comments?post=5606"}],"version-history":[{"count":0,"href":"https:\/\/moyahousehold.com\/de\/wp-json\/wp\/v2\/product\/5606\/revisions"}],"wp:featuredmedia":[{"embeddable":true,"href":"https:\/\/moyahousehold.com\/de\/wp-json\/wp\/v2\/media\/10836"}],"wp:attachment":[{"href":"https:\/\/moyahousehold.com\/de\/wp-json\/wp\/v2\/media?parent=5606"}],"wp:term":[{"taxonomy":"product_cat","embeddable":true,"href":"https:\/\/moyahousehold.com\/de\/wp-json\/wp\/v2\/product_cat?post=5606"},{"taxonomy":"product_tag","embeddable":true,"href":"https:\/\/moyahousehold.com\/de\/wp-json\/wp\/v2\/product_tag?post=5606"}],"curies":[{"name":"wp","href":"https:\/\/api.w.org\/{rel}","templated":true}]}}