{"id":5619,"date":"2024-06-10T03:09:01","date_gmt":"2024-06-10T03:09:01","guid":{"rendered":"https:\/\/moyahousehold.com\/?post_type=product&#038;p=5619"},"modified":"2025-04-10T10:08:58","modified_gmt":"2025-04-10T10:08:58","slug":"wholesale-stainless-steel-coffee-cups-280ml-and-550ml","status":"publish","type":"product","link":"https:\/\/moyahousehold.com\/de\/produkt\/wholesale-stainless-steel-coffee-cups-280ml-and-550ml\/","title":{"rendered":"Gro\u00dfhandel Edelstahl-Kaffeetassen, 280ml und 550ml"},"content":{"rendered":"<h2 class=\"wp-block-heading\">Parameter von Kaffeetassen aus Edelstahl<\/h2>\n\n\n\n<p><strong>Material:<\/strong>304 + PP <strong> Farbe:<\/strong>Beige\/Khaki<\/p>\n\n\n\n<figure class=\"wp-block-table\"><table><tbody><tr><td>Modellnummer<\/td><td>Kapazit\u00e4t<\/td><td>Gr\u00f6\u00dfe des Produkts<\/td><td>\u00c4u\u00dfere Gr\u00f6\u00dfe der Box<\/td><td>Menge pro Kiste<\/td><td>N.W<\/td><td>G.W\/Koffer<\/td><\/tr><tr><td>MYLY018<\/td><td>280ml<\/td><td>10.2*5.5*6.5<\/td><td>64*45*53<\/td><td>80<\/td><td>0.16<\/td><td>28.8<\/td><\/tr><tr><td>MYLY019<\/td><td>550ml<\/td><td>12.5*6.5*8.2<\/td><td>68*48*56<\/td><td>80<\/td><td>0.2<\/td><td>18<\/td><\/tr><\/tbody><\/table><\/figure>\n\n\n\n<h3 class=\"wp-block-heading\">Personalisierte Kaffeetassen<\/h3>\n\n\n\n<p><strong>Logo: <\/strong>Ihr Markenlogo auf Produkt und Verpackung anbringen.<br><strong>Logo-Optionen:<\/strong> gedrucktes Logo, lasergraviertes Logo, usw.<br><strong>Muster:<\/strong> Druckmuster <br><strong>Drucktechnik:<\/strong> Wassertransferdruck, Siebdruck, W\u00e4rmetransferdruck, Sublimationstransfer, etc.<br><strong>Verpackung: <\/strong>Farbkasten<br><a href=\"https:\/\/moyahousehold.com\/de\/individuelle-losung\/\"><strong>Erfahren Sie mehr \u00fcber individuelle L\u00f6sungen f\u00fcr Kaffeebecher.<\/strong><\/a><\/p>\n\n\n\n<div class=\"wp-block-columns is-layout-flex wp-container-core-columns-is-layout-9d6595d7 wp-block-columns-is-layout-flex\">\n<div class=\"wp-block-column is-layout-flow wp-block-column-is-layout-flow\">\n<figure class=\"wp-block-image size-full\"><img fetchpriority=\"high\" decoding=\"async\" width=\"1024\" height=\"1024\" src=\"https:\/\/moyahousehold.com\/wp-content\/uploads\/2024\/06\/280ml-stainless-steel-cup-details.webp\" alt=\"280ml Becher aus Edelstahl Details\" class=\"wp-image-10728\" srcset=\"https:\/\/moyahousehold.com\/wp-content\/uploads\/2024\/06\/280ml-stainless-steel-cup-details.webp 1024w, https:\/\/moyahousehold.com\/wp-content\/uploads\/2024\/06\/280ml-stainless-steel-cup-details-300x300.webp 300w, https:\/\/moyahousehold.com\/wp-content\/uploads\/2024\/06\/280ml-stainless-steel-cup-details-150x150.webp 150w, https:\/\/moyahousehold.com\/wp-content\/uploads\/2024\/06\/280ml-stainless-steel-cup-details-768x768.webp 768w, https:\/\/moyahousehold.com\/wp-content\/uploads\/2024\/06\/280ml-stainless-steel-cup-details-12x12.webp 12w, https:\/\/moyahousehold.com\/wp-content\/uploads\/2024\/06\/280ml-stainless-steel-cup-details-285x285.webp 285w, https:\/\/moyahousehold.com\/wp-content\/uploads\/2024\/06\/280ml-stainless-steel-cup-details-270x270.webp 270w, https:\/\/moyahousehold.com\/wp-content\/uploads\/2024\/06\/280ml-stainless-steel-cup-details-540x540.webp 540w, https:\/\/moyahousehold.com\/wp-content\/uploads\/2024\/06\/280ml-stainless-steel-cup-details-660x660.webp 660w\" sizes=\"(max-width: 1024px) 100vw, 1024px\" \/><\/figure>\n<\/div>\n\n\n\n<div class=\"wp-block-column is-layout-flow wp-block-column-is-layout-flow\">\n<figure class=\"wp-block-image size-full\"><img decoding=\"async\" width=\"1024\" height=\"1024\" src=\"https:\/\/moyahousehold.com\/wp-content\/uploads\/2024\/06\/550ml-stainless-steel-cup-details.webp\" alt=\"550ml Becher aus Edelstahl Details\" class=\"wp-image-10729\" srcset=\"https:\/\/moyahousehold.com\/wp-content\/uploads\/2024\/06\/550ml-stainless-steel-cup-details.webp 1024w, https:\/\/moyahousehold.com\/wp-content\/uploads\/2024\/06\/550ml-stainless-steel-cup-details-300x300.webp 300w, https:\/\/moyahousehold.com\/wp-content\/uploads\/2024\/06\/550ml-stainless-steel-cup-details-150x150.webp 150w, https:\/\/moyahousehold.com\/wp-content\/uploads\/2024\/06\/550ml-stainless-steel-cup-details-768x768.webp 768w, https:\/\/moyahousehold.com\/wp-content\/uploads\/2024\/06\/550ml-stainless-steel-cup-details-12x12.webp 12w, https:\/\/moyahousehold.com\/wp-content\/uploads\/2024\/06\/550ml-stainless-steel-cup-details-285x285.webp 285w, https:\/\/moyahousehold.com\/wp-content\/uploads\/2024\/06\/550ml-stainless-steel-cup-details-270x270.webp 270w, https:\/\/moyahousehold.com\/wp-content\/uploads\/2024\/06\/550ml-stainless-steel-cup-details-540x540.webp 540w, https:\/\/moyahousehold.com\/wp-content\/uploads\/2024\/06\/550ml-stainless-steel-cup-details-660x660.webp 660w\" sizes=\"(max-width: 1024px) 100vw, 1024px\" \/><\/figure>\n<\/div>\n<\/div>\n\n\n\n<div class=\"wp-block-columns is-layout-flex wp-container-core-columns-is-layout-9d6595d7 wp-block-columns-is-layout-flex\">\n<div class=\"wp-block-column is-layout-flow wp-block-column-is-layout-flow\">\n<figure class=\"wp-block-image size-full\"><img decoding=\"async\" width=\"2000\" height=\"1333\" src=\"https:\/\/moyahousehold.com\/wp-content\/uploads\/2024\/06\/stainless-steel-cup-series-display-1.webp\" alt=\"Edelstahl Tasse Serie Display (1)\" class=\"wp-image-10730\" srcset=\"https:\/\/moyahousehold.com\/wp-content\/uploads\/2024\/06\/stainless-steel-cup-series-display-1.webp 2000w, https:\/\/moyahousehold.com\/wp-content\/uploads\/2024\/06\/stainless-steel-cup-series-display-1-300x200.webp 300w, https:\/\/moyahousehold.com\/wp-content\/uploads\/2024\/06\/stainless-steel-cup-series-display-1-768x512.webp 768w, https:\/\/moyahousehold.com\/wp-content\/uploads\/2024\/06\/stainless-steel-cup-series-display-1-18x12.webp 18w, https:\/\/moyahousehold.com\/wp-content\/uploads\/2024\/06\/stainless-steel-cup-series-display-1-285x190.webp 285w, https:\/\/moyahousehold.com\/wp-content\/uploads\/2024\/06\/stainless-steel-cup-series-display-1-1600x1066.webp 1600w, https:\/\/moyahousehold.com\/wp-content\/uploads\/2024\/06\/stainless-steel-cup-series-display-1-660x440.webp 660w, https:\/\/moyahousehold.com\/wp-content\/uploads\/2024\/06\/stainless-steel-cup-series-display-1-150x100.webp 150w\" sizes=\"(max-width: 2000px) 100vw, 2000px\" \/><\/figure>\n<\/div>\n\n\n\n<div class=\"wp-block-column is-layout-flow wp-block-column-is-layout-flow\">\n<figure class=\"wp-block-image size-full\"><img loading=\"lazy\" decoding=\"async\" width=\"2000\" height=\"1333\" src=\"https:\/\/moyahousehold.com\/wp-content\/uploads\/2024\/06\/stainless-steel-cup-series-display-2.webp\" alt=\"Edelstahl Tasse Serie Display (2)\" class=\"wp-image-10731\" srcset=\"https:\/\/moyahousehold.com\/wp-content\/uploads\/2024\/06\/stainless-steel-cup-series-display-2.webp 2000w, https:\/\/moyahousehold.com\/wp-content\/uploads\/2024\/06\/stainless-steel-cup-series-display-2-300x200.webp 300w, https:\/\/moyahousehold.com\/wp-content\/uploads\/2024\/06\/stainless-steel-cup-series-display-2-768x512.webp 768w, https:\/\/moyahousehold.com\/wp-content\/uploads\/2024\/06\/stainless-steel-cup-series-display-2-18x12.webp 18w, https:\/\/moyahousehold.com\/wp-content\/uploads\/2024\/06\/stainless-steel-cup-series-display-2-285x190.webp 285w, https:\/\/moyahousehold.com\/wp-content\/uploads\/2024\/06\/stainless-steel-cup-series-display-2-1600x1066.webp 1600w, https:\/\/moyahousehold.com\/wp-content\/uploads\/2024\/06\/stainless-steel-cup-series-display-2-660x440.webp 660w, https:\/\/moyahousehold.com\/wp-content\/uploads\/2024\/06\/stainless-steel-cup-series-display-2-150x100.webp 150w\" sizes=\"(max-width: 2000px) 100vw, 2000px\" \/><\/figure>\n<\/div>\n<\/div>\n\n\n\n<div class=\"wp-block-columns is-layout-flex wp-container-core-columns-is-layout-9d6595d7 wp-block-columns-is-layout-flex\">\n<div class=\"wp-block-column is-layout-flow wp-block-column-is-layout-flow\"><\/div>\n\n\n\n<div class=\"wp-block-column is-layout-flow wp-block-column-is-layout-flow\"><\/div>\n<\/div>","protected":false},"excerpt":{"rendered":"<p>Wir bieten Gro\u00dfhandelsdienstleistungen f\u00fcr kundenspezifische Kaffeebecher mit Logos. Wir k\u00f6nnen Ihr Logo oder Ihre Marke darauf drucken, und Sie k\u00f6nnen Wassertransferdruck oder Laserdruck w\u00e4hlen. Diese Kaffeetasse verf\u00fcgt \u00fcber eine hochwertige Edelstahl-Liner und eine Schale aus PP-Material. Er hat eine elegante Form und eignet sich f\u00fcr den Gebrauch zu Hause oder am Arbeitsplatz. Wir freuen uns, wenn Sie sich mit uns in Verbindung setzen, um individuelle L\u00f6sungen f\u00fcr Kaffeebecher zu finden.<\/p>\n<h3>Merkmale und Vorteile von Kaffeetassen aus Edelstahl<\/h3>\n<p><strong>Einfaches und sch\u00f6nes Design:<\/strong> Das stilvolle und moderne Design ist perfekt f\u00fcr den modernen Lebensstil und eignet sich f\u00fcr die Aufstellung in der Wohnung oder im B\u00fcro.<\/p>\n<p><strong>Zwei Farboptionen:<\/strong> Wir bieten zwei Modelle an, beige und khaki. Die beruhigenden und weichen T\u00f6ne vermitteln ein Gef\u00fchl von Ruhe und Komfort und schaffen eine angenehme Atmosph\u00e4re.<\/p>\n<p><strong>Material Edelstahl 304:<\/strong> Er ist aus lebensmittelechtem Edelstahl 304 gefertigt, was seine Langlebigkeit gew\u00e4hrleistet und den Geschmack von Getr\u00e4nken bewahrt, w\u00e4hrend er gleichzeitig eine ausgezeichnete Korrosionsbest\u00e4ndigkeit aufweist.<\/p>\n<p><strong>PP-Schale mit mattierter Textur:<\/strong> Die Schale besteht aus PP-Material und ist mit einer gefrosteten Textur versehen, die modisch und praktisch ist, bequem in der Hand liegt und das Risiko von Verbr\u00fchungen verringert.<\/p>\n<p><strong>Kundenspezifischer Logo-Druckservice:<\/strong> Wir bieten kundenspezifische Kaffeebecher mit Markenlogos f\u00fcr den Gro\u00dfhandel an, mit denen Unternehmen einzigartige Produkte herstellen k\u00f6nnen, die ihre Markenidentit\u00e4t widerspiegeln.<\/p>","protected":false},"featured_media":10724,"comment_status":"closed","ping_status":"closed","template":"","meta":[],"product_cat":[75],"product_tag":[],"class_list":{"0":"post-5619","1":"product","2":"type-product","3":"status-publish","4":"has-post-thumbnail","6":"product_cat-wholesale-stainless-steel-coffee-mug","8":"first","9":"instock","10":"shipping-taxable","11":"product-type-simple"},"_links":{"self":[{"href":"https:\/\/moyahousehold.com\/de\/wp-json\/wp\/v2\/product\/5619","targetHints":{"allow":["GET"]}}],"collection":[{"href":"https:\/\/moyahousehold.com\/de\/wp-json\/wp\/v2\/product"}],"about":[{"href":"https:\/\/moyahousehold.com\/de\/wp-json\/wp\/v2\/types\/product"}],"replies":[{"embeddable":true,"href":"https:\/\/moyahousehold.com\/de\/wp-json\/wp\/v2\/comments?post=5619"}],"version-history":[{"count":0,"href":"https:\/\/moyahousehold.com\/de\/wp-json\/wp\/v2\/product\/5619\/revisions"}],"wp:featuredmedia":[{"embeddable":true,"href":"https:\/\/moyahousehold.com\/de\/wp-json\/wp\/v2\/media\/10724"}],"wp:attachment":[{"href":"https:\/\/moyahousehold.com\/de\/wp-json\/wp\/v2\/media?parent=5619"}],"wp:term":[{"taxonomy":"product_cat","embeddable":true,"href":"https:\/\/moyahousehold.com\/de\/wp-json\/wp\/v2\/product_cat?post=5619"},{"taxonomy":"product_tag","embeddable":true,"href":"https:\/\/moyahousehold.com\/de\/wp-json\/wp\/v2\/product_tag?post=5619"}],"curies":[{"name":"wp","href":"https:\/\/api.w.org\/{rel}","templated":true}]}}