{"id":5644,"date":"2024-06-10T03:35:11","date_gmt":"2024-06-10T03:35:11","guid":{"rendered":"https:\/\/moyahousehold.com\/?post_type=product&#038;p=5644"},"modified":"2025-04-12T08:16:54","modified_gmt":"2025-04-12T08:16:54","slug":"wholesale-insulated-coffee-mugs-with-handles","status":"publish","type":"product","link":"https:\/\/moyahousehold.com\/de\/produkt\/wholesale-insulated-coffee-mugs-with-handles\/","title":{"rendered":"Gro\u00dfhandel isolierte Kaffeebecher mit Griffen, Bulk Double Wall Travel Mugs"},"content":{"rendered":"<h2 class=\"wp-block-heading\">Parameter von isolierten Kaffeebechern mit Henkeln<\/h2>\n\n\n\n<p><strong>Material:<\/strong>304 + PP <strong> Farbe:<\/strong>Khaki\/Wei\u00df\/Gelb\/Beige\/Schwarz<\/p>\n\n\n\n<figure class=\"wp-block-table\"><table><tbody><tr><td>Modellnummer<\/td><td>Kapazit\u00e4t<\/td><td>Gr\u00f6\u00dfe des Produkts<\/td><td>\u00c4u\u00dfere Gr\u00f6\u00dfe der Box<\/td><td>Menge pro Kiste<\/td><td>N.W<\/td><td>G.W\/Koffer<\/td><\/tr><tr><td>MYJD106<\/td><td>480ML\/mit Tee-Ei<\/td><td>8.5*8.5*14.2<\/td><td>53*42.5*43<\/td><td>60<\/td><td>0.28&nbsp;<\/td><td>28.8<\/td><\/tr><tr><td>MYJD107<\/td><td>600ML\/mit Tee-Ei<\/td><td>40*49.5<\/td><td>53*42.5*43<\/td><td>60<\/td><td>0.30&nbsp;<\/td><td>29.8<\/td><\/tr><\/tbody><\/table><\/figure>\n\n\n\n<h3 class=\"wp-block-heading\">Individuelle isolierte Kaffeebecher<\/h3>\n\n\n\n<p><strong>Logo: <\/strong>Gestalten Sie Ihr Markenlogo auf Produkt und Verpackung.<br><strong>Logo-Optionen:<\/strong> gedrucktes Logo, lasergraviertes Logo, usw.<br><strong>Muster:<\/strong> Druckmuster <br><strong>Drucktechnik:<\/strong> Wassertransferdruck, Siebdruck, W\u00e4rmetransferdruck, Sublimationstransfer, usw.<br><strong>Verpackung:<\/strong> Farbkasten<br><a href=\"https:\/\/moyahousehold.com\/de\/individuelle-losung\/\"><strong>Entdecken Sie weitere Details zu individuellen Kaffeebechern.<\/strong><\/a><\/p>\n\n\n\n<div class=\"wp-block-columns is-layout-flex wp-container-core-columns-is-layout-9d6595d7 wp-block-columns-is-layout-flex\">\n<div class=\"wp-block-column is-layout-flow wp-block-column-is-layout-flow\">\n<figure class=\"wp-block-image size-full\"><img fetchpriority=\"high\" decoding=\"async\" width=\"2000\" height=\"1999\" src=\"https:\/\/moyahousehold.com\/wp-content\/uploads\/2024\/06\/insulated-coffee-mugs-details-1.webp\" alt=\"isolierte Kaffeebecher Details (1)\" class=\"wp-image-10790\" srcset=\"https:\/\/moyahousehold.com\/wp-content\/uploads\/2024\/06\/insulated-coffee-mugs-details-1.webp 2000w, https:\/\/moyahousehold.com\/wp-content\/uploads\/2024\/06\/insulated-coffee-mugs-details-1-300x300.webp 300w, https:\/\/moyahousehold.com\/wp-content\/uploads\/2024\/06\/insulated-coffee-mugs-details-1-150x150.webp 150w, https:\/\/moyahousehold.com\/wp-content\/uploads\/2024\/06\/insulated-coffee-mugs-details-1-768x768.webp 768w, https:\/\/moyahousehold.com\/wp-content\/uploads\/2024\/06\/insulated-coffee-mugs-details-1-12x12.webp 12w, https:\/\/moyahousehold.com\/wp-content\/uploads\/2024\/06\/insulated-coffee-mugs-details-1-285x285.webp 285w, https:\/\/moyahousehold.com\/wp-content\/uploads\/2024\/06\/insulated-coffee-mugs-details-1-1600x1599.webp 1600w, https:\/\/moyahousehold.com\/wp-content\/uploads\/2024\/06\/insulated-coffee-mugs-details-1-270x270.webp 270w, https:\/\/moyahousehold.com\/wp-content\/uploads\/2024\/06\/insulated-coffee-mugs-details-1-540x540.webp 540w, https:\/\/moyahousehold.com\/wp-content\/uploads\/2024\/06\/insulated-coffee-mugs-details-1-660x660.webp 660w\" sizes=\"(max-width: 2000px) 100vw, 2000px\" \/><\/figure>\n<\/div>\n\n\n\n<div class=\"wp-block-column is-layout-flow wp-block-column-is-layout-flow\">\n<figure class=\"wp-block-image size-full\"><img decoding=\"async\" width=\"2000\" height=\"1999\" src=\"https:\/\/moyahousehold.com\/wp-content\/uploads\/2024\/06\/insulated-coffee-mugs-details-2.webp\" alt=\"isolierte Kaffeebecher Details (2)\" class=\"wp-image-10791\" srcset=\"https:\/\/moyahousehold.com\/wp-content\/uploads\/2024\/06\/insulated-coffee-mugs-details-2.webp 2000w, https:\/\/moyahousehold.com\/wp-content\/uploads\/2024\/06\/insulated-coffee-mugs-details-2-300x300.webp 300w, https:\/\/moyahousehold.com\/wp-content\/uploads\/2024\/06\/insulated-coffee-mugs-details-2-150x150.webp 150w, https:\/\/moyahousehold.com\/wp-content\/uploads\/2024\/06\/insulated-coffee-mugs-details-2-768x768.webp 768w, https:\/\/moyahousehold.com\/wp-content\/uploads\/2024\/06\/insulated-coffee-mugs-details-2-12x12.webp 12w, https:\/\/moyahousehold.com\/wp-content\/uploads\/2024\/06\/insulated-coffee-mugs-details-2-285x285.webp 285w, https:\/\/moyahousehold.com\/wp-content\/uploads\/2024\/06\/insulated-coffee-mugs-details-2-1600x1599.webp 1600w, https:\/\/moyahousehold.com\/wp-content\/uploads\/2024\/06\/insulated-coffee-mugs-details-2-270x270.webp 270w, https:\/\/moyahousehold.com\/wp-content\/uploads\/2024\/06\/insulated-coffee-mugs-details-2-540x540.webp 540w, https:\/\/moyahousehold.com\/wp-content\/uploads\/2024\/06\/insulated-coffee-mugs-details-2-660x660.webp 660w\" sizes=\"(max-width: 2000px) 100vw, 2000px\" \/><\/figure>\n<\/div>\n<\/div>\n\n\n\n<div class=\"wp-block-columns is-layout-flex wp-container-core-columns-is-layout-9d6595d7 wp-block-columns-is-layout-flex\">\n<div class=\"wp-block-column is-layout-flow wp-block-column-is-layout-flow\">\n<figure class=\"wp-block-image size-full\"><img decoding=\"async\" width=\"1024\" height=\"1024\" src=\"https:\/\/moyahousehold.com\/wp-content\/uploads\/2024\/06\/insulated-coffee-mug-display-1.webp\" alt=\"isolierter kaffeebecher display (1)\" class=\"wp-image-10788\" srcset=\"https:\/\/moyahousehold.com\/wp-content\/uploads\/2024\/06\/insulated-coffee-mug-display-1.webp 1024w, https:\/\/moyahousehold.com\/wp-content\/uploads\/2024\/06\/insulated-coffee-mug-display-1-300x300.webp 300w, https:\/\/moyahousehold.com\/wp-content\/uploads\/2024\/06\/insulated-coffee-mug-display-1-150x150.webp 150w, https:\/\/moyahousehold.com\/wp-content\/uploads\/2024\/06\/insulated-coffee-mug-display-1-768x768.webp 768w, https:\/\/moyahousehold.com\/wp-content\/uploads\/2024\/06\/insulated-coffee-mug-display-1-12x12.webp 12w, https:\/\/moyahousehold.com\/wp-content\/uploads\/2024\/06\/insulated-coffee-mug-display-1-285x285.webp 285w, https:\/\/moyahousehold.com\/wp-content\/uploads\/2024\/06\/insulated-coffee-mug-display-1-270x270.webp 270w, https:\/\/moyahousehold.com\/wp-content\/uploads\/2024\/06\/insulated-coffee-mug-display-1-540x540.webp 540w, https:\/\/moyahousehold.com\/wp-content\/uploads\/2024\/06\/insulated-coffee-mug-display-1-660x660.webp 660w\" sizes=\"(max-width: 1024px) 100vw, 1024px\" \/><\/figure>\n<\/div>\n\n\n\n<div class=\"wp-block-column is-layout-flow wp-block-column-is-layout-flow\">\n<figure class=\"wp-block-image size-full\"><img loading=\"lazy\" decoding=\"async\" width=\"1024\" height=\"1024\" src=\"https:\/\/moyahousehold.com\/wp-content\/uploads\/2024\/06\/insulated-coffee-mug-display-2.webp\" alt=\"Display f\u00fcr isolierte Kaffeebecher (2)\" class=\"wp-image-10789\" srcset=\"https:\/\/moyahousehold.com\/wp-content\/uploads\/2024\/06\/insulated-coffee-mug-display-2.webp 1024w, https:\/\/moyahousehold.com\/wp-content\/uploads\/2024\/06\/insulated-coffee-mug-display-2-300x300.webp 300w, https:\/\/moyahousehold.com\/wp-content\/uploads\/2024\/06\/insulated-coffee-mug-display-2-150x150.webp 150w, https:\/\/moyahousehold.com\/wp-content\/uploads\/2024\/06\/insulated-coffee-mug-display-2-768x768.webp 768w, https:\/\/moyahousehold.com\/wp-content\/uploads\/2024\/06\/insulated-coffee-mug-display-2-12x12.webp 12w, https:\/\/moyahousehold.com\/wp-content\/uploads\/2024\/06\/insulated-coffee-mug-display-2-285x285.webp 285w, https:\/\/moyahousehold.com\/wp-content\/uploads\/2024\/06\/insulated-coffee-mug-display-2-270x270.webp 270w, https:\/\/moyahousehold.com\/wp-content\/uploads\/2024\/06\/insulated-coffee-mug-display-2-540x540.webp 540w, https:\/\/moyahousehold.com\/wp-content\/uploads\/2024\/06\/insulated-coffee-mug-display-2-660x660.webp 660w\" sizes=\"(max-width: 1024px) 100vw, 1024px\" \/><\/figure>\n<\/div>\n<\/div>\n\n\n\n<div class=\"wp-block-columns is-layout-flex wp-container-core-columns-is-layout-9d6595d7 wp-block-columns-is-layout-flex\">\n<div class=\"wp-block-column is-layout-flow wp-block-column-is-layout-flow\"><\/div>\n\n\n\n<div class=\"wp-block-column is-layout-flow wp-block-column-is-layout-flow\"><\/div>\n<\/div>\n\n\n\n<div class=\"wp-block-columns is-layout-flex wp-container-core-columns-is-layout-9d6595d7 wp-block-columns-is-layout-flex\">\n<div class=\"wp-block-column is-layout-flow wp-block-column-is-layout-flow\"><\/div>\n\n\n\n<div class=\"wp-block-column is-layout-flow wp-block-column-is-layout-flow\"><\/div>\n<\/div>","protected":false},"excerpt":{"rendered":"<p>Gro\u00dfhandel isoliert Kaffeebecher mit Griffen, funktional, langlebig und stilvoll. Doppelwandige Isolierung Struktur, um Ihr Getr\u00e4nk auf die gew\u00fcnschte Temperatur f\u00fcr eine lange Zeit zu halten. Erh\u00e4ltlich in 480ml und 600ml Optionen, vier stilvolle Farben, kontaktieren Sie uns f\u00fcr ein Angebot.<\/p>\n<h3>Merkmale und Vorteile von isolierten Kaffeebechern mit Henkeln<\/h3>\n<p><strong>304 Edelstahl Innenauskleidung:<\/strong> Langlebig, schlagfest, korrosionsbest\u00e4ndig und leicht zu reinigen.<\/p>\n<p><strong>PP-Schale in Lebensmittelqualit\u00e4t:<\/strong> Sicheres, BPA-freies Material mit starker doppelschichtiger Isolierung f\u00fcr hei\u00dfe und kalte Getr\u00e4nke.<\/p>\n<p><strong>Doppellagige Isolierung:<\/strong> H\u00e4lt die Temperatur \u00fcber einen l\u00e4ngeren Zeitraum - h\u00e4lt Getr\u00e4nke hei\u00df oder kalt.<\/p>\n<p><strong>Benutzerfreundliches Design:<\/strong> Die isolierten Gro\u00dfhandels-Kaffeebecher verf\u00fcgen \u00fcber einen verbreiterten Griff, der bequem zu halten und leicht zu tragen ist.<\/p>\n<p><strong>Multiszenen-Verwendung:<\/strong> Perfekt f\u00fcr B\u00fcro, Reisen oder den Au\u00dfeneinsatz: Das kompakte und praktische Design passt zu Ihrem Lebensstil.<\/p>\n<p><strong>Anpassung und Unterst\u00fctzung f\u00fcr Gro\u00dfh\u00e4ndler:<\/strong> Unsere isolierten Kaffeebecher f\u00fcr den Gro\u00dfhandel sind ideal f\u00fcr Einzelh\u00e4ndler, Marken oder Werbezwecke.<\/p>","protected":false},"featured_media":10794,"comment_status":"closed","ping_status":"closed","template":"","meta":[],"product_cat":[75],"product_tag":[],"class_list":{"0":"post-5644","1":"product","2":"type-product","3":"status-publish","4":"has-post-thumbnail","6":"product_cat-wholesale-stainless-steel-coffee-mug","8":"first","9":"instock","10":"shipping-taxable","11":"product-type-simple"},"_links":{"self":[{"href":"https:\/\/moyahousehold.com\/de\/wp-json\/wp\/v2\/product\/5644","targetHints":{"allow":["GET"]}}],"collection":[{"href":"https:\/\/moyahousehold.com\/de\/wp-json\/wp\/v2\/product"}],"about":[{"href":"https:\/\/moyahousehold.com\/de\/wp-json\/wp\/v2\/types\/product"}],"replies":[{"embeddable":true,"href":"https:\/\/moyahousehold.com\/de\/wp-json\/wp\/v2\/comments?post=5644"}],"version-history":[{"count":0,"href":"https:\/\/moyahousehold.com\/de\/wp-json\/wp\/v2\/product\/5644\/revisions"}],"wp:featuredmedia":[{"embeddable":true,"href":"https:\/\/moyahousehold.com\/de\/wp-json\/wp\/v2\/media\/10794"}],"wp:attachment":[{"href":"https:\/\/moyahousehold.com\/de\/wp-json\/wp\/v2\/media?parent=5644"}],"wp:term":[{"taxonomy":"product_cat","embeddable":true,"href":"https:\/\/moyahousehold.com\/de\/wp-json\/wp\/v2\/product_cat?post=5644"},{"taxonomy":"product_tag","embeddable":true,"href":"https:\/\/moyahousehold.com\/de\/wp-json\/wp\/v2\/product_tag?post=5644"}],"curies":[{"name":"wp","href":"https:\/\/api.w.org\/{rel}","templated":true}]}}