{"id":5684,"date":"2024-06-10T04:42:54","date_gmt":"2024-06-10T04:42:54","guid":{"rendered":"https:\/\/moyahousehold.com\/?post_type=product&#038;p=5684"},"modified":"2025-04-12T04:08:11","modified_gmt":"2025-04-12T04:08:11","slug":"wholesale-insulated-soup-container","status":"publish","type":"product","link":"https:\/\/moyahousehold.com\/de\/produkt\/wholesale-insulated-soup-container\/","title":{"rendered":"Gro\u00dfhandel isolierte Suppe Container, OEM stilvolle isolierte Lebensmittel Gl\u00e4ser, 480ML und 600ML"},"content":{"rendered":"<h3 class=\"wp-block-heading\">Parameter des isolierten Suppenbeh\u00e4lters<\/h3>\n\n\n\n<p><strong>Material:<\/strong>304 + PP <strong> Farbe:<\/strong>Beige\/Khaki<\/p>\n\n\n\n<figure class=\"wp-block-table\"><table><tbody><tr><td>Modellnummer<\/td><td>Kapazit\u00e4t<\/td><td>Gr\u00f6\u00dfe des Produkts<\/td><td>\u00c4u\u00dfere Gr\u00f6\u00dfe der Box<\/td><td>Menge pro Kiste<\/td><td>N.W<\/td><td>G.W\/Koffer<\/td><\/tr><tr><td>MYJD014<\/td><td>480ml<br>\uff08mit PP-L\u00f6ffel\uff09<\/td><td>8.5*8.9*13.8<\/td><td>53*42.5*43<\/td><td>60<\/td><td>0.37&nbsp;<\/td><td>19<\/td><\/tr><tr><td>MYJD015<\/td><td>600ml<br>\uff08mit PP-L\u00f6ffel\uff09<\/td><td>8.5*8.9*15<\/td><td>43*42*49<\/td><td>48<\/td><td>0.40&nbsp;<\/td><td>18<\/td><\/tr><\/tbody><\/table><\/figure>\n\n\n\n<h3 class=\"wp-block-heading\">Individuell gestaltete isolierte Kaffeebecher <\/h3>\n\n\n\n<p><strong>Logo:<\/strong> Gestalten Sie Ihr Markenlogo auf dem Produkt und der Verpackung.<br><strong>Logo-Optionen:<\/strong> gedrucktes Logo, lasergraviertes Logo, usw.<br><strong>Muster:<\/strong> Druckmuster <br><strong>Drucktechnik: <\/strong>Wassertransferdruck, Siebdruck, W\u00e4rmetransferdruck, Sublimationstransfer, usw.<br>Verpackung: Farbkasten<br><a href=\"https:\/\/moyahousehold.com\/de\/individuelle-losung\/\"><strong>Entdecken Sie weitere Details zu ma\u00dfgeschneiderten Isolierbeh\u00e4ltern.<\/strong><\/a><\/p>\n\n\n\n<div class=\"wp-block-columns is-layout-flex wp-container-core-columns-is-layout-9d6595d7 wp-block-columns-is-layout-flex\">\n<div class=\"wp-block-column is-layout-flow wp-block-column-is-layout-flow\">\n<figure class=\"wp-block-image size-full\"><img fetchpriority=\"high\" decoding=\"async\" width=\"2500\" height=\"2500\" src=\"https:\/\/moyahousehold.com\/wp-content\/uploads\/2024\/06\/Insualted-Soup-Container-Dispaly-1.webp\" alt=\"Insualted Suppenbeh\u00e4lter Dispaly (1)\" class=\"wp-image-10806\" srcset=\"https:\/\/moyahousehold.com\/wp-content\/uploads\/2024\/06\/Insualted-Soup-Container-Dispaly-1.webp 2500w, https:\/\/moyahousehold.com\/wp-content\/uploads\/2024\/06\/Insualted-Soup-Container-Dispaly-1-300x300.webp 300w, https:\/\/moyahousehold.com\/wp-content\/uploads\/2024\/06\/Insualted-Soup-Container-Dispaly-1-150x150.webp 150w, https:\/\/moyahousehold.com\/wp-content\/uploads\/2024\/06\/Insualted-Soup-Container-Dispaly-1-768x768.webp 768w, https:\/\/moyahousehold.com\/wp-content\/uploads\/2024\/06\/Insualted-Soup-Container-Dispaly-1-12x12.webp 12w, https:\/\/moyahousehold.com\/wp-content\/uploads\/2024\/06\/Insualted-Soup-Container-Dispaly-1-285x285.webp 285w, https:\/\/moyahousehold.com\/wp-content\/uploads\/2024\/06\/Insualted-Soup-Container-Dispaly-1-1600x1600.webp 1600w, https:\/\/moyahousehold.com\/wp-content\/uploads\/2024\/06\/Insualted-Soup-Container-Dispaly-1-270x270.webp 270w, https:\/\/moyahousehold.com\/wp-content\/uploads\/2024\/06\/Insualted-Soup-Container-Dispaly-1-540x540.webp 540w, https:\/\/moyahousehold.com\/wp-content\/uploads\/2024\/06\/Insualted-Soup-Container-Dispaly-1-660x660.webp 660w\" sizes=\"(max-width: 2500px) 100vw, 2500px\" \/><\/figure>\n<\/div>\n\n\n\n<div class=\"wp-block-column is-layout-flow wp-block-column-is-layout-flow\">\n<figure class=\"wp-block-image size-full\"><img decoding=\"async\" width=\"2500\" height=\"2500\" src=\"https:\/\/moyahousehold.com\/wp-content\/uploads\/2024\/06\/Insualted-Soup-Container-Dispaly-2.webp\" alt=\"\" class=\"wp-image-10807\" srcset=\"https:\/\/moyahousehold.com\/wp-content\/uploads\/2024\/06\/Insualted-Soup-Container-Dispaly-2.webp 2500w, https:\/\/moyahousehold.com\/wp-content\/uploads\/2024\/06\/Insualted-Soup-Container-Dispaly-2-300x300.webp 300w, https:\/\/moyahousehold.com\/wp-content\/uploads\/2024\/06\/Insualted-Soup-Container-Dispaly-2-150x150.webp 150w, https:\/\/moyahousehold.com\/wp-content\/uploads\/2024\/06\/Insualted-Soup-Container-Dispaly-2-768x768.webp 768w, https:\/\/moyahousehold.com\/wp-content\/uploads\/2024\/06\/Insualted-Soup-Container-Dispaly-2-12x12.webp 12w, https:\/\/moyahousehold.com\/wp-content\/uploads\/2024\/06\/Insualted-Soup-Container-Dispaly-2-285x285.webp 285w, https:\/\/moyahousehold.com\/wp-content\/uploads\/2024\/06\/Insualted-Soup-Container-Dispaly-2-1600x1600.webp 1600w, https:\/\/moyahousehold.com\/wp-content\/uploads\/2024\/06\/Insualted-Soup-Container-Dispaly-2-270x270.webp 270w, https:\/\/moyahousehold.com\/wp-content\/uploads\/2024\/06\/Insualted-Soup-Container-Dispaly-2-540x540.webp 540w, https:\/\/moyahousehold.com\/wp-content\/uploads\/2024\/06\/Insualted-Soup-Container-Dispaly-2-660x660.webp 660w\" sizes=\"(max-width: 2500px) 100vw, 2500px\" \/><\/figure>\n<\/div>\n<\/div>\n\n\n\n<div class=\"wp-block-columns is-layout-flex wp-container-core-columns-is-layout-9d6595d7 wp-block-columns-is-layout-flex\">\n<div class=\"wp-block-column is-layout-flow wp-block-column-is-layout-flow\">\n<figure class=\"wp-block-image size-full\"><img decoding=\"async\" width=\"1024\" height=\"1024\" src=\"https:\/\/moyahousehold.com\/wp-content\/uploads\/2024\/06\/Insualted-Soup-Container-Details-1.webp\" alt=\"Eingelassene Suppenbeh\u00e4lter Details (1)\" class=\"wp-image-10804\" srcset=\"https:\/\/moyahousehold.com\/wp-content\/uploads\/2024\/06\/Insualted-Soup-Container-Details-1.webp 1024w, https:\/\/moyahousehold.com\/wp-content\/uploads\/2024\/06\/Insualted-Soup-Container-Details-1-300x300.webp 300w, https:\/\/moyahousehold.com\/wp-content\/uploads\/2024\/06\/Insualted-Soup-Container-Details-1-150x150.webp 150w, https:\/\/moyahousehold.com\/wp-content\/uploads\/2024\/06\/Insualted-Soup-Container-Details-1-768x768.webp 768w, https:\/\/moyahousehold.com\/wp-content\/uploads\/2024\/06\/Insualted-Soup-Container-Details-1-12x12.webp 12w, https:\/\/moyahousehold.com\/wp-content\/uploads\/2024\/06\/Insualted-Soup-Container-Details-1-285x285.webp 285w, https:\/\/moyahousehold.com\/wp-content\/uploads\/2024\/06\/Insualted-Soup-Container-Details-1-270x270.webp 270w, https:\/\/moyahousehold.com\/wp-content\/uploads\/2024\/06\/Insualted-Soup-Container-Details-1-540x540.webp 540w, https:\/\/moyahousehold.com\/wp-content\/uploads\/2024\/06\/Insualted-Soup-Container-Details-1-660x660.webp 660w\" sizes=\"(max-width: 1024px) 100vw, 1024px\" \/><\/figure>\n<\/div>\n\n\n\n<div class=\"wp-block-column is-layout-flow wp-block-column-is-layout-flow\">\n<figure class=\"wp-block-image size-full\"><img loading=\"lazy\" decoding=\"async\" width=\"1024\" height=\"1024\" src=\"https:\/\/moyahousehold.com\/wp-content\/uploads\/2024\/06\/Insualted-Soup-Container-Details-2.webp\" alt=\"Eingelassene Suppenbeh\u00e4lter Details (2)\" class=\"wp-image-10805\" srcset=\"https:\/\/moyahousehold.com\/wp-content\/uploads\/2024\/06\/Insualted-Soup-Container-Details-2.webp 1024w, https:\/\/moyahousehold.com\/wp-content\/uploads\/2024\/06\/Insualted-Soup-Container-Details-2-300x300.webp 300w, https:\/\/moyahousehold.com\/wp-content\/uploads\/2024\/06\/Insualted-Soup-Container-Details-2-150x150.webp 150w, https:\/\/moyahousehold.com\/wp-content\/uploads\/2024\/06\/Insualted-Soup-Container-Details-2-768x768.webp 768w, https:\/\/moyahousehold.com\/wp-content\/uploads\/2024\/06\/Insualted-Soup-Container-Details-2-12x12.webp 12w, https:\/\/moyahousehold.com\/wp-content\/uploads\/2024\/06\/Insualted-Soup-Container-Details-2-285x285.webp 285w, https:\/\/moyahousehold.com\/wp-content\/uploads\/2024\/06\/Insualted-Soup-Container-Details-2-270x270.webp 270w, https:\/\/moyahousehold.com\/wp-content\/uploads\/2024\/06\/Insualted-Soup-Container-Details-2-540x540.webp 540w, https:\/\/moyahousehold.com\/wp-content\/uploads\/2024\/06\/Insualted-Soup-Container-Details-2-660x660.webp 660w\" sizes=\"(max-width: 1024px) 100vw, 1024px\" \/><\/figure>\n<\/div>\n<\/div>\n\n\n\n<p><\/p>","protected":false},"excerpt":{"rendered":"<p>Gro\u00dfhandel isoliert Suppe Container, mit ausgezeichneter Isolierung Leistung, k\u00f6nnen Lebensmittel hei\u00df oder kalt f\u00fcr Stunden zu halten. Wir unterst\u00fctzen OEM-Anpassung, einschlie\u00dflich Hinzuf\u00fcgen Ihrer Marke Logo, kundenspezifische Farbe, Verpackung und Design. Gro\u00dfh\u00e4ndler, Einzelh\u00e4ndler, Distributoren sind willkommen, uns zu kontaktieren.<\/p>\n<h3>Eigenschaften und Vorteile von isolierten Suppenbeh\u00e4ltern<\/h3>\n<p><strong>Einfache einh\u00e4ndige Bedienung:<\/strong> Der isolierte Suppenbeh\u00e4lter l\u00e4sst sich leicht mit einer Hand halten, und auch das Trinken aus dem Topf selbst ist ohne Suppenl\u00f6ffel \u00e4u\u00dferst bequem.<\/p>\n<p><strong>Auslaufsicherer Deckel:<\/strong> Der Deckel ist mit einem hochwertigen Silikondichtungsring versehen, der f\u00fcr zus\u00e4tzlichen Auslaufschutz sorgt.<\/p>\n<p><strong>Praktisches Zubeh\u00f6r:<\/strong> Der Suppen-Isolierbeh\u00e4lter enth\u00e4lt einen integrierten PP-Klappl\u00f6ffel, der sich perfekt zum Umr\u00fchren und Genie\u00dfen von Suppen oder Fertiggerichten unterwegs eignet.<\/p>\n<p><strong>Eleganter, von Kaffee inspirierter Stil:<\/strong> Das stilvolle Erscheinungsbild in Kaffeet\u00f6nen schafft einen beruhigenden und modernen Lebensraum, perfekt f\u00fcr den t\u00e4glichen Gebrauch.<\/p>\n<p><strong>Hervorragende W\u00e4rmed\u00e4mmung:<\/strong> Der doppellagige, isolierte Suppenbeh\u00e4lter h\u00e4lt Getr\u00e4nke und Suppen lange warm oder kalt.<\/p>\n<p><strong>Anpassungsdienst:<\/strong> Erh\u00e4ltlich im Gro\u00dfhandel sowie als OEM- und ODM-Kundenservice f\u00fcr die Herstellung Ihrer eigenen isolierten Kaffeebecher oder -beh\u00e4lter.<\/p>","protected":false},"featured_media":10800,"comment_status":"closed","ping_status":"closed","template":"","meta":[],"product_cat":[75],"product_tag":[],"class_list":{"0":"post-5684","1":"product","2":"type-product","3":"status-publish","4":"has-post-thumbnail","6":"product_cat-wholesale-stainless-steel-coffee-mug","8":"first","9":"instock","10":"shipping-taxable","11":"product-type-simple"},"_links":{"self":[{"href":"https:\/\/moyahousehold.com\/de\/wp-json\/wp\/v2\/product\/5684","targetHints":{"allow":["GET"]}}],"collection":[{"href":"https:\/\/moyahousehold.com\/de\/wp-json\/wp\/v2\/product"}],"about":[{"href":"https:\/\/moyahousehold.com\/de\/wp-json\/wp\/v2\/types\/product"}],"replies":[{"embeddable":true,"href":"https:\/\/moyahousehold.com\/de\/wp-json\/wp\/v2\/comments?post=5684"}],"version-history":[{"count":0,"href":"https:\/\/moyahousehold.com\/de\/wp-json\/wp\/v2\/product\/5684\/revisions"}],"wp:featuredmedia":[{"embeddable":true,"href":"https:\/\/moyahousehold.com\/de\/wp-json\/wp\/v2\/media\/10800"}],"wp:attachment":[{"href":"https:\/\/moyahousehold.com\/de\/wp-json\/wp\/v2\/media?parent=5684"}],"wp:term":[{"taxonomy":"product_cat","embeddable":true,"href":"https:\/\/moyahousehold.com\/de\/wp-json\/wp\/v2\/product_cat?post=5684"},{"taxonomy":"product_tag","embeddable":true,"href":"https:\/\/moyahousehold.com\/de\/wp-json\/wp\/v2\/product_tag?post=5684"}],"curies":[{"name":"wp","href":"https:\/\/api.w.org\/{rel}","templated":true}]}}