{"id":5711,"date":"2024-06-10T05:12:46","date_gmt":"2024-06-10T05:12:46","guid":{"rendered":"https:\/\/moyahousehold.com\/?post_type=product&#038;p=5711"},"modified":"2025-02-05T07:27:25","modified_gmt":"2025-02-05T07:27:25","slug":"thermos-stainless-steel-food-jar-wholesale","status":"publish","type":"product","link":"https:\/\/moyahousehold.com\/de\/produkt\/thermos-stainless-steel-food-jar-wholesale\/","title":{"rendered":"Gro\u00dfhandel Edelstahl Lebensmittel Gl\u00e4ser - Perfekt f\u00fcr On-the-Go Mahlzeiten, Reisen, und B\u00fcro verwenden"},"content":{"rendered":"<h3 class=\"wp-block-heading\">Parameter von Edelstahl Lebensmittelbeh\u00e4lter<\/h3>\n\n\n\n<p><strong>Material:<\/strong>304 + PP <strong> Farbe:<\/strong>Beige\/Khaki<\/p>\n\n\n\n<figure class=\"wp-block-table\"><table><tbody><tr><td>Modellnummer<\/td><td>Kapazit\u00e4t<\/td><td>Gr\u00f6\u00dfe des Produkts<\/td><td>\u00c4u\u00dfere Gr\u00f6\u00dfe der Box<\/td><td>Menge pro Kiste<\/td><td>N.W<\/td><td>G.W\/Koffer<\/td><\/tr><tr><td>MYLY021<\/td><td>Einzelne Schicht&nbsp;<br>&nbsp;800ml<\/td><td>12*12*9.5<\/td><td>63*51*52<\/td><td>60<\/td><td>0.33<\/td><td>19.8<\/td><\/tr><tr><td>MYLY022<\/td><td>Doppelte Schichten&nbsp;<br>&nbsp;1200ml<\/td><td>12*12*18.5<\/td><td>63*51*47<\/td><td>40<\/td><td>0.52<\/td><td>20.8<\/td><\/tr><tr><td>MYLY023<\/td><td>Drei Schichten<br>1600ml<\/td><td>12*12*24<\/td><td>51*51*58<\/td><td>32<\/td><td>0.72<\/td><td>23.04<\/td><\/tr><tr><td>MYLY024<\/td><td>Vier Schichten<br>2000ml<\/td><td>12*12*30<\/td><td>51*38*70<\/td><td>24<\/td><td>0.91<\/td><td>21.84<\/td><\/tr><\/tbody><\/table><\/figure>\n\n\n\n<h3 class=\"wp-block-heading\">Kundenspezifischer Edelstahl-Lebensmittelkrug<\/h3>\n\n\n\n<p><strong>Logo<\/strong>: Individualisieren Sie Ihr Markenlogo auf Lebensmittelgl\u00e4sern und -verpackungen.<br><strong>Logo-Optionen<\/strong>: gedrucktes Logo, lasergraviertes Logo, etc.<br><strong>Muster<\/strong>: Druckmuster <br><strong>Drucktechnik<\/strong>Wassertransferdruck, Siebdruck, W\u00e4rmetransferdruck, Sublimationstransfer, etc.<br><strong>Paket<\/strong>:Farbkasten<br><a href=\"https:\/\/moyahousehold.com\/de\/individuelle-losung\/\"><strong>Erfahren Sie mehr \u00fcber ma\u00dfgeschneiderte L\u00f6sungen f\u00fcr Lebensmittelgl\u00e4ser<\/strong><\/a><\/p>\n\n\n\n<div class=\"wp-block-columns is-layout-flex wp-container-core-columns-is-layout-9d6595d7 wp-block-columns-is-layout-flex\">\n<div class=\"wp-block-column is-layout-flow wp-block-column-is-layout-flow\">\n<figure class=\"wp-block-image size-full\"><img fetchpriority=\"high\" decoding=\"async\" width=\"620\" height=\"622\" src=\"https:\/\/moyahousehold.com\/wp-content\/uploads\/2024\/06\/stainless-steel-food-jar-display-2.png\" alt=\"Edelstahl-Display f\u00fcr Lebensmittelbeh\u00e4lter (2)\" class=\"wp-image-8775\" srcset=\"https:\/\/moyahousehold.com\/wp-content\/uploads\/2024\/06\/stainless-steel-food-jar-display-2.png 620w, https:\/\/moyahousehold.com\/wp-content\/uploads\/2024\/06\/stainless-steel-food-jar-display-2-300x300.png 300w, https:\/\/moyahousehold.com\/wp-content\/uploads\/2024\/06\/stainless-steel-food-jar-display-2-150x150.png 150w, https:\/\/moyahousehold.com\/wp-content\/uploads\/2024\/06\/stainless-steel-food-jar-display-2-12x12.png 12w, https:\/\/moyahousehold.com\/wp-content\/uploads\/2024\/06\/stainless-steel-food-jar-display-2-285x286.png 285w, https:\/\/moyahousehold.com\/wp-content\/uploads\/2024\/06\/stainless-steel-food-jar-display-2-270x270.png 270w\" sizes=\"(max-width: 620px) 100vw, 620px\" \/><\/figure>\n<\/div>\n\n\n\n<div class=\"wp-block-column is-layout-flow wp-block-column-is-layout-flow\">\n<figure class=\"wp-block-image size-full\"><img decoding=\"async\" width=\"627\" height=\"626\" src=\"https:\/\/moyahousehold.com\/wp-content\/uploads\/2024\/06\/stainless-steel-food-jar-display-3.png\" alt=\"Edelstahl-Display f\u00fcr Lebensmittelbeh\u00e4lter (3)\" class=\"wp-image-8776\" srcset=\"https:\/\/moyahousehold.com\/wp-content\/uploads\/2024\/06\/stainless-steel-food-jar-display-3.png 627w, https:\/\/moyahousehold.com\/wp-content\/uploads\/2024\/06\/stainless-steel-food-jar-display-3-300x300.png 300w, https:\/\/moyahousehold.com\/wp-content\/uploads\/2024\/06\/stainless-steel-food-jar-display-3-150x150.png 150w, https:\/\/moyahousehold.com\/wp-content\/uploads\/2024\/06\/stainless-steel-food-jar-display-3-12x12.png 12w, https:\/\/moyahousehold.com\/wp-content\/uploads\/2024\/06\/stainless-steel-food-jar-display-3-285x285.png 285w, https:\/\/moyahousehold.com\/wp-content\/uploads\/2024\/06\/stainless-steel-food-jar-display-3-270x270.png 270w, https:\/\/moyahousehold.com\/wp-content\/uploads\/2024\/06\/stainless-steel-food-jar-display-3-540x540.png 540w\" sizes=\"(max-width: 627px) 100vw, 627px\" \/><\/figure>\n<\/div>\n<\/div>","protected":false},"excerpt":{"rendered":"<p>Gro\u00dfhandel mit Lebensmittelbeh\u00e4ltern aus Edelstahl. Edelstahl Lebensmittelbeh\u00e4lter sind mit PU-Schaum Material, das eine W\u00e4rmeerhaltung Wirkung hat und eignet sich f\u00fcr die Lagerung von hei\u00dfen oder kalten Speisen f\u00fcr eine lange Zeit geschichtet. Es ist sehr geeignet f\u00fcr die Schule, Arbeit oder Picknicks. Wir bieten kundenspezifische Dienstleistungen f\u00fcr Lebensmittelbeh\u00e4lter, einschlie\u00dflich kundenspezifischer Gr\u00f6\u00dfe, Verpackung, Kapazit\u00e4t und mehr. Kontaktieren Sie uns, wenn Sie ma\u00dfgeschneiderte L\u00f6sungen f\u00fcr Lebensmittelverpackungen und weitere Produktinformationen ben\u00f6tigen.<\/p>\n<h3>Merkmale und Vorteile des isolierten Edelstahlgef\u00e4\u00dfes<\/h3>\n<p><strong>Hochwertiger rostfreier Stahl 304:<\/strong> Die Innenauskleidung des Lebensmittelbeh\u00e4lters besteht aus hochwertigem 304er-Edelstahl, der auch nach langem Gebrauch in gutem Zustand bleibt.<\/p>\n<p><strong>Gute Isolierwirkung:<\/strong> Der Edelstahl-Lebensmitteltopf ist mit PU-Schaum gef\u00fcllt, und die Zwischenschicht aus PU-Schaum kann W\u00e4rmeverluste wirksam verhindern und die Isolierwirkung erheblich verbessern.<\/p>\n<p><strong>Gute Abdichtung:<\/strong> Das Design des Lebensmittelbeh\u00e4lters konzentriert sich auf die Abdichtung und verwendet ein pr\u00e4zises Anpassungsverfahren, um sicherzustellen, dass der isolierte Lebensmittelbeh\u00e4lter unter verschiedenen Umst\u00e4nden nicht ausl\u00e4uft.<\/p>\n<p><strong>Gro\u00dfhandelsservice:<\/strong> Wir bieten einen Gro\u00dfhandelsservice f\u00fcr Lebensmittelbeh\u00e4lter, wir bieten wettbewerbsf\u00e4hige Preise f\u00fcr Gro\u00dfbestellungen und machen Ihre Produkte auf dem Markt wettbewerbsf\u00e4higer.<\/p>\n<p><strong>Ma\u00dfgeschneiderte L\u00f6sung:<\/strong> Wir k\u00f6nnen die Dose entsprechend dem Markenimage anpassen, Sie k\u00f6nnen verschiedene Gr\u00f6\u00dfen, Farben, Muster und Logos w\u00e4hlen. Gestalten Sie Ihr eigenes isoliertes Lebensmittelglas<\/p>","protected":false},"featured_media":8763,"comment_status":"closed","ping_status":"closed","template":"","meta":[],"product_cat":[58],"product_tag":[89,86],"class_list":{"0":"post-5711","1":"product","2":"type-product","3":"status-publish","4":"has-post-thumbnail","6":"product_cat-lunch-box-wholesale","7":"product_tag-wholesale-3-layer-lunch-box","8":"product_tag-wholesale-insulated-lunch-box","10":"first","11":"instock","12":"shipping-taxable","13":"product-type-simple"},"_links":{"self":[{"href":"https:\/\/moyahousehold.com\/de\/wp-json\/wp\/v2\/product\/5711","targetHints":{"allow":["GET"]}}],"collection":[{"href":"https:\/\/moyahousehold.com\/de\/wp-json\/wp\/v2\/product"}],"about":[{"href":"https:\/\/moyahousehold.com\/de\/wp-json\/wp\/v2\/types\/product"}],"replies":[{"embeddable":true,"href":"https:\/\/moyahousehold.com\/de\/wp-json\/wp\/v2\/comments?post=5711"}],"version-history":[{"count":0,"href":"https:\/\/moyahousehold.com\/de\/wp-json\/wp\/v2\/product\/5711\/revisions"}],"wp:featuredmedia":[{"embeddable":true,"href":"https:\/\/moyahousehold.com\/de\/wp-json\/wp\/v2\/media\/8763"}],"wp:attachment":[{"href":"https:\/\/moyahousehold.com\/de\/wp-json\/wp\/v2\/media?parent=5711"}],"wp:term":[{"taxonomy":"product_cat","embeddable":true,"href":"https:\/\/moyahousehold.com\/de\/wp-json\/wp\/v2\/product_cat?post=5711"},{"taxonomy":"product_tag","embeddable":true,"href":"https:\/\/moyahousehold.com\/de\/wp-json\/wp\/v2\/product_tag?post=5711"}],"curies":[{"name":"wp","href":"https:\/\/api.w.org\/{rel}","templated":true}]}}