{"id":5721,"date":"2024-06-10T11:14:03","date_gmt":"2024-06-10T11:14:03","guid":{"rendered":"https:\/\/moyahousehold.com\/?post_type=product&#038;p=5721"},"modified":"2025-04-19T09:18:54","modified_gmt":"2025-04-19T09:18:54","slug":"wholesale-danish-style-insulated-thermal-carafe","status":"publish","type":"product","link":"https:\/\/moyahousehold.com\/de\/produkt\/wholesale-danish-style-insulated-thermal-carafe\/","title":{"rendered":"Gro\u00dfhandel Isolierte Kaffeekaraffe, D\u00e4nischer Stil, 1.0L, Warmhalten f\u00fcr mehr als 24 Stunden"},"content":{"rendered":"<h3 class=\"wp-block-heading\">Parameter der isolierten Thermokaraffe 1.0L<\/h3>\n\n\n\n<figure class=\"wp-block-table\"><table class=\"has-fixed-layout\"><tbody><tr><td>Produkt&nbsp;<\/td><td>Kapazit\u00e4t<\/td><td>Farbe<\/td><td>Material<\/td><td>Abmessungen<\/td><td>Bruttogewicht<\/td><\/tr><tr><td>1.0L Glas Liner Thermoskanne<\/td><td>1.0L<\/td><td>Schwarz, Off white, Camel, Gr\u00fcn<\/td><td>ABS, Borosilikatglas, PP, Silikon.<\/td><td>19,7\u00d712,3\u00d724,5cm<\/td><td>0,5kg<\/td><\/tr><\/tbody><\/table><\/figure>\n\n\n\n<h3 class=\"wp-block-heading\">Kundenspezifische Optionen f\u00fcr Thermokaraffen<\/h3>\n\n\n\n<p><strong>Logo<\/strong>: Gestalten Sie Ihr Markenlogo auf der Thermokaraffe und der Verpackung.<br><strong>Logo-Optionen<\/strong>: gedrucktes Logo, lasergraviertes Logo, etc.<br><strong>Muster<\/strong>: Druckmuster <br><strong>Drucktechnik<\/strong>Wassertransferdruck, Siebdruck, W\u00e4rmetransferdruck, Sublimationstransfer, usw.<br><strong>Verpackung<\/strong>: Farbkasten<br><a href=\"https:\/\/moyahousehold.com\/de\/individuelle-losung\/\"><strong>Entdecken Sie weitere Optionen f\u00fcr individuelle Thermokaraffen.<\/strong><\/a><\/p>\n\n\n\n<div class=\"wp-block-columns is-layout-flex wp-container-core-columns-is-layout-9d6595d7 wp-block-columns-is-layout-flex\">\n<div class=\"wp-block-column is-layout-flow wp-block-column-is-layout-flow\">\n<figure class=\"wp-block-image size-full\"><img fetchpriority=\"high\" decoding=\"async\" width=\"1500\" height=\"1500\" src=\"https:\/\/moyahousehold.com\/wp-content\/uploads\/2024\/06\/Wholesale-Danish-Style-Insulated-Thermal-Carafe-3.jpg\" alt=\"Gro\u00dfhandel D\u00e4nischer Stil Isolierte Thermokaraffe (3)\" class=\"wp-image-9779\" srcset=\"https:\/\/moyahousehold.com\/wp-content\/uploads\/2024\/06\/Wholesale-Danish-Style-Insulated-Thermal-Carafe-3.jpg 1500w, https:\/\/moyahousehold.com\/wp-content\/uploads\/2024\/06\/Wholesale-Danish-Style-Insulated-Thermal-Carafe-3-300x300.jpg 300w, https:\/\/moyahousehold.com\/wp-content\/uploads\/2024\/06\/Wholesale-Danish-Style-Insulated-Thermal-Carafe-3-150x150.jpg 150w, https:\/\/moyahousehold.com\/wp-content\/uploads\/2024\/06\/Wholesale-Danish-Style-Insulated-Thermal-Carafe-3-768x768.jpg 768w, https:\/\/moyahousehold.com\/wp-content\/uploads\/2024\/06\/Wholesale-Danish-Style-Insulated-Thermal-Carafe-3-12x12.jpg 12w, https:\/\/moyahousehold.com\/wp-content\/uploads\/2024\/06\/Wholesale-Danish-Style-Insulated-Thermal-Carafe-3-285x285.jpg 285w, https:\/\/moyahousehold.com\/wp-content\/uploads\/2024\/06\/Wholesale-Danish-Style-Insulated-Thermal-Carafe-3-270x270.jpg 270w, https:\/\/moyahousehold.com\/wp-content\/uploads\/2024\/06\/Wholesale-Danish-Style-Insulated-Thermal-Carafe-3-540x540.jpg 540w, https:\/\/moyahousehold.com\/wp-content\/uploads\/2024\/06\/Wholesale-Danish-Style-Insulated-Thermal-Carafe-3-660x660.jpg 660w\" sizes=\"(max-width: 1500px) 100vw, 1500px\" \/><\/figure>\n<\/div>\n\n\n\n<div class=\"wp-block-column is-layout-flow wp-block-column-is-layout-flow\">\n<figure class=\"wp-block-image size-full\"><img decoding=\"async\" width=\"1500\" height=\"1500\" src=\"https:\/\/moyahousehold.com\/wp-content\/uploads\/2024\/06\/Wholesale-Danish-Style-Insulated-Thermal-Carafe-4.jpg\" alt=\"Gro\u00dfhandel D\u00e4nischer Stil Isolierte Thermokaraffe (4)\" class=\"wp-image-9780\" srcset=\"https:\/\/moyahousehold.com\/wp-content\/uploads\/2024\/06\/Wholesale-Danish-Style-Insulated-Thermal-Carafe-4.jpg 1500w, https:\/\/moyahousehold.com\/wp-content\/uploads\/2024\/06\/Wholesale-Danish-Style-Insulated-Thermal-Carafe-4-300x300.jpg 300w, https:\/\/moyahousehold.com\/wp-content\/uploads\/2024\/06\/Wholesale-Danish-Style-Insulated-Thermal-Carafe-4-150x150.jpg 150w, https:\/\/moyahousehold.com\/wp-content\/uploads\/2024\/06\/Wholesale-Danish-Style-Insulated-Thermal-Carafe-4-768x768.jpg 768w, https:\/\/moyahousehold.com\/wp-content\/uploads\/2024\/06\/Wholesale-Danish-Style-Insulated-Thermal-Carafe-4-12x12.jpg 12w, https:\/\/moyahousehold.com\/wp-content\/uploads\/2024\/06\/Wholesale-Danish-Style-Insulated-Thermal-Carafe-4-285x285.jpg 285w, https:\/\/moyahousehold.com\/wp-content\/uploads\/2024\/06\/Wholesale-Danish-Style-Insulated-Thermal-Carafe-4-270x270.jpg 270w, https:\/\/moyahousehold.com\/wp-content\/uploads\/2024\/06\/Wholesale-Danish-Style-Insulated-Thermal-Carafe-4-540x540.jpg 540w, https:\/\/moyahousehold.com\/wp-content\/uploads\/2024\/06\/Wholesale-Danish-Style-Insulated-Thermal-Carafe-4-660x660.jpg 660w\" sizes=\"(max-width: 1500px) 100vw, 1500px\" \/><\/figure>\n<\/div>\n<\/div>","protected":false},"excerpt":{"rendered":"<p>Gro\u00dfhandel isolierte Kaffeekaraffe, 1.0L, diese Kaffeekaraffe nimmt nordischen Design-Stil, hat ein sch\u00f6nes Aussehen, und ist ein ideales Haus Dekoration Produkt. Der Innentank ist aus Borosilikatglas gefertigt, und die W\u00e4rmeerhaltungszeit betr\u00e4gt mehr als 24 Stunden. Wir bieten 4 Farben zur Auswahl: Schwarz, Off white, Camel, Gr\u00fcn. Kontaktieren Sie uns f\u00fcr ein Angebot.<\/p>\n<h3>Merkmale der isolierten Thermokaraffe im d\u00e4nischen Stil<\/h3>\n<p><strong>Minimalistisches Design:<\/strong> Die klaren geometrischen Linien dieser isolierten Thermokaraffe verleihen ihr ein modernes, elegantes und schlichtes Aussehen, das sich in verschiedene Wohnumgebungen integrieren l\u00e4sst und den \u00e4sthetischen Bed\u00fcrfnissen der Kunden entspricht.<\/p>\n<p><strong>Spezielle D\u00fcsenkonstruktion:<\/strong> Die isolierte Kaffeekaraffe verf\u00fcgt \u00fcber ein einzigartiges D\u00fcsendesign, das den Wasserfluss genau kontrolliert, Spritzer oder \u00fcberm\u00e4\u00dfiges Ausgie\u00dfen vermeidet und das Nutzungserlebnis verbessert.<\/p>\n<p><strong>Ausgezeichnete Isolierleistung:<\/strong> Diese isolierte Thermokaraffe kann Wasser mehr als 24 Stunden lang hei\u00df oder kalt halten und eignet sich daher sehr gut f\u00fcr Langzeitausfl\u00fcge oder den Einsatz im B\u00fcro.<\/p>\n<p><strong>Glaseinlage:<\/strong> Durch die Verwendung von hochwertigem Borosilikatglas verf\u00fcgt es \u00fcber eine extrem hohe Hitzebest\u00e4ndigkeit, Korrosionsbest\u00e4ndigkeit und starke Isolierleistung.<\/p>\n<p><strong>OEM &amp; ODM kundenspezifische L\u00f6sungen<\/strong>: Als Hersteller von Thermokaraffen bieten wir umfassende kundenspezifische OEM- und ODM-Dienstleistungen, einschlie\u00dflich kundenspezifischem Aussehen, Funktion, Kapazit\u00e4t und anderen Aspekten des Designs.<\/p>","protected":false},"featured_media":9776,"comment_status":"closed","ping_status":"closed","template":"","meta":[],"product_cat":[54],"product_tag":[66,84],"class_list":{"0":"post-5721","1":"product","2":"type-product","3":"status-publish","4":"has-post-thumbnail","6":"product_cat-thermal-carafe-wholesale","7":"product_tag-wholesale-1000ml-thermos-carafe","8":"product_tag-wholesale-glass-liner-thermos-carafe","10":"first","11":"instock","12":"shipping-taxable","13":"product-type-simple"},"_links":{"self":[{"href":"https:\/\/moyahousehold.com\/de\/wp-json\/wp\/v2\/product\/5721","targetHints":{"allow":["GET"]}}],"collection":[{"href":"https:\/\/moyahousehold.com\/de\/wp-json\/wp\/v2\/product"}],"about":[{"href":"https:\/\/moyahousehold.com\/de\/wp-json\/wp\/v2\/types\/product"}],"replies":[{"embeddable":true,"href":"https:\/\/moyahousehold.com\/de\/wp-json\/wp\/v2\/comments?post=5721"}],"version-history":[{"count":0,"href":"https:\/\/moyahousehold.com\/de\/wp-json\/wp\/v2\/product\/5721\/revisions"}],"wp:featuredmedia":[{"embeddable":true,"href":"https:\/\/moyahousehold.com\/de\/wp-json\/wp\/v2\/media\/9776"}],"wp:attachment":[{"href":"https:\/\/moyahousehold.com\/de\/wp-json\/wp\/v2\/media?parent=5721"}],"wp:term":[{"taxonomy":"product_cat","embeddable":true,"href":"https:\/\/moyahousehold.com\/de\/wp-json\/wp\/v2\/product_cat?post=5721"},{"taxonomy":"product_tag","embeddable":true,"href":"https:\/\/moyahousehold.com\/de\/wp-json\/wp\/v2\/product_tag?post=5721"}],"curies":[{"name":"wp","href":"https:\/\/api.w.org\/{rel}","templated":true}]}}