{"id":5737,"date":"2024-06-10T11:51:12","date_gmt":"2024-06-10T11:51:12","guid":{"rendered":"https:\/\/moyahousehold.com\/?post_type=product&#038;p=5737"},"modified":"2026-04-04T07:02:59","modified_gmt":"2026-04-04T07:02:59","slug":"double-wall-insulated-coffee-carafe-wholesale","status":"publish","type":"product","link":"https:\/\/moyahousehold.com\/de\/produkt\/double-wall-insulated-coffee-carafe-wholesale\/","title":{"rendered":"Wholesale Vacuum Pisa Style Insulated Coffee Carafe 1.0L &amp; 1.5L \u2014 MOYA Thermal Carafe Manufacturer"},"content":{"rendered":"<figure class=\"wp-block-image size-full\"><img fetchpriority=\"high\" decoding=\"async\" width=\"3984\" height=\"2346\" src=\"https:\/\/moyahousehold.com\/wp-content\/uploads\/2024\/06\/\u8be6\u60c5logo1.jpg\" alt=\"\" class=\"wp-image-12592\" srcset=\"https:\/\/moyahousehold.com\/wp-content\/uploads\/2024\/06\/\u8be6\u60c5logo1.jpg 3984w, https:\/\/moyahousehold.com\/wp-content\/uploads\/2024\/06\/\u8be6\u60c5logo1-300x177.jpg 300w, https:\/\/moyahousehold.com\/wp-content\/uploads\/2024\/06\/\u8be6\u60c5logo1-768x452.jpg 768w, https:\/\/moyahousehold.com\/wp-content\/uploads\/2024\/06\/\u8be6\u60c5logo1-18x12.jpg 18w, https:\/\/moyahousehold.com\/wp-content\/uploads\/2024\/06\/\u8be6\u60c5logo1-285x168.jpg 285w, https:\/\/moyahousehold.com\/wp-content\/uploads\/2024\/06\/\u8be6\u60c5logo1-1600x942.jpg 1600w, https:\/\/moyahousehold.com\/wp-content\/uploads\/2024\/06\/\u8be6\u60c5logo1-660x389.jpg 660w, https:\/\/moyahousehold.com\/wp-content\/uploads\/2024\/06\/\u8be6\u60c5logo1-150x88.jpg 150w\" sizes=\"(max-width: 3984px) 100vw, 3984px\" \/><\/figure>\n\n\n\n<h3 class=\"wp-block-heading\">Parameter der vakuumisolierten Kaffeekaraffe<\/h3>\n\n\n\n<figure class=\"wp-block-table\"><table><tbody><tr><td>Kapazit\u00e4t<\/td><td>Material<\/td><td>Gr\u00f6\u00dfe des Produkts<\/td><td>Menge pro Kiste<\/td><td>Farbe<\/td><\/tr><tr><td>1.0L<\/td><td rowspan=\"2\">Holz, rostfreier Stahl<br>304\uff0cSilikon<\/td><td>19*12.5*19.5cm<\/td><td>12<\/td><td>Black\/Beige\/Nature<\/td><\/tr><tr><td>1.5L<\/td><td>19,3*13*24cm<\/td><td>12<\/td><td>Black\/Beige\/Nature<\/td><\/tr><\/tbody><\/table><\/figure>\n\n\n\n<h3 class=\"wp-block-heading\">Individuelle Kaffeekannen-Optionen<\/h3>\n\n\n\n<p><strong>Deckel: <\/strong>Stainless steel pressure lid<br><strong>Logo:<\/strong> Custom your brand logo on product and package.<br><strong>Logo-Optionen:<\/strong> Printed logo, laser engraved logo, etc.<br><strong>Muster: <\/strong>Printing patterns on thermos bottles.<br><strong>Drucktechnik: <\/strong>Water transfer printing, silk screen printing, heat transfer printing, sublimation transfer and more.<br><strong>Verpackung:<\/strong> Color box<br><a href=\"https:\/\/moyahousehold.com\/de\/individuelle-losung\/\"><strong>Entdecken Sie weitere individuelle L\u00f6sungen f\u00fcr Kaffeekaraffen.<\/strong><\/a><\/p>\n\n\n\n<div class=\"wp-block-columns is-layout-flex wp-container-core-columns-is-layout-9d6595d7 wp-block-columns-is-layout-flex\">\n<div class=\"wp-block-column is-layout-flow wp-block-column-is-layout-flow\">\n<figure class=\"wp-block-image size-full\"><img decoding=\"async\" width=\"2583\" height=\"2583\" src=\"https:\/\/moyahousehold.com\/wp-content\/uploads\/2024\/06\/Insulated-Coffee-Carafe-Wholesale-8.webp\" alt=\"Isolierte Kaffeekaraffe Gro\u00dfhandel\" class=\"wp-image-5741\" srcset=\"https:\/\/moyahousehold.com\/wp-content\/uploads\/2024\/06\/Insulated-Coffee-Carafe-Wholesale-8.webp 2583w, https:\/\/moyahousehold.com\/wp-content\/uploads\/2024\/06\/Insulated-Coffee-Carafe-Wholesale-8-300x300.webp 300w, https:\/\/moyahousehold.com\/wp-content\/uploads\/2024\/06\/Insulated-Coffee-Carafe-Wholesale-8-150x150.webp 150w, https:\/\/moyahousehold.com\/wp-content\/uploads\/2024\/06\/Insulated-Coffee-Carafe-Wholesale-8-768x768.webp 768w, https:\/\/moyahousehold.com\/wp-content\/uploads\/2024\/06\/Insulated-Coffee-Carafe-Wholesale-8-285x285.webp 285w, https:\/\/moyahousehold.com\/wp-content\/uploads\/2024\/06\/Insulated-Coffee-Carafe-Wholesale-8-1600x1600.webp 1600w, https:\/\/moyahousehold.com\/wp-content\/uploads\/2024\/06\/Insulated-Coffee-Carafe-Wholesale-8-270x270.webp 270w, https:\/\/moyahousehold.com\/wp-content\/uploads\/2024\/06\/Insulated-Coffee-Carafe-Wholesale-8-540x540.webp 540w, https:\/\/moyahousehold.com\/wp-content\/uploads\/2024\/06\/Insulated-Coffee-Carafe-Wholesale-8-660x660.webp 660w\" sizes=\"(max-width: 2583px) 100vw, 2583px\" \/><\/figure>\n<\/div>\n\n\n\n<div class=\"wp-block-column is-layout-flow wp-block-column-is-layout-flow\">\n<figure class=\"wp-block-image size-full\"><img decoding=\"async\" width=\"2610\" height=\"2610\" src=\"https:\/\/moyahousehold.com\/wp-content\/uploads\/2024\/06\/Insulated-Coffee-Carafe-Wholesale-8-1.webp\" alt=\"Isolierte Kaffeekaraffe Gro\u00dfhandel \" class=\"wp-image-5749\" srcset=\"https:\/\/moyahousehold.com\/wp-content\/uploads\/2024\/06\/Insulated-Coffee-Carafe-Wholesale-8-1.webp 2610w, https:\/\/moyahousehold.com\/wp-content\/uploads\/2024\/06\/Insulated-Coffee-Carafe-Wholesale-8-1-300x300.webp 300w, https:\/\/moyahousehold.com\/wp-content\/uploads\/2024\/06\/Insulated-Coffee-Carafe-Wholesale-8-1-150x150.webp 150w, https:\/\/moyahousehold.com\/wp-content\/uploads\/2024\/06\/Insulated-Coffee-Carafe-Wholesale-8-1-768x768.webp 768w, https:\/\/moyahousehold.com\/wp-content\/uploads\/2024\/06\/Insulated-Coffee-Carafe-Wholesale-8-1-285x285.webp 285w, https:\/\/moyahousehold.com\/wp-content\/uploads\/2024\/06\/Insulated-Coffee-Carafe-Wholesale-8-1-1600x1600.webp 1600w, https:\/\/moyahousehold.com\/wp-content\/uploads\/2024\/06\/Insulated-Coffee-Carafe-Wholesale-8-1-270x270.webp 270w, https:\/\/moyahousehold.com\/wp-content\/uploads\/2024\/06\/Insulated-Coffee-Carafe-Wholesale-8-1-540x540.webp 540w, https:\/\/moyahousehold.com\/wp-content\/uploads\/2024\/06\/Insulated-Coffee-Carafe-Wholesale-8-1-660x660.webp 660w\" sizes=\"(max-width: 2610px) 100vw, 2610px\" \/><\/figure>\n<\/div>\n<\/div>\n\n\n\n<div class=\"wp-block-columns is-layout-flex wp-container-core-columns-is-layout-9d6595d7 wp-block-columns-is-layout-flex\">\n<div class=\"wp-block-column is-layout-flow wp-block-column-is-layout-flow\">\n<figure class=\"wp-block-image size-full\"><img loading=\"lazy\" decoding=\"async\" width=\"800\" height=\"800\" src=\"https:\/\/moyahousehold.com\/wp-content\/uploads\/2024\/06\/13.jpg\" alt=\"MOYA Pisa Style Stainless Steel Thermal Coffee Carafe with Wooden Handle, Vacuum Insulated Tea Pot\" class=\"wp-image-12583\" srcset=\"https:\/\/moyahousehold.com\/wp-content\/uploads\/2024\/06\/13.jpg 800w, https:\/\/moyahousehold.com\/wp-content\/uploads\/2024\/06\/13-300x300.jpg 300w, https:\/\/moyahousehold.com\/wp-content\/uploads\/2024\/06\/13-150x150.jpg 150w, https:\/\/moyahousehold.com\/wp-content\/uploads\/2024\/06\/13-768x768.jpg 768w, https:\/\/moyahousehold.com\/wp-content\/uploads\/2024\/06\/13-12x12.jpg 12w, https:\/\/moyahousehold.com\/wp-content\/uploads\/2024\/06\/13-285x285.jpg 285w, https:\/\/moyahousehold.com\/wp-content\/uploads\/2024\/06\/13-270x270.jpg 270w, https:\/\/moyahousehold.com\/wp-content\/uploads\/2024\/06\/13-540x540.jpg 540w, https:\/\/moyahousehold.com\/wp-content\/uploads\/2024\/06\/13-660x660.jpg 660w\" sizes=\"(max-width: 800px) 100vw, 800px\" \/><\/figure>\n<\/div>\n\n\n\n<div class=\"wp-block-column is-layout-flow wp-block-column-is-layout-flow\">\n<figure class=\"wp-block-image size-full\"><img loading=\"lazy\" decoding=\"async\" width=\"800\" height=\"800\" src=\"https:\/\/moyahousehold.com\/wp-content\/uploads\/2024\/06\/15.jpg\" alt=\"MOYA Pisa Style Stainless Steel Thermal Coffee Carafe with Wooden Handle, Vacuum Insulated Tea Pot\" class=\"wp-image-12584\" srcset=\"https:\/\/moyahousehold.com\/wp-content\/uploads\/2024\/06\/15.jpg 800w, https:\/\/moyahousehold.com\/wp-content\/uploads\/2024\/06\/15-300x300.jpg 300w, https:\/\/moyahousehold.com\/wp-content\/uploads\/2024\/06\/15-150x150.jpg 150w, https:\/\/moyahousehold.com\/wp-content\/uploads\/2024\/06\/15-768x768.jpg 768w, https:\/\/moyahousehold.com\/wp-content\/uploads\/2024\/06\/15-12x12.jpg 12w, https:\/\/moyahousehold.com\/wp-content\/uploads\/2024\/06\/15-285x285.jpg 285w, https:\/\/moyahousehold.com\/wp-content\/uploads\/2024\/06\/15-270x270.jpg 270w, https:\/\/moyahousehold.com\/wp-content\/uploads\/2024\/06\/15-540x540.jpg 540w, https:\/\/moyahousehold.com\/wp-content\/uploads\/2024\/06\/15-660x660.jpg 660w\" sizes=\"(max-width: 800px) 100vw, 800px\" \/><\/figure>\n<\/div>\n<\/div>\n\n\n\n<p><\/p>","protected":false},"excerpt":{"rendered":"<p>Gro\u00dfhandel isolierte Kaffeekaraffe, diese Kaffeekaraffe hat eine hervorragende W\u00e4rmeschutzwirkung, und kann leicht Wasser mit einem Knopfdruck ausgeben. Das Aussehen ist einfach und stilvoll, geeignet f\u00fcr Haus und B\u00fcro. Wir bieten Gro\u00dfhandel isoliert Kaffeekaraffe Dienstleistungen und kundenspezifische L\u00f6sungen, f\u00fchlen Sie sich bitte frei, uns zu kontaktieren.<\/p>\n<h3>Merkmale der isolierten Kaffeekaraffe<\/h3>\n<p><strong>Einfaches und stilvolles Aussehen:<\/strong> Diese isolierte Kaffeekaraffe hat ein einfaches Design mit klassischen schwarzen und beigen Farben und ein sch\u00f6nes Aussehen, das sich leicht in verschiedene Haus-, B\u00fcro- oder Gesch\u00e4ftsumgebungen einf\u00fcgen l\u00e4sst.<\/p>\n<p><strong>Auskleidung aus rostfreiem Stahl 304:<\/strong> Der hochwertige SUS304-Edelstahl sorgt f\u00fcr Langlebigkeit und Korrosionsbest\u00e4ndigkeit und gew\u00e4hrleistet die Sicherheit und den reinen Geschmack des Trinkwassers und des Kaffees.<\/p>\n<p><strong>Ein-Knopf-Druck-Design:<\/strong> Diese isolierte Kaffeekaraffe verf\u00fcgt \u00fcber ein innovatives Ein-Knopf-Drucksystem, das die komplizierte Bedienung einer herk\u00f6mmlichen Thermokaraffe vermeidet und bequemer ist.<\/p>\n<p><strong>Lang anhaltende Isolierwirkung:<\/strong> Die in dieser isolierten Kaffeekaraffe eingesetzte Vakuum-Isolationstechnologie kann die Fl\u00fcssigkeit lange Zeit hei\u00df halten und sorgt daf\u00fcr, dass Kaffee, Tee und andere Getr\u00e4nke lange Zeit die optimale Trinktemperatur behalten.<\/p>\n<p><strong>Gro\u00dfhandelspreis:<\/strong> Die Hersteller von Moya bieten \u00e4u\u00dferst wettbewerbsf\u00e4hige Gro\u00dfhandelspreise an, die f\u00fcr Einzelh\u00e4ndler, Gro\u00dfh\u00e4ndler und Gro\u00dfabnehmer in der Gastronomie geeignet sind.<\/p>\n<p><strong>Kundenspezifische OEM&amp;ODM Dienstleistungen:<\/strong> Durch unseren OEM- und ODM-Service k\u00f6nnen Sie das Aussehen, das Fassungsverm\u00f6gen und das Markenlogo der Kaffeekaraffe individuell gestalten und so ein einzigartiges, ma\u00dfgeschneidertes Produkt schaffen.<\/p>","protected":false},"featured_media":12589,"comment_status":"open","ping_status":"closed","template":"","meta":[],"product_cat":[54],"product_tag":[66,78,85],"class_list":{"0":"post-5737","1":"product","2":"type-product","3":"status-publish","4":"has-post-thumbnail","6":"product_cat-thermal-carafe-wholesale","7":"product_tag-wholesale-1000ml-thermos-carafe","8":"product_tag-wholesale-1500ml-thermos-carafe","9":"product_tag-wholesale-stainless-steel-liner-thermos-carafe","11":"first","12":"instock","13":"shipping-taxable","14":"product-type-simple"},"_links":{"self":[{"href":"https:\/\/moyahousehold.com\/de\/wp-json\/wp\/v2\/product\/5737","targetHints":{"allow":["GET"]}}],"collection":[{"href":"https:\/\/moyahousehold.com\/de\/wp-json\/wp\/v2\/product"}],"about":[{"href":"https:\/\/moyahousehold.com\/de\/wp-json\/wp\/v2\/types\/product"}],"replies":[{"embeddable":true,"href":"https:\/\/moyahousehold.com\/de\/wp-json\/wp\/v2\/comments?post=5737"}],"version-history":[{"count":0,"href":"https:\/\/moyahousehold.com\/de\/wp-json\/wp\/v2\/product\/5737\/revisions"}],"wp:featuredmedia":[{"embeddable":true,"href":"https:\/\/moyahousehold.com\/de\/wp-json\/wp\/v2\/media\/12589"}],"wp:attachment":[{"href":"https:\/\/moyahousehold.com\/de\/wp-json\/wp\/v2\/media?parent=5737"}],"wp:term":[{"taxonomy":"product_cat","embeddable":true,"href":"https:\/\/moyahousehold.com\/de\/wp-json\/wp\/v2\/product_cat?post=5737"},{"taxonomy":"product_tag","embeddable":true,"href":"https:\/\/moyahousehold.com\/de\/wp-json\/wp\/v2\/product_tag?post=5737"}],"curies":[{"name":"wp","href":"https:\/\/api.w.org\/{rel}","templated":true}]}}