{"id":5752,"date":"2024-06-10T12:32:25","date_gmt":"2024-06-10T12:32:25","guid":{"rendered":"https:\/\/moyahousehold.com\/?post_type=product&#038;p=5752"},"modified":"2025-02-05T04:07:09","modified_gmt":"2025-02-05T04:07:09","slug":"wholesale-1l-stylish-insulated-coffee-pots","status":"publish","type":"product","link":"https:\/\/moyahousehold.com\/de\/produkt\/wholesale-1l-stylish-insulated-coffee-pots\/","title":{"rendered":"Gro\u00dfhandel stilvolle 1.0L isolierte Kaffeekannen, Bulk Thermoskanne zum Verkauf, Unterst\u00fctzung OEM und ODM"},"content":{"rendered":"<h3 class=\"wp-block-heading\">Parameter von isolierten Kaffeekannen<\/h3>\n\n\n\n<figure class=\"wp-block-table\"><table><tbody><tr><td>Kapazit\u00e4t<\/td><td>Material<\/td><td>Gr\u00f6\u00dfe des Produkts<\/td><td>Menge pro Kiste<\/td><td>Farbe<\/td><\/tr><tr><td>1.0L<\/td><td>PP, rostfreier Stahl<br>304,Silikon<\/td><td>13,7*12,4*26,5cm<\/td><td>12<\/td><td>Schwarz,Schwarzsilber<\/td><\/tr><\/tbody><\/table><\/figure>\n\n\n\n<h3 class=\"wp-block-heading\">Individuelle Kaffeekannen-Optionen<\/h3>\n\n\n\n<p><strong>Deckel:<\/strong> Druckdeckel aus rostfreiem Stahl<br><strong>Logo:<\/strong> Ihr Markenlogo auf Produkt und Verpackung anbringen.<br><strong>Logo-Optionen:<\/strong> gedrucktes Logo, lasergraviertes Logo, usw.<br><strong>Muster:<\/strong> Druck von Mustern auf Thermosflaschen<br><strong>Drucktechnik:<\/strong> Wassertransferdruck, Siebdruck, W\u00e4rmetransferdruck, Sublimationstransfer, etc.<br><strong>Verpackung:<\/strong> Farbkasten<br><a href=\"https:\/\/moyahousehold.com\/de\/individuelle-losung\/\"><strong>Erfahren Sie mehr \u00fcber individuelle L\u00f6sungen f\u00fcr Kaffeekannen.<\/strong><\/a><\/p>\n\n\n\n<div class=\"wp-block-columns is-layout-flex wp-container-core-columns-is-layout-9d6595d7 wp-block-columns-is-layout-flex\">\n<div class=\"wp-block-column is-layout-flow wp-block-column-is-layout-flow\">\n<figure class=\"wp-block-image size-full\"><img fetchpriority=\"high\" decoding=\"async\" width=\"1500\" height=\"2250\" src=\"https:\/\/moyahousehold.com\/wp-content\/uploads\/2024\/06\/Insulated-Coffee-Pots-Detail-1.webp\" alt=\"Isolierte Kaffeekannen Detail (1)\" class=\"wp-image-9899\" srcset=\"https:\/\/moyahousehold.com\/wp-content\/uploads\/2024\/06\/Insulated-Coffee-Pots-Detail-1.webp 1500w, https:\/\/moyahousehold.com\/wp-content\/uploads\/2024\/06\/Insulated-Coffee-Pots-Detail-1-200x300.webp 200w, https:\/\/moyahousehold.com\/wp-content\/uploads\/2024\/06\/Insulated-Coffee-Pots-Detail-1-768x1152.webp 768w, https:\/\/moyahousehold.com\/wp-content\/uploads\/2024\/06\/Insulated-Coffee-Pots-Detail-1-8x12.webp 8w, https:\/\/moyahousehold.com\/wp-content\/uploads\/2024\/06\/Insulated-Coffee-Pots-Detail-1-285x428.webp 285w, https:\/\/moyahousehold.com\/wp-content\/uploads\/2024\/06\/Insulated-Coffee-Pots-Detail-1-440x660.webp 440w, https:\/\/moyahousehold.com\/wp-content\/uploads\/2024\/06\/Insulated-Coffee-Pots-Detail-1-100x150.webp 100w\" sizes=\"(max-width: 1500px) 100vw, 1500px\" \/><\/figure>\n<\/div>\n\n\n\n<div class=\"wp-block-column is-layout-flow wp-block-column-is-layout-flow\">\n<figure class=\"wp-block-image size-full\"><img decoding=\"async\" width=\"1500\" height=\"2250\" src=\"https:\/\/moyahousehold.com\/wp-content\/uploads\/2024\/06\/Insulated-Coffee-Pots-Detail-2.webp\" alt=\"Isolierte Kaffeekannen Detail (2)\" class=\"wp-image-9900\" srcset=\"https:\/\/moyahousehold.com\/wp-content\/uploads\/2024\/06\/Insulated-Coffee-Pots-Detail-2.webp 1500w, https:\/\/moyahousehold.com\/wp-content\/uploads\/2024\/06\/Insulated-Coffee-Pots-Detail-2-200x300.webp 200w, https:\/\/moyahousehold.com\/wp-content\/uploads\/2024\/06\/Insulated-Coffee-Pots-Detail-2-768x1152.webp 768w, https:\/\/moyahousehold.com\/wp-content\/uploads\/2024\/06\/Insulated-Coffee-Pots-Detail-2-8x12.webp 8w, https:\/\/moyahousehold.com\/wp-content\/uploads\/2024\/06\/Insulated-Coffee-Pots-Detail-2-285x428.webp 285w, https:\/\/moyahousehold.com\/wp-content\/uploads\/2024\/06\/Insulated-Coffee-Pots-Detail-2-440x660.webp 440w, https:\/\/moyahousehold.com\/wp-content\/uploads\/2024\/06\/Insulated-Coffee-Pots-Detail-2-100x150.webp 100w\" sizes=\"(max-width: 1500px) 100vw, 1500px\" \/><\/figure>\n<\/div>\n<\/div>","protected":false},"excerpt":{"rendered":"<p>Gro\u00dfhandel Mode 1.0L isoliert Kaffeekannen, sch\u00f6ne und stilvolle Design. Die isolierte Kaffeekanne hat eine ausgezeichnete Isolierung Liner, um sicherzustellen, dass das Getr\u00e4nk h\u00e4lt die ideale Temperatur f\u00fcr eine lange Zeit. Willkommen bei uns f\u00fcr ein Angebot zu kontaktieren.<\/p>\n<h3>Eigenschaften von 1.0L isolierten Kaffeekannen\u00a0<\/h3>\n<p><strong>Hochwertige Materialien:<\/strong> Die isolierten Kaffeekannen sind innen und au\u00dfen aus 304er Edelstahl gefertigt, und der Ausgie\u00dferdeckel besteht aus lebensmittelechtem pp und Silikon, um Haltbarkeit und Sicherheit f\u00fcr den langfristigen Gebrauch zu gew\u00e4hrleisten.<\/p>\n<p><strong>Leichtes Design:<\/strong> Das Gesamtdesign dieser isolierten Kaffeekanne ist schlank und leicht, und sie ist mit einem bequemen Griff ausgestattet, der das Ausgie\u00dfen von Wasser m\u00fchelos und einfach macht.<\/p>\n<p><strong>Bequeme Bedienung:<\/strong> Dr\u00fccken Sie die Deckeltaste, um den Wasserauslass ein- und auszuschalten, ohne die Taste lange gedr\u00fcckt halten zu m\u00fcssen, was bequemer ist als bei herk\u00f6mmlichen Thermokaraffen.<\/p>\n<p><strong>Sch\u00fctzende Farbbeschichtung:<\/strong> Die \u00e4u\u00dfere Schicht der isolierten Kaffeekanne aus Edelstahl ist mit einer Schutzlackierung versehen, die den Glanz erh\u00f6ht und Fingerabdr\u00fccke wirksam verhindert.<\/p>\n<p><strong>OEM- und ODM-Anpassungsdienst:<\/strong> Wir bieten ma\u00dfgeschneiderte Dienstleistungen f\u00fcr isolierte Kaffeekannen an, indem wir OEM- und OEM-Anpassungsl\u00f6sungen anbieten, um Ihre Markenanforderungen zu erf\u00fcllen.<\/p>","protected":false},"featured_media":9901,"comment_status":"closed","ping_status":"closed","template":"","meta":[],"product_cat":[54],"product_tag":[66,85],"class_list":{"0":"post-5752","1":"product","2":"type-product","3":"status-publish","4":"has-post-thumbnail","6":"product_cat-thermal-carafe-wholesale","7":"product_tag-wholesale-1000ml-thermos-carafe","8":"product_tag-wholesale-stainless-steel-liner-thermos-carafe","10":"first","11":"instock","12":"shipping-taxable","13":"product-type-simple"},"_links":{"self":[{"href":"https:\/\/moyahousehold.com\/de\/wp-json\/wp\/v2\/product\/5752","targetHints":{"allow":["GET"]}}],"collection":[{"href":"https:\/\/moyahousehold.com\/de\/wp-json\/wp\/v2\/product"}],"about":[{"href":"https:\/\/moyahousehold.com\/de\/wp-json\/wp\/v2\/types\/product"}],"replies":[{"embeddable":true,"href":"https:\/\/moyahousehold.com\/de\/wp-json\/wp\/v2\/comments?post=5752"}],"version-history":[{"count":0,"href":"https:\/\/moyahousehold.com\/de\/wp-json\/wp\/v2\/product\/5752\/revisions"}],"wp:featuredmedia":[{"embeddable":true,"href":"https:\/\/moyahousehold.com\/de\/wp-json\/wp\/v2\/media\/9901"}],"wp:attachment":[{"href":"https:\/\/moyahousehold.com\/de\/wp-json\/wp\/v2\/media?parent=5752"}],"wp:term":[{"taxonomy":"product_cat","embeddable":true,"href":"https:\/\/moyahousehold.com\/de\/wp-json\/wp\/v2\/product_cat?post=5752"},{"taxonomy":"product_tag","embeddable":true,"href":"https:\/\/moyahousehold.com\/de\/wp-json\/wp\/v2\/product_tag?post=5752"}],"curies":[{"name":"wp","href":"https:\/\/api.w.org\/{rel}","templated":true}]}}