{"id":5766,"date":"2024-06-10T12:57:22","date_gmt":"2024-06-10T12:57:22","guid":{"rendered":"https:\/\/moyahousehold.com\/?post_type=product&#038;p=5766"},"modified":"2025-04-19T08:55:22","modified_gmt":"2025-04-19T08:55:22","slug":"wholesale-1-liter-thermal-coffee-carafe","status":"publish","type":"product","link":"https:\/\/moyahousehold.com\/de\/produkt\/wholesale-1-liter-thermal-coffee-carafe\/","title":{"rendered":"Gro\u00dfhandel 1 Liter thermische Kaffeekaraffe - MOYA thermische Karaffe Hersteller, Support OEM &amp; DOM"},"content":{"rendered":"<h3 class=\"wp-block-heading\">Parameter der Thermokaffeekaraffe<\/h3>\n\n\n\n<figure class=\"wp-block-table\"><table><tbody><tr><td>Kapazit\u00e4t<\/td><td>Material des Griffs<\/td><td>Material<\/td><td>Gr\u00f6\u00dfe des Produkts<\/td><td>Menge pro Kiste<\/td><td>Farbe<\/td><\/tr><tr><td>1.0L<\/td><td>H\u00f6lzernes<\/td><td>ABS, Borosilikatglas, PP, Silikon.<\/td><td>19.7*12.3*24.5<\/td><td>12<\/td><td>Schwarz\uff0cOff white\uff0cCamel,Gr\u00fcn<\/td><\/tr><tr><td>1.0L<\/td><td>Rostfreier Stahl<\/td><td>ABS, Borosilikatglas, PP, Silikon.<\/td><td>19.7*12.3*24.5<\/td><td>12<\/td><td>Schwarz\uff0cOff white\uff0cCamel,Gr\u00fcn<\/td><\/tr><tr><td>1.3L<\/td><td>H\u00f6lzernes<\/td><td>ABS, Borosilikatglas, PP, Silikon.<\/td><td><\/td><td>12<\/td><td>Schwarz\uff0cOff white\uff0cCamel,Gr\u00fcn<\/td><\/tr><tr><td>1.3L<\/td><td>Rostfreier Stahl<\/td><td>ABS, Borosilikatglas, PP, Silikon.<\/td><td><\/td><td>12<\/td><td>Schwarz\uff0cOff white\uff0cCamel,Gr\u00fcn<\/td><\/tr><\/tbody><\/table><\/figure>\n\n\n\n<h3 class=\"wp-block-heading\">Kundenspezifische Optionen f\u00fcr Thermokaraffen<\/h3>\n\n\n\n<p><strong>Deckel<\/strong>: Druckdeckel aus rostfreiem Stahl<br><strong>Logo<\/strong>: Ihr Markenlogo auf Produkt und Verpackung.<br><strong>Logo-Optionen<\/strong>: gedrucktes Logo, lasergraviertes Logo, etc.<br><strong>Muster<\/strong>: Druckmuster auf Kaffeekanne.<br><strong>Drucktechnik<\/strong>Wassertransferdruck, Siebdruck, W\u00e4rmetransferdruck, Sublimationstransfer, etc. <br><strong>Verpackung:<\/strong> Farbkasten<br><a href=\"https:\/\/moyahousehold.com\/de\/individuelle-losung\/\"><strong>Entdecken Sie weitere individuelle L\u00f6sungen f\u00fcr Thermokaraffen<\/strong><\/a><\/p>\n\n\n\n<div class=\"wp-block-columns is-layout-flex wp-container-core-columns-is-layout-9d6595d7 wp-block-columns-is-layout-flex\">\n<div class=\"wp-block-column is-layout-flow wp-block-column-is-layout-flow\">\n<figure class=\"wp-block-image size-full\"><img fetchpriority=\"high\" decoding=\"async\" width=\"2610\" height=\"2610\" src=\"https:\/\/moyahousehold.com\/wp-content\/uploads\/2024\/06\/Thermal-Coffee-Carafe-with-Wooden-Handle.webp\" alt=\"Thermische Kaffeekaraffe mit Holzgriff\" class=\"wp-image-9860\" srcset=\"https:\/\/moyahousehold.com\/wp-content\/uploads\/2024\/06\/Thermal-Coffee-Carafe-with-Wooden-Handle.webp 2610w, https:\/\/moyahousehold.com\/wp-content\/uploads\/2024\/06\/Thermal-Coffee-Carafe-with-Wooden-Handle-300x300.webp 300w, https:\/\/moyahousehold.com\/wp-content\/uploads\/2024\/06\/Thermal-Coffee-Carafe-with-Wooden-Handle-150x150.webp 150w, https:\/\/moyahousehold.com\/wp-content\/uploads\/2024\/06\/Thermal-Coffee-Carafe-with-Wooden-Handle-768x768.webp 768w, https:\/\/moyahousehold.com\/wp-content\/uploads\/2024\/06\/Thermal-Coffee-Carafe-with-Wooden-Handle-12x12.webp 12w, https:\/\/moyahousehold.com\/wp-content\/uploads\/2024\/06\/Thermal-Coffee-Carafe-with-Wooden-Handle-285x285.webp 285w, https:\/\/moyahousehold.com\/wp-content\/uploads\/2024\/06\/Thermal-Coffee-Carafe-with-Wooden-Handle-1600x1600.webp 1600w, https:\/\/moyahousehold.com\/wp-content\/uploads\/2024\/06\/Thermal-Coffee-Carafe-with-Wooden-Handle-270x270.webp 270w, https:\/\/moyahousehold.com\/wp-content\/uploads\/2024\/06\/Thermal-Coffee-Carafe-with-Wooden-Handle-540x540.webp 540w, https:\/\/moyahousehold.com\/wp-content\/uploads\/2024\/06\/Thermal-Coffee-Carafe-with-Wooden-Handle-660x660.webp 660w\" sizes=\"(max-width: 2610px) 100vw, 2610px\" \/><\/figure>\n<\/div>\n\n\n\n<div class=\"wp-block-column is-layout-flow wp-block-column-is-layout-flow\">\n<figure class=\"wp-block-image size-full\"><img decoding=\"async\" width=\"2533\" height=\"2533\" src=\"https:\/\/moyahousehold.com\/wp-content\/uploads\/2024\/06\/Thermal-Coffee-Carafe-with-Stainless-Steel-Handle.webp\" alt=\"Thermische Kaffeekaraffe mit Edelstahlgriff\" class=\"wp-image-9859\" srcset=\"https:\/\/moyahousehold.com\/wp-content\/uploads\/2024\/06\/Thermal-Coffee-Carafe-with-Stainless-Steel-Handle.webp 2533w, https:\/\/moyahousehold.com\/wp-content\/uploads\/2024\/06\/Thermal-Coffee-Carafe-with-Stainless-Steel-Handle-300x300.webp 300w, https:\/\/moyahousehold.com\/wp-content\/uploads\/2024\/06\/Thermal-Coffee-Carafe-with-Stainless-Steel-Handle-150x150.webp 150w, https:\/\/moyahousehold.com\/wp-content\/uploads\/2024\/06\/Thermal-Coffee-Carafe-with-Stainless-Steel-Handle-768x768.webp 768w, https:\/\/moyahousehold.com\/wp-content\/uploads\/2024\/06\/Thermal-Coffee-Carafe-with-Stainless-Steel-Handle-12x12.webp 12w, https:\/\/moyahousehold.com\/wp-content\/uploads\/2024\/06\/Thermal-Coffee-Carafe-with-Stainless-Steel-Handle-285x285.webp 285w, https:\/\/moyahousehold.com\/wp-content\/uploads\/2024\/06\/Thermal-Coffee-Carafe-with-Stainless-Steel-Handle-1600x1600.webp 1600w, https:\/\/moyahousehold.com\/wp-content\/uploads\/2024\/06\/Thermal-Coffee-Carafe-with-Stainless-Steel-Handle-270x270.webp 270w, https:\/\/moyahousehold.com\/wp-content\/uploads\/2024\/06\/Thermal-Coffee-Carafe-with-Stainless-Steel-Handle-540x540.webp 540w, https:\/\/moyahousehold.com\/wp-content\/uploads\/2024\/06\/Thermal-Coffee-Carafe-with-Stainless-Steel-Handle-660x660.webp 660w\" sizes=\"(max-width: 2533px) 100vw, 2533px\" \/><\/figure>\n<\/div>\n<\/div>","protected":false},"excerpt":{"rendered":"<p>Gro\u00dfhandel anpassbare thermische Kaffeekaraffe, diese thermische Kaffeekaraffe kann f\u00fcr 24 Stunden warm zu halten, ist die Schale der Lebensmittelqualit\u00e4t PP Material, leicht und bequem, geeignet f\u00fcr verschiedene Szenen wie zu Hause, Restaurant, B\u00fcro, etc. Wir bieten OEM &amp; ODM kundenspezifische thermische Kaffeekaraffe Service, willkommen, uns zu kontaktieren.<\/p>\n<h3>Eigenschaften der Thermokaffeekaraffe<\/h3>\n<p><strong>Modernes Design:<\/strong> Diese thermische Kaffeekaraffe hat ein schlichtes und elegantes Aussehen, passt zu einer Vielzahl von modernen Wohnstilen, ist praktisch und sch\u00f6n.<\/p>\n<p><strong>Hochwertiges Material:<\/strong> Der Innentank der Thermo-Kaffeekaraffe besteht aus Glas, das 24 Stunden lang W\u00e4rme und K\u00e4lte konservieren kann.<\/p>\n<p><strong>Mehrere Stile zur Auswahl:<\/strong> Wir bieten Thermokaraffen mit Holzgriff und Thermokaraffen mit Edelstahlgriff sowie in den Gr\u00f6\u00dfen 1,0 l und 1,3 l an, um den Vorlieben der verschiedenen Benutzer gerecht zu werden.<\/p>\n<p><strong>Einfach zu bedienen:<\/strong> Das Geh\u00e4use und der Griff sind ergonomisch geformt und liegen gut in der Hand. Der Ausguss ist adlerf\u00f6rmig, so dass das Wasser beim Ausgie\u00dfen nicht versch\u00fcttet wird.<\/p>\n<p><strong>OEM- und ODM-Kundendienst:<\/strong> Als professioneller Hersteller von Thermokaraffen bietet Ihnen MOYA einen kundenspezifischen Thermokaraffen-Service aus einer Hand und hilft Ihnen, marktgerechte Produkte von 0 auf 1 zu entwickeln.<\/p>","protected":false},"featured_media":9862,"comment_status":"closed","ping_status":"closed","template":"","meta":[],"product_cat":[54],"product_tag":[66,84],"class_list":{"0":"post-5766","1":"product","2":"type-product","3":"status-publish","4":"has-post-thumbnail","6":"product_cat-thermal-carafe-wholesale","7":"product_tag-wholesale-1000ml-thermos-carafe","8":"product_tag-wholesale-glass-liner-thermos-carafe","10":"first","11":"instock","12":"shipping-taxable","13":"product-type-simple"},"_links":{"self":[{"href":"https:\/\/moyahousehold.com\/de\/wp-json\/wp\/v2\/product\/5766","targetHints":{"allow":["GET"]}}],"collection":[{"href":"https:\/\/moyahousehold.com\/de\/wp-json\/wp\/v2\/product"}],"about":[{"href":"https:\/\/moyahousehold.com\/de\/wp-json\/wp\/v2\/types\/product"}],"replies":[{"embeddable":true,"href":"https:\/\/moyahousehold.com\/de\/wp-json\/wp\/v2\/comments?post=5766"}],"version-history":[{"count":0,"href":"https:\/\/moyahousehold.com\/de\/wp-json\/wp\/v2\/product\/5766\/revisions"}],"wp:featuredmedia":[{"embeddable":true,"href":"https:\/\/moyahousehold.com\/de\/wp-json\/wp\/v2\/media\/9862"}],"wp:attachment":[{"href":"https:\/\/moyahousehold.com\/de\/wp-json\/wp\/v2\/media?parent=5766"}],"wp:term":[{"taxonomy":"product_cat","embeddable":true,"href":"https:\/\/moyahousehold.com\/de\/wp-json\/wp\/v2\/product_cat?post=5766"},{"taxonomy":"product_tag","embeddable":true,"href":"https:\/\/moyahousehold.com\/de\/wp-json\/wp\/v2\/product_tag?post=5766"}],"curies":[{"name":"wp","href":"https:\/\/api.w.org\/{rel}","templated":true}]}}