{"id":5785,"date":"2024-06-10T13:27:01","date_gmt":"2024-06-10T13:27:01","guid":{"rendered":"https:\/\/moyahousehold.com\/?post_type=product&#038;p=5785"},"modified":"2025-02-05T04:02:51","modified_gmt":"2025-02-05T04:02:51","slug":"wholesale-modern-1-liter-thermal-coffee-carafe","status":"publish","type":"product","link":"https:\/\/moyahousehold.com\/de\/produkt\/wholesale-modern-1-liter-thermal-coffee-carafe\/","title":{"rendered":"Gro\u00dfhandel Moderne Sch\u00f6ne 1 Liter Thermische Kaffeekaraffe - MOYA Thermische Karaffe Hersteller, Unterst\u00fctzung OEM &amp; ODM"},"content":{"rendered":"<h3 class=\"wp-block-heading\">Parameter der Thermokaffeekaraffe<\/h3>\n\n\n\n<figure class=\"wp-block-table\"><table><tbody><tr><td>Kapazit\u00e4t<\/td><td>Material<\/td><td>Gr\u00f6\u00dfe des Produkts<\/td><td>Menge pro Kiste<\/td><\/tr><tr><td>1.0L<\/td><td>PP, Borosilikatglas,<br>Silikon<\/td><td>21.8*17*22.8<\/td><td>12<\/td><\/tr><\/tbody><\/table><\/figure>\n\n\n\n<h3 class=\"wp-block-heading\">Kundenspezifische Optionen f\u00fcr Thermokaraffen<\/h3>\n\n\n\n<p><strong>Deckel: <\/strong>Druckdeckel aus rostfreiem Stahl<br><strong>Logo:<\/strong> Ihr eigenes Markenlogo auf Produkt und Verpackung.<br><strong>Logo-Optionen: <\/strong>gedrucktes Logo, lasergraviertes Logo, usw.<br><strong>Muster: <\/strong>Druck von Mustern auf Thermosflaschen<br><strong>Drucktechnik<\/strong>Wassertransferdruck, Siebdruck, W\u00e4rmetransferdruck, Sublimationstransfer, etc. <br><strong>Verpackung:<\/strong>Farbkasten<br><a href=\"https:\/\/moyahousehold.com\/de\/individuelle-losung\/\"><strong>Entdecken Sie weitere individuelle L\u00f6sungen f\u00fcr Thermokaraffen<\/strong><\/a><\/p>\n\n\n\n<div class=\"wp-block-columns is-layout-flex wp-container-core-columns-is-layout-9d6595d7 wp-block-columns-is-layout-flex\">\n<div class=\"wp-block-column is-layout-flow wp-block-column-is-layout-flow\">\n<figure class=\"wp-block-image size-full\"><img fetchpriority=\"high\" decoding=\"async\" width=\"2569\" height=\"2569\" src=\"https:\/\/moyahousehold.com\/wp-content\/uploads\/2024\/06\/1-liter-Thermal-Coffee-Carafe-Detail-1.webp\" alt=\"1 Liter Thermo-Kaffeekaraffe Detail (1)\" class=\"wp-image-9880\" srcset=\"https:\/\/moyahousehold.com\/wp-content\/uploads\/2024\/06\/1-liter-Thermal-Coffee-Carafe-Detail-1.webp 2569w, https:\/\/moyahousehold.com\/wp-content\/uploads\/2024\/06\/1-liter-Thermal-Coffee-Carafe-Detail-1-300x300.webp 300w, https:\/\/moyahousehold.com\/wp-content\/uploads\/2024\/06\/1-liter-Thermal-Coffee-Carafe-Detail-1-150x150.webp 150w, https:\/\/moyahousehold.com\/wp-content\/uploads\/2024\/06\/1-liter-Thermal-Coffee-Carafe-Detail-1-768x768.webp 768w, https:\/\/moyahousehold.com\/wp-content\/uploads\/2024\/06\/1-liter-Thermal-Coffee-Carafe-Detail-1-12x12.webp 12w, https:\/\/moyahousehold.com\/wp-content\/uploads\/2024\/06\/1-liter-Thermal-Coffee-Carafe-Detail-1-285x285.webp 285w, https:\/\/moyahousehold.com\/wp-content\/uploads\/2024\/06\/1-liter-Thermal-Coffee-Carafe-Detail-1-1600x1600.webp 1600w, https:\/\/moyahousehold.com\/wp-content\/uploads\/2024\/06\/1-liter-Thermal-Coffee-Carafe-Detail-1-270x270.webp 270w, https:\/\/moyahousehold.com\/wp-content\/uploads\/2024\/06\/1-liter-Thermal-Coffee-Carafe-Detail-1-540x540.webp 540w, https:\/\/moyahousehold.com\/wp-content\/uploads\/2024\/06\/1-liter-Thermal-Coffee-Carafe-Detail-1-660x660.webp 660w\" sizes=\"(max-width: 2569px) 100vw, 2569px\" \/><\/figure>\n<\/div>\n\n\n\n<div class=\"wp-block-column is-layout-flow wp-block-column-is-layout-flow\">\n<figure class=\"wp-block-image size-full\"><img decoding=\"async\" width=\"2546\" height=\"2546\" src=\"https:\/\/moyahousehold.com\/wp-content\/uploads\/2024\/06\/1-liter-Thermal-Coffee-Carafe-Detail-2.webp\" alt=\"1-Liter-Thermokaraffe Detail (2)\" class=\"wp-image-9881\" srcset=\"https:\/\/moyahousehold.com\/wp-content\/uploads\/2024\/06\/1-liter-Thermal-Coffee-Carafe-Detail-2.webp 2546w, https:\/\/moyahousehold.com\/wp-content\/uploads\/2024\/06\/1-liter-Thermal-Coffee-Carafe-Detail-2-300x300.webp 300w, https:\/\/moyahousehold.com\/wp-content\/uploads\/2024\/06\/1-liter-Thermal-Coffee-Carafe-Detail-2-150x150.webp 150w, https:\/\/moyahousehold.com\/wp-content\/uploads\/2024\/06\/1-liter-Thermal-Coffee-Carafe-Detail-2-768x768.webp 768w, https:\/\/moyahousehold.com\/wp-content\/uploads\/2024\/06\/1-liter-Thermal-Coffee-Carafe-Detail-2-12x12.webp 12w, https:\/\/moyahousehold.com\/wp-content\/uploads\/2024\/06\/1-liter-Thermal-Coffee-Carafe-Detail-2-285x285.webp 285w, https:\/\/moyahousehold.com\/wp-content\/uploads\/2024\/06\/1-liter-Thermal-Coffee-Carafe-Detail-2-1600x1600.webp 1600w, https:\/\/moyahousehold.com\/wp-content\/uploads\/2024\/06\/1-liter-Thermal-Coffee-Carafe-Detail-2-270x270.webp 270w, https:\/\/moyahousehold.com\/wp-content\/uploads\/2024\/06\/1-liter-Thermal-Coffee-Carafe-Detail-2-540x540.webp 540w, https:\/\/moyahousehold.com\/wp-content\/uploads\/2024\/06\/1-liter-Thermal-Coffee-Carafe-Detail-2-660x660.webp 660w\" sizes=\"(max-width: 2546px) 100vw, 2546px\" \/><\/figure>\n<\/div>\n<\/div>","protected":false},"excerpt":{"rendered":"<p>Gro\u00dfhandel moderne Stil thermische Karaffe. Die thermische Karaffe ist aus effizienten W\u00e4rmed\u00e4mmung Materialien, mit ausgezeichneter W\u00e4rmed\u00e4mmung Leistung, die 24-Stunden-W\u00e4rme Erhaltung und K\u00fchlung Wirkung. Wir unterst\u00fctzen OEM &amp; ODM Anpassungsdienste und k\u00f6nnen je nach Kundenwunsch angepasst werden. Bitte kontaktieren Sie uns f\u00fcr ein Angebot.<\/p>\n<h3>Merkmale und Vorteile des individuell isolierten Wasserkochers<\/h3>\n<p><strong>Stilvolles Aussehen:<\/strong> Diese thermische Kaffeekaraffe hat ein einzigartiges und einfaches Design, das zu verschiedenen Wohnumgebungen passt und auch als sch\u00f6ne Dekoration auf dem Esstisch verwendet werden kann.<\/p>\n<p><strong>Gute Isolierwirkung:<\/strong> Der Innentank besteht aus rotem Glas, das die Temperatur des Getr\u00e4nks effektiv aufrechterhalten kann und 24 Stunden lang f\u00fcr Isolierung und K\u00fchlung sorgt.<\/p>\n<p><strong>Praktisches Design:<\/strong> Er ist mit einem Push-to-Discharge-System ausgestattet. Ein leichter Druck gen\u00fcgt, um Wasser abzulassen, was einfach und arbeitssparend zu bedienen ist.<\/p>\n<p><strong>Leicht zu reinigen:<\/strong> Durch die glatte Innenfl\u00e4che l\u00e4sst sich der Innentank leicht vom Boden l\u00f6sen, was die Reinigung erleichtert und den Topf sauber und hygienisch h\u00e4lt.<\/p>\n<p><strong>Kundenspezifische OEM- und ODM-Dienste:<\/strong> Wir bieten kundenspezifische Thermokaraffen an, die eine Vielzahl von individuellen Optionen bieten, einschlie\u00dflich Aussehen, Muster, Kapazit\u00e4t und Verpackung.<\/p>\n<p><strong><a href=\"https:\/\/moyahousehold.com\/de\/individuelle-losung\/\">Erfahren Sie mehr \u00fcber kundenspezifische OEM&amp;ODM-L\u00f6sungen f\u00fcr Thermokaraffen.<\/a><\/strong><\/p>","protected":false},"featured_media":9882,"comment_status":"closed","ping_status":"closed","template":"","meta":[],"product_cat":[54],"product_tag":[66,84],"class_list":{"0":"post-5785","1":"product","2":"type-product","3":"status-publish","4":"has-post-thumbnail","6":"product_cat-thermal-carafe-wholesale","7":"product_tag-wholesale-1000ml-thermos-carafe","8":"product_tag-wholesale-glass-liner-thermos-carafe","10":"first","11":"instock","12":"shipping-taxable","13":"product-type-simple"},"_links":{"self":[{"href":"https:\/\/moyahousehold.com\/de\/wp-json\/wp\/v2\/product\/5785","targetHints":{"allow":["GET"]}}],"collection":[{"href":"https:\/\/moyahousehold.com\/de\/wp-json\/wp\/v2\/product"}],"about":[{"href":"https:\/\/moyahousehold.com\/de\/wp-json\/wp\/v2\/types\/product"}],"replies":[{"embeddable":true,"href":"https:\/\/moyahousehold.com\/de\/wp-json\/wp\/v2\/comments?post=5785"}],"version-history":[{"count":0,"href":"https:\/\/moyahousehold.com\/de\/wp-json\/wp\/v2\/product\/5785\/revisions"}],"wp:featuredmedia":[{"embeddable":true,"href":"https:\/\/moyahousehold.com\/de\/wp-json\/wp\/v2\/media\/9882"}],"wp:attachment":[{"href":"https:\/\/moyahousehold.com\/de\/wp-json\/wp\/v2\/media?parent=5785"}],"wp:term":[{"taxonomy":"product_cat","embeddable":true,"href":"https:\/\/moyahousehold.com\/de\/wp-json\/wp\/v2\/product_cat?post=5785"},{"taxonomy":"product_tag","embeddable":true,"href":"https:\/\/moyahousehold.com\/de\/wp-json\/wp\/v2\/product_tag?post=5785"}],"curies":[{"name":"wp","href":"https:\/\/api.w.org\/{rel}","templated":true}]}}