{"id":5905,"date":"2024-06-22T09:15:13","date_gmt":"2024-06-22T09:15:13","guid":{"rendered":"https:\/\/moyahousehold.com\/?post_type=product&#038;p=5905"},"modified":"2026-04-07T09:21:18","modified_gmt":"2026-04-07T09:21:18","slug":"wholesale-insulated-stainless-steel-food-jar","status":"publish","type":"product","link":"https:\/\/moyahousehold.com\/de\/produkt\/wholesale-insulated-stainless-steel-food-jar\/","title":{"rendered":"304 Stainless Steel Insulated Food Jar \u2013 Keep Meals Hot or Cold, Durable, BPA-Free, Factory Direct Wholesale"},"content":{"rendered":"<h3 class=\"wp-block-heading\">Parameter des isolierten Lebensmittelbeh\u00e4lters aus Edelstahl<\/h3>\n\n\n\n<p><strong>Material:<\/strong> 304 + PP <strong> Farbe:<\/strong> Beige\/Khaki<\/p>\n\n\n\n<div class=\"wp-block-group\"><div class=\"wp-block-group__inner-container is-layout-constrained wp-block-group-is-layout-constrained\">\n<div class=\"wp-block-group\"><div class=\"wp-block-group__inner-container is-layout-constrained wp-block-group-is-layout-constrained\">\n<figure class=\"wp-block-table\"><table><tbody><tr><td>Modellnummer<\/td><td>Kapazit\u00e4t<\/td><td>Gr\u00f6\u00dfe des Produkts<\/td><td>Menge pro Kiste<\/td><td>N.W<\/td><td>G.W\/Koffer<\/td><\/tr><tr><td>MYLY021<\/td><td>Single layer\/800ml<\/td><td>12*12*9.5<\/td><td>60<\/td><td>0.33<\/td><td>24.8<\/td><\/tr><tr><td>MYLY022<\/td><td>Double layers\/1200ml<\/td><td>12*12*18.5<\/td><td>40<\/td><td>0.52<\/td><td>25.8<\/td><\/tr><tr><td>MYLY023<\/td><td>Single layer\/1600ml<\/td><td>12*12*24<\/td><td>32<\/td><td>0.72<\/td><td>28.0<\/td><\/tr><tr><td>MYLY024<\/td><td>Double layers\/2000ml<\/td><td>12*12*30<\/td><td>24<\/td><td>0.91<\/td><td>26.8<\/td><\/tr><\/tbody><\/table><\/figure>\n<\/div><\/div>\n<\/div><\/div>\n\n\n\n<h3 class=\"wp-block-heading\">Individuelle Optionen f\u00fcr Lebensmittelgl\u00e4ser<\/h3>\n\n\n\n<p><strong>Logo<\/strong>: Custom your brand logo on the insulated food jar and package.<br><strong>Logo 0ptions<\/strong>: Printed logo, laser engraved logo, etc.<br><strong>Muster<\/strong>: Druckmuster <br><strong>Printing Technology<\/strong>: Water transfer printing, silk screen printing, heat transfer printing, sublimation transfer, etc.<br><strong>Paket<\/strong>: Farbkasten<br><a href=\"https:\/\/moyahousehold.com\/de\/individuelle-losung\/\"><strong>Erfahren Sie mehr \u00fcber cuctom food jar detail<\/strong><\/a><\/p>\n\n\n\n<div class=\"wp-block-columns is-layout-flex wp-container-core-columns-is-layout-9d6595d7 wp-block-columns-is-layout-flex\">\n<div class=\"wp-block-column is-layout-flow wp-block-column-is-layout-flow\">\n<figure class=\"wp-block-image size-full\"><img fetchpriority=\"high\" decoding=\"async\" width=\"1500\" height=\"1500\" src=\"https:\/\/moyahousehold.com\/wp-content\/uploads\/2024\/06\/insulated-stainless-steel-food-jar-1.png\" alt=\"isolierter Edelstahl-Lebensmittelbeh\u00e4lter (1)\" class=\"wp-image-8644\" srcset=\"https:\/\/moyahousehold.com\/wp-content\/uploads\/2024\/06\/insulated-stainless-steel-food-jar-1.png 1500w, https:\/\/moyahousehold.com\/wp-content\/uploads\/2024\/06\/insulated-stainless-steel-food-jar-1-300x300.png 300w, https:\/\/moyahousehold.com\/wp-content\/uploads\/2024\/06\/insulated-stainless-steel-food-jar-1-150x150.png 150w, https:\/\/moyahousehold.com\/wp-content\/uploads\/2024\/06\/insulated-stainless-steel-food-jar-1-768x768.png 768w, https:\/\/moyahousehold.com\/wp-content\/uploads\/2024\/06\/insulated-stainless-steel-food-jar-1-12x12.png 12w, https:\/\/moyahousehold.com\/wp-content\/uploads\/2024\/06\/insulated-stainless-steel-food-jar-1-285x285.png 285w, https:\/\/moyahousehold.com\/wp-content\/uploads\/2024\/06\/insulated-stainless-steel-food-jar-1-270x270.png 270w, https:\/\/moyahousehold.com\/wp-content\/uploads\/2024\/06\/insulated-stainless-steel-food-jar-1-540x540.png 540w, https:\/\/moyahousehold.com\/wp-content\/uploads\/2024\/06\/insulated-stainless-steel-food-jar-1-660x660.png 660w\" sizes=\"(max-width: 1500px) 100vw, 1500px\" \/><\/figure>\n<\/div>\n\n\n\n<div class=\"wp-block-column is-layout-flow wp-block-column-is-layout-flow\">\n<figure class=\"wp-block-image size-full\"><img decoding=\"async\" width=\"750\" height=\"750\" src=\"https:\/\/moyahousehold.com\/wp-content\/uploads\/2024\/06\/insulated-stainless-steel-food-jar-2.png\" alt=\"isolierter Edelstahl-Lebensmittelbeh\u00e4lter (2)\" class=\"wp-image-8645\" srcset=\"https:\/\/moyahousehold.com\/wp-content\/uploads\/2024\/06\/insulated-stainless-steel-food-jar-2.png 750w, https:\/\/moyahousehold.com\/wp-content\/uploads\/2024\/06\/insulated-stainless-steel-food-jar-2-300x300.png 300w, https:\/\/moyahousehold.com\/wp-content\/uploads\/2024\/06\/insulated-stainless-steel-food-jar-2-150x150.png 150w, https:\/\/moyahousehold.com\/wp-content\/uploads\/2024\/06\/insulated-stainless-steel-food-jar-2-12x12.png 12w, https:\/\/moyahousehold.com\/wp-content\/uploads\/2024\/06\/insulated-stainless-steel-food-jar-2-285x285.png 285w, https:\/\/moyahousehold.com\/wp-content\/uploads\/2024\/06\/insulated-stainless-steel-food-jar-2-270x270.png 270w, https:\/\/moyahousehold.com\/wp-content\/uploads\/2024\/06\/insulated-stainless-steel-food-jar-2-540x540.png 540w, https:\/\/moyahousehold.com\/wp-content\/uploads\/2024\/06\/insulated-stainless-steel-food-jar-2-660x660.png 660w\" sizes=\"(max-width: 750px) 100vw, 750px\" \/><\/figure>\n<\/div>\n<\/div>\n\n\n\n<div class=\"wp-block-columns is-layout-flex wp-container-core-columns-is-layout-9d6595d7 wp-block-columns-is-layout-flex\">\n<div class=\"wp-block-column is-layout-flow wp-block-column-is-layout-flow\">\n<figure class=\"wp-block-image size-full\"><img decoding=\"async\" width=\"4160\" height=\"6240\" src=\"https:\/\/moyahousehold.com\/wp-content\/uploads\/2024\/06\/LY-\u53d1\u6ce1\u4fdd\u6e29\u996d\u76d2-2.jpg\" alt=\"Beige and Khaki stainless steel insulated food jar set with stackable containers, airtight lids, and a folding spoon\" class=\"wp-image-12697\" srcset=\"https:\/\/moyahousehold.com\/wp-content\/uploads\/2024\/06\/LY-\u53d1\u6ce1\u4fdd\u6e29\u996d\u76d2-2.jpg 4160w, https:\/\/moyahousehold.com\/wp-content\/uploads\/2024\/06\/LY-\u53d1\u6ce1\u4fdd\u6e29\u996d\u76d2-2-200x300.jpg 200w, https:\/\/moyahousehold.com\/wp-content\/uploads\/2024\/06\/LY-\u53d1\u6ce1\u4fdd\u6e29\u996d\u76d2-2-768x1152.jpg 768w, https:\/\/moyahousehold.com\/wp-content\/uploads\/2024\/06\/LY-\u53d1\u6ce1\u4fdd\u6e29\u996d\u76d2-2-8x12.jpg 8w, https:\/\/moyahousehold.com\/wp-content\/uploads\/2024\/06\/LY-\u53d1\u6ce1\u4fdd\u6e29\u996d\u76d2-2-285x428.jpg 285w, https:\/\/moyahousehold.com\/wp-content\/uploads\/2024\/06\/LY-\u53d1\u6ce1\u4fdd\u6e29\u996d\u76d2-2-1600x2400.jpg 1600w, https:\/\/moyahousehold.com\/wp-content\/uploads\/2024\/06\/LY-\u53d1\u6ce1\u4fdd\u6e29\u996d\u76d2-2-440x660.jpg 440w, https:\/\/moyahousehold.com\/wp-content\/uploads\/2024\/06\/LY-\u53d1\u6ce1\u4fdd\u6e29\u996d\u76d2-2-100x150.jpg 100w\" sizes=\"(max-width: 4160px) 100vw, 4160px\" \/><\/figure>\n<\/div>\n\n\n\n<div class=\"wp-block-column is-layout-flow wp-block-column-is-layout-flow\">\n<figure class=\"wp-block-image size-full\"><img loading=\"lazy\" decoding=\"async\" width=\"4160\" height=\"6240\" src=\"https:\/\/moyahousehold.com\/wp-content\/uploads\/2024\/06\/LY-\u53d1\u6ce1\u4fdd\u6e29\u996d\u76d2-11.jpg\" alt=\"Beige and Khaki stainless steel insulated food jar set with stackable containers, airtight lids, and a folding spoon\" class=\"wp-image-12696\" srcset=\"https:\/\/moyahousehold.com\/wp-content\/uploads\/2024\/06\/LY-\u53d1\u6ce1\u4fdd\u6e29\u996d\u76d2-11.jpg 4160w, https:\/\/moyahousehold.com\/wp-content\/uploads\/2024\/06\/LY-\u53d1\u6ce1\u4fdd\u6e29\u996d\u76d2-11-200x300.jpg 200w, https:\/\/moyahousehold.com\/wp-content\/uploads\/2024\/06\/LY-\u53d1\u6ce1\u4fdd\u6e29\u996d\u76d2-11-768x1152.jpg 768w, https:\/\/moyahousehold.com\/wp-content\/uploads\/2024\/06\/LY-\u53d1\u6ce1\u4fdd\u6e29\u996d\u76d2-11-8x12.jpg 8w, https:\/\/moyahousehold.com\/wp-content\/uploads\/2024\/06\/LY-\u53d1\u6ce1\u4fdd\u6e29\u996d\u76d2-11-285x428.jpg 285w, https:\/\/moyahousehold.com\/wp-content\/uploads\/2024\/06\/LY-\u53d1\u6ce1\u4fdd\u6e29\u996d\u76d2-11-1600x2400.jpg 1600w, https:\/\/moyahousehold.com\/wp-content\/uploads\/2024\/06\/LY-\u53d1\u6ce1\u4fdd\u6e29\u996d\u76d2-11-440x660.jpg 440w, https:\/\/moyahousehold.com\/wp-content\/uploads\/2024\/06\/LY-\u53d1\u6ce1\u4fdd\u6e29\u996d\u76d2-11-100x150.jpg 100w\" sizes=\"(max-width: 4160px) 100vw, 4160px\" \/><\/figure>\n<\/div>\n<\/div>","protected":false},"excerpt":{"rendered":"<p>Gro\u00dfhandel hochwertige isolierte Edelstahl Lebensmittelbeh\u00e4lter, die Zwischenschicht dieser Edelstahl Lebensmittelbeh\u00e4lter ist mit PU-Schaum gef\u00fcllt, die stark die Isolierwirkung verbessert, so dass die Lebensmittel oder Getr\u00e4nke in das Glas kann die entsprechende Temperatur f\u00fcr eine lange Zeit zu halten. Er ist f\u00fcr Schulen, Einzelh\u00e4ndler und Gro\u00dfh\u00e4ndler geeignet. Wir bieten wettbewerbsf\u00e4hige Preise f\u00fcr Gro\u00dfbestellungen, bitte kontaktieren Sie uns f\u00fcr ein Angebot.<\/p>\n<h3>Merkmale und Vorteile des isolierten Edelstahlgef\u00e4\u00dfes<\/h3>\n<p><strong>Hochwertiges Material aus rostfreiem Stahl:<\/strong> Die Auskleidung des Beh\u00e4lters besteht aus lebensmittelechtem Edelstahl 304, der nicht nur sehr korrosionsbest\u00e4ndig und antibakteriell ist, sondern auch zur Aufbewahrung von hei\u00dfen Suppen, kalten Getr\u00e4nken oder verschiedenen Delikatessen verwendet werden kann.<\/p>\n<p><strong>Ausgezeichnete Isolierleistung:<\/strong> Durch die F\u00fcllung der Zwischenschicht mit PU-Schaum wird der Isolationseffekt effektiv verbessert, und die in der Dose gelagerten Lebensmittel oder Getr\u00e4nke k\u00f6nnen lange Zeit eine angemessene Temperatur beibehalten.<\/p>\n<p><strong>Gute Abdichtung:<\/strong> Dieser Lebensmittelbeh\u00e4lter aus rostfreiem Stahl verf\u00fcgt \u00fcber einen Silikondichtungsring und einen dicht schlie\u00dfenden Schraubverschluss, um sicherzustellen, dass der Beh\u00e4lter fest sitzt und nicht ausl\u00e4uft. Ob gekippt oder umgedreht, es wird keine Fl\u00fcssigkeit versch\u00fcttet, geeignet f\u00fcr die Platzierung in einer Tasche oder in einem Auto.<\/p>\n<p><strong>Leicht zu tragen:<\/strong> Dieser Edelstahl-Beh\u00e4lter ist leicht und mit einem bequemen Griff zum einfachen Tragen ausgestattet. Geeignet f\u00fcr das t\u00e4gliche Pendeln, die Arbeit, die Schule oder kurze Reisen, kann es leicht Ihre Isolierung Bed\u00fcrfnisse erf\u00fcllen.<\/p>\n<p><strong>Anpassungsdienst:<\/strong> Wir bieten OEM- und ODM-Anpassungsdienste an. Kunden k\u00f6nnen exklusive Farben, Gr\u00f6\u00dfen und Markenlogos w\u00e4hlen, um einzigartige Produkte zu schaffen.<\/p>","protected":false},"featured_media":8646,"comment_status":"closed","ping_status":"closed","template":"","meta":[],"product_cat":[58],"product_tag":[89,90,143,91],"class_list":{"0":"post-5905","1":"product","2":"type-product","3":"status-publish","4":"has-post-thumbnail","6":"product_cat-lunch-box-wholesale","7":"product_tag-wholesale-3-layer-lunch-box","8":"product_tag-wholesale-double-layer-lunch-box","9":"product_tag-insulated-food-jar","10":"product_tag-wholesale-round-lunch-box","12":"first","13":"instock","14":"shipping-taxable","15":"product-type-simple"},"_links":{"self":[{"href":"https:\/\/moyahousehold.com\/de\/wp-json\/wp\/v2\/product\/5905","targetHints":{"allow":["GET"]}}],"collection":[{"href":"https:\/\/moyahousehold.com\/de\/wp-json\/wp\/v2\/product"}],"about":[{"href":"https:\/\/moyahousehold.com\/de\/wp-json\/wp\/v2\/types\/product"}],"replies":[{"embeddable":true,"href":"https:\/\/moyahousehold.com\/de\/wp-json\/wp\/v2\/comments?post=5905"}],"version-history":[{"count":0,"href":"https:\/\/moyahousehold.com\/de\/wp-json\/wp\/v2\/product\/5905\/revisions"}],"wp:featuredmedia":[{"embeddable":true,"href":"https:\/\/moyahousehold.com\/de\/wp-json\/wp\/v2\/media\/8646"}],"wp:attachment":[{"href":"https:\/\/moyahousehold.com\/de\/wp-json\/wp\/v2\/media?parent=5905"}],"wp:term":[{"taxonomy":"product_cat","embeddable":true,"href":"https:\/\/moyahousehold.com\/de\/wp-json\/wp\/v2\/product_cat?post=5905"},{"taxonomy":"product_tag","embeddable":true,"href":"https:\/\/moyahousehold.com\/de\/wp-json\/wp\/v2\/product_tag?post=5905"}],"curies":[{"name":"wp","href":"https:\/\/api.w.org\/{rel}","templated":true}]}}