{"id":5906,"date":"2024-06-22T09:24:51","date_gmt":"2024-06-22T09:18:31","guid":{"rendered":"https:\/\/moyahousehold.com\/?post_type=product&#038;p=5906"},"modified":"2025-04-22T09:51:49","modified_gmt":"2025-04-22T09:51:49","slug":"customized-stainless-steel-bento-box-with-transparency-lid-wholesale","status":"publish","type":"product","link":"https:\/\/moyahousehold.com\/de\/produkt\/customized-stainless-steel-bento-box-with-transparency-lid-wholesale\/","title":{"rendered":"Gro\u00dfhandel Edelstahl Lunch-Boxen mit Transparenz Deckel: 2 F\u00e4cher und 3 F\u00e4cher zur Verf\u00fcgung"},"content":{"rendered":"<h2 class=\"wp-block-heading\">Parameter von Lunchboxen aus Edelstahl<\/h2>\n\n\n\n<p><strong>Material:<\/strong>304 + PP <strong> Farbe:<\/strong>Beige<\/p>\n\n\n\n<figure class=\"wp-block-table\"><table><tbody><tr><td>Modellnummer<\/td><td>Produktname <\/td><td>Kapazit\u00e4t<\/td><td>Gr\u00f6\u00dfe des Produkts<\/td><td>\u00c4u\u00dfere Gr\u00f6\u00dfe der Box<\/td><td>Menge pro Kiste<\/td><td>N.W<\/td><td>G.W\/Koffer<\/td><\/tr><tr><td>MYJD110<\/td><td>Bento-Box aus Edelstahl mit 2 F\u00e4chern<\/td><td>2 F\u00e4cher<\/td><td>20.5*14*6.5<\/td><td>62*38*68<\/td><td>60<\/td><td>0.44<\/td><td>26<\/td><\/tr><tr><td>MYJD111<\/td><td>Bento-Box aus Edelstahl mit 3 F\u00e4chern <\/td><td>3 F\u00e4cher<\/td><td>20.5*14*6.5<\/td><td>62*38*68<\/td><td>60<\/td><td>0.44<\/td><td>32.5<\/td><\/tr><\/tbody><\/table><\/figure>\n\n\n\n<h3 class=\"wp-block-heading\">Individuelle Bento-Box-Optionen<\/h3>\n\n\n\n<p><strong>Logo<\/strong>: Gestalten Sie Ihr Markenlogo auf der Bento-Box aus Edelstahl und der Verpackung.<br><strong>Logo-Optionen<\/strong>: gedrucktes Logo, lasergraviertes Logo, etc.<br><strong>Muster<\/strong>: Druck von individuellen Mustern auf Produkte und Verpackungen.<br><strong>Drucktechnik<\/strong>Wassertransferdruck, Siebdruck, W\u00e4rmetransferdruck, Sublimationstransfer, etc.<br><strong>Paket<\/strong>:Farbkasten<br><a href=\"https:\/\/moyahousehold.com\/de\/individuelle-losung\/\"><strong>Erfahren Sie mehr \u00fcber benutzerdefinierte Bento-Box Details<\/strong><\/a><\/p>\n\n\n\n<div class=\"wp-block-columns is-layout-flex wp-container-core-columns-is-layout-9d6595d7 wp-block-columns-is-layout-flex\">\n<div class=\"wp-block-column is-layout-flow wp-block-column-is-layout-flow\">\n<figure class=\"wp-block-image size-full\"><img fetchpriority=\"high\" decoding=\"async\" width=\"2656\" height=\"2656\" src=\"https:\/\/moyahousehold.com\/wp-content\/uploads\/2024\/06\/YJD110-111-5.webp\" alt=\"Ma\u00dfgeschneiderte Bento-Box Gro\u00dfhandel mit Transparenz Deckel\" class=\"wp-image-5311\" srcset=\"https:\/\/moyahousehold.com\/wp-content\/uploads\/2024\/06\/YJD110-111-5.webp 2656w, https:\/\/moyahousehold.com\/wp-content\/uploads\/2024\/06\/YJD110-111-5-300x300.webp 300w, https:\/\/moyahousehold.com\/wp-content\/uploads\/2024\/06\/YJD110-111-5-150x150.webp 150w, https:\/\/moyahousehold.com\/wp-content\/uploads\/2024\/06\/YJD110-111-5-768x768.webp 768w, https:\/\/moyahousehold.com\/wp-content\/uploads\/2024\/06\/YJD110-111-5-285x285.webp 285w, https:\/\/moyahousehold.com\/wp-content\/uploads\/2024\/06\/YJD110-111-5-1600x1600.webp 1600w, https:\/\/moyahousehold.com\/wp-content\/uploads\/2024\/06\/YJD110-111-5-270x270.webp 270w, https:\/\/moyahousehold.com\/wp-content\/uploads\/2024\/06\/YJD110-111-5-540x540.webp 540w, https:\/\/moyahousehold.com\/wp-content\/uploads\/2024\/06\/YJD110-111-5-660x660.webp 660w\" sizes=\"(max-width: 2656px) 100vw, 2656px\" \/><\/figure>\n<\/div>\n\n\n\n<div class=\"wp-block-column is-layout-flow wp-block-column-is-layout-flow\">\n<figure class=\"wp-block-image size-full\"><img decoding=\"async\" width=\"2656\" height=\"2656\" src=\"https:\/\/moyahousehold.com\/wp-content\/uploads\/2024\/06\/YJD110-111-11.webp\" alt=\"\" class=\"wp-image-5316\" srcset=\"https:\/\/moyahousehold.com\/wp-content\/uploads\/2024\/06\/YJD110-111-11.webp 2656w, https:\/\/moyahousehold.com\/wp-content\/uploads\/2024\/06\/YJD110-111-11-300x300.webp 300w, https:\/\/moyahousehold.com\/wp-content\/uploads\/2024\/06\/YJD110-111-11-150x150.webp 150w, https:\/\/moyahousehold.com\/wp-content\/uploads\/2024\/06\/YJD110-111-11-768x768.webp 768w, https:\/\/moyahousehold.com\/wp-content\/uploads\/2024\/06\/YJD110-111-11-285x285.webp 285w, https:\/\/moyahousehold.com\/wp-content\/uploads\/2024\/06\/YJD110-111-11-1600x1600.webp 1600w, https:\/\/moyahousehold.com\/wp-content\/uploads\/2024\/06\/YJD110-111-11-270x270.webp 270w, https:\/\/moyahousehold.com\/wp-content\/uploads\/2024\/06\/YJD110-111-11-540x540.webp 540w, https:\/\/moyahousehold.com\/wp-content\/uploads\/2024\/06\/YJD110-111-11-660x660.webp 660w\" sizes=\"(max-width: 2656px) 100vw, 2656px\" \/><\/figure>\n<\/div>\n<\/div>\n\n\n\n<div class=\"wp-block-columns is-layout-flex wp-container-core-columns-is-layout-9d6595d7 wp-block-columns-is-layout-flex\">\n<div class=\"wp-block-column is-layout-flow wp-block-column-is-layout-flow\"><\/div>\n\n\n\n<div class=\"wp-block-column is-layout-flow wp-block-column-is-layout-flow\"><\/div>\n<\/div>","protected":false},"excerpt":{"rendered":"<p>Gro\u00dfhandel Edelstahl Lunch-Boxen, aus hochwertigem Edelstahl, FDA und LFGB zertifiziert. Dieser Stil hat 2 F\u00e4cher und 3 F\u00e4cher zur Auswahl. Die Edelstahl-Liner kann in der Mikrowelle platziert werden, nachdem die \u00e4u\u00dfere Schale zum Erhitzen abnehmbar ist, geeignet f\u00fcr Haus und B\u00fcro verwenden. Unterst\u00fctzung der Markenanpassung, willkommen B-End-K\u00e4ufer, um uns f\u00fcr Angebote zu kontaktieren.<\/p>\n<h3>Merkmale der anpassbaren Bento-Box<\/h3>\n<p><strong>Material Edelstahl 304:<\/strong> Die Gro\u00dfhandels-Lunchbox ist aus hochwertigem 304-Edelstahl gefertigt. Es ist sehr sicher und geeignet f\u00fcr die Lagerung von verschiedenen hei\u00dfen und kalten Speisen f\u00fcr eine lange Zeit.<\/p>\n<p><strong>Leicht zu reinigen:<\/strong> Die Innenfl\u00e4che der Brotdose ist poliert. F\u00fcr die t\u00e4gliche Reinigung brauchen Sie sie nur abzusp\u00fclen oder abzuwischen, um Flecken zu entfernen. Sie kann auch in der Sp\u00fclmaschine gereinigt werden, was Zeit und M\u00fche spart.<\/p>\n<p><strong>Effizientes Dichtungsdesign:<\/strong> Die Brotdose verf\u00fcgt \u00fcber einen eingebauten hochwertigen lebensmittelechten Silikondichtungsring mit ausgezeichneter Dichtungsleistung. Er kann das Auslaufen von Suppe und Fl\u00fcssigkeit effektiv verhindern und ist sehr gut f\u00fcr die Durchf\u00fchrung geeignet.<\/p>\n<p><strong>Vierseitiges Schlossdesign:<\/strong> Die vierseitige feste Verschlussstruktur sorgt daf\u00fcr, dass die Bento-Box beim Tragen nicht versehentlich ge\u00f6ffnet wird. Jedes Schloss wurde strengen Haltbarkeitstests unterzogen und kann wiederholtem Gebrauch standhalten.<\/p>\n<p><strong>Leicht zu tragen:<\/strong> Das Gesamtdesign dieser Lunchbox ist leicht und kompakt. Egal, ob sie in einen Rucksack, eine Handtasche oder eine Brotzeittasche gesteckt wird, sie nimmt nicht zu viel Platz weg, was das Unterwegssein einfacher und bequemer macht.<\/p>\n<p><strong>Kundenspezifische Dienstleistungen:<\/strong> Wir bieten ma\u00dfgeschneiderte L\u00f6sungen f\u00fcr Lunchboxen. Ob es sich um die Farbe des Aussehens, das Design der Kapazit\u00e4t oder die Anpassung des Markenlogos handelt, unser Team kann sich flexibel an die Bed\u00fcrfnisse des Kunden anpassen.<\/p>","protected":false},"featured_media":8939,"comment_status":"closed","ping_status":"closed","template":"","meta":[],"product_cat":[58],"product_tag":[87,92],"class_list":{"0":"post-5906","1":"product","2":"type-product","3":"status-publish","4":"has-post-thumbnail","6":"product_cat-lunch-box-wholesale","7":"product_tag-wholesale-multi-compartment-lunch-box","8":"product_tag-wholesale-rectangle-lunch-box","10":"first","11":"instock","12":"shipping-taxable","13":"product-type-simple"},"_links":{"self":[{"href":"https:\/\/moyahousehold.com\/de\/wp-json\/wp\/v2\/product\/5906","targetHints":{"allow":["GET"]}}],"collection":[{"href":"https:\/\/moyahousehold.com\/de\/wp-json\/wp\/v2\/product"}],"about":[{"href":"https:\/\/moyahousehold.com\/de\/wp-json\/wp\/v2\/types\/product"}],"replies":[{"embeddable":true,"href":"https:\/\/moyahousehold.com\/de\/wp-json\/wp\/v2\/comments?post=5906"}],"version-history":[{"count":0,"href":"https:\/\/moyahousehold.com\/de\/wp-json\/wp\/v2\/product\/5906\/revisions"}],"wp:featuredmedia":[{"embeddable":true,"href":"https:\/\/moyahousehold.com\/de\/wp-json\/wp\/v2\/media\/8939"}],"wp:attachment":[{"href":"https:\/\/moyahousehold.com\/de\/wp-json\/wp\/v2\/media?parent=5906"}],"wp:term":[{"taxonomy":"product_cat","embeddable":true,"href":"https:\/\/moyahousehold.com\/de\/wp-json\/wp\/v2\/product_cat?post=5906"},{"taxonomy":"product_tag","embeddable":true,"href":"https:\/\/moyahousehold.com\/de\/wp-json\/wp\/v2\/product_tag?post=5906"}],"curies":[{"name":"wp","href":"https:\/\/api.w.org\/{rel}","templated":true}]}}