{"id":5955,"date":"2024-06-25T03:52:51","date_gmt":"2024-06-25T03:52:51","guid":{"rendered":"https:\/\/moyahousehold.com\/?post_type=product&#038;p=5955"},"modified":"2025-03-05T10:11:22","modified_gmt":"2025-03-05T10:11:22","slug":"custom-stainless-steel-food-storage-container","status":"publish","type":"product","link":"https:\/\/moyahousehold.com\/de\/produkt\/custom-stainless-steel-food-storage-container\/","title":{"rendered":"Benutzerdefinierte Edelstahl-Lebensmittel-Lagerung-Container, kommerzielle Bulk Food Storage Containers zu verkaufen"},"content":{"rendered":"<div class=\"wp-block-columns is-layout-flex wp-container-core-columns-is-layout-9d6595d7 wp-block-columns-is-layout-flex\">\n<div class=\"wp-block-column is-layout-flow wp-block-column-is-layout-flow\">\n<h3 class=\"wp-block-heading\">Parameter des Lebensmittelbeh\u00e4lters aus Edelstahl<\/h3>\n\n\n\n<figure class=\"wp-block-table\"><table><tbody><tr><td>Artikel NO<\/td><td>Kapazit\u00e4t<\/td><td>Gr\u00f6\u00dfe\/PCS<\/td><td>PCS\/Koffer<\/td><td>N.W.\/PCS<\/td><td>G.W.\/Fall<\/td><\/tr><tr><td>MYJD224<\/td><td>420ml<\/td><td>13.3*9.6*5.6<\/td><td>80<\/td><td>14<\/td><td>0.15<\/td><\/tr><tr><td>MYJD225<\/td><td>660ml<\/td><td>13.3*9.6*8.2<\/td><td>80<\/td><td>14.8<\/td><td>0.16<\/td><\/tr><tr><td>MYJD226<\/td><td>900ml<\/td><td>13.3*9.6*10.7<\/td><td>60<\/td><td>14<\/td><td>0.2<\/td><\/tr><tr><td>MYJD227<\/td><td>1000ml<\/td><td>20.3*13.5*5.7<\/td><td>60<\/td><td>17<\/td><td>0.25<\/td><\/tr><tr><td>MYJD228<\/td><td>1600ml<\/td><td>20.3*13.5*8.2<\/td><td>60<\/td><td>18.8<\/td><td>0.28<\/td><\/tr><tr><td>MYJD229<\/td><td>2100ml<\/td><td>20.3*13.5*10.7<\/td><td>48<\/td><td>18.32<\/td><td>0.34<\/td><\/tr><tr><td>MYJD230<\/td><td>2400ml<\/td><td>27.5*20.2*6<\/td><td>48<\/td><td>25.52<\/td><td>0.49<\/td><\/tr><tr><td>MYJD231<\/td><td>3500ml<\/td><td>27.5*20.2*8.2<\/td><td>36<\/td><td>22.52<\/td><td>0.57<\/td><\/tr><tr><td>MYJD232<\/td><td>4600ml<\/td><td>27.5*20.2*10.7<\/td><td>24<\/td><td>17.12<\/td><td>0.63<\/td><\/tr><\/tbody><\/table><\/figure>\n<\/div>\n<\/div>\n\n\n\n<h3 class=\"wp-block-heading\">Kundenspezifische Edelstahl-Lebensmittelbeh\u00e4lter-Optionen<\/h3>\n\n\n\n<p><strong>Logo: <\/strong>Ihr Markenlogo auf Lebensmittelbeh\u00e4ltern und -verpackungen anbringen.<br><strong>Deckel:<\/strong> Glasdeckel, PP-Deckel<br><strong>Logo-Optionen:<\/strong> gedrucktes Logo, lasergraviertes Logo, usw.<br><strong>Muster:<\/strong> Druck von Mustern auf Lebensmittelbeh\u00e4ltern.<br><strong>Drucktechnik: <\/strong>Wassertransferdruck, Siebdruck, W\u00e4rmetransferdruck, usw.<br><strong>Paket:<\/strong> Farbkasten<br><a href=\"https:\/\/moyahousehold.com\/de\/individuelle-losung\/\" data-type=\"page\" data-id=\"2817\"><strong>Erfahren Sie mehr \u00fcber individuelle L\u00f6sungen f\u00fcr Lebensmittelbeh\u00e4lter.<\/strong><\/a><\/p>\n\n\n\n<div class=\"wp-block-columns is-layout-flex wp-container-core-columns-is-layout-9d6595d7 wp-block-columns-is-layout-flex\">\n<div class=\"wp-block-column is-layout-flow wp-block-column-is-layout-flow\">\n<figure class=\"wp-block-image size-full\"><img fetchpriority=\"high\" decoding=\"async\" width=\"2000\" height=\"2000\" src=\"https:\/\/moyahousehold.com\/wp-content\/uploads\/2024\/06\/stainless-steel-csutom-food-container-1.jpg\" alt=\"Lebensmittelbeh\u00e4lter aus Edelstahl csutom (1)\" class=\"wp-image-9147\" srcset=\"https:\/\/moyahousehold.com\/wp-content\/uploads\/2024\/06\/stainless-steel-csutom-food-container-1.jpg 2000w, https:\/\/moyahousehold.com\/wp-content\/uploads\/2024\/06\/stainless-steel-csutom-food-container-1-300x300.jpg 300w, https:\/\/moyahousehold.com\/wp-content\/uploads\/2024\/06\/stainless-steel-csutom-food-container-1-150x150.jpg 150w, https:\/\/moyahousehold.com\/wp-content\/uploads\/2024\/06\/stainless-steel-csutom-food-container-1-768x768.jpg 768w, https:\/\/moyahousehold.com\/wp-content\/uploads\/2024\/06\/stainless-steel-csutom-food-container-1-12x12.jpg 12w, https:\/\/moyahousehold.com\/wp-content\/uploads\/2024\/06\/stainless-steel-csutom-food-container-1-285x285.jpg 285w, https:\/\/moyahousehold.com\/wp-content\/uploads\/2024\/06\/stainless-steel-csutom-food-container-1-1600x1600.jpg 1600w, https:\/\/moyahousehold.com\/wp-content\/uploads\/2024\/06\/stainless-steel-csutom-food-container-1-270x270.jpg 270w, https:\/\/moyahousehold.com\/wp-content\/uploads\/2024\/06\/stainless-steel-csutom-food-container-1-540x540.jpg 540w, https:\/\/moyahousehold.com\/wp-content\/uploads\/2024\/06\/stainless-steel-csutom-food-container-1-660x660.jpg 660w\" sizes=\"(max-width: 2000px) 100vw, 2000px\" \/><\/figure>\n<\/div>\n\n\n\n<div class=\"wp-block-column is-layout-flow wp-block-column-is-layout-flow\">\n<figure class=\"wp-block-image size-full\"><img decoding=\"async\" width=\"2000\" height=\"2000\" src=\"https:\/\/moyahousehold.com\/wp-content\/uploads\/2024\/06\/stainless-steel-csutom-food-container-2.jpg\" alt=\"csutom Lebensmittelbeh\u00e4lter aus Edelstahl (2)\" class=\"wp-image-9148\" srcset=\"https:\/\/moyahousehold.com\/wp-content\/uploads\/2024\/06\/stainless-steel-csutom-food-container-2.jpg 2000w, https:\/\/moyahousehold.com\/wp-content\/uploads\/2024\/06\/stainless-steel-csutom-food-container-2-300x300.jpg 300w, https:\/\/moyahousehold.com\/wp-content\/uploads\/2024\/06\/stainless-steel-csutom-food-container-2-150x150.jpg 150w, https:\/\/moyahousehold.com\/wp-content\/uploads\/2024\/06\/stainless-steel-csutom-food-container-2-768x768.jpg 768w, https:\/\/moyahousehold.com\/wp-content\/uploads\/2024\/06\/stainless-steel-csutom-food-container-2-12x12.jpg 12w, https:\/\/moyahousehold.com\/wp-content\/uploads\/2024\/06\/stainless-steel-csutom-food-container-2-285x285.jpg 285w, https:\/\/moyahousehold.com\/wp-content\/uploads\/2024\/06\/stainless-steel-csutom-food-container-2-1600x1600.jpg 1600w, https:\/\/moyahousehold.com\/wp-content\/uploads\/2024\/06\/stainless-steel-csutom-food-container-2-270x270.jpg 270w, https:\/\/moyahousehold.com\/wp-content\/uploads\/2024\/06\/stainless-steel-csutom-food-container-2-540x540.jpg 540w, https:\/\/moyahousehold.com\/wp-content\/uploads\/2024\/06\/stainless-steel-csutom-food-container-2-660x660.jpg 660w\" sizes=\"(max-width: 2000px) 100vw, 2000px\" \/><\/figure>\n<\/div>\n<\/div>","protected":false},"excerpt":{"rendered":"<p>Moya ist ein Gro\u00dfhandelslieferant und Hersteller von Lebensmittelbeh\u00e4ltern aus China. Wir Gro\u00dfhandel Lebensmittelbeh\u00e4lter von verschiedenen Spezifikationen. Und bieten kundenspezifische Lebensmittel-Container-Service. Egal, ob Sie ein Catering-Unternehmen oder ein Supermarkt sind, unsere hochwertigen Edelstahl-Gro\u00dfhandel Lebensmittelbeh\u00e4lter k\u00f6nnen Ihre Verwendung oder Verkauf Bed\u00fcrfnisse zu erf\u00fcllen. Zur gleichen Zeit, OEM und ODM ma\u00dfgeschneiderte Lebensmittel-Container sind willkommen. Bitte kontaktieren Sie uns f\u00fcr mehr Gro\u00dfhandel und benutzerdefinierte Detail.<\/p>\n<h3>Merkmale und Vorteile von Gro\u00dfhandels-Lebensmittelcontainern<\/h3>\n<p><strong>Anpassbar:<\/strong> Als professioneller Hersteller von Lebensmittelbeh\u00e4ltern aus Edelstahl bieten wir eine Vielzahl von Anpassungsm\u00f6glichkeiten, einschlie\u00dflich Gr\u00f6\u00dfe, Design, Material und Farbe. Ob es in Restaurants, Hotels, Superm\u00e4rkten verwendet wird, k\u00f6nnen wir hochwertige OEM &amp; ODM kundenspezifische Lebensmittelbeh\u00e4lter L\u00f6sungen bieten<\/p>\n<p><strong>Hochwertiges Material:<\/strong> Dieser Gro\u00dfhandels-Lebensmittelbeh\u00e4lter besteht aus hochwertigem Edelstahl 304 mit einer glatten Oberfl\u00e4che, die das Wachstum von Bakterien wirksam reduziert und leicht zu reinigen ist. Es wird keinen Geruch hinterlassen, wenn Lebensmittel zu speichern.<\/p>\n<p><strong>Verschiedene Optionen<\/strong>: Wir bieten Lebensmittelbeh\u00e4lter in verschiedenen Gr\u00f6\u00dfen an, um den Lagerungsbedarf von Haushalten und Restaurants zu decken, mit einem Fassungsverm\u00f6gen von 420 ml bis 4600 ml.<\/p>\n<p><strong>Auslaufsicheres Design:<\/strong> Dieser Lebensmittelbeh\u00e4lter aus Edelstahl ist mit einem verbreiterten Dichtungsring aus Silikon ausgestattet, der dicht abschlie\u00dft und so eine rundum auslaufsichere, feuchtigkeitsdichte und frische Aufbewahrung gew\u00e4hrleistet.<\/p>\n<p><strong>Verdickter Kartondeckel:<\/strong> Der Lebensmittelbeh\u00e4lter aus rostfreiem Stahl verf\u00fcgt \u00fcber einen verdickten PP-Deckel, der sich nicht so leicht verformt und f\u00fcr gewerbliche Bereiche mit h\u00e4ufigem Gebrauch geeignet ist.<\/p>","protected":false},"featured_media":9149,"comment_status":"open","ping_status":"closed","template":"","meta":[],"product_cat":[57],"product_tag":[95,106,99],"class_list":{"0":"post-5955","1":"product","2":"type-product","3":"status-publish","4":"has-post-thumbnail","6":"product_cat-food-storage-container-wholesale","7":"product_tag-wholesale-food-storage-containers-with-date-dial","8":"product_tag-microwavable-food-storage-containers","9":"product_tag-wholesale-rectangle-food-storage-containers","11":"first","12":"instock","13":"shipping-taxable","14":"product-type-simple"},"_links":{"self":[{"href":"https:\/\/moyahousehold.com\/de\/wp-json\/wp\/v2\/product\/5955","targetHints":{"allow":["GET"]}}],"collection":[{"href":"https:\/\/moyahousehold.com\/de\/wp-json\/wp\/v2\/product"}],"about":[{"href":"https:\/\/moyahousehold.com\/de\/wp-json\/wp\/v2\/types\/product"}],"replies":[{"embeddable":true,"href":"https:\/\/moyahousehold.com\/de\/wp-json\/wp\/v2\/comments?post=5955"}],"version-history":[{"count":0,"href":"https:\/\/moyahousehold.com\/de\/wp-json\/wp\/v2\/product\/5955\/revisions"}],"wp:featuredmedia":[{"embeddable":true,"href":"https:\/\/moyahousehold.com\/de\/wp-json\/wp\/v2\/media\/9149"}],"wp:attachment":[{"href":"https:\/\/moyahousehold.com\/de\/wp-json\/wp\/v2\/media?parent=5955"}],"wp:term":[{"taxonomy":"product_cat","embeddable":true,"href":"https:\/\/moyahousehold.com\/de\/wp-json\/wp\/v2\/product_cat?post=5955"},{"taxonomy":"product_tag","embeddable":true,"href":"https:\/\/moyahousehold.com\/de\/wp-json\/wp\/v2\/product_tag?post=5955"}],"curies":[{"name":"wp","href":"https:\/\/api.w.org\/{rel}","templated":true}]}}