{"id":6023,"date":"2024-06-25T10:10:58","date_gmt":"2024-06-25T10:10:58","guid":{"rendered":"https:\/\/moyahousehold.com\/?post_type=product&#038;p=6023"},"modified":"2025-03-05T10:11:04","modified_gmt":"2025-03-05T10:11:04","slug":"custom-steel-food-storage-containers","status":"publish","type":"product","link":"https:\/\/moyahousehold.com\/de\/produkt\/custom-steel-food-storage-containers\/","title":{"rendered":"Individuelle Lebensmittelbeh\u00e4lter aus Stahl mit einem Fassungsverm\u00f6gen von 420 ml bis 4600 ml"},"content":{"rendered":"<div class=\"wp-block-columns is-layout-flex wp-container-core-columns-is-layout-9d6595d7 wp-block-columns-is-layout-flex\">\n<div class=\"wp-block-column is-layout-flow wp-block-column-is-layout-flow\">\n<h3 class=\"wp-block-heading\">Parameter von kundenspezifischen Lebensmittelbeh\u00e4ltern<\/h3>\n<\/div>\n<\/div>\n\n\n\n<figure class=\"wp-block-table\"><table><tbody><tr><td><\/td><td>Kapazit\u00e4t<\/td><td>Gr\u00f6\u00dfe des Produkts<\/td><td>\u00c4u\u00dfere Gr\u00f6\u00dfe des Kartons<\/td><td>Menge pro Kiste<\/td><td>N.W<\/td><td>G.W\/Koffer<\/td><\/tr><tr><td>MYJD117<\/td><td>420ml<\/td><td>13.3*9.6*5.6<\/td><td>\/<\/td><td>80<\/td><td>0.15<\/td><td>11.6<\/td><\/tr><tr><td>MYJD118<\/td><td>660ml<\/td><td>13.3*9.6*8.2<\/td><td>\/<\/td><td>80<\/td><td>0.16<\/td><td>13.8<\/td><\/tr><tr><td>MYJD119<\/td><td>900ml<\/td><td>13.3*9.6*10.7<\/td><td>\/<\/td><td>60<\/td><td>0.2<\/td><td>16<\/td><\/tr><tr><td>MYJD120<\/td><td>1000ml<\/td><td>20.3*13.5*5.7<\/td><td>\/<\/td><td>60<\/td><td>0.25<\/td><td>16.3<\/td><\/tr><tr><td>MYJD121<\/td><td>1600ml<\/td><td>20.3*13.5*8.2<\/td><td>\/<\/td><td>60<\/td><td>0.28<\/td><td>20.5<\/td><\/tr><tr><td>MYJD122<\/td><td>2100ml<\/td><td>20.3*13.5*10.7<\/td><td>\/<\/td><td>48<\/td><td>0.34<\/td><td>24.8<\/td><\/tr><tr><td>MYJD123<\/td><td>2400ml<\/td><td>27.5*20.2*6<\/td><td>\/<\/td><td>48<\/td><td>0.49<\/td><td>28.5<\/td><\/tr><tr><td>MYJD124<\/td><td>3500ml<\/td><td>27.5*20.2*8.2<\/td><td>\/<\/td><td>36<\/td><td>0.57<\/td><td>32.8<\/td><\/tr><tr><td>MYJD125<\/td><td>4600ml<\/td><td>27.5*20.2*10.7<\/td><td>\/<\/td><td>24<\/td><td>0.63<\/td><td>37.5<\/td><\/tr><\/tbody><\/table><\/figure>\n\n\n\n<h3 class=\"wp-block-heading\">Individuelle Optionen f\u00fcr Lebensmittelbeh\u00e4lter<\/h3>\n\n\n\n<p><strong>Logo<\/strong>: Ihr Markenlogo auf Produkt und Verpackung.<br><strong>Deckel<\/strong>: Glasdeckel, PP-Deckel<br><strong>Logo-Optionen<\/strong>: gedrucktes Logo, lasergraviertes Logo, etc.<br><strong>Muster<\/strong>Druck von Mustern auf Lebensmittelbeh\u00e4ltern.<br><strong>Drucktechnik<\/strong>Wassertransferdruck, Siebdruck, W\u00e4rmetransferdruck, usw.<br><strong>Paket<\/strong>:Farbkasten<br><a href=\"https:\/\/moyahousehold.com\/de\/individuelle-losung\/\" data-type=\"page\" data-id=\"2817\"><strong>Mehr Anpassungsm\u00f6glichkeiten entdecken<\/strong><\/a><\/p>\n\n\n\n<div class=\"wp-block-columns is-layout-flex wp-container-core-columns-is-layout-9d6595d7 wp-block-columns-is-layout-flex\">\n<div class=\"wp-block-column is-layout-flow wp-block-column-is-layout-flow\">\n<figure class=\"wp-block-image size-full\"><img fetchpriority=\"high\" decoding=\"async\" width=\"1600\" height=\"1600\" src=\"https:\/\/moyahousehold.com\/wp-content\/uploads\/2024\/06\/custom-food-stoage-containers-detail-1.png\" alt=\"Kundenspezifische Lebensmittelbeh\u00e4lter Detail (1)\" class=\"wp-image-7648\" srcset=\"https:\/\/moyahousehold.com\/wp-content\/uploads\/2024\/06\/custom-food-stoage-containers-detail-1.png 1600w, https:\/\/moyahousehold.com\/wp-content\/uploads\/2024\/06\/custom-food-stoage-containers-detail-1-300x300.png 300w, https:\/\/moyahousehold.com\/wp-content\/uploads\/2024\/06\/custom-food-stoage-containers-detail-1-150x150.png 150w, https:\/\/moyahousehold.com\/wp-content\/uploads\/2024\/06\/custom-food-stoage-containers-detail-1-768x768.png 768w, https:\/\/moyahousehold.com\/wp-content\/uploads\/2024\/06\/custom-food-stoage-containers-detail-1-12x12.png 12w, https:\/\/moyahousehold.com\/wp-content\/uploads\/2024\/06\/custom-food-stoage-containers-detail-1-285x285.png 285w, https:\/\/moyahousehold.com\/wp-content\/uploads\/2024\/06\/custom-food-stoage-containers-detail-1-270x270.png 270w, https:\/\/moyahousehold.com\/wp-content\/uploads\/2024\/06\/custom-food-stoage-containers-detail-1-540x540.png 540w, https:\/\/moyahousehold.com\/wp-content\/uploads\/2024\/06\/custom-food-stoage-containers-detail-1-660x660.png 660w\" sizes=\"(max-width: 1600px) 100vw, 1600px\" \/><\/figure>\n<\/div>\n\n\n\n<div class=\"wp-block-column is-layout-flow wp-block-column-is-layout-flow\">\n<figure class=\"wp-block-image size-full\"><img decoding=\"async\" width=\"1600\" height=\"1600\" src=\"https:\/\/moyahousehold.com\/wp-content\/uploads\/2024\/06\/custom-food-stoage-containers-detail-2.png\" alt=\"Kundenspezifische Lebensmittelbeh\u00e4lter Detail (2)\" class=\"wp-image-7649\" srcset=\"https:\/\/moyahousehold.com\/wp-content\/uploads\/2024\/06\/custom-food-stoage-containers-detail-2.png 1600w, https:\/\/moyahousehold.com\/wp-content\/uploads\/2024\/06\/custom-food-stoage-containers-detail-2-300x300.png 300w, https:\/\/moyahousehold.com\/wp-content\/uploads\/2024\/06\/custom-food-stoage-containers-detail-2-150x150.png 150w, https:\/\/moyahousehold.com\/wp-content\/uploads\/2024\/06\/custom-food-stoage-containers-detail-2-768x768.png 768w, https:\/\/moyahousehold.com\/wp-content\/uploads\/2024\/06\/custom-food-stoage-containers-detail-2-12x12.png 12w, https:\/\/moyahousehold.com\/wp-content\/uploads\/2024\/06\/custom-food-stoage-containers-detail-2-285x285.png 285w, https:\/\/moyahousehold.com\/wp-content\/uploads\/2024\/06\/custom-food-stoage-containers-detail-2-270x270.png 270w, https:\/\/moyahousehold.com\/wp-content\/uploads\/2024\/06\/custom-food-stoage-containers-detail-2-540x540.png 540w, https:\/\/moyahousehold.com\/wp-content\/uploads\/2024\/06\/custom-food-stoage-containers-detail-2-660x660.png 660w\" sizes=\"(max-width: 1600px) 100vw, 1600px\" \/><\/figure>\n<\/div>\n<\/div>\n\n\n\n<div class=\"wp-block-columns is-layout-flex wp-container-core-columns-is-layout-9d6595d7 wp-block-columns-is-layout-flex\">\n<div class=\"wp-block-column is-layout-flow wp-block-column-is-layout-flow\"><\/div>\n\n\n\n<div class=\"wp-block-column is-layout-flow wp-block-column-is-layout-flow\"><\/div>\n<\/div>","protected":false},"excerpt":{"rendered":"<p>Wir bieten ma\u00dfgeschneiderte L\u00f6sungen f\u00fcr Lebensmittelbeh\u00e4lter aus Edelstahl an, um die unterschiedlichen Bed\u00fcrfnisse der Kunden zu erf\u00fcllen. Durch die flexible Gestaltung von Produktspezifikationen, Logos, Farben und Fassungsverm\u00f6gen sind wir in der Lage, ideale Optionen f\u00fcr verschiedene Bed\u00fcrfnisse zu bieten. Unsere Lebensmittelbeh\u00e4lter sind in der Gastronomie und in Gro\u00dfk\u00fcchen weit verbreitet und sind die beste Wahl f\u00fcr die Aufbewahrung von Lebensmitteln. Egal, ob Sie gro\u00dfe Mengen an Lebensmittelbeh\u00e4ltern ben\u00f6tigen oder OEM- und ODM-Sonderanfertigungen w\u00fcnschen, wir k\u00f6nnen Ihnen die beste L\u00f6sung bieten. Bitte kontaktieren Sie uns, um Ihre spezifischen Bed\u00fcrfnisse zu besprechen.<\/p>\n<h3>Merkmale und Vorteile von anpassbaren Lebensmittelbeh\u00e4ltern<\/h3>\n<p><strong>Stapelbare Konstruktion<\/strong>: Dieser anpassbare Lebensmittelbeh\u00e4lter aus Edelstahl hat ein vern\u00fcnftiges Design, das durch die Kombination von Beh\u00e4ltern mit unterschiedlichem Fassungsverm\u00f6gen erheblich Platz spart.<br \/><strong>Hochwertiges Material aus Edelstahl<\/strong>: Jeder Lebensmittelbeh\u00e4lter ist aus hochwertigem Edelstahl gefertigt und mit feiner Handwerkskunst verarbeitet, um eine ausgezeichnete Haltbarkeit zu gew\u00e4hrleisten.<br \/><strong>Einfach zu bedienen<\/strong>: Dieser Vorratsbeh\u00e4lter f\u00fcr Lebensmittel ist benutzerfreundlich, einfach zu bedienen und leicht im t\u00e4glichen Gebrauch. Sie eignen sich f\u00fcr die Aufbewahrung von kalten und warmen Speisen sowie von Lebensmitteln bei verschiedenen Temperaturen und tragen dazu bei, Lebensmittel in optimalem Zustand zu halten.<br \/><strong>Eingedicktes Material<\/strong>: Die verdickte Konstruktion erh\u00f6ht die strukturelle Festigkeit des Beh\u00e4lters und verhindert wirksam Verformungen oder Besch\u00e4digungen bei Kollisionen.<br \/><strong>Verschiedene Spezifikationen<\/strong>: Wir bieten neun verschiedene Arten von Containern an, um Ihre unterschiedlichen Lageranforderungen zu erf\u00fcllen.<br \/><strong>Breite Palette an Anpassungsm\u00f6glichkeiten<\/strong>: W\u00e4hlen Sie uns als Ihr Lieferant von Lebensmittelbeh\u00e4ltern aus rostfreiem Stahl. Wir k\u00f6nnen die Gr\u00f6\u00dfe, das Logo, die Verpackung usw. des Lebensmittelbeh\u00e4lters an Ihre Bed\u00fcrfnisse anpassen, bitte kontaktieren Sie uns f\u00fcr individuelle L\u00f6sungen<\/p>\n<p><strong><a href=\"https:\/\/moyahousehold.com\/de\/individuelle-losung\/\">Erfahren Sie mehr \u00fcber unsere ma\u00dfgeschneiderte L\u00f6sung f\u00fcr Lebensmittelbeh\u00e4lter<\/a><\/strong><\/p>","protected":false},"featured_media":7655,"comment_status":"closed","ping_status":"closed","template":"","meta":[],"product_cat":[57],"product_tag":[95,106,99],"class_list":{"0":"post-6023","1":"product","2":"type-product","3":"status-publish","4":"has-post-thumbnail","6":"product_cat-food-storage-container-wholesale","7":"product_tag-wholesale-food-storage-containers-with-date-dial","8":"product_tag-microwavable-food-storage-containers","9":"product_tag-wholesale-rectangle-food-storage-containers","11":"first","12":"instock","13":"shipping-taxable","14":"product-type-simple"},"_links":{"self":[{"href":"https:\/\/moyahousehold.com\/de\/wp-json\/wp\/v2\/product\/6023","targetHints":{"allow":["GET"]}}],"collection":[{"href":"https:\/\/moyahousehold.com\/de\/wp-json\/wp\/v2\/product"}],"about":[{"href":"https:\/\/moyahousehold.com\/de\/wp-json\/wp\/v2\/types\/product"}],"replies":[{"embeddable":true,"href":"https:\/\/moyahousehold.com\/de\/wp-json\/wp\/v2\/comments?post=6023"}],"version-history":[{"count":0,"href":"https:\/\/moyahousehold.com\/de\/wp-json\/wp\/v2\/product\/6023\/revisions"}],"wp:featuredmedia":[{"embeddable":true,"href":"https:\/\/moyahousehold.com\/de\/wp-json\/wp\/v2\/media\/7655"}],"wp:attachment":[{"href":"https:\/\/moyahousehold.com\/de\/wp-json\/wp\/v2\/media?parent=6023"}],"wp:term":[{"taxonomy":"product_cat","embeddable":true,"href":"https:\/\/moyahousehold.com\/de\/wp-json\/wp\/v2\/product_cat?post=6023"},{"taxonomy":"product_tag","embeddable":true,"href":"https:\/\/moyahousehold.com\/de\/wp-json\/wp\/v2\/product_tag?post=6023"}],"curies":[{"name":"wp","href":"https:\/\/api.w.org\/{rel}","templated":true}]}}