{"id":6029,"date":"2024-06-26T03:07:40","date_gmt":"2024-06-26T03:07:40","guid":{"rendered":"https:\/\/moyahousehold.com\/?post_type=product&#038;p=6029"},"modified":"2025-02-05T10:06:41","modified_gmt":"2025-02-05T10:06:41","slug":"stainless-steel-food-storage-container-wholesale-large-capacity-with-handle","status":"publish","type":"product","link":"https:\/\/moyahousehold.com\/de\/produkt\/stainless-steel-food-storage-container-wholesale-large-capacity-with-handle\/","title":{"rendered":"Gro\u00dfer Edelstahlbeh\u00e4lter mit Griff zum Fabrikpreis"},"content":{"rendered":"<div class=\"wp-block-columns is-layout-flex wp-container-core-columns-is-layout-9d6595d7 wp-block-columns-is-layout-flex\">\n<div class=\"wp-block-column is-layout-flow wp-block-column-is-layout-flow\">\n<h3 class=\"wp-block-heading\">Parameter eines gro\u00dfen Edelstahlbeh\u00e4lters<\/h3>\n\n\n\n<figure class=\"wp-block-table\"><table><tbody><tr><td>Artikel NO<\/td><td>Kapazit\u00e4t<\/td><td>Gr\u00f6\u00dfe\/PCS<\/td><td>PCS\/Koffer<\/td><td>N.W.\/PCS<\/td><td>G.W.\/Fall<\/td><\/tr><tr><td>MYJD191<\/td><td>1700ml<\/td><td>24.4*16*8<\/td><td>48<\/td><td>21.2<\/td><td>0.4<\/td><\/tr><tr><td>MYJD192<\/td><td>2200ml<\/td><td>24.4*16*10<\/td><td>36<\/td><td>17.12<\/td><td>0.42<\/td><\/tr><tr><td>MYJD193<\/td><td>2700ml<\/td><td>24.4*16*12<\/td><td>24<\/td><td>16.88<\/td><td>0.62<\/td><\/tr><tr><td>MYJD194<\/td><td>2400ml<\/td><td>35*20*6<\/td><td>36<\/td><td>17.48<\/td><td>0.43<\/td><\/tr><tr><td>MYJD195<\/td><td>3800ml<\/td><td>35*20*9.5<\/td><td>24<\/td><td>19.04<\/td><td>0.71<\/td><\/tr><tr><td>MYJD196<\/td><td>6200ml<\/td><td>35*20*14<\/td><td>16<\/td><td>15.6<\/td><td>0.85<\/td><\/tr><tr><td>MYJD171<\/td><td>1700ml<\/td><td>20*20*7.6<\/td><td>48<\/td><td>20.24<\/td><td>0.38<\/td><\/tr><tr><td>MYJD172<\/td><td>2200ml<\/td><td>20*20*10<\/td><td>36<\/td><td>17.12<\/td><td>0.42<\/td><\/tr><tr><td>MYJD173<\/td><td>2700ml<\/td><td>20*20*12<\/td><td>36<\/td><td>18.2<\/td><td>0.45<\/td><\/tr><tr><td>MYJD174<\/td><td>3200ml<\/td><td>20*20*14<\/td><td>48<\/td><td>26<\/td><td>0.5<\/td><\/tr><\/tbody><\/table><\/figure>\n<\/div>\n<\/div>\n\n\n\n<h3 class=\"wp-block-heading\">Individuelle Optionen f\u00fcr gro\u00dfe Edelstahl-Lebensmittelbeh\u00e4lter<\/h3>\n\n\n\n<p><strong>Logo<\/strong>: Ihr Markenlogo auf Produkt und Verpackung.<br><strong>Deckel<\/strong>: Glasdeckel, PP-Deckel<br><strong>Logo-Optionen<\/strong>: gedrucktes Logo, lasergraviertes Logo, etc.<br><strong>Muster<\/strong>Druck von Mustern auf Lebensmittelbeh\u00e4ltern.<br><strong>Drucktechnik<\/strong>Wassertransferdruck, Siebdruck, W\u00e4rmetransferdruck, usw.<br><strong>Paket<\/strong>:Farbkasten<br><a href=\"https:\/\/moyahousehold.com\/de\/individuelle-losung\/\" data-type=\"page\" data-id=\"2817\"><strong>Mehr Anpassungsm\u00f6glichkeiten entdecken<\/strong><\/a><\/p>\n\n\n\n<div class=\"wp-block-columns is-layout-flex wp-container-core-columns-is-layout-9d6595d7 wp-block-columns-is-layout-flex\">\n<div class=\"wp-block-column is-layout-flow wp-block-column-is-layout-flow\">\n<figure class=\"wp-block-image size-full\"><img fetchpriority=\"high\" decoding=\"async\" width=\"4160\" height=\"4160\" src=\"https:\/\/moyahousehold.com\/wp-content\/uploads\/2024\/06\/Large-capacity-Steel-Food-Storage-Container-Wholesale-23.webp\" alt=\"Gro\u00dfe Kapazit\u00e4t Stahl Lebensmittel Lagerung Container Gro\u00dfhandel \" class=\"wp-image-6170\" srcset=\"https:\/\/moyahousehold.com\/wp-content\/uploads\/2024\/06\/Large-capacity-Steel-Food-Storage-Container-Wholesale-23.webp 4160w, https:\/\/moyahousehold.com\/wp-content\/uploads\/2024\/06\/Large-capacity-Steel-Food-Storage-Container-Wholesale-23-300x300.webp 300w, https:\/\/moyahousehold.com\/wp-content\/uploads\/2024\/06\/Large-capacity-Steel-Food-Storage-Container-Wholesale-23-150x150.webp 150w, https:\/\/moyahousehold.com\/wp-content\/uploads\/2024\/06\/Large-capacity-Steel-Food-Storage-Container-Wholesale-23-768x768.webp 768w, https:\/\/moyahousehold.com\/wp-content\/uploads\/2024\/06\/Large-capacity-Steel-Food-Storage-Container-Wholesale-23-285x285.webp 285w, https:\/\/moyahousehold.com\/wp-content\/uploads\/2024\/06\/Large-capacity-Steel-Food-Storage-Container-Wholesale-23-1600x1600.webp 1600w, https:\/\/moyahousehold.com\/wp-content\/uploads\/2024\/06\/Large-capacity-Steel-Food-Storage-Container-Wholesale-23-270x270.webp 270w, https:\/\/moyahousehold.com\/wp-content\/uploads\/2024\/06\/Large-capacity-Steel-Food-Storage-Container-Wholesale-23-540x540.webp 540w, https:\/\/moyahousehold.com\/wp-content\/uploads\/2024\/06\/Large-capacity-Steel-Food-Storage-Container-Wholesale-23-660x660.webp 660w\" sizes=\"(max-width: 4160px) 100vw, 4160px\" \/><\/figure>\n<\/div>\n\n\n\n<div class=\"wp-block-column is-layout-flow wp-block-column-is-layout-flow\">\n<figure class=\"wp-block-image size-full\"><img decoding=\"async\" width=\"4160\" height=\"4160\" src=\"https:\/\/moyahousehold.com\/wp-content\/uploads\/2024\/06\/Large-capacity-Steel-Food-Storage-Container-Wholesale-21.webp\" alt=\"Gro\u00dfe Kapazit\u00e4t Stahl Lebensmittel Lagerung Container Gro\u00dfhandel\" class=\"wp-image-6169\" srcset=\"https:\/\/moyahousehold.com\/wp-content\/uploads\/2024\/06\/Large-capacity-Steel-Food-Storage-Container-Wholesale-21.webp 4160w, https:\/\/moyahousehold.com\/wp-content\/uploads\/2024\/06\/Large-capacity-Steel-Food-Storage-Container-Wholesale-21-300x300.webp 300w, https:\/\/moyahousehold.com\/wp-content\/uploads\/2024\/06\/Large-capacity-Steel-Food-Storage-Container-Wholesale-21-150x150.webp 150w, https:\/\/moyahousehold.com\/wp-content\/uploads\/2024\/06\/Large-capacity-Steel-Food-Storage-Container-Wholesale-21-768x768.webp 768w, https:\/\/moyahousehold.com\/wp-content\/uploads\/2024\/06\/Large-capacity-Steel-Food-Storage-Container-Wholesale-21-285x285.webp 285w, https:\/\/moyahousehold.com\/wp-content\/uploads\/2024\/06\/Large-capacity-Steel-Food-Storage-Container-Wholesale-21-1600x1600.webp 1600w, https:\/\/moyahousehold.com\/wp-content\/uploads\/2024\/06\/Large-capacity-Steel-Food-Storage-Container-Wholesale-21-270x270.webp 270w, https:\/\/moyahousehold.com\/wp-content\/uploads\/2024\/06\/Large-capacity-Steel-Food-Storage-Container-Wholesale-21-540x540.webp 540w, https:\/\/moyahousehold.com\/wp-content\/uploads\/2024\/06\/Large-capacity-Steel-Food-Storage-Container-Wholesale-21-660x660.webp 660w\" sizes=\"(max-width: 4160px) 100vw, 4160px\" \/><\/figure>\n<\/div>\n<\/div>\n\n\n\n<div class=\"wp-block-columns is-layout-flex wp-container-core-columns-is-layout-9d6595d7 wp-block-columns-is-layout-flex\">\n<div class=\"wp-block-column is-layout-flow wp-block-column-is-layout-flow\">\n<figure class=\"wp-block-image size-full\"><img decoding=\"async\" width=\"4160\" height=\"4160\" src=\"https:\/\/moyahousehold.com\/wp-content\/uploads\/2024\/06\/Large-capacity-Steel-Food-Storage-Container-Wholesale-17.webp\" alt=\"Gro\u00dfe Kapazit\u00e4t Stahl Lebensmittel Lagerung Container Gro\u00dfhandel\" class=\"wp-image-6167\" srcset=\"https:\/\/moyahousehold.com\/wp-content\/uploads\/2024\/06\/Large-capacity-Steel-Food-Storage-Container-Wholesale-17.webp 4160w, https:\/\/moyahousehold.com\/wp-content\/uploads\/2024\/06\/Large-capacity-Steel-Food-Storage-Container-Wholesale-17-300x300.webp 300w, https:\/\/moyahousehold.com\/wp-content\/uploads\/2024\/06\/Large-capacity-Steel-Food-Storage-Container-Wholesale-17-150x150.webp 150w, https:\/\/moyahousehold.com\/wp-content\/uploads\/2024\/06\/Large-capacity-Steel-Food-Storage-Container-Wholesale-17-768x768.webp 768w, https:\/\/moyahousehold.com\/wp-content\/uploads\/2024\/06\/Large-capacity-Steel-Food-Storage-Container-Wholesale-17-285x285.webp 285w, https:\/\/moyahousehold.com\/wp-content\/uploads\/2024\/06\/Large-capacity-Steel-Food-Storage-Container-Wholesale-17-1600x1600.webp 1600w, https:\/\/moyahousehold.com\/wp-content\/uploads\/2024\/06\/Large-capacity-Steel-Food-Storage-Container-Wholesale-17-270x270.webp 270w, https:\/\/moyahousehold.com\/wp-content\/uploads\/2024\/06\/Large-capacity-Steel-Food-Storage-Container-Wholesale-17-540x540.webp 540w, https:\/\/moyahousehold.com\/wp-content\/uploads\/2024\/06\/Large-capacity-Steel-Food-Storage-Container-Wholesale-17-660x660.webp 660w\" sizes=\"(max-width: 4160px) 100vw, 4160px\" \/><\/figure>\n<\/div>\n\n\n\n<div class=\"wp-block-column is-layout-flow wp-block-column-is-layout-flow\">\n<figure class=\"wp-block-image size-full\"><img loading=\"lazy\" decoding=\"async\" width=\"4160\" height=\"4160\" src=\"https:\/\/moyahousehold.com\/wp-content\/uploads\/2024\/06\/Large-capacity-Steel-Food-Storage-Container-Wholesale-19.webp\" alt=\"Gro\u00dfe Kapazit\u00e4t Stahl Lebensmittel Lagerung Container Gro\u00dfhandel\" class=\"wp-image-6168\" srcset=\"https:\/\/moyahousehold.com\/wp-content\/uploads\/2024\/06\/Large-capacity-Steel-Food-Storage-Container-Wholesale-19.webp 4160w, https:\/\/moyahousehold.com\/wp-content\/uploads\/2024\/06\/Large-capacity-Steel-Food-Storage-Container-Wholesale-19-300x300.webp 300w, https:\/\/moyahousehold.com\/wp-content\/uploads\/2024\/06\/Large-capacity-Steel-Food-Storage-Container-Wholesale-19-150x150.webp 150w, https:\/\/moyahousehold.com\/wp-content\/uploads\/2024\/06\/Large-capacity-Steel-Food-Storage-Container-Wholesale-19-768x768.webp 768w, https:\/\/moyahousehold.com\/wp-content\/uploads\/2024\/06\/Large-capacity-Steel-Food-Storage-Container-Wholesale-19-285x285.webp 285w, https:\/\/moyahousehold.com\/wp-content\/uploads\/2024\/06\/Large-capacity-Steel-Food-Storage-Container-Wholesale-19-1600x1600.webp 1600w, https:\/\/moyahousehold.com\/wp-content\/uploads\/2024\/06\/Large-capacity-Steel-Food-Storage-Container-Wholesale-19-270x270.webp 270w, https:\/\/moyahousehold.com\/wp-content\/uploads\/2024\/06\/Large-capacity-Steel-Food-Storage-Container-Wholesale-19-540x540.webp 540w, https:\/\/moyahousehold.com\/wp-content\/uploads\/2024\/06\/Large-capacity-Steel-Food-Storage-Container-Wholesale-19-660x660.webp 660w\" sizes=\"(max-width: 4160px) 100vw, 4160px\" \/><\/figure>\n<\/div>\n<\/div>","protected":false},"excerpt":{"rendered":"<p>Wir bieten gro\u00dfe Lebensmittelbeh\u00e4lter aus rostfreiem Stahl zu Fabrikpreisen an, wobei Sie aus einer Vielzahl von Fassungsverm\u00f6gen und Designs w\u00e4hlen k\u00f6nnen. Das gro\u00dfe Fassungsverm\u00f6gen eignet sich perfekt f\u00fcr die Aufbewahrung verschiedener Arten von Lebensmitteln, und die gro\u00dfen Edelstahlbeh\u00e4lter in einer Vielzahl von Formen k\u00f6nnen vern\u00fcnftig aufeinander abgestimmt werden, um verschiedene Lebensmittel zu trennen, einschlie\u00dflich rechteckig und quadratisch. Er ist eine perfekte Aufbewahrungsl\u00f6sung f\u00fcr private K\u00fcchen und gewerbliche Restaurants. Dieser gro\u00dfe Lebensmittelbeh\u00e4lter aus Stahl ist formsch\u00f6n und stilvoll und l\u00e4sst sich perfekt in verschiedene K\u00fcchenstile integrieren. Wir bieten auch OEM- und ODM-Dienstleistungen f\u00fcr kundenspezifische Lebensmittelbeh\u00e4lter an. Wenn Sie einen gr\u00f6\u00dferen Edelstahlbeh\u00e4lter ben\u00f6tigen, k\u00f6nnen Sie uns f\u00fcr eine individuelle Anpassung kontaktieren.<\/p>\n<h3>Merkmale und Vorteile des gro\u00dfen Lebensmittelbeh\u00e4lters aus Edelstahl<\/h3>\n<p>1. die gro\u00dfen Lebensmittelbeh\u00e4lter aus Stahl haben eine gute S\u00e4ure- und Laugenbest\u00e4ndigkeit und eignen sich f\u00fcr die Aufbewahrung verschiedener saurer und alkalischer Lebensmittel.<\/p>\n<p>2. die gro\u00dfen Edelstahlbeh\u00e4lter sind aus Edelstahl 304 gefertigt;<\/p>\n<p>3. das verdickte Design des Lebensmittelbeh\u00e4lters erh\u00f6ht die Sto\u00dffestigkeit des Beh\u00e4lters, so dass er sich nicht so leicht verformt und sicherer zu benutzen ist.<\/p>\n<p>4. verbessert und verdickt, best\u00e4ndig gegen hohe Temperaturen und Korrosion; leicht zu reinigen und langlebiger;<\/p>\n<p>5) Auch nach langem Gebrauch bleibt dieser gro\u00dfe Edelstahlbeh\u00e4lter f\u00fcr Lebensmittel so hell und sauber wie neu.<\/p>\n<p>6. der elektrolytische Prozess im Inneren der Box ist glatt und rund, leicht zu reinigen, und es gibt keinen Restgeruch bei der Lagerung von Lebensmitteln;<\/p>\n<p>7. verbreiterter Dichtungsring aus Silikon, dicht schlie\u00dfend, rundum auslaufsicher, frisch und feuchtigkeitsdicht, auslaufsicher;<\/p>\n<p>8. der verdickte Kastendeckel des Edelstahlbeh\u00e4lters ist nicht leicht verformbar;<\/p>\n<p>9. die gro\u00dfen Edelstahlbeh\u00e4lter sind quadratisch und rechteckig.<br \/><strong><br \/><a href=\"https:\/\/moyahousehold.com\/de\/individuelle-losung\/\">10. als professioneller Hersteller von Lebensmittelbeh\u00e4ltern, bieten wir OEM &amp; ODM kundenspezifische L\u00f6sungen f\u00fcr Lebensmittelbeh\u00e4lter aus Edelstahl.<\/a><\/strong><\/p>","protected":false},"featured_media":6162,"comment_status":"open","ping_status":"closed","template":"","meta":[],"product_cat":[57],"product_tag":[95,99,100],"class_list":{"0":"post-6029","1":"product","2":"type-product","3":"status-publish","4":"has-post-thumbnail","6":"product_cat-food-storage-container-wholesale","7":"product_tag-wholesale-food-storage-containers-with-date-dial","8":"product_tag-wholesale-rectangle-food-storage-containers","9":"product_tag-wholesale-square-food-storage-containers","11":"first","12":"instock","13":"shipping-taxable","14":"product-type-simple"},"_links":{"self":[{"href":"https:\/\/moyahousehold.com\/de\/wp-json\/wp\/v2\/product\/6029","targetHints":{"allow":["GET"]}}],"collection":[{"href":"https:\/\/moyahousehold.com\/de\/wp-json\/wp\/v2\/product"}],"about":[{"href":"https:\/\/moyahousehold.com\/de\/wp-json\/wp\/v2\/types\/product"}],"replies":[{"embeddable":true,"href":"https:\/\/moyahousehold.com\/de\/wp-json\/wp\/v2\/comments?post=6029"}],"version-history":[{"count":0,"href":"https:\/\/moyahousehold.com\/de\/wp-json\/wp\/v2\/product\/6029\/revisions"}],"wp:featuredmedia":[{"embeddable":true,"href":"https:\/\/moyahousehold.com\/de\/wp-json\/wp\/v2\/media\/6162"}],"wp:attachment":[{"href":"https:\/\/moyahousehold.com\/de\/wp-json\/wp\/v2\/media?parent=6029"}],"wp:term":[{"taxonomy":"product_cat","embeddable":true,"href":"https:\/\/moyahousehold.com\/de\/wp-json\/wp\/v2\/product_cat?post=6029"},{"taxonomy":"product_tag","embeddable":true,"href":"https:\/\/moyahousehold.com\/de\/wp-json\/wp\/v2\/product_tag?post=6029"}],"curies":[{"name":"wp","href":"https:\/\/api.w.org\/{rel}","templated":true}]}}