{"id":6088,"date":"2024-06-26T03:17:05","date_gmt":"2024-06-26T03:17:05","guid":{"rendered":"https:\/\/moyahousehold.com\/?post_type=product&#038;p=6088"},"modified":"2025-03-05T10:09:59","modified_gmt":"2025-03-05T10:09:59","slug":"bulk-commercial-stainless-steel-food-storage-containers","status":"publish","type":"product","link":"https:\/\/moyahousehold.com\/de\/produkt\/bulk-commercial-stainless-steel-food-storage-containers\/","title":{"rendered":"Kommerzielle Lebensmittelbeh\u00e4lter aus Edelstahl f\u00fcr Hotels und Restaurants in gro\u00dfen Mengen"},"content":{"rendered":"<div class=\"wp-block-columns is-layout-flex wp-container-core-columns-is-layout-9d6595d7 wp-block-columns-is-layout-flex\">\n<div class=\"wp-block-column is-layout-flow wp-block-column-is-layout-flow\">\n<h3 class=\"wp-block-heading\">Parameter f\u00fcr kommerzielle Lebensmittelbeh\u00e4lter<\/h3>\n\n\n\n<figure class=\"wp-block-table\"><table><tbody><tr><td>Artikel NO<\/td><td>Kapazit\u00e4t<\/td><td>Gr\u00f6\u00dfe\/PCS<\/td><td>PCS\/Koffer<\/td><td>N.W.\/PCS<\/td><td>G.W.\/Fall<\/td><\/tr><tr><td>MYJD212<\/td><td>420ML<\/td><td>13.3*11.2*6.2<\/td><td>80<\/td><td>15.6<\/td><td>0.17<\/td><\/tr><tr><td>MYJD213<\/td><td>660ML<\/td><td>13.3*11.2*8.7<\/td><td>80<\/td><td>17.2<\/td><td>0.19<\/td><\/tr><tr><td>MYJD214<\/td><td>900ML<\/td><td>13.3*11.2*11.3<\/td><td>80<\/td><td>19.6<\/td><td>0.22<\/td><\/tr><tr><td>MYJD185<\/td><td>1700ml<\/td><td>24.4*16*8<\/td><td>48<\/td><td>21.2<\/td><td>0.4<\/td><\/tr><tr><td>MYJD186<\/td><td>2200ml<\/td><td>24.4*16*10<\/td><td>36<\/td><td>17.12<\/td><td>0.42<\/td><\/tr><tr><td>MYJD187<\/td><td>2700ml<\/td><td>24.4*16*12<\/td><td>24<\/td><td>16.88<\/td><td>0.62<\/td><\/tr><tr><td>MYJD188<\/td><td>2400ml<\/td><td>35*20*6<\/td><td>36<\/td><td>17.48<\/td><td>0.43<\/td><\/tr><tr><td>MYJD189<\/td><td>3800ml<\/td><td>35*20*9.5<\/td><td>24<\/td><td>19.04<\/td><td>0.71<\/td><\/tr><tr><td>MYJD190<\/td><td>6200ml<\/td><td>35*20*14<\/td><td>16<\/td><td>15.6<\/td><td>0.85<\/td><\/tr><tr><td>MYJD163<\/td><td>1700ml<\/td><td>20*20*7.6<\/td><td>48<\/td><td>20.24<\/td><td>0.38<\/td><\/tr><tr><td>MYJD164<\/td><td>2200ml<\/td><td>20*20*10<\/td><td>36<\/td><td>17.12<\/td><td>0.42<\/td><\/tr><tr><td>MYJD165<\/td><td>2700ml<\/td><td>20*20*12<\/td><td>36<\/td><td>18.2<\/td><td>0.45<\/td><\/tr><tr><td>MYJD166<\/td><td>3200ml<\/td><td>20*20*14<\/td><td>48<\/td><td>26<\/td><td>0.5<\/td><\/tr><\/tbody><\/table><\/figure>\n<\/div>\n<\/div>\n\n\n\n<h3 class=\"wp-block-heading\">Individuelle Optionen f\u00fcr kommerzielle Lebensmittelbeh\u00e4lter<\/h3>\n\n\n\n<p><strong>Logo<\/strong>: Individuelle Gestaltung Ihres Markenlogos auf Produkt und Verpackung.<br><strong>Deckel<\/strong>: Glasdeckel, PP-Deckel<br><strong>Logo-Optionen<\/strong>: gedrucktes Logo, lasergraviertes Logo, etc.<br><strong>Muster<\/strong>Druck von Mustern auf Lebensmittelbeh\u00e4ltern.<br><strong>Drucktechnik<\/strong>Wassertransferdruck, Siebdruck, W\u00e4rmetransferdruck, usw.<br><strong>Paket<\/strong>:Farbkasten<br><a href=\"https:\/\/moyahousehold.com\/de\/individuelle-losung\/\" data-type=\"page\" data-id=\"2817\"><strong>Erfahren Sie mehr \u00fcber individuelle L\u00f6sungen f\u00fcr Lebensmittelbeh\u00e4lter.<\/strong><\/a><\/p>\n\n\n\n<div class=\"wp-block-columns is-layout-flex wp-container-core-columns-is-layout-9d6595d7 wp-block-columns-is-layout-flex\">\n<div class=\"wp-block-column is-layout-flow wp-block-column-is-layout-flow\">\n<figure class=\"wp-block-image size-full\"><img fetchpriority=\"high\" decoding=\"async\" width=\"1500\" height=\"1500\" src=\"https:\/\/moyahousehold.com\/wp-content\/uploads\/2024\/06\/Commercial-Food-Storage-Container-Display-2.jpg\" alt=\"Display f\u00fcr kommerzielle Lebensmittelbeh\u00e4lter (2)\" class=\"wp-image-8997\" srcset=\"https:\/\/moyahousehold.com\/wp-content\/uploads\/2024\/06\/Commercial-Food-Storage-Container-Display-2.jpg 1500w, https:\/\/moyahousehold.com\/wp-content\/uploads\/2024\/06\/Commercial-Food-Storage-Container-Display-2-300x300.jpg 300w, https:\/\/moyahousehold.com\/wp-content\/uploads\/2024\/06\/Commercial-Food-Storage-Container-Display-2-150x150.jpg 150w, https:\/\/moyahousehold.com\/wp-content\/uploads\/2024\/06\/Commercial-Food-Storage-Container-Display-2-768x768.jpg 768w, https:\/\/moyahousehold.com\/wp-content\/uploads\/2024\/06\/Commercial-Food-Storage-Container-Display-2-12x12.jpg 12w, https:\/\/moyahousehold.com\/wp-content\/uploads\/2024\/06\/Commercial-Food-Storage-Container-Display-2-285x285.jpg 285w, https:\/\/moyahousehold.com\/wp-content\/uploads\/2024\/06\/Commercial-Food-Storage-Container-Display-2-270x270.jpg 270w, https:\/\/moyahousehold.com\/wp-content\/uploads\/2024\/06\/Commercial-Food-Storage-Container-Display-2-540x540.jpg 540w, https:\/\/moyahousehold.com\/wp-content\/uploads\/2024\/06\/Commercial-Food-Storage-Container-Display-2-660x660.jpg 660w\" sizes=\"(max-width: 1500px) 100vw, 1500px\" \/><\/figure>\n<\/div>\n\n\n\n<div class=\"wp-block-column is-layout-flow wp-block-column-is-layout-flow\">\n<figure class=\"wp-block-image size-full\"><img decoding=\"async\" width=\"1500\" height=\"1500\" src=\"https:\/\/moyahousehold.com\/wp-content\/uploads\/2024\/06\/Commercial-Food-Storage-Container-Display-1.jpg\" alt=\"Display f\u00fcr kommerzielle Lebensmittelbeh\u00e4lter (1)\" class=\"wp-image-8996\" srcset=\"https:\/\/moyahousehold.com\/wp-content\/uploads\/2024\/06\/Commercial-Food-Storage-Container-Display-1.jpg 1500w, https:\/\/moyahousehold.com\/wp-content\/uploads\/2024\/06\/Commercial-Food-Storage-Container-Display-1-300x300.jpg 300w, https:\/\/moyahousehold.com\/wp-content\/uploads\/2024\/06\/Commercial-Food-Storage-Container-Display-1-150x150.jpg 150w, https:\/\/moyahousehold.com\/wp-content\/uploads\/2024\/06\/Commercial-Food-Storage-Container-Display-1-768x768.jpg 768w, https:\/\/moyahousehold.com\/wp-content\/uploads\/2024\/06\/Commercial-Food-Storage-Container-Display-1-12x12.jpg 12w, https:\/\/moyahousehold.com\/wp-content\/uploads\/2024\/06\/Commercial-Food-Storage-Container-Display-1-285x285.jpg 285w, https:\/\/moyahousehold.com\/wp-content\/uploads\/2024\/06\/Commercial-Food-Storage-Container-Display-1-270x270.jpg 270w, https:\/\/moyahousehold.com\/wp-content\/uploads\/2024\/06\/Commercial-Food-Storage-Container-Display-1-540x540.jpg 540w, https:\/\/moyahousehold.com\/wp-content\/uploads\/2024\/06\/Commercial-Food-Storage-Container-Display-1-660x660.jpg 660w\" sizes=\"(max-width: 1500px) 100vw, 1500px\" \/><\/figure>\n<\/div>\n<\/div>\n\n\n\n<div class=\"wp-block-columns is-layout-flex wp-container-core-columns-is-layout-9d6595d7 wp-block-columns-is-layout-flex\">\n<div class=\"wp-block-column is-layout-flow wp-block-column-is-layout-flow\"><\/div>\n\n\n\n<div class=\"wp-block-column is-layout-flow wp-block-column-is-layout-flow\"><\/div>\n<\/div>","protected":false},"excerpt":{"rendered":"<p>Gro\u00dfhandel mit Lebensmittelbeh\u00e4ltern aus Edelstahl. Wir bieten eine Vielzahl von Lebensmittelbeh\u00e4ltern f\u00fcr den Gro\u00dfhandel an, die von 420 ml bis 3200 ml reichen, um den Anforderungen verschiedener Szenarien gerecht zu werden. Diese Lebensmittelbeh\u00e4lter k\u00f6nnen in Haushalten, Restaurants und Hotels verwendet werden. Ganz gleich, ob Sie Vorratsbeh\u00e4lter f\u00fcr Lebensmittel in loser Sch\u00fcttung oder ma\u00dfgeschneiderte OEM- und ODM-Beh\u00e4lter f\u00fcr Lebensmittel ben\u00f6tigen, wir k\u00f6nnen Ihnen die beste L\u00f6sung bieten. Bitte kontaktieren Sie uns f\u00fcr ein Angebot.<\/p>\n<h3>Merkmale und Vorteile von Lebensmittelbeh\u00e4ltern<\/h3>\n<p><strong>Mehrere Gr\u00f6\u00dfen:<\/strong> Dieser Lebensmittelbeh\u00e4lter aus rostfreiem Stahl ist in verschiedenen Gr\u00f6\u00dfen erh\u00e4ltlich und kann f\u00fcr die Aufbewahrung verschiedener Arten und Mengen von Lebensmitteln verwendet werden. Er eignet sich f\u00fcr verschiedene private und gewerbliche Aufbewahrungsanforderungen in K\u00fcchen, Restaurants und Cateringservices.<\/p>\n<p><strong>Hochwertige Materialien:<\/strong> Hergestellt aus haltbarem Edelstahl, hat es eine starke Korrosionsbest\u00e4ndigkeit und Oxidationsbest\u00e4ndigkeit, um sicherzustellen, dass es nicht rostet nach langfristiger Nutzung, halten Sie den Beh\u00e4lter sch\u00f6n und sicher.<\/p>\n<p><strong>Stapelbares Design:<\/strong> Lebensmittelbeh\u00e4lter aus Edelstahl lassen sich stabil und platzsparend stapeln und bequem in K\u00fchlschr\u00e4nken, Schr\u00e4nken und an anderen Orten aufbewahren, wodurch der Platz in der K\u00fcche effizient genutzt werden kann.<\/p>\n<p><strong>Versiegelte Ausf\u00fchrung:<\/strong> Der Deckel ist mit einem Dichtungsring und einem Schnallenverschluss ausgestattet, um das Eindringen von Luft zu verhindern, die Lebensmittel frisch zu halten, das Auslaufen zu verhindern und f\u00fcr die Aufbewahrung fester und fl\u00fcssiger Lebensmittel geeignet zu sein.<\/p>\n<p><strong>Ma\u00dfgeschneiderter Service:<\/strong> Als <strong><a href=\"https:\/\/moyahousehold.com\/de\/produktkategorie\/food-storage-container-wholesale\/\" target=\"_blank\" rel=\"noopener\">Hersteller von Lebensmittelbeh\u00e4ltern<\/a>,<\/strong> Moya bietet seinen Kunden einen ma\u00dfgeschneiderten Service f\u00fcr Lebensmittelbeh\u00e4lter, einschlie\u00dflich verschiedener Gr\u00f6\u00dfen, Formen, Deckeldesigns, Markenlogos usw., um die spezifischen Anforderungen der Kunden zu erf\u00fcllen.<\/p>","protected":false},"featured_media":8977,"comment_status":"open","ping_status":"closed","template":"","meta":[],"product_cat":[57],"product_tag":[95,106,99],"class_list":{"0":"post-6088","1":"product","2":"type-product","3":"status-publish","4":"has-post-thumbnail","6":"product_cat-food-storage-container-wholesale","7":"product_tag-wholesale-food-storage-containers-with-date-dial","8":"product_tag-microwavable-food-storage-containers","9":"product_tag-wholesale-rectangle-food-storage-containers","11":"first","12":"instock","13":"shipping-taxable","14":"product-type-simple"},"_links":{"self":[{"href":"https:\/\/moyahousehold.com\/de\/wp-json\/wp\/v2\/product\/6088","targetHints":{"allow":["GET"]}}],"collection":[{"href":"https:\/\/moyahousehold.com\/de\/wp-json\/wp\/v2\/product"}],"about":[{"href":"https:\/\/moyahousehold.com\/de\/wp-json\/wp\/v2\/types\/product"}],"replies":[{"embeddable":true,"href":"https:\/\/moyahousehold.com\/de\/wp-json\/wp\/v2\/comments?post=6088"}],"version-history":[{"count":0,"href":"https:\/\/moyahousehold.com\/de\/wp-json\/wp\/v2\/product\/6088\/revisions"}],"wp:featuredmedia":[{"embeddable":true,"href":"https:\/\/moyahousehold.com\/de\/wp-json\/wp\/v2\/media\/8977"}],"wp:attachment":[{"href":"https:\/\/moyahousehold.com\/de\/wp-json\/wp\/v2\/media?parent=6088"}],"wp:term":[{"taxonomy":"product_cat","embeddable":true,"href":"https:\/\/moyahousehold.com\/de\/wp-json\/wp\/v2\/product_cat?post=6088"},{"taxonomy":"product_tag","embeddable":true,"href":"https:\/\/moyahousehold.com\/de\/wp-json\/wp\/v2\/product_tag?post=6088"}],"curies":[{"name":"wp","href":"https:\/\/api.w.org\/{rel}","templated":true}]}}