{"id":6091,"date":"2024-06-26T03:20:40","date_gmt":"2024-06-26T03:20:40","guid":{"rendered":"https:\/\/moyahousehold.com\/?post_type=product&#038;p=6091"},"modified":"2025-03-05T10:09:31","modified_gmt":"2025-03-05T10:09:31","slug":"custom-stainless-steel-food-containers-wholesale","status":"publish","type":"product","link":"https:\/\/moyahousehold.com\/de\/produkt\/custom-stainless-steel-food-containers-wholesale\/","title":{"rendered":"Benutzerdefinierte Edelstahl Lebensmittelbeh\u00e4lter Gro\u00dfhandel sch\u00f6n und mehrere Spezifikationen"},"content":{"rendered":"<div class=\"wp-block-columns is-layout-flex wp-container-core-columns-is-layout-9d6595d7 wp-block-columns-is-layout-flex\">\n<div class=\"wp-block-column is-layout-flow wp-block-column-is-layout-flow\">\n<h3 class=\"wp-block-heading\">Parameter von anpassbaren Lebensmittelbeh\u00e4ltern aus Edelstahl<\/h3>\n<\/div>\n<\/div>\n\n\n\n<figure class=\"wp-block-table\"><table><tbody><tr><td>Artikel NO<\/td><td>Kapazit\u00e4t<\/td><td>Gr\u00f6\u00dfe\/PCS<\/td><td>PCS\/Koffer<\/td><td>N.W.\/PCS<\/td><td>G.W.\/Fall<\/td><\/tr><tr><td>MYJD191<\/td><td>1700ml<\/td><td>24.4*16*8<\/td><td>48<\/td><td>21.2<\/td><td>0.4<\/td><\/tr><tr><td>MYJD192<\/td><td>2200ml<\/td><td>24.4*16*10<\/td><td>36<\/td><td>17.12<\/td><td>0.42<\/td><\/tr><tr><td>MYJD193<\/td><td>2700ml<\/td><td>24.4*16*12<\/td><td>24<\/td><td>16.88<\/td><td>0.62<\/td><\/tr><tr><td>MYJD194<\/td><td>2400ml<\/td><td>35*20*6<\/td><td>36<\/td><td>17.48<\/td><td>0.43<\/td><\/tr><tr><td>MYJD195<\/td><td>3800ml<\/td><td>35*20*9.5<\/td><td>24<\/td><td>19.04<\/td><td>0.71<\/td><\/tr><tr><td>MYJD196<\/td><td>6200ml<\/td><td>35*20*14<\/td><td>16<\/td><td>15.6<\/td><td>0.85<\/td><\/tr><tr><td>MYJD171<\/td><td>1700ml<\/td><td>20*20*7.6<\/td><td>48<\/td><td>20.24<\/td><td>0.38<\/td><\/tr><tr><td>MYJD172<\/td><td>2200ml<\/td><td>20*20*10<\/td><td>36<\/td><td>17.12<\/td><td>0.42<\/td><\/tr><tr><td>MYJD173<\/td><td>2700ml<\/td><td>20*20*12<\/td><td>36<\/td><td>18.2<\/td><td>0.45<\/td><\/tr><tr><td>MYJD174<\/td><td>3200ml<\/td><td>20*20*14<\/td><td>48<\/td><td>26<\/td><td>0.5<\/td><\/tr><\/tbody><\/table><\/figure>\n\n\n\n<h3 class=\"wp-block-heading\">Individuelle Optionen f\u00fcr Lebensmittelbeh\u00e4lter<\/h3>\n\n\n\n<p>Logo: Ihr Markenlogo auf Produkt und Verpackung.<br>Deckel: Glasdeckel, PP-Deckel<br>Logo-Optionen: gedrucktes Logo, lasergraviertes Logo, etc.<br>Muster: Druckmuster auf Lebensmittelbeh\u00e4lter.<br>Drucktechnik: Wassertransferdruck, Siebdruck, W\u00e4rmetransferdruck, etc.<br>Paket:Farbe Box<br><a href=\"https:\/\/moyahousehold.com\/de\/individuelle-losung\/\" data-type=\"page\" data-id=\"2817\"><strong>Mehr Anpassungsm\u00f6glichkeiten entdecken<\/strong><\/a><\/p>\n\n\n\n<div class=\"wp-block-columns is-layout-flex wp-container-core-columns-is-layout-9d6595d7 wp-block-columns-is-layout-flex\">\n<div class=\"wp-block-column is-layout-flow wp-block-column-is-layout-flow\">\n<figure class=\"wp-block-image size-full\"><img fetchpriority=\"high\" decoding=\"async\" width=\"4160\" height=\"4160\" src=\"https:\/\/moyahousehold.com\/wp-content\/uploads\/2024\/06\/Crisper-with-handle-1-1.webp\" alt=\"\" class=\"wp-image-6092\" srcset=\"https:\/\/moyahousehold.com\/wp-content\/uploads\/2024\/06\/Crisper-with-handle-1-1.webp 4160w, https:\/\/moyahousehold.com\/wp-content\/uploads\/2024\/06\/Crisper-with-handle-1-1-300x300.webp 300w, https:\/\/moyahousehold.com\/wp-content\/uploads\/2024\/06\/Crisper-with-handle-1-1-150x150.webp 150w, https:\/\/moyahousehold.com\/wp-content\/uploads\/2024\/06\/Crisper-with-handle-1-1-768x768.webp 768w, https:\/\/moyahousehold.com\/wp-content\/uploads\/2024\/06\/Crisper-with-handle-1-1-285x285.webp 285w, https:\/\/moyahousehold.com\/wp-content\/uploads\/2024\/06\/Crisper-with-handle-1-1-1600x1600.webp 1600w, https:\/\/moyahousehold.com\/wp-content\/uploads\/2024\/06\/Crisper-with-handle-1-1-270x270.webp 270w, https:\/\/moyahousehold.com\/wp-content\/uploads\/2024\/06\/Crisper-with-handle-1-1-540x540.webp 540w, https:\/\/moyahousehold.com\/wp-content\/uploads\/2024\/06\/Crisper-with-handle-1-1-660x660.webp 660w\" sizes=\"(max-width: 4160px) 100vw, 4160px\" \/><\/figure>\n<\/div>\n\n\n\n<div class=\"wp-block-column is-layout-flow wp-block-column-is-layout-flow\">\n<figure class=\"wp-block-image size-full\"><img decoding=\"async\" width=\"4160\" height=\"4160\" src=\"https:\/\/moyahousehold.com\/wp-content\/uploads\/2024\/06\/Crisper-with-handle-4-1.webp\" alt=\"\" class=\"wp-image-6094\" srcset=\"https:\/\/moyahousehold.com\/wp-content\/uploads\/2024\/06\/Crisper-with-handle-4-1.webp 4160w, https:\/\/moyahousehold.com\/wp-content\/uploads\/2024\/06\/Crisper-with-handle-4-1-300x300.webp 300w, https:\/\/moyahousehold.com\/wp-content\/uploads\/2024\/06\/Crisper-with-handle-4-1-150x150.webp 150w, https:\/\/moyahousehold.com\/wp-content\/uploads\/2024\/06\/Crisper-with-handle-4-1-768x768.webp 768w, https:\/\/moyahousehold.com\/wp-content\/uploads\/2024\/06\/Crisper-with-handle-4-1-285x285.webp 285w, https:\/\/moyahousehold.com\/wp-content\/uploads\/2024\/06\/Crisper-with-handle-4-1-1600x1600.webp 1600w, https:\/\/moyahousehold.com\/wp-content\/uploads\/2024\/06\/Crisper-with-handle-4-1-270x270.webp 270w, https:\/\/moyahousehold.com\/wp-content\/uploads\/2024\/06\/Crisper-with-handle-4-1-540x540.webp 540w, https:\/\/moyahousehold.com\/wp-content\/uploads\/2024\/06\/Crisper-with-handle-4-1-660x660.webp 660w\" sizes=\"(max-width: 4160px) 100vw, 4160px\" \/><\/figure>\n<\/div>\n<\/div>\n\n\n\n<div class=\"wp-block-columns is-layout-flex wp-container-core-columns-is-layout-9d6595d7 wp-block-columns-is-layout-flex\">\n<div class=\"wp-block-column is-layout-flow wp-block-column-is-layout-flow\"><\/div>\n\n\n\n<div class=\"wp-block-column is-layout-flow wp-block-column-is-layout-flow\"><\/div>\n<\/div>","protected":false},"excerpt":{"rendered":"<p>Moya ist ein Hersteller von Lebensmittelbeh\u00e4ltern nach Kundenwunsch, die aus hochwertigem Edelstahl gefertigt sind und eine gute Leistung bieten, egal ob f\u00fcr den privaten, gastronomischen oder gewerblichen Gebrauch, unsere korrosionsbest\u00e4ndigen und leicht zu reinigenden Lebensmittelbeh\u00e4lter sind geeignet. Wir bieten OEM- und ODM-Dienstleistungen an und entwickeln professionelle ma\u00dfgeschneiderte L\u00f6sungen f\u00fcr Lebensmittelbeh\u00e4lter nach Ihren speziellen Bed\u00fcrfnissen. Bitte kontaktieren Sie uns.<\/p>\n<h3>Merkmale und Vorteile des anpassbaren Lebensmittelbeh\u00e4lters<\/h3>\n<p>Lebensmittelgeeignetes Material aus rostfreiem Stahl: gesund und unsch\u00e4dlich, sicher im Gebrauch.<\/p>\n<p>Erh\u00e4ltlich in einer Vielzahl von Formen wie quadratisch und rechteckig, mit vern\u00fcnftigen Kombinationen, um Ihre verschiedenen Lagerungsanforderungen zu erf\u00fcllen.<\/p>\n<p>Die ma\u00dfgefertigten Lebensmittelbeh\u00e4lter haben eine lange Lebensdauer und werden auch bei h\u00e4ufigem \u00d6ffnen und Schlie\u00dfen nicht leicht verformt.<\/p>\n<p>Der elektrolytische Prozess im Inneren der Box ist glatt und rund, leicht zu reinigen, und es gibt keinen Restgeruch bei der Lagerung von Lebensmitteln;<\/p>\n<p>Die ma\u00dfgefertigten Lebensmittelbeh\u00e4lter haben einen verbreiterten Dichtungsring aus Silikon, der fest sitzt, rundum auslaufsicher ist, frisch und feuchtigkeitsdicht, auslaufsicher;<\/p>\n<p>Der verdickte Kastendeckel l\u00e4sst sich nicht so leicht verformen;<\/p>\n<p>Es stehen quadratische und rechteckige Formen zur Auswahl.<br \/><strong><br \/><a href=\"https:\/\/moyahousehold.com\/de\/individuelle-losung\/\">OEM&amp;ODM kundenspezifische Lebensmittelbeh\u00e4lter<\/a>\u00a0<\/strong><\/p>","protected":false},"featured_media":6031,"comment_status":"open","ping_status":"closed","template":"","meta":[],"product_cat":[57],"product_tag":[95,106,99],"class_list":{"0":"post-6091","1":"product","2":"type-product","3":"status-publish","4":"has-post-thumbnail","6":"product_cat-food-storage-container-wholesale","7":"product_tag-wholesale-food-storage-containers-with-date-dial","8":"product_tag-microwavable-food-storage-containers","9":"product_tag-wholesale-rectangle-food-storage-containers","11":"first","12":"instock","13":"shipping-taxable","14":"product-type-simple"},"_links":{"self":[{"href":"https:\/\/moyahousehold.com\/de\/wp-json\/wp\/v2\/product\/6091","targetHints":{"allow":["GET"]}}],"collection":[{"href":"https:\/\/moyahousehold.com\/de\/wp-json\/wp\/v2\/product"}],"about":[{"href":"https:\/\/moyahousehold.com\/de\/wp-json\/wp\/v2\/types\/product"}],"replies":[{"embeddable":true,"href":"https:\/\/moyahousehold.com\/de\/wp-json\/wp\/v2\/comments?post=6091"}],"version-history":[{"count":0,"href":"https:\/\/moyahousehold.com\/de\/wp-json\/wp\/v2\/product\/6091\/revisions"}],"wp:featuredmedia":[{"embeddable":true,"href":"https:\/\/moyahousehold.com\/de\/wp-json\/wp\/v2\/media\/6031"}],"wp:attachment":[{"href":"https:\/\/moyahousehold.com\/de\/wp-json\/wp\/v2\/media?parent=6091"}],"wp:term":[{"taxonomy":"product_cat","embeddable":true,"href":"https:\/\/moyahousehold.com\/de\/wp-json\/wp\/v2\/product_cat?post=6091"},{"taxonomy":"product_tag","embeddable":true,"href":"https:\/\/moyahousehold.com\/de\/wp-json\/wp\/v2\/product_tag?post=6091"}],"curies":[{"name":"wp","href":"https:\/\/api.w.org\/{rel}","templated":true}]}}