{"id":6101,"date":"2024-06-26T03:26:43","date_gmt":"2024-06-26T03:26:43","guid":{"rendered":"https:\/\/moyahousehold.com\/?post_type=product&#038;p=6101"},"modified":"2025-03-05T10:22:12","modified_gmt":"2025-03-05T10:22:12","slug":"bulk-colorful-food-container-stainless-steel-and-large-capacity","status":"publish","type":"product","link":"https:\/\/moyahousehold.com\/de\/produkt\/bulk-colorful-food-container-stainless-steel-and-large-capacity\/","title":{"rendered":"Bulk bunte Lebensmittel-Container mit transparentem Deckel Edelstahl und mehrere Spezifikationen"},"content":{"rendered":"<div class=\"wp-block-columns is-layout-flex wp-container-core-columns-is-layout-9d6595d7 wp-block-columns-is-layout-flex\">\n<div class=\"wp-block-column is-layout-flow wp-block-column-is-layout-flow\">\n<h3 class=\"wp-block-heading\">Spezifikationen f\u00fcr Sch\u00fcttgutbeh\u00e4lter f\u00fcr Lebensmittel aus Stahl<\/h3>\n\n\n\n<figure class=\"wp-block-table\"><table><tbody><tr><td>Artikel NO<\/td><td>Kapazit\u00e4t<\/td><td>Gr\u00f6\u00dfe\/PCS<\/td><td>PCS\/Koffer<\/td><td>N.W.\/PCS<\/td><td>G.W.\/Fall<\/td><\/tr><tr><td>MYJD212<\/td><td>420ML<\/td><td>13.3*11.2*6.2<\/td><td>80<\/td><td>15.6<\/td><td>0.17<\/td><\/tr><tr><td>MYJD213<\/td><td>660ML<\/td><td>13.3*11.2*8.7<\/td><td>80<\/td><td>17.2<\/td><td>0.19<\/td><\/tr><tr><td>MYJD214<\/td><td>900ML<\/td><td>13.3*11.2*11.3<\/td><td>80<\/td><td>19.6<\/td><td>0.22<\/td><\/tr><tr><td>MYJD185<\/td><td>1700ml<\/td><td>24.4*16*8<\/td><td>48<\/td><td>21.2<\/td><td>0.4<\/td><\/tr><tr><td>MYJD186<\/td><td>2200ml<\/td><td>24.4*16*10<\/td><td>36<\/td><td>17.12<\/td><td>0.42<\/td><\/tr><tr><td>MYJD187<\/td><td>2700ml<\/td><td>24.4*16*12<\/td><td>24<\/td><td>16.88<\/td><td>0.62<\/td><\/tr><tr><td>MYJD188<\/td><td>2400ml<\/td><td>35*20*6<\/td><td>36<\/td><td>17.48<\/td><td>0.43<\/td><\/tr><tr><td>MYJD189<\/td><td>3800ml<\/td><td>35*20*9.5<\/td><td>24<\/td><td>19.04<\/td><td>0.71<\/td><\/tr><tr><td>MYJD190<\/td><td>6200ml<\/td><td>35*20*14<\/td><td>16<\/td><td>15.6<\/td><td>0.85<\/td><\/tr><tr><td>MYJD163<\/td><td>1700ml<\/td><td>20*20*7.6<\/td><td>48<\/td><td>20.24<\/td><td>0.38<\/td><\/tr><tr><td>MYJD164<\/td><td>2200ml<\/td><td>20*20*10<\/td><td>36<\/td><td>17.12<\/td><td>0.42<\/td><\/tr><tr><td>MYJD165<\/td><td>2700ml<\/td><td>20*20*12<\/td><td>36<\/td><td>18.2<\/td><td>0.45<\/td><\/tr><tr><td>MYJD166<\/td><td>3200ml<\/td><td>20*20*14<\/td><td>48<\/td><td>26<\/td><td>0.5<\/td><\/tr><\/tbody><\/table><\/figure>\n<\/div>\n<\/div>\n\n\n\n<h3 class=\"wp-block-heading\">Kundenspezifische Edelstahl-Lebensmittelbeh\u00e4lter-Optionen<\/h3>\n\n\n\n<p>Logo: Ihr Markenlogo auf Produkt und Verpackung.<br>Deckel: Glasdeckel, PP-Deckel<br>Logo-Optionen: gedrucktes Logo, lasergraviertes Logo, etc.<br>Muster: Druckmuster auf Lebensmittelbeh\u00e4lter.<br>Drucktechnik: Wassertransferdruck, Siebdruck, W\u00e4rmetransferdruck, etc.<br>Paket:Farbe Box<br><a href=\"https:\/\/moyahousehold.com\/de\/individuelle-losung\/\" data-type=\"page\" data-id=\"2817\"><strong>Mehr Anpassungsm\u00f6glichkeiten entdecken<\/strong><\/a><\/p>\n\n\n\n<div class=\"wp-block-columns is-layout-flex wp-container-core-columns-is-layout-9d6595d7 wp-block-columns-is-layout-flex\">\n<div class=\"wp-block-column is-layout-flow wp-block-column-is-layout-flow\">\n<figure class=\"wp-block-image size-full\"><img fetchpriority=\"high\" decoding=\"async\" width=\"4160\" height=\"4160\" src=\"https:\/\/moyahousehold.com\/wp-content\/uploads\/2024\/06\/bulk-food-container-16.webp\" alt=\"Lebensmittelbeh\u00e4lter\" class=\"wp-image-6209\" srcset=\"https:\/\/moyahousehold.com\/wp-content\/uploads\/2024\/06\/bulk-food-container-16.webp 4160w, https:\/\/moyahousehold.com\/wp-content\/uploads\/2024\/06\/bulk-food-container-16-300x300.webp 300w, https:\/\/moyahousehold.com\/wp-content\/uploads\/2024\/06\/bulk-food-container-16-150x150.webp 150w, https:\/\/moyahousehold.com\/wp-content\/uploads\/2024\/06\/bulk-food-container-16-768x768.webp 768w, https:\/\/moyahousehold.com\/wp-content\/uploads\/2024\/06\/bulk-food-container-16-285x285.webp 285w, https:\/\/moyahousehold.com\/wp-content\/uploads\/2024\/06\/bulk-food-container-16-1600x1600.webp 1600w, https:\/\/moyahousehold.com\/wp-content\/uploads\/2024\/06\/bulk-food-container-16-270x270.webp 270w, https:\/\/moyahousehold.com\/wp-content\/uploads\/2024\/06\/bulk-food-container-16-540x540.webp 540w, https:\/\/moyahousehold.com\/wp-content\/uploads\/2024\/06\/bulk-food-container-16-660x660.webp 660w\" sizes=\"(max-width: 4160px) 100vw, 4160px\" \/><\/figure>\n<\/div>\n\n\n\n<div class=\"wp-block-column is-layout-flow wp-block-column-is-layout-flow\">\n<figure class=\"wp-block-image size-full\"><img decoding=\"async\" width=\"4160\" height=\"4160\" src=\"https:\/\/moyahousehold.com\/wp-content\/uploads\/2024\/06\/bulk-food-container-18.webp\" alt=\"Lebensmittelbeh\u00e4lter\" class=\"wp-image-6210\" srcset=\"https:\/\/moyahousehold.com\/wp-content\/uploads\/2024\/06\/bulk-food-container-18.webp 4160w, https:\/\/moyahousehold.com\/wp-content\/uploads\/2024\/06\/bulk-food-container-18-300x300.webp 300w, https:\/\/moyahousehold.com\/wp-content\/uploads\/2024\/06\/bulk-food-container-18-150x150.webp 150w, https:\/\/moyahousehold.com\/wp-content\/uploads\/2024\/06\/bulk-food-container-18-768x768.webp 768w, https:\/\/moyahousehold.com\/wp-content\/uploads\/2024\/06\/bulk-food-container-18-285x285.webp 285w, https:\/\/moyahousehold.com\/wp-content\/uploads\/2024\/06\/bulk-food-container-18-1600x1600.webp 1600w, https:\/\/moyahousehold.com\/wp-content\/uploads\/2024\/06\/bulk-food-container-18-270x270.webp 270w, https:\/\/moyahousehold.com\/wp-content\/uploads\/2024\/06\/bulk-food-container-18-540x540.webp 540w, https:\/\/moyahousehold.com\/wp-content\/uploads\/2024\/06\/bulk-food-container-18-660x660.webp 660w\" sizes=\"(max-width: 4160px) 100vw, 4160px\" \/><\/figure>\n<\/div>\n<\/div>\n\n\n\n<div class=\"wp-block-columns is-layout-flex wp-container-core-columns-is-layout-9d6595d7 wp-block-columns-is-layout-flex\">\n<div class=\"wp-block-column is-layout-flow wp-block-column-is-layout-flow\">\n<figure class=\"wp-block-image size-full\"><img decoding=\"async\" width=\"4160\" height=\"4160\" src=\"https:\/\/moyahousehold.com\/wp-content\/uploads\/2024\/06\/bulk-food-container-15.webp\" alt=\"Lebensmittelbeh\u00e4lter\" class=\"wp-image-6208\" srcset=\"https:\/\/moyahousehold.com\/wp-content\/uploads\/2024\/06\/bulk-food-container-15.webp 4160w, https:\/\/moyahousehold.com\/wp-content\/uploads\/2024\/06\/bulk-food-container-15-300x300.webp 300w, https:\/\/moyahousehold.com\/wp-content\/uploads\/2024\/06\/bulk-food-container-15-150x150.webp 150w, https:\/\/moyahousehold.com\/wp-content\/uploads\/2024\/06\/bulk-food-container-15-768x768.webp 768w, https:\/\/moyahousehold.com\/wp-content\/uploads\/2024\/06\/bulk-food-container-15-285x285.webp 285w, https:\/\/moyahousehold.com\/wp-content\/uploads\/2024\/06\/bulk-food-container-15-1600x1600.webp 1600w, https:\/\/moyahousehold.com\/wp-content\/uploads\/2024\/06\/bulk-food-container-15-270x270.webp 270w, https:\/\/moyahousehold.com\/wp-content\/uploads\/2024\/06\/bulk-food-container-15-540x540.webp 540w, https:\/\/moyahousehold.com\/wp-content\/uploads\/2024\/06\/bulk-food-container-15-660x660.webp 660w\" sizes=\"(max-width: 4160px) 100vw, 4160px\" \/><\/figure>\n<\/div>\n\n\n\n<div class=\"wp-block-column is-layout-flow wp-block-column-is-layout-flow\">\n<figure class=\"wp-block-image size-full\"><img loading=\"lazy\" decoding=\"async\" width=\"4160\" height=\"4160\" src=\"https:\/\/moyahousehold.com\/wp-content\/uploads\/2024\/06\/bulk-food-container-19.webp\" alt=\"\" class=\"wp-image-6211\" srcset=\"https:\/\/moyahousehold.com\/wp-content\/uploads\/2024\/06\/bulk-food-container-19.webp 4160w, https:\/\/moyahousehold.com\/wp-content\/uploads\/2024\/06\/bulk-food-container-19-300x300.webp 300w, https:\/\/moyahousehold.com\/wp-content\/uploads\/2024\/06\/bulk-food-container-19-150x150.webp 150w, https:\/\/moyahousehold.com\/wp-content\/uploads\/2024\/06\/bulk-food-container-19-768x768.webp 768w, https:\/\/moyahousehold.com\/wp-content\/uploads\/2024\/06\/bulk-food-container-19-285x285.webp 285w, https:\/\/moyahousehold.com\/wp-content\/uploads\/2024\/06\/bulk-food-container-19-1600x1600.webp 1600w, https:\/\/moyahousehold.com\/wp-content\/uploads\/2024\/06\/bulk-food-container-19-270x270.webp 270w, https:\/\/moyahousehold.com\/wp-content\/uploads\/2024\/06\/bulk-food-container-19-540x540.webp 540w, https:\/\/moyahousehold.com\/wp-content\/uploads\/2024\/06\/bulk-food-container-19-660x660.webp 660w\" sizes=\"(max-width: 4160px) 100vw, 4160px\" \/><\/figure>\n<\/div>\n<\/div>","protected":false},"excerpt":{"rendered":"<p>Moya ist ein professioneller Gro\u00dfhandel Lebensmittelbeh\u00e4lter suppliers.we provice Bulk Lebensmittelbeh\u00e4lter Gro\u00dfhandel service.our Produkte umfassen Lebensmittel Lagerung Container von verschiedenen Arten und Spezifikationen. Ob es f\u00fcr Haus, Restaurant oder kommerziellen Gebrauch ist, k\u00f6nnen wir Sie mit der richtigen Speicherl\u00f6sung versehen.wir bieten OEM und ODM kundengebundene Lebensmittel-Container services.welcome Kontakt f\u00fcr ein Angebot.<\/p>\n<h3>Merkmale und Vorteile von Lebensmittelbeh\u00e4ltern<\/h3>\n<p>Lebensmittelbeh\u00e4lter in verschiedenen Formen k\u00f6nnen den Stauraum besser nutzen und sind leicht zu stapeln und zu organisieren.<\/p>\n<p>Sch\u00fcttgutbeh\u00e4lter f\u00fcr Lebensmittel sind aus Edelstahl 304 gefertigt;<\/p>\n<p>Die Lebensmittelbeh\u00e4lter sind aufger\u00fcstet und verdickt, resistent gegen hohe Temperaturen und Korrosion; leicht zu reinigen und langlebiger;<\/p>\n<p>Der elektrolytische Prozess im Inneren der Box ist glatt und rund, leicht zu reinigen, und es gibt keinen Restgeruch bei der Lagerung von Lebensmitteln;<\/p>\n<p>Die Lebensmittelbeh\u00e4lter haben ein verbreitertes Design, um eine bessere Abdichtung zu gew\u00e4hrleisten und das Auslaufen von Fl\u00fcssigkeiten wirksam zu verhindern.<\/p>\n<p>Der verdickte Kastendeckel l\u00e4sst sich nicht so leicht verformen;<\/p>\n<p>Es stehen quadratische und rechteckige Formen zur Auswahl.<br \/><strong><br \/><a href=\"https:\/\/moyahousehold.com\/de\/individuelle-losung\/\">Kundenspezifische OEM&amp;ODM-L\u00f6sungen f\u00fcr Lebensmittelbeh\u00e4lter sind willkommen.<\/a><\/strong><\/p>","protected":false},"featured_media":6189,"comment_status":"open","ping_status":"closed","template":"","meta":[],"product_cat":[57],"product_tag":[107,99,100],"class_list":{"0":"post-6101","1":"product","2":"type-product","3":"status-publish","4":"has-post-thumbnail","6":"product_cat-food-storage-container-wholesale","7":"product_tag-large-stainless-steel-food-storage-containers","8":"product_tag-wholesale-rectangle-food-storage-containers","9":"product_tag-wholesale-square-food-storage-containers","11":"first","12":"instock","13":"shipping-taxable","14":"product-type-simple"},"_links":{"self":[{"href":"https:\/\/moyahousehold.com\/de\/wp-json\/wp\/v2\/product\/6101","targetHints":{"allow":["GET"]}}],"collection":[{"href":"https:\/\/moyahousehold.com\/de\/wp-json\/wp\/v2\/product"}],"about":[{"href":"https:\/\/moyahousehold.com\/de\/wp-json\/wp\/v2\/types\/product"}],"replies":[{"embeddable":true,"href":"https:\/\/moyahousehold.com\/de\/wp-json\/wp\/v2\/comments?post=6101"}],"version-history":[{"count":0,"href":"https:\/\/moyahousehold.com\/de\/wp-json\/wp\/v2\/product\/6101\/revisions"}],"wp:featuredmedia":[{"embeddable":true,"href":"https:\/\/moyahousehold.com\/de\/wp-json\/wp\/v2\/media\/6189"}],"wp:attachment":[{"href":"https:\/\/moyahousehold.com\/de\/wp-json\/wp\/v2\/media?parent=6101"}],"wp:term":[{"taxonomy":"product_cat","embeddable":true,"href":"https:\/\/moyahousehold.com\/de\/wp-json\/wp\/v2\/product_cat?post=6101"},{"taxonomy":"product_tag","embeddable":true,"href":"https:\/\/moyahousehold.com\/de\/wp-json\/wp\/v2\/product_tag?post=6101"}],"curies":[{"name":"wp","href":"https:\/\/api.w.org\/{rel}","templated":true}]}}