{"id":6103,"date":"2024-06-26T06:30:06","date_gmt":"2024-06-26T06:30:06","guid":{"rendered":"https:\/\/moyahousehold.com\/?post_type=product&#038;p=6103"},"modified":"2025-02-05T10:02:23","modified_gmt":"2025-02-05T10:02:23","slug":"wholesale-large-capacity-steel-food-storage-container","status":"publish","type":"product","link":"https:\/\/moyahousehold.com\/de\/produkt\/wholesale-large-capacity-steel-food-storage-container\/","title":{"rendered":"Gro\u00dfhandel Stahl Lebensmittel Lagerung Container mit Schnallen gro\u00dfe Kapazit\u00e4t und bunte"},"content":{"rendered":"<div class=\"wp-block-columns is-layout-flex wp-container-core-columns-is-layout-9d6595d7 wp-block-columns-is-layout-flex\">\n<div class=\"wp-block-column is-layout-flow wp-block-column-is-layout-flow\">\n<h3 class=\"wp-block-heading\">Parameter des Lebensmittelbeh\u00e4lters aus Edelstahl<\/h3>\n<\/div>\n<\/div>\n\n\n\n<figure class=\"wp-block-table\"><table><tbody><tr><td colspan=\"6\">Crisper aus Stahl ohne Griff<\/td><\/tr><tr><td>Artikel NO<\/td><td>Kapazit\u00e4t<\/td><td>Gr\u00f6\u00dfe\/PCS<\/td><td>PCS\/Koffer<\/td><td>N.W.\/PCS<\/td><td>G.W.\/Fall<\/td><\/tr><tr><td>MYJD203<\/td><td>420ML<\/td><td>13.3*11.2*6.2<\/td><td>80<\/td><td>15.6<\/td><td>0.17<\/td><\/tr><tr><td>MYJD204<\/td><td>660ML<\/td><td>13.3*11.2*8.7<\/td><td>80<\/td><td>17.2<\/td><td>0.19<\/td><\/tr><tr><td>MYJD205<\/td><td>900ML<\/td><td>13.3*11.2*11.3<\/td><td>80<\/td><td>19.6<\/td><td>0.22<\/td><\/tr><tr><td>MYJD179<\/td><td>1700ml<\/td><td>24.4*16*8<\/td><td>48<\/td><td>21.2<\/td><td>0.4<\/td><\/tr><tr><td>MYJD180<\/td><td>2200ml<\/td><td>24.4*16*10<\/td><td>36<\/td><td>17.12<\/td><td>0.42<\/td><\/tr><tr><td>MYJD181<\/td><td>2700ml<\/td><td>24.4*16*12<\/td><td>24<\/td><td>16.88<\/td><td>0.62<\/td><\/tr><tr><td>MYJD182<\/td><td>2400ml<\/td><td>35*20*6<\/td><td>36<\/td><td>17.48<\/td><td>0.43<\/td><\/tr><tr><td>MYJD183<\/td><td>3800ml<\/td><td>35*20*9.5<\/td><td>24<\/td><td>19.04<\/td><td>0.71<\/td><\/tr><tr><td>MYJD184<\/td><td>6200ml<\/td><td>35*20*14<\/td><td>16<\/td><td>15.6<\/td><td>0.85<\/td><\/tr><tr><td>MYJD167<\/td><td>1700ml<\/td><td>20*20*7.6<\/td><td>48<\/td><td>20.24<\/td><td>0.38<\/td><\/tr><tr><td>MYJD168<\/td><td>2200ml<\/td><td>20*20*10<\/td><td>36<\/td><td>17.12<\/td><td>0.42<\/td><\/tr><tr><td>MYJD169<\/td><td>2700ml<\/td><td>20*20*12<\/td><td>36<\/td><td>18.2<\/td><td>0.45<\/td><\/tr><tr><td>MYJD170<\/td><td>3200ml<\/td><td>20*20*14<\/td><td>48<\/td><td>26<\/td><td>0.5<\/td><\/tr><\/tbody><\/table><\/figure>\n\n\n\n<h3 class=\"wp-block-heading\">Kundenspezifischer Lebensmittelbeh\u00e4lter aus Edelstahl<\/h3>\n\n\n\n<p>Logo: Ihr Markenlogo auf Produkt und Verpackung.<br>Deckel: Glasdeckel, PP-Deckel<br>Logo-Optionen: gedrucktes Logo, lasergraviertes Logo, etc.<br>Muster: Druckmuster auf Lebensmittelbeh\u00e4lter.<br>Drucktechnik: Wassertransferdruck, Siebdruck, W\u00e4rmetransferdruck, etc.<br>Paket:Farbe Box<br><a href=\"https:\/\/moyahousehold.com\/de\/individuelle-losung\/\" data-type=\"page\" data-id=\"2817\"><strong>Mehr Anpassungsm\u00f6glichkeiten entdecken<\/strong><\/a><\/p>\n\n\n\n<div class=\"wp-block-columns is-layout-flex wp-container-core-columns-is-layout-9d6595d7 wp-block-columns-is-layout-flex\">\n<div class=\"wp-block-column is-layout-flow wp-block-column-is-layout-flow\">\n<figure class=\"wp-block-image size-full\"><img fetchpriority=\"high\" decoding=\"async\" width=\"4160\" height=\"4160\" src=\"https:\/\/moyahousehold.com\/wp-content\/uploads\/2024\/06\/wholesale-large-capacity-food-storage-container-5.webp\" alt=\"Gro\u00dfhandel gro\u00dfe Kapazit\u00e4t Lebensmittel Lagerung Container\" class=\"wp-image-6138\" srcset=\"https:\/\/moyahousehold.com\/wp-content\/uploads\/2024\/06\/wholesale-large-capacity-food-storage-container-5.webp 4160w, https:\/\/moyahousehold.com\/wp-content\/uploads\/2024\/06\/wholesale-large-capacity-food-storage-container-5-300x300.webp 300w, https:\/\/moyahousehold.com\/wp-content\/uploads\/2024\/06\/wholesale-large-capacity-food-storage-container-5-150x150.webp 150w, https:\/\/moyahousehold.com\/wp-content\/uploads\/2024\/06\/wholesale-large-capacity-food-storage-container-5-768x768.webp 768w, https:\/\/moyahousehold.com\/wp-content\/uploads\/2024\/06\/wholesale-large-capacity-food-storage-container-5-285x285.webp 285w, https:\/\/moyahousehold.com\/wp-content\/uploads\/2024\/06\/wholesale-large-capacity-food-storage-container-5-1600x1600.webp 1600w, https:\/\/moyahousehold.com\/wp-content\/uploads\/2024\/06\/wholesale-large-capacity-food-storage-container-5-270x270.webp 270w, https:\/\/moyahousehold.com\/wp-content\/uploads\/2024\/06\/wholesale-large-capacity-food-storage-container-5-540x540.webp 540w, https:\/\/moyahousehold.com\/wp-content\/uploads\/2024\/06\/wholesale-large-capacity-food-storage-container-5-660x660.webp 660w\" sizes=\"(max-width: 4160px) 100vw, 4160px\" \/><\/figure>\n<\/div>\n\n\n\n<div class=\"wp-block-column is-layout-flow wp-block-column-is-layout-flow\">\n<figure class=\"wp-block-image size-full\"><img decoding=\"async\" width=\"4160\" height=\"4160\" src=\"https:\/\/moyahousehold.com\/wp-content\/uploads\/2024\/06\/wholesale-large-capacity-food-storage-container-4.webp\" alt=\"Gro\u00dfhandel gro\u00dfe Kapazit\u00e4t Lebensmittel Lagerung Container\" class=\"wp-image-6137\" srcset=\"https:\/\/moyahousehold.com\/wp-content\/uploads\/2024\/06\/wholesale-large-capacity-food-storage-container-4.webp 4160w, https:\/\/moyahousehold.com\/wp-content\/uploads\/2024\/06\/wholesale-large-capacity-food-storage-container-4-300x300.webp 300w, https:\/\/moyahousehold.com\/wp-content\/uploads\/2024\/06\/wholesale-large-capacity-food-storage-container-4-150x150.webp 150w, https:\/\/moyahousehold.com\/wp-content\/uploads\/2024\/06\/wholesale-large-capacity-food-storage-container-4-768x768.webp 768w, https:\/\/moyahousehold.com\/wp-content\/uploads\/2024\/06\/wholesale-large-capacity-food-storage-container-4-285x285.webp 285w, https:\/\/moyahousehold.com\/wp-content\/uploads\/2024\/06\/wholesale-large-capacity-food-storage-container-4-1600x1600.webp 1600w, https:\/\/moyahousehold.com\/wp-content\/uploads\/2024\/06\/wholesale-large-capacity-food-storage-container-4-270x270.webp 270w, https:\/\/moyahousehold.com\/wp-content\/uploads\/2024\/06\/wholesale-large-capacity-food-storage-container-4-540x540.webp 540w, https:\/\/moyahousehold.com\/wp-content\/uploads\/2024\/06\/wholesale-large-capacity-food-storage-container-4-660x660.webp 660w\" sizes=\"(max-width: 4160px) 100vw, 4160px\" \/><\/figure>\n<\/div>\n<\/div>\n\n\n\n<div class=\"wp-block-columns is-layout-flex wp-container-core-columns-is-layout-9d6595d7 wp-block-columns-is-layout-flex\">\n<div class=\"wp-block-column is-layout-flow wp-block-column-is-layout-flow\">\n<figure class=\"wp-block-image size-full\"><img decoding=\"async\" width=\"4160\" height=\"4160\" src=\"https:\/\/moyahousehold.com\/wp-content\/uploads\/2024\/06\/wholesale-large-capacity-food-storage-container-3.webp\" alt=\"Gro\u00dfhandel gro\u00dfe Kapazit\u00e4t Lebensmittel Lagerung Container\" class=\"wp-image-6136\" srcset=\"https:\/\/moyahousehold.com\/wp-content\/uploads\/2024\/06\/wholesale-large-capacity-food-storage-container-3.webp 4160w, https:\/\/moyahousehold.com\/wp-content\/uploads\/2024\/06\/wholesale-large-capacity-food-storage-container-3-300x300.webp 300w, https:\/\/moyahousehold.com\/wp-content\/uploads\/2024\/06\/wholesale-large-capacity-food-storage-container-3-150x150.webp 150w, https:\/\/moyahousehold.com\/wp-content\/uploads\/2024\/06\/wholesale-large-capacity-food-storage-container-3-768x768.webp 768w, https:\/\/moyahousehold.com\/wp-content\/uploads\/2024\/06\/wholesale-large-capacity-food-storage-container-3-285x285.webp 285w, https:\/\/moyahousehold.com\/wp-content\/uploads\/2024\/06\/wholesale-large-capacity-food-storage-container-3-1600x1600.webp 1600w, https:\/\/moyahousehold.com\/wp-content\/uploads\/2024\/06\/wholesale-large-capacity-food-storage-container-3-270x270.webp 270w, https:\/\/moyahousehold.com\/wp-content\/uploads\/2024\/06\/wholesale-large-capacity-food-storage-container-3-540x540.webp 540w, https:\/\/moyahousehold.com\/wp-content\/uploads\/2024\/06\/wholesale-large-capacity-food-storage-container-3-660x660.webp 660w\" sizes=\"(max-width: 4160px) 100vw, 4160px\" \/><\/figure>\n<\/div>\n\n\n\n<div class=\"wp-block-column is-layout-flow wp-block-column-is-layout-flow\">\n<figure class=\"wp-block-image size-full\"><img loading=\"lazy\" decoding=\"async\" width=\"4160\" height=\"4160\" src=\"https:\/\/moyahousehold.com\/wp-content\/uploads\/2024\/06\/wholesale-large-capacity-food-storage-container-6.webp\" alt=\"Gro\u00dfhandel gro\u00dfe Kapazit\u00e4t Lebensmittel Lagerung Container\" class=\"wp-image-6139\" srcset=\"https:\/\/moyahousehold.com\/wp-content\/uploads\/2024\/06\/wholesale-large-capacity-food-storage-container-6.webp 4160w, https:\/\/moyahousehold.com\/wp-content\/uploads\/2024\/06\/wholesale-large-capacity-food-storage-container-6-300x300.webp 300w, https:\/\/moyahousehold.com\/wp-content\/uploads\/2024\/06\/wholesale-large-capacity-food-storage-container-6-150x150.webp 150w, https:\/\/moyahousehold.com\/wp-content\/uploads\/2024\/06\/wholesale-large-capacity-food-storage-container-6-768x768.webp 768w, https:\/\/moyahousehold.com\/wp-content\/uploads\/2024\/06\/wholesale-large-capacity-food-storage-container-6-285x285.webp 285w, https:\/\/moyahousehold.com\/wp-content\/uploads\/2024\/06\/wholesale-large-capacity-food-storage-container-6-1600x1600.webp 1600w, https:\/\/moyahousehold.com\/wp-content\/uploads\/2024\/06\/wholesale-large-capacity-food-storage-container-6-270x270.webp 270w, https:\/\/moyahousehold.com\/wp-content\/uploads\/2024\/06\/wholesale-large-capacity-food-storage-container-6-540x540.webp 540w, https:\/\/moyahousehold.com\/wp-content\/uploads\/2024\/06\/wholesale-large-capacity-food-storage-container-6-660x660.webp 660w\" sizes=\"(max-width: 4160px) 100vw, 4160px\" \/><\/figure>\n<\/div>\n<\/div>\n\n\n\n<p><\/p>","protected":false},"excerpt":{"rendered":"<p>Moya ist ein Hersteller von Lebensmittelbeh\u00e4ltern aus rostfreiem Stahl. wir bieten Gro\u00dfhandel gro\u00dfe Kapazit\u00e4t Stahl Lebensmittelbeh\u00e4lter, mit einer Vielzahl von Spezifikationen, Kapazit\u00e4ten und Designs zur Auswahl. Von 420ml bis 3200ml, w\u00e4hlen Sie, was Sie brauchen. Diese Lebensmittelvorratsbeh\u00e4lter sind aus hochwertigem Edelstahl mit Zeiterfassungsmodulen, die Sie an das Aufbewahrungsdatum erinnern. OEM &amp; ODM sind willkommen und unterst\u00fctzen Kleinserienbestellung. Kontaktieren Sie uns f\u00fcr ein Angebot.<\/p>\n<h3>Merkmale und Vorteile von Lebensmittellagerbeh\u00e4ltern f\u00fcr den Gro\u00dfhandel<\/h3>\n<p>Der Lebensmittelbeh\u00e4lter kann eine INS Bento-Box im japanischen Stil sein, exquisit mit Reis f\u00fcr Reisen, um die Freizeit zu genie\u00dfen;<\/p>\n<p>Die Lebensmittelbeh\u00e4lter sind aus rostfreiem Edelstahl 304 gefertigt;<\/p>\n<p>Der Gro\u00dfhandel Lebensmittel Lagerung Container sind verbessert und verdickt, resistent gegen hohe Temperaturen und Korrosion; leicht zu reinigen und langlebig;<\/p>\n<p>Die Innenfl\u00e4che des Beh\u00e4lters ist nach der Elektrolyse glatt, leicht zu reinigen und es gibt keinen Restgeruch bei der Lagerung von Lebensmitteln;<\/p>\n<p>Verbreiterter Dichtungsring aus Silikon, dicht schlie\u00dfend, rundum auslaufsicher, Der Stahlbeh\u00e4lter zur Aufbewahrung von Lebensmitteln ist frisch und feuchtigkeitsdicht, auslaufsicher;<\/p>\n<p>Der verdickte Kastendeckel l\u00e4sst sich nicht so leicht verformen;<\/p>\n<p>Gro\u00dfhandel Edelstahl Lebensmittel Lagerung Container haben f\u00fcnf Farben zur Auswahl.<br \/><strong><br \/><a href=\"https:\/\/moyahousehold.com\/de\/individuelle-losung\/\">OEM &amp; ODM kundenspezifische Lebensmittelbeh\u00e4lter willkommen<\/a><\/strong><\/p>","protected":false},"featured_media":6134,"comment_status":"open","ping_status":"closed","template":"","meta":[],"product_cat":[57],"product_tag":[95,99],"class_list":{"0":"post-6103","1":"product","2":"type-product","3":"status-publish","4":"has-post-thumbnail","6":"product_cat-food-storage-container-wholesale","7":"product_tag-wholesale-food-storage-containers-with-date-dial","8":"product_tag-wholesale-rectangle-food-storage-containers","10":"first","11":"instock","12":"shipping-taxable","13":"product-type-simple"},"_links":{"self":[{"href":"https:\/\/moyahousehold.com\/de\/wp-json\/wp\/v2\/product\/6103","targetHints":{"allow":["GET"]}}],"collection":[{"href":"https:\/\/moyahousehold.com\/de\/wp-json\/wp\/v2\/product"}],"about":[{"href":"https:\/\/moyahousehold.com\/de\/wp-json\/wp\/v2\/types\/product"}],"replies":[{"embeddable":true,"href":"https:\/\/moyahousehold.com\/de\/wp-json\/wp\/v2\/comments?post=6103"}],"version-history":[{"count":0,"href":"https:\/\/moyahousehold.com\/de\/wp-json\/wp\/v2\/product\/6103\/revisions"}],"wp:featuredmedia":[{"embeddable":true,"href":"https:\/\/moyahousehold.com\/de\/wp-json\/wp\/v2\/media\/6134"}],"wp:attachment":[{"href":"https:\/\/moyahousehold.com\/de\/wp-json\/wp\/v2\/media?parent=6103"}],"wp:term":[{"taxonomy":"product_cat","embeddable":true,"href":"https:\/\/moyahousehold.com\/de\/wp-json\/wp\/v2\/product_cat?post=6103"},{"taxonomy":"product_tag","embeddable":true,"href":"https:\/\/moyahousehold.com\/de\/wp-json\/wp\/v2\/product_tag?post=6103"}],"curies":[{"name":"wp","href":"https:\/\/api.w.org\/{rel}","templated":true}]}}