{"id":6236,"date":"2024-07-01T15:44:54","date_gmt":"2024-07-01T15:44:54","guid":{"rendered":"https:\/\/moyahousehold.com\/?post_type=product&#038;p=6236"},"modified":"2025-04-22T08:49:58","modified_gmt":"2025-04-22T08:49:58","slug":"bulk-insulated-stainless-steel-bento-boxes-for-wholesale","status":"publish","type":"product","link":"https:\/\/moyahousehold.com\/de\/produkt\/bulk-insulated-stainless-steel-bento-boxes-for-wholesale\/","title":{"rendered":"Bulk Multi-layer isoliert Edelstahl Bento Boxen Gro\u00dfhandel"},"content":{"rendered":"<h2 class=\"wp-block-heading\">Parameter der isolierten Bento-Box aus Edelstahl<\/h2>\n\n\n\n<p><strong>Material:<\/strong>304 + PP <strong> <\/strong><\/p>\n\n\n\n<figure class=\"wp-block-table\"><table><tbody><tr><td>Artikel NO<\/td><td>Kapazit\u00e4t<\/td><td>Gr\u00f6\u00dfe\/PCS<\/td><td>PCS\/Koffer<\/td><td>N.W.\/PCS<\/td><td>G.W.\/Fall<\/td><td>Siza\/Koffer<\/td><\/tr><tr><td>MYLY013<\/td><td>Einzelne Schicht<\/td><td>14.6*14.6*16.5<\/td><td>32<\/td><td>25.92<\/td><td>0.81<\/td><td>64*64*42<\/td><\/tr><tr><td>MYLY014<\/td><td>Doppelte Schichten<\/td><td>14.6*14.6*25<\/td><td>18<\/td><td>25.92<\/td><td>1.44<\/td><td>48*48*59<\/td><\/tr><tr><td>MYLY015<\/td><td>Dreifache Schichten<\/td><td>14.6*14.6*33<\/td><td>16<\/td><td>26.08<\/td><td>1.63<\/td><td>64*64*38<\/td><\/tr><\/tbody><\/table><\/figure>\n\n\n\n<h3 class=\"wp-block-heading\">Kundenspezifische Bento Box Optionen<\/h3>\n\n\n\n<p><strong>Logo: <\/strong>Ihr Markenlogo auf Bento-Boxen und Verpackungen anbringen.<br><strong>Logo-Optionen:<\/strong> gedrucktes Logo, lasergraviertes Logo, usw.<br><strong>Muster: <\/strong>Druckmuster <br><strong>Drucktechnik: <\/strong>Wassertransferdruck, Siebdruck, W\u00e4rmetransferdruck, Sublimationstransfer, etc.<br><strong>Verpackung:<\/strong> Farbkasten<br><a href=\"https:\/\/moyahousehold.com\/de\/individuelle-losung\/\"><strong>Erfahren Sie mehr \u00fcber kundenspezifische Bento-Box-L\u00f6sungen<\/strong><\/a><\/p>\n\n\n\n<div class=\"wp-block-columns is-layout-flex wp-container-core-columns-is-layout-9d6595d7 wp-block-columns-is-layout-flex\">\n<div class=\"wp-block-column is-layout-flow wp-block-column-is-layout-flow\">\n<figure class=\"wp-block-image size-full\"><img fetchpriority=\"high\" decoding=\"async\" width=\"558\" height=\"558\" src=\"https:\/\/moyahousehold.com\/wp-content\/uploads\/2024\/07\/stainless-steel-bento-box-display-1.png\" alt=\"bento box display aus edelstahl (1)\" class=\"wp-image-8893\" srcset=\"https:\/\/moyahousehold.com\/wp-content\/uploads\/2024\/07\/stainless-steel-bento-box-display-1.png 558w, https:\/\/moyahousehold.com\/wp-content\/uploads\/2024\/07\/stainless-steel-bento-box-display-1-300x300.png 300w, https:\/\/moyahousehold.com\/wp-content\/uploads\/2024\/07\/stainless-steel-bento-box-display-1-150x150.png 150w, https:\/\/moyahousehold.com\/wp-content\/uploads\/2024\/07\/stainless-steel-bento-box-display-1-12x12.png 12w, https:\/\/moyahousehold.com\/wp-content\/uploads\/2024\/07\/stainless-steel-bento-box-display-1-285x285.png 285w, https:\/\/moyahousehold.com\/wp-content\/uploads\/2024\/07\/stainless-steel-bento-box-display-1-270x270.png 270w, https:\/\/moyahousehold.com\/wp-content\/uploads\/2024\/07\/stainless-steel-bento-box-display-1-540x540.png 540w\" sizes=\"(max-width: 558px) 100vw, 558px\" \/><\/figure>\n<\/div>\n\n\n\n<div class=\"wp-block-column is-layout-flow wp-block-column-is-layout-flow\">\n<figure class=\"wp-block-image size-full\"><img decoding=\"async\" width=\"567\" height=\"567\" src=\"https:\/\/moyahousehold.com\/wp-content\/uploads\/2024\/07\/stainless-steel-bento-box-display-2.png\" alt=\"bento box display aus edelstahl (2)\" class=\"wp-image-8894\" srcset=\"https:\/\/moyahousehold.com\/wp-content\/uploads\/2024\/07\/stainless-steel-bento-box-display-2.png 567w, https:\/\/moyahousehold.com\/wp-content\/uploads\/2024\/07\/stainless-steel-bento-box-display-2-300x300.png 300w, https:\/\/moyahousehold.com\/wp-content\/uploads\/2024\/07\/stainless-steel-bento-box-display-2-150x150.png 150w, https:\/\/moyahousehold.com\/wp-content\/uploads\/2024\/07\/stainless-steel-bento-box-display-2-12x12.png 12w, https:\/\/moyahousehold.com\/wp-content\/uploads\/2024\/07\/stainless-steel-bento-box-display-2-285x285.png 285w, https:\/\/moyahousehold.com\/wp-content\/uploads\/2024\/07\/stainless-steel-bento-box-display-2-270x270.png 270w, https:\/\/moyahousehold.com\/wp-content\/uploads\/2024\/07\/stainless-steel-bento-box-display-2-540x540.png 540w\" sizes=\"(max-width: 567px) 100vw, 567px\" \/><\/figure>\n<\/div>\n<\/div>\n\n\n\n<div class=\"wp-block-columns is-layout-flex wp-container-core-columns-is-layout-9d6595d7 wp-block-columns-is-layout-flex\">\n<div class=\"wp-block-column is-layout-flow wp-block-column-is-layout-flow\">\n<figure class=\"wp-block-image size-full\"><img decoding=\"async\" width=\"554\" height=\"554\" src=\"https:\/\/moyahousehold.com\/wp-content\/uploads\/2024\/07\/stainless-steel-bento-box-display-3.png\" alt=\"bento box display aus edelstahl (3)\" class=\"wp-image-8895\" srcset=\"https:\/\/moyahousehold.com\/wp-content\/uploads\/2024\/07\/stainless-steel-bento-box-display-3.png 554w, https:\/\/moyahousehold.com\/wp-content\/uploads\/2024\/07\/stainless-steel-bento-box-display-3-300x300.png 300w, https:\/\/moyahousehold.com\/wp-content\/uploads\/2024\/07\/stainless-steel-bento-box-display-3-150x150.png 150w, https:\/\/moyahousehold.com\/wp-content\/uploads\/2024\/07\/stainless-steel-bento-box-display-3-12x12.png 12w, https:\/\/moyahousehold.com\/wp-content\/uploads\/2024\/07\/stainless-steel-bento-box-display-3-285x285.png 285w, https:\/\/moyahousehold.com\/wp-content\/uploads\/2024\/07\/stainless-steel-bento-box-display-3-270x270.png 270w, https:\/\/moyahousehold.com\/wp-content\/uploads\/2024\/07\/stainless-steel-bento-box-display-3-540x540.png 540w\" sizes=\"(max-width: 554px) 100vw, 554px\" \/><\/figure>\n<\/div>\n\n\n\n<div class=\"wp-block-column is-layout-flow wp-block-column-is-layout-flow\">\n<figure class=\"wp-block-image size-full\"><img loading=\"lazy\" decoding=\"async\" width=\"553\" height=\"553\" src=\"https:\/\/moyahousehold.com\/wp-content\/uploads\/2024\/07\/stainless-steel-bento-box-display-4.png\" alt=\"bento box display aus edelstahl (4)\" class=\"wp-image-8896\" srcset=\"https:\/\/moyahousehold.com\/wp-content\/uploads\/2024\/07\/stainless-steel-bento-box-display-4.png 553w, https:\/\/moyahousehold.com\/wp-content\/uploads\/2024\/07\/stainless-steel-bento-box-display-4-300x300.png 300w, https:\/\/moyahousehold.com\/wp-content\/uploads\/2024\/07\/stainless-steel-bento-box-display-4-150x150.png 150w, https:\/\/moyahousehold.com\/wp-content\/uploads\/2024\/07\/stainless-steel-bento-box-display-4-12x12.png 12w, https:\/\/moyahousehold.com\/wp-content\/uploads\/2024\/07\/stainless-steel-bento-box-display-4-285x285.png 285w, https:\/\/moyahousehold.com\/wp-content\/uploads\/2024\/07\/stainless-steel-bento-box-display-4-270x270.png 270w, https:\/\/moyahousehold.com\/wp-content\/uploads\/2024\/07\/stainless-steel-bento-box-display-4-540x540.png 540w\" sizes=\"(max-width: 553px) 100vw, 553px\" \/><\/figure>\n<\/div>\n<\/div>","protected":false},"excerpt":{"rendered":"<p>Diese Bento-Box ist aus hochwertigem, lebensmittelechtem Edelstahl gefertigt, um die Lebensmittelsicherheit und -gesundheit zu gew\u00e4hrleisten, und verf\u00fcgt \u00fcber isolierte Eigenschaften. Das mehrschichtige Design erm\u00f6glicht es Benutzern, mehr Lebensmittel zu tragen. Wir bieten OEM- und ODM-Services f\u00fcr kundenspezifische Bento-Boxen und k\u00f6nnen Markenlogos aufdrucken und exklusive Muster nach Ihren W\u00fcnschen ausw\u00e4hlen. Kontaktieren Sie uns f\u00fcr weitere Informationen \u00fcber Gro\u00dfhandel oder kundenspezifische bento Boxen.<\/p>\n<h3>Eigenschaften der Bento-Box aus Edelstahl<\/h3>\n<p><strong>Vakuumisolierung:<\/strong> Diese Bento-Box verf\u00fcgt \u00fcber ein Vakuum-Schicht-Design, um W\u00e4rmeverluste effektiv zu isolieren, die Isolationszeit zu verl\u00e4ngern und die Temperatur der Lebensmittel zu erhalten.<\/p>\n<p><strong>Geschichtetes Design:<\/strong> Wir bieten 1- bis 3-lagige Bento-Boxen an, die je nach Bedarf frei kombiniert werden k\u00f6nnen, um den Mittagsbedarf einer Einzelperson oder einer Familie zu decken.<\/p>\n<p><strong>Humanisiertes Griffdesign:<\/strong> Dies ist eine Bento-Box mit einem Griff. Der Griff Design ist ger\u00e4umig und bequem, die leicht zu tragen ist.<\/p>\n<p><strong>Ausgezeichnete Abdichtung:<\/strong> Jede Schicht hat ein separates Dichtungsdesign, um das Auslaufen von Fl\u00fcssigkeiten zu verhindern, und eignet sich f\u00fcr die Aufbewahrung von Suppe und So\u00dfe.<\/p>\n<p><strong>OEM&amp;ODM-Dienstleistung:<\/strong> Wir bieten OEM&amp;ODM kundenspezifische Bento-Box-L\u00f6sungen an, um die Anforderungen verschiedener Szenarien zu erf\u00fcllen.<\/p>","protected":false},"featured_media":8891,"comment_status":"closed","ping_status":"closed","template":"","meta":[],"product_cat":[58],"product_tag":[89,90,86,91],"class_list":{"0":"post-6236","1":"product","2":"type-product","3":"status-publish","4":"has-post-thumbnail","6":"product_cat-lunch-box-wholesale","7":"product_tag-wholesale-3-layer-lunch-box","8":"product_tag-wholesale-double-layer-lunch-box","9":"product_tag-wholesale-insulated-lunch-box","10":"product_tag-wholesale-round-lunch-box","12":"first","13":"instock","14":"shipping-taxable","15":"product-type-simple"},"_links":{"self":[{"href":"https:\/\/moyahousehold.com\/de\/wp-json\/wp\/v2\/product\/6236","targetHints":{"allow":["GET"]}}],"collection":[{"href":"https:\/\/moyahousehold.com\/de\/wp-json\/wp\/v2\/product"}],"about":[{"href":"https:\/\/moyahousehold.com\/de\/wp-json\/wp\/v2\/types\/product"}],"replies":[{"embeddable":true,"href":"https:\/\/moyahousehold.com\/de\/wp-json\/wp\/v2\/comments?post=6236"}],"version-history":[{"count":0,"href":"https:\/\/moyahousehold.com\/de\/wp-json\/wp\/v2\/product\/6236\/revisions"}],"wp:featuredmedia":[{"embeddable":true,"href":"https:\/\/moyahousehold.com\/de\/wp-json\/wp\/v2\/media\/8891"}],"wp:attachment":[{"href":"https:\/\/moyahousehold.com\/de\/wp-json\/wp\/v2\/media?parent=6236"}],"wp:term":[{"taxonomy":"product_cat","embeddable":true,"href":"https:\/\/moyahousehold.com\/de\/wp-json\/wp\/v2\/product_cat?post=6236"},{"taxonomy":"product_tag","embeddable":true,"href":"https:\/\/moyahousehold.com\/de\/wp-json\/wp\/v2\/product_tag?post=6236"}],"curies":[{"name":"wp","href":"https:\/\/api.w.org\/{rel}","templated":true}]}}