{"id":6277,"date":"2024-07-02T00:49:41","date_gmt":"2024-07-02T00:49:41","guid":{"rendered":"https:\/\/moyahousehold.com\/?post_type=product&#038;p=6277"},"modified":"2025-02-05T08:35:46","modified_gmt":"2025-02-05T08:35:46","slug":"bulk-bento-boxes-wholesale-multi-layer-for-all-your-meal-prep-needs","status":"publish","type":"product","link":"https:\/\/moyahousehold.com\/de\/produkt\/bulk-bento-boxes-wholesale-multi-layer-for-all-your-meal-prep-needs\/","title":{"rendered":"Gro\u00dfhandel Bento Box, Bulk Multi Layer Bento Boxen zu verkaufen"},"content":{"rendered":"<h2 class=\"wp-block-heading\">Parameter der Gro\u00dfhandel Bento Box<\/h2>\n\n\n\n<p><strong>Material:<\/strong>304 + PP <strong> <\/strong><\/p>\n\n\n\n<figure class=\"wp-block-table\"><table><tbody><tr><td>Artikel NO<\/td><td>Kapazit\u00e4t<\/td><td>Gr\u00f6\u00dfe\/PCS<\/td><td>PCS\/Koffer<\/td><td>N.W.\/PCS<\/td><td>G.W.\/Fall<\/td><\/tr><tr><td>MYLY025<\/td><td>Einzelne Schicht<\/td><td>14.6*14.6*13<\/td><td>32<\/td><td>22.72<\/td><td>0.71<\/td><\/tr><tr><td>MYLY026<\/td><td>Doppelte Schichten<\/td><td>14.6*14.6*22<\/td><td>18<\/td><td>24.12<\/td><td>1.34<\/td><\/tr><tr><td>MYLY027<\/td><td>Dreifache Schichten<\/td><td>14.6*14.6*30<\/td><td>16<\/td><td>24.48<\/td><td>1.53<\/td><\/tr><\/tbody><\/table><\/figure>\n\n\n\n<h3 class=\"wp-block-heading\">Individuelle Bento-Boxen Optionen<\/h3>\n\n\n\n<p><strong>Logo<\/strong>: Ihr Markenlogo auf Produkt und Verpackung.<br><strong>Logo-Optionen<\/strong>: gedrucktes Logo, lasergraviertes Logo, etc.<br><strong>Muster:<\/strong> Druckmuster <br><strong>Drucktechnik<\/strong>Wassertransferdruck, Siebdruck, W\u00e4rmetransferdruck, Sublimationstransfer, etc.<br><strong>Paket<\/strong>:Farbkasten<br><a href=\"https:\/\/moyahousehold.com\/de\/individuelle-losung\/\"><strong>Mehr Anpassungsm\u00f6glichkeiten entdecken<\/strong><\/a><\/p>\n\n\n\n<div class=\"wp-block-columns is-layout-flex wp-container-core-columns-is-layout-9d6595d7 wp-block-columns-is-layout-flex\">\n<div class=\"wp-block-column is-layout-flow wp-block-column-is-layout-flow\">\n<figure class=\"wp-block-image size-full\"><img fetchpriority=\"high\" decoding=\"async\" width=\"563\" height=\"563\" src=\"https:\/\/moyahousehold.com\/wp-content\/uploads\/2024\/07\/wholesal-bento-box-1.webp\" alt=\"Gro\u00dfhandels-Bento-Box (1)\" class=\"wp-image-7973\" srcset=\"https:\/\/moyahousehold.com\/wp-content\/uploads\/2024\/07\/wholesal-bento-box-1.webp 563w, https:\/\/moyahousehold.com\/wp-content\/uploads\/2024\/07\/wholesal-bento-box-1-300x300.webp 300w, https:\/\/moyahousehold.com\/wp-content\/uploads\/2024\/07\/wholesal-bento-box-1-150x150.webp 150w, https:\/\/moyahousehold.com\/wp-content\/uploads\/2024\/07\/wholesal-bento-box-1-12x12.webp 12w, https:\/\/moyahousehold.com\/wp-content\/uploads\/2024\/07\/wholesal-bento-box-1-285x285.webp 285w, https:\/\/moyahousehold.com\/wp-content\/uploads\/2024\/07\/wholesal-bento-box-1-270x270.webp 270w, https:\/\/moyahousehold.com\/wp-content\/uploads\/2024\/07\/wholesal-bento-box-1-540x540.webp 540w\" sizes=\"(max-width: 563px) 100vw, 563px\" \/><\/figure>\n<\/div>\n\n\n\n<div class=\"wp-block-column is-layout-flow wp-block-column-is-layout-flow\">\n<figure class=\"wp-block-image size-full\"><img decoding=\"async\" width=\"547\" height=\"547\" src=\"https:\/\/moyahousehold.com\/wp-content\/uploads\/2024\/07\/wholesal-bento-box-2.webp\" alt=\"Gro\u00dfhandels-Bento-Box (2)\" class=\"wp-image-7974\" srcset=\"https:\/\/moyahousehold.com\/wp-content\/uploads\/2024\/07\/wholesal-bento-box-2.webp 547w, https:\/\/moyahousehold.com\/wp-content\/uploads\/2024\/07\/wholesal-bento-box-2-300x300.webp 300w, https:\/\/moyahousehold.com\/wp-content\/uploads\/2024\/07\/wholesal-bento-box-2-150x150.webp 150w, https:\/\/moyahousehold.com\/wp-content\/uploads\/2024\/07\/wholesal-bento-box-2-12x12.webp 12w, https:\/\/moyahousehold.com\/wp-content\/uploads\/2024\/07\/wholesal-bento-box-2-285x285.webp 285w, https:\/\/moyahousehold.com\/wp-content\/uploads\/2024\/07\/wholesal-bento-box-2-270x270.webp 270w, https:\/\/moyahousehold.com\/wp-content\/uploads\/2024\/07\/wholesal-bento-box-2-540x540.webp 540w\" sizes=\"(max-width: 547px) 100vw, 547px\" \/><\/figure>\n<\/div>\n<\/div>","protected":false},"excerpt":{"rendered":"<p>Wir bieten hohe Qualit\u00e4t Gro\u00dfhandel Lunch-Boxen zu Fabrikpreisen. Dieser Gro\u00dfhandel Brotdose hat eine mehrschichtige Design, geeignet f\u00fcr Mahlzeit Vorbereitung Bed\u00fcrfnisse in verschiedenen Gelegenheiten. Es ist aus hochwertigem 304 Edelstahl gefertigt und hat eine ausgezeichnete Haltbarkeit. Das gute Design macht es sehr gut abgedichtet und wird nicht dazu f\u00fchren, dass Lebensmittel-Leckagen durch Kippen oder Vibration. Als Lunchbox mit einfacher Bedienung ist sie f\u00fcr den Benutzer sehr bequem im t\u00e4glichen Leben zu verwenden. Wir sind ein Edelstahl-Lunch-Box-Hersteller aus China, willkommen, uns f\u00fcr diese mehrschichtige Lunch-Box zu Gro\u00dfhandelspreisen zu kontaktieren.<\/p>\n<h3>Eigenschaften und Vorteile von Wholesale Bento Box<\/h3>\n<p>1. <strong>Hochwertige Materialien<\/strong>l: Das Innere der Brotdose besteht aus lebensmittelechtem Edelstahl 304, der auch nach langem Gebrauch seine hervorragende Qualit\u00e4t beibeh\u00e4lt und den Benutzern ein gesundes Esserlebnis bietet.<\/p>\n<p>2. <strong>Komfortables Gef\u00fchl<\/strong>: Das Gesamtdesign der Brotdose konzentriert sich nicht nur auf das Aussehen, sondern schenkt auch dem Handgef\u00fchl des Benutzers mehr Aufmerksamkeit. Die exquisite Oberfl\u00e4chenbehandlung und die abgerundeten Ecken sorgen daf\u00fcr, dass sich die Brotdose bei der Benutzung angenehmer anf\u00fchlt und das Essen noch angenehmer macht.<\/p>\n<p>3. <strong>Mehrschichtiger Aufbau<\/strong>: Diese Lunchbox verf\u00fcgt \u00fcber ein mehrschichtiges Kombinationsdesign, und jede Schicht kann unabh\u00e4ngig voneinander verschiedene Arten von Lebensmitteln aufnehmen. Dies stellt nicht nur sicher, dass der Geschmack und das Aroma der Lebensmittel sich nicht gegenseitig beeinflussen, sondern erleichtert auch den Benutzern, je nach Bedarf verschiedene Essensw\u00fcnsche zu erf\u00fcllen.<\/p>\n<p>4. <strong>Verstecktes Fach<\/strong>: Die obere Abdeckung ist mit einem kleinen, versteckten Fach mit cleverem Design ausgestattet. Es kann zur Aufbewahrung von Gew\u00fcrzen, Snacks oder anderen kleinen Accessoires verwendet werden, was die Praktikabilit\u00e4t der Lunchbox erh\u00f6ht.<\/p>\n<p>5. <strong>Mehrschichtige Auswahl<\/strong>: Der Benutzer kann eine beliebige Anzahl von Schichten w\u00e4hlen, um sie an die verschiedenen Bed\u00fcrfnisse anzupassen. Dank dieser Flexibilit\u00e4t kann die Lunchbox bei verschiedenen Anl\u00e4ssen die beste Rolle spielen.<\/p>\n<p>6. <strong>Gro\u00dfhandel-Lunchbox-Service<\/strong>: Wir bieten Gro\u00dfhandelsservices f\u00fcr Lunchboxen an, die f\u00fcr gro\u00dfe Beschaffungsbed\u00fcrfnisse wie Catering-Unternehmen, Schulen und Fabriken geeignet sind.<\/p>\n<p>7. <strong>Beispielhafte Unterst\u00fctzung<\/strong>: F\u00fcr unsere Gro\u00dfhandel-Lunch-Box Gesch\u00e4ft, bieten wir kostenlose Proben, so dass Sie ein tieferes Verst\u00e4ndnis f\u00fcr unsere Produkte, bevor sie eine Wahl haben.<\/p>\n<p>8. <strong>Ma\u00dfgeschneiderter Service<\/strong>: Als professioneller Hersteller und Lieferant von Lunchboxen aus Edelstahl kann ich Ihnen helfen, eine brandneue Lunchbox zu entwerfen. Wir werden Ihre Ideen verstehen und sie durch starke OEM&amp;ODM F\u00e4higkeiten realisieren.<\/p>\n<p><a href=\"https:\/\/moyahousehold.com\/de\/individuelle-losung\/\" target=\"_blank\" rel=\"noopener\"><strong>Erfahren Sie mehr \u00fcber unsere individuelle Bento-Box-L\u00f6sung.<\/strong><\/a><\/p>","protected":false},"featured_media":7978,"comment_status":"closed","ping_status":"closed","template":"","meta":[],"product_cat":[58],"product_tag":[89,90,91],"class_list":{"0":"post-6277","1":"product","2":"type-product","3":"status-publish","4":"has-post-thumbnail","6":"product_cat-lunch-box-wholesale","7":"product_tag-wholesale-3-layer-lunch-box","8":"product_tag-wholesale-double-layer-lunch-box","9":"product_tag-wholesale-round-lunch-box","11":"first","12":"instock","13":"shipping-taxable","14":"product-type-simple"},"_links":{"self":[{"href":"https:\/\/moyahousehold.com\/de\/wp-json\/wp\/v2\/product\/6277","targetHints":{"allow":["GET"]}}],"collection":[{"href":"https:\/\/moyahousehold.com\/de\/wp-json\/wp\/v2\/product"}],"about":[{"href":"https:\/\/moyahousehold.com\/de\/wp-json\/wp\/v2\/types\/product"}],"replies":[{"embeddable":true,"href":"https:\/\/moyahousehold.com\/de\/wp-json\/wp\/v2\/comments?post=6277"}],"version-history":[{"count":0,"href":"https:\/\/moyahousehold.com\/de\/wp-json\/wp\/v2\/product\/6277\/revisions"}],"wp:featuredmedia":[{"embeddable":true,"href":"https:\/\/moyahousehold.com\/de\/wp-json\/wp\/v2\/media\/7978"}],"wp:attachment":[{"href":"https:\/\/moyahousehold.com\/de\/wp-json\/wp\/v2\/media?parent=6277"}],"wp:term":[{"taxonomy":"product_cat","embeddable":true,"href":"https:\/\/moyahousehold.com\/de\/wp-json\/wp\/v2\/product_cat?post=6277"},{"taxonomy":"product_tag","embeddable":true,"href":"https:\/\/moyahousehold.com\/de\/wp-json\/wp\/v2\/product_tag?post=6277"}],"curies":[{"name":"wp","href":"https:\/\/api.w.org\/{rel}","templated":true}]}}