{"id":6295,"date":"2024-07-02T01:21:44","date_gmt":"2024-07-02T01:21:44","guid":{"rendered":"https:\/\/moyahousehold.com\/?post_type=product&#038;p=6295"},"modified":"2025-02-05T08:50:23","modified_gmt":"2025-02-05T08:50:23","slug":"customized-multi-layer-bento-box-for-sale","status":"publish","type":"product","link":"https:\/\/moyahousehold.com\/de\/produkt\/customized-multi-layer-bento-box-for-sale\/","title":{"rendered":"Gro\u00dfhandel Multi-Layer-Bento-Box mit Handle: Gro\u00dfe Kapazit\u00e4t Design mit bequemen Griffen"},"content":{"rendered":"<h2 class=\"wp-block-heading\">Parameter der mehrschichtigen Bento-Box<\/h2>\n\n\n\n<p><strong>Material:<\/strong>304 + PP <strong> <\/strong><\/p>\n\n\n\n<figure class=\"wp-block-table\"><table><tbody><tr><td>Artikel NO<\/td><td>Kapazit\u00e4t<\/td><td>Gr\u00f6\u00dfe\/PCS<\/td><td>PCS\/Koffer<\/td><td>N.W.\/PCS<\/td><td>G.W.\/Fall<\/td><\/tr><tr><td>MYJD236<\/td><td>700ml<\/td><td>15*15*7<\/td><td>\/<\/td><td>\/<\/td><td>0.5<\/td><\/tr><tr><td>MYJD237<\/td><td>1400ml<\/td><td>15*15*13.5<\/td><td>36<\/td><td>25.2<\/td><td>0.7<\/td><\/tr><tr><td>MYJD238<\/td><td>2100ml<\/td><td>15*15*19.5<\/td><td>24<\/td><td>21.6<\/td><td>0.9<\/td><\/tr><tr><td>MYJD239<\/td><td>2800ml<\/td><td>15*15*25.5<\/td><td>\/<\/td><td>\/<\/td><td>1.1<\/td><\/tr><\/tbody><\/table><\/figure>\n\n\n\n<h3 class=\"wp-block-heading\">Individuelle Bento-Boxen Optionen<\/h3>\n\n\n\n<p><strong>Logo<\/strong>: Gestalten Sie Ihr Markenlogo auf Bento-Boxen und Verpackungen.<br><strong>Logo-Optionen:<\/strong> gedrucktes Logo, lasergraviertes Logo, usw.<br><strong>Muster:<\/strong> Druckmuster <br><strong>Drucktechnik:<\/strong> Wassertransferdruck, Siebdruck, W\u00e4rmetransferdruck, Sublimationstransfer, usw.<br><strong>Paket:<\/strong>Farbkasten<br><a href=\"https:\/\/moyahousehold.com\/de\/individuelle-losung\/\"><strong>Entdecken Sie weitere individuelle Bento-Box-L\u00f6sungen<\/strong><\/a><\/p>\n\n\n\n<div class=\"wp-block-columns is-layout-flex wp-container-core-columns-is-layout-9d6595d7 wp-block-columns-is-layout-flex\">\n<div class=\"wp-block-column is-layout-flow wp-block-column-is-layout-flow\">\n<figure class=\"wp-block-image size-full\"><img fetchpriority=\"high\" decoding=\"async\" width=\"2000\" height=\"2000\" src=\"https:\/\/moyahousehold.com\/wp-content\/uploads\/2024\/07\/customizable-bento-box-display-1.jpg\" alt=\"anpassbares bento-Box-Display (1)\" class=\"wp-image-8563\" srcset=\"https:\/\/moyahousehold.com\/wp-content\/uploads\/2024\/07\/customizable-bento-box-display-1.jpg 2000w, https:\/\/moyahousehold.com\/wp-content\/uploads\/2024\/07\/customizable-bento-box-display-1-300x300.jpg 300w, https:\/\/moyahousehold.com\/wp-content\/uploads\/2024\/07\/customizable-bento-box-display-1-150x150.jpg 150w, https:\/\/moyahousehold.com\/wp-content\/uploads\/2024\/07\/customizable-bento-box-display-1-768x768.jpg 768w, https:\/\/moyahousehold.com\/wp-content\/uploads\/2024\/07\/customizable-bento-box-display-1-12x12.jpg 12w, https:\/\/moyahousehold.com\/wp-content\/uploads\/2024\/07\/customizable-bento-box-display-1-285x285.jpg 285w, https:\/\/moyahousehold.com\/wp-content\/uploads\/2024\/07\/customizable-bento-box-display-1-1600x1600.jpg 1600w, https:\/\/moyahousehold.com\/wp-content\/uploads\/2024\/07\/customizable-bento-box-display-1-270x270.jpg 270w, https:\/\/moyahousehold.com\/wp-content\/uploads\/2024\/07\/customizable-bento-box-display-1-540x540.jpg 540w, https:\/\/moyahousehold.com\/wp-content\/uploads\/2024\/07\/customizable-bento-box-display-1-660x660.jpg 660w\" sizes=\"(max-width: 2000px) 100vw, 2000px\" \/><\/figure>\n<\/div>\n\n\n\n<div class=\"wp-block-column is-layout-flow wp-block-column-is-layout-flow\">\n<figure class=\"wp-block-image size-full\"><img decoding=\"async\" width=\"2000\" height=\"2000\" src=\"https:\/\/moyahousehold.com\/wp-content\/uploads\/2024\/07\/customizable-bento-box-display-2.jpg\" alt=\"anpassbares bento-Box-Display (2)\" class=\"wp-image-8564\" srcset=\"https:\/\/moyahousehold.com\/wp-content\/uploads\/2024\/07\/customizable-bento-box-display-2.jpg 2000w, https:\/\/moyahousehold.com\/wp-content\/uploads\/2024\/07\/customizable-bento-box-display-2-300x300.jpg 300w, https:\/\/moyahousehold.com\/wp-content\/uploads\/2024\/07\/customizable-bento-box-display-2-150x150.jpg 150w, https:\/\/moyahousehold.com\/wp-content\/uploads\/2024\/07\/customizable-bento-box-display-2-768x768.jpg 768w, https:\/\/moyahousehold.com\/wp-content\/uploads\/2024\/07\/customizable-bento-box-display-2-12x12.jpg 12w, https:\/\/moyahousehold.com\/wp-content\/uploads\/2024\/07\/customizable-bento-box-display-2-285x285.jpg 285w, https:\/\/moyahousehold.com\/wp-content\/uploads\/2024\/07\/customizable-bento-box-display-2-1600x1600.jpg 1600w, https:\/\/moyahousehold.com\/wp-content\/uploads\/2024\/07\/customizable-bento-box-display-2-270x270.jpg 270w, https:\/\/moyahousehold.com\/wp-content\/uploads\/2024\/07\/customizable-bento-box-display-2-540x540.jpg 540w, https:\/\/moyahousehold.com\/wp-content\/uploads\/2024\/07\/customizable-bento-box-display-2-660x660.jpg 660w\" sizes=\"(max-width: 2000px) 100vw, 2000px\" \/><\/figure>\n<\/div>\n<\/div>","protected":false},"excerpt":{"rendered":"<p>Gro\u00dfhandel benutzerdefinierte Bento-Box, diese Bento-Box kann mit 1 bis 4 Schichten angepasst werden, kann jede Schicht verschiedene Lebensmittel unabh\u00e4ngig zu speichern, flexibel auf die Bed\u00fcrfnisse der verschiedenen Benutzer. Und es ist aus 304 lebensmittelechtem Edelstahl hergestellt, um Sicherheit und Gesundheit zu gew\u00e4hrleisten. MOYA, als Hersteller von Edelstahl-Bento-Boxen, bieten wir OEM und ODM benutzerdefinierte Bento-Box Dienstleistungen. Willkommen bei uns f\u00fcr weitere Produktinformationen zu kontaktieren.<\/p>\n<h3>Merkmale und Vorteile der anpassbaren Bento-Box<\/h3>\n<p><strong>Flexibles Lagenkonzept:<\/strong> Diese Bento-Box kann mit 1 bis 4 Schichten je nach Bedarf angepasst werden, und jede Schicht kann verschiedene Arten von Lebensmitteln unabh\u00e4ngig zu speichern.<\/p>\n<p><strong>Hochwertiges Material aus rostfreiem Stahl 304:<\/strong> Die Auskleidung besteht aus hochwertigem Edelstahl 304, der eine ausgezeichnete Korrosions- und Oxidationsbest\u00e4ndigkeit aufweist. Geeignet f\u00fcr die Lagerung von hei\u00dfen oder kalten Lebensmitteln, und sorgen f\u00fcr Sicherheit und Gesundheit.<\/p>\n<p><strong>Auslaufsicheres Dichtungsdesign:<\/strong> Jede Schicht ist mit einem eingebauten Gummiring versehen, der eine schichtweise Abdichtung gew\u00e4hrleistet und das Auslaufen von Fl\u00fcssigkeiten wirksam verhindert, so dass Sie die Tasche unbesorgt tragen k\u00f6nnen.<\/p>\n<p><strong>Personalisierter Anpassungsservice:<\/strong> Wir bieten OEM&amp;ODM kundenspezifische L\u00f6sungen f\u00fcr Bento-Boxen, einschlie\u00dflich einer Vielzahl von Farben, Formen und funktionalen Designs, um eine einzigartige Marken-Bento-Box f\u00fcr Sie zu kreieren.<\/p>","protected":false},"featured_media":8577,"comment_status":"closed","ping_status":"closed","template":"","meta":[],"product_cat":[58],"product_tag":[89,90],"class_list":{"0":"post-6295","1":"product","2":"type-product","3":"status-publish","4":"has-post-thumbnail","6":"product_cat-lunch-box-wholesale","7":"product_tag-wholesale-3-layer-lunch-box","8":"product_tag-wholesale-double-layer-lunch-box","10":"first","11":"instock","12":"shipping-taxable","13":"product-type-simple"},"_links":{"self":[{"href":"https:\/\/moyahousehold.com\/de\/wp-json\/wp\/v2\/product\/6295","targetHints":{"allow":["GET"]}}],"collection":[{"href":"https:\/\/moyahousehold.com\/de\/wp-json\/wp\/v2\/product"}],"about":[{"href":"https:\/\/moyahousehold.com\/de\/wp-json\/wp\/v2\/types\/product"}],"replies":[{"embeddable":true,"href":"https:\/\/moyahousehold.com\/de\/wp-json\/wp\/v2\/comments?post=6295"}],"version-history":[{"count":0,"href":"https:\/\/moyahousehold.com\/de\/wp-json\/wp\/v2\/product\/6295\/revisions"}],"wp:featuredmedia":[{"embeddable":true,"href":"https:\/\/moyahousehold.com\/de\/wp-json\/wp\/v2\/media\/8577"}],"wp:attachment":[{"href":"https:\/\/moyahousehold.com\/de\/wp-json\/wp\/v2\/media?parent=6295"}],"wp:term":[{"taxonomy":"product_cat","embeddable":true,"href":"https:\/\/moyahousehold.com\/de\/wp-json\/wp\/v2\/product_cat?post=6295"},{"taxonomy":"product_tag","embeddable":true,"href":"https:\/\/moyahousehold.com\/de\/wp-json\/wp\/v2\/product_tag?post=6295"}],"curies":[{"name":"wp","href":"https:\/\/api.w.org\/{rel}","templated":true}]}}