{"id":7228,"date":"2024-07-18T03:58:43","date_gmt":"2024-07-18T03:58:43","guid":{"rendered":"https:\/\/moyahousehold.com\/?post_type=product&#038;p=7228"},"modified":"2025-02-05T10:00:49","modified_gmt":"2025-02-05T10:00:49","slug":"bulk-food-storage-jars","status":"publish","type":"product","link":"https:\/\/moyahousehold.com\/de\/produkt\/bulk-food-storage-jars\/","title":{"rendered":"Bulk Food Storage Jars,Hochwertige Edelstahl Lebensmittel Lagerung Gl\u00e4ser mit Deckeln"},"content":{"rendered":"<div class=\"wp-block-columns is-layout-flex wp-container-core-columns-is-layout-9d6595d7 wp-block-columns-is-layout-flex\">\n<div class=\"wp-block-column is-layout-flow wp-block-column-is-layout-flow\">\n<h3 class=\"wp-block-heading\">Parameter von Lebensmittelbeh\u00e4ltern mit Deckeln<\/h3>\n\n\n\n<figure class=\"wp-block-table\"><table class=\"has-fixed-layout\"><tbody><tr><td>Artikel<\/td><td>Kapazit\u00e4t<\/td><td>Gr\u00f6\u00dfe\/PCS<\/td><td>PCS\/Koffer<\/td><td>N.W.\/PCS<\/td><td>G.W.\/Fall<\/td><\/tr><tr><td>MYJD239<\/td><td>450ml<\/td><td>13*13*5.5<\/td><td>100<\/td><td>0.24<\/td><td>26<\/td><\/tr><tr><td>MYJD240<\/td><td>650ml<\/td><td>13*13*7.5<\/td><td>80<\/td><td>0.25<\/td><td>22<\/td><\/tr><tr><td>MYJD241<\/td><td>900ml<\/td><td>13*13*9.5<\/td><td>80<\/td><td>0.27<\/td><td>23.6<\/td><\/tr><\/tbody><\/table><\/figure>\n<\/div>\n<\/div>\n\n\n\n<h3 class=\"wp-block-heading\">Kundenspezifische Optionen f\u00fcr Lebensmittelbeh\u00e4lter<\/h3>\n\n\n\n<p><strong>Logo<\/strong>: Individuelle Gestaltung Ihres Markenlogos auf Produkten und Verpackungen.<br><strong>Deckel<\/strong>: Glasdeckel, PP-Deckel<br><strong>Logo-Optionen<\/strong>: gedrucktes Logo, lasergraviertes Logo, etc.<br><strong>Muster<\/strong>Druckmuster auf Lebensmittelbeh\u00e4ltern.<br><strong>Drucktechnik<\/strong>Wassertransferdruck, Siebdruck, W\u00e4rmetransferdruck, usw.<br><strong>Paket:<\/strong> Farbkasten.<br><a href=\"https:\/\/moyahousehold.com\/de\/individuelle-losung\/\" data-type=\"page\" data-id=\"2817\" target=\"_blank\" rel=\"noreferrer noopener\"><strong>Entdecken Sie weitere individuelle L\u00f6sungen f\u00fcr Lebensmittelbeh\u00e4lter.<\/strong><\/a><\/p>\n\n\n\n<div class=\"wp-block-columns is-layout-flex wp-container-core-columns-is-layout-9d6595d7 wp-block-columns-is-layout-flex\">\n<div class=\"wp-block-column is-layout-flow wp-block-column-is-layout-flow\">\n<figure class=\"wp-block-image size-full\"><img fetchpriority=\"high\" decoding=\"async\" width=\"1600\" height=\"1600\" src=\"https:\/\/moyahousehold.com\/wp-content\/uploads\/2024\/07\/bulk-food-storage-jars-1.webp\" alt=\"Vorratsgl\u00e4ser f\u00fcr Lebensmittel (1)\" class=\"wp-image-9282\" srcset=\"https:\/\/moyahousehold.com\/wp-content\/uploads\/2024\/07\/bulk-food-storage-jars-1.webp 1600w, https:\/\/moyahousehold.com\/wp-content\/uploads\/2024\/07\/bulk-food-storage-jars-1-300x300.webp 300w, https:\/\/moyahousehold.com\/wp-content\/uploads\/2024\/07\/bulk-food-storage-jars-1-150x150.webp 150w, https:\/\/moyahousehold.com\/wp-content\/uploads\/2024\/07\/bulk-food-storage-jars-1-768x768.webp 768w, https:\/\/moyahousehold.com\/wp-content\/uploads\/2024\/07\/bulk-food-storage-jars-1-12x12.webp 12w, https:\/\/moyahousehold.com\/wp-content\/uploads\/2024\/07\/bulk-food-storage-jars-1-285x285.webp 285w, https:\/\/moyahousehold.com\/wp-content\/uploads\/2024\/07\/bulk-food-storage-jars-1-270x270.webp 270w, https:\/\/moyahousehold.com\/wp-content\/uploads\/2024\/07\/bulk-food-storage-jars-1-540x540.webp 540w, https:\/\/moyahousehold.com\/wp-content\/uploads\/2024\/07\/bulk-food-storage-jars-1-660x660.webp 660w\" sizes=\"(max-width: 1600px) 100vw, 1600px\" \/><\/figure>\n<\/div>\n\n\n\n<div class=\"wp-block-column is-layout-flow wp-block-column-is-layout-flow\">\n<figure class=\"wp-block-image size-full\"><img decoding=\"async\" width=\"1600\" height=\"1600\" src=\"https:\/\/moyahousehold.com\/wp-content\/uploads\/2024\/07\/bulk-food-storage-jars-2.webp\" alt=\"Vorratsdosen f\u00fcr Lebensmittel (2)\" class=\"wp-image-9283\" srcset=\"https:\/\/moyahousehold.com\/wp-content\/uploads\/2024\/07\/bulk-food-storage-jars-2.webp 1600w, https:\/\/moyahousehold.com\/wp-content\/uploads\/2024\/07\/bulk-food-storage-jars-2-300x300.webp 300w, https:\/\/moyahousehold.com\/wp-content\/uploads\/2024\/07\/bulk-food-storage-jars-2-150x150.webp 150w, https:\/\/moyahousehold.com\/wp-content\/uploads\/2024\/07\/bulk-food-storage-jars-2-768x768.webp 768w, https:\/\/moyahousehold.com\/wp-content\/uploads\/2024\/07\/bulk-food-storage-jars-2-12x12.webp 12w, https:\/\/moyahousehold.com\/wp-content\/uploads\/2024\/07\/bulk-food-storage-jars-2-285x285.webp 285w, https:\/\/moyahousehold.com\/wp-content\/uploads\/2024\/07\/bulk-food-storage-jars-2-270x270.webp 270w, https:\/\/moyahousehold.com\/wp-content\/uploads\/2024\/07\/bulk-food-storage-jars-2-540x540.webp 540w, https:\/\/moyahousehold.com\/wp-content\/uploads\/2024\/07\/bulk-food-storage-jars-2-660x660.webp 660w\" sizes=\"(max-width: 1600px) 100vw, 1600px\" \/><\/figure>\n<\/div>\n<\/div>","protected":false},"excerpt":{"rendered":"<p>Gro\u00dfhandel Bulk Food Storage Gl\u00e4ser mit Deckel, kann effektiv speichern Trockenwaren, Gew\u00fcrze, Getreide, N\u00fcsse und andere Lebensmittel, halten Lebensmittel frisch und geschmackvoll, ist eine ideale Wahl f\u00fcr Einzelh\u00e4ndler, Catering und Gro\u00dfk\u00fcchen. Diese Lebensmittel Glas hat ein niedliches Design und wir bieten eine Vielzahl von Kapazit\u00e4tsoptionen, willkommen B2B K\u00e4ufer, uns zu kontaktieren.<\/p>\n<h3>Eigenschaften von Lebensmittelbeh\u00e4ltern mit Deckeln<\/h3>\n<p><strong>Transparenter Glasdeckel:<\/strong> Das Lebensmittelglas ist mit einem transparenten Deckel ausgestattet, so dass Sie die Lebensmittel im Inneren sehen k\u00f6nnen, ohne den Deckel zu \u00f6ffnen. Es ist sehr bequem, Dinge zu finden, Lebensmittel zu klassifizieren und Zeit zu sparen.<\/p>\n<p><strong>Gesundheit und Sicherheit:<\/strong> Der Beh\u00e4lter ist aus lebensmittelechtem Edelstahl und Glas hergestellt, ohne BPA, sehr sicher, geeignet f\u00fcr Tee, Kaffeebohnen und andere Lebensmittel. Die Ern\u00e4hrung der Familie ist gesund.<\/p>\n<p><strong>Gute Abdichtungsleistung:<\/strong> Ausgestattet mit fortschrittlichen Dichtungsringen sind der Deckel und das Glas sehr dicht, Luft, Feuchtigkeit und Staub k\u00f6nnen nicht eindringen, so dass die Lebensmittel frisch bleiben und l\u00e4nger halten.<\/p>\n<p><strong>Mehrere Kapazit\u00e4ten verf\u00fcgbar:<\/strong> Es gibt viele verschiedene Gr\u00f6\u00dfen von Einmachgl\u00e4sern, kleine k\u00f6nnen f\u00fcr Snacks verwendet werden, gro\u00dfe f\u00fcr Grundnahrungsmittel. Egal, ob f\u00fcr den pers\u00f6nlichen Gebrauch, f\u00fcr Picknicks oder f\u00fcr gro\u00dfe Vorr\u00e4te, Sie werden das Richtige finden.<\/p>\n<p><strong>Unterst\u00fctzung von Anpassungen:<\/strong> Wir k\u00f6nnen Produkte nach Kundenwunsch anpassen, z. B. Farben \u00e4ndern, LOGO aufdrucken oder Funktionen optimieren. Besonders geeignet f\u00fcr Kunden, die in gro\u00dfen Mengen kaufen, wie Einzelh\u00e4ndler oder Geschenkh\u00e4ndler.<\/p>","protected":false},"featured_media":9284,"comment_status":"closed","ping_status":"closed","template":"","meta":[],"product_cat":[57],"product_tag":[98],"class_list":{"0":"post-7228","1":"product","2":"type-product","3":"status-publish","4":"has-post-thumbnail","6":"product_cat-food-storage-container-wholesale","7":"product_tag-wholesale-round-food-storage-containers","9":"first","10":"instock","11":"shipping-taxable","12":"product-type-simple"},"_links":{"self":[{"href":"https:\/\/moyahousehold.com\/de\/wp-json\/wp\/v2\/product\/7228","targetHints":{"allow":["GET"]}}],"collection":[{"href":"https:\/\/moyahousehold.com\/de\/wp-json\/wp\/v2\/product"}],"about":[{"href":"https:\/\/moyahousehold.com\/de\/wp-json\/wp\/v2\/types\/product"}],"replies":[{"embeddable":true,"href":"https:\/\/moyahousehold.com\/de\/wp-json\/wp\/v2\/comments?post=7228"}],"version-history":[{"count":0,"href":"https:\/\/moyahousehold.com\/de\/wp-json\/wp\/v2\/product\/7228\/revisions"}],"wp:featuredmedia":[{"embeddable":true,"href":"https:\/\/moyahousehold.com\/de\/wp-json\/wp\/v2\/media\/9284"}],"wp:attachment":[{"href":"https:\/\/moyahousehold.com\/de\/wp-json\/wp\/v2\/media?parent=7228"}],"wp:term":[{"taxonomy":"product_cat","embeddable":true,"href":"https:\/\/moyahousehold.com\/de\/wp-json\/wp\/v2\/product_cat?post=7228"},{"taxonomy":"product_tag","embeddable":true,"href":"https:\/\/moyahousehold.com\/de\/wp-json\/wp\/v2\/product_tag?post=7228"}],"curies":[{"name":"wp","href":"https:\/\/api.w.org\/{rel}","templated":true}]}}