{"id":7300,"date":"2024-07-18T07:24:22","date_gmt":"2024-07-18T07:24:22","guid":{"rendered":"https:\/\/moyahousehold.com\/?post_type=product&#038;p=7300"},"modified":"2025-02-05T10:00:20","modified_gmt":"2025-02-05T10:00:20","slug":"wholesale-food-container-supplier-introducing-korean-style-food-container-series","status":"publish","type":"product","link":"https:\/\/moyahousehold.com\/de\/produkt\/wholesale-food-container-supplier-introducing-korean-style-food-container-series\/","title":{"rendered":"Gro\u00dfhandel Lebensmittel-Container Lieferanten - Einf\u00fchrung in die koreanischen Stil Lebensmittel-Container-Serie"},"content":{"rendered":"<div data-elementor-type=\"product-post\" data-elementor-id=\"7300\" class=\"elementor elementor-7300\" data-elementor-post-type=\"product\">\n\t\t\t\t<div class=\"elementor-element elementor-element-08cbba8 e-grid e-con-boxed e-con e-parent\" data-id=\"08cbba8\" data-element_type=\"container\">\n\t\t\t\t\t<div class=\"e-con-inner\">\n\t\t\t\t\t<\/div>\n\t\t\t\t<\/div>\n\t\t\t\t<\/div>","protected":false},"excerpt":{"rendered":"<p>Wir sind ein professioneller Gro\u00dfhandel Lebensmittelbeh\u00e4lter Lieferanten und Provice Gro\u00dfhandel Lebensmittelbeh\u00e4lter service.Our neuen koreanischen Stil Lebensmittelbeh\u00e4lter Produkte Serie geh\u00f6ren verschiedene Arten und Spezifikationen.This Gro\u00dfhandel Edelstahl Lebensmittelbeh\u00e4lter hat eine gute Luftdichtheit zu gew\u00e4hrleisten, Unterdruck, niedrigem Sauerstoff und Mikro-Vakuum, die Sauerstoffgehalt reduziert, vermeidet den Eintrag von Staub und Feuchtigkeit und reduziert das Risiko von Lebensmitteln Oxidation und bakterielle growth.We bieten Gro\u00dfhandel Lebensmittelbeh\u00e4lter Service und OEM und ODM ma\u00dfgeschneiderte L\u00f6sungen Lebensmittelbeh\u00e4lter.Welcome Kontakt f\u00fcr ein Angebot.<\/p>\n<h3>Merkmale und Vorteile von Lebensmittelbeh\u00e4ltern f\u00fcr den Gro\u00dfhandel<\/h3>\n<p><strong>Frisch halten<\/strong>: Die aus hochwertigem Edelstahl gefertigten Gro\u00dfhandelsbeh\u00e4lter k\u00fchlen schnell und gleichm\u00e4\u00dfig, wodurch die Frische erhalten bleibt und N\u00e4hrstoffverluste vermieden werden.<\/p>\n<p><strong>Mikrowellengeeignet<\/strong>: Diese Gro\u00dfhandels-Lebensmittelbeh\u00e4lter sind mikrowellengeeignet. Erhitzen Sie sie bei mittlerer Leistung 3-5 Minuten lang, wobei Sie den Deckel leicht ge\u00f6ffnet lassen, damit der Dampf entweichen kann.<\/p>\n<p><strong>Verdickter Deckel<\/strong>: Die verdickte Abdeckung ist haltbar und verformungsbest\u00e4ndig.<\/p>\n<p><strong>Mehrere Spezifikationen<\/strong>: Der Gro\u00dfhandel Lebensmittel-Container Serie hat mehrere Spezifikationen zur Auswahl, Lebensmittel von verschiedenen Gr\u00f6\u00dfen k\u00f6nnen getrennt werden. Sie l\u00f6sen Probleme der Lebensmittelkonservierung und verhindern Geschmacksverf\u00e4lschungen.<\/p>\n<p><strong>Bester Service<\/strong>Als der f\u00fchrende Gro\u00dfhandel Lebensmittel-Container Lieferanten, bieten wir die besten Gro\u00dfhandel Lebensmittel-Container Service f\u00fcr unsere Kunden.<\/p>\n<p><strong><a href=\"https:\/\/moyahousehold.com\/de\/individuelle-losung\/\">Wir bieten die professionellste OEM&amp;ODM-L\u00f6sung f\u00fcr kundenspezifische Lebensmittelbeh\u00e4lter aus Edelstahl.<\/a><\/strong><\/p>","protected":false},"featured_media":7306,"comment_status":"open","ping_status":"closed","template":"","meta":[],"product_cat":[57],"product_tag":[99],"class_list":{"0":"post-7300","1":"product","2":"type-product","3":"status-publish","4":"has-post-thumbnail","6":"product_cat-food-storage-container-wholesale","7":"product_tag-wholesale-rectangle-food-storage-containers","9":"first","10":"instock","11":"shipping-taxable","12":"product-type-simple"},"_links":{"self":[{"href":"https:\/\/moyahousehold.com\/de\/wp-json\/wp\/v2\/product\/7300","targetHints":{"allow":["GET"]}}],"collection":[{"href":"https:\/\/moyahousehold.com\/de\/wp-json\/wp\/v2\/product"}],"about":[{"href":"https:\/\/moyahousehold.com\/de\/wp-json\/wp\/v2\/types\/product"}],"replies":[{"embeddable":true,"href":"https:\/\/moyahousehold.com\/de\/wp-json\/wp\/v2\/comments?post=7300"}],"version-history":[{"count":0,"href":"https:\/\/moyahousehold.com\/de\/wp-json\/wp\/v2\/product\/7300\/revisions"}],"wp:featuredmedia":[{"embeddable":true,"href":"https:\/\/moyahousehold.com\/de\/wp-json\/wp\/v2\/media\/7306"}],"wp:attachment":[{"href":"https:\/\/moyahousehold.com\/de\/wp-json\/wp\/v2\/media?parent=7300"}],"wp:term":[{"taxonomy":"product_cat","embeddable":true,"href":"https:\/\/moyahousehold.com\/de\/wp-json\/wp\/v2\/product_cat?post=7300"},{"taxonomy":"product_tag","embeddable":true,"href":"https:\/\/moyahousehold.com\/de\/wp-json\/wp\/v2\/product_tag?post=7300"}],"curies":[{"name":"wp","href":"https:\/\/api.w.org\/{rel}","templated":true}]}}