{"id":7316,"date":"2024-07-18T07:53:56","date_gmt":"2024-07-18T07:53:56","guid":{"rendered":"https:\/\/moyahousehold.com\/?post_type=product&#038;p=7316"},"modified":"2025-03-05T10:09:01","modified_gmt":"2025-03-05T10:09:01","slug":"high-quality-bulk-stainless-steel-food-containers-for-sale","status":"publish","type":"product","link":"https:\/\/moyahousehold.com\/de\/produkt\/high-quality-bulk-stainless-steel-food-containers-for-sale\/","title":{"rendered":"Hochwertige Edelstahl-Lebensmittelbeh\u00e4lter f\u00fcr den Verkauf - Factory Direct"},"content":{"rendered":"<div class=\"wp-block-columns is-layout-flex wp-container-core-columns-is-layout-9d6595d7 wp-block-columns-is-layout-flex\">\n<div class=\"wp-block-column is-layout-flow wp-block-column-is-layout-flow\">\n<h3 class=\"wp-block-heading\">Parameter von Lebensmittelbeh\u00e4ltern aus Edelstahl<\/h3>\n\n\n\n<figure class=\"wp-block-table\"><table class=\"has-fixed-layout\"><tbody><tr><td>Artikel<\/td><td>Kapazit\u00e4t<\/td><td>Gr\u00f6\u00dfe\/PCS<\/td><td>PCS\/Koffer<\/td><td>N.W.\/PCS<\/td><td>G.W.\/Fall<\/td><\/tr><tr><td>MYJD203<\/td><td>400ml<\/td><td>13.3*11.3*6.3<\/td><td>80<\/td><td>0.18<\/td><td>16.4<\/td><\/tr><tr><td>MYJD204<\/td><td>650ml<\/td><td>13.3*11.3*8.6<\/td><td>80<\/td><td>0.2<\/td><td>18<\/td><\/tr><tr><td>MYJD205<\/td><td>900ml<\/td><td>13.3*11.3*11.1<\/td><td>60<\/td><td>0.24<\/td><td>16.4<\/td><\/tr><tr><td>MYJD206<\/td><td>1000ml<\/td><td>22*15.1*6.5<\/td><td>60<\/td><td>0.35<\/td><td>23<\/td><\/tr><tr><td>MYJD207<\/td><td>1600ml<\/td><td>22*15.1*8.9<\/td><td>60<\/td><td>0.38<\/td><td>24.8<\/td><\/tr><tr><td>MYJD208<\/td><td>2100ml<\/td><td>22*15.1*11.3<\/td><td>48<\/td><td>0.43<\/td><td>22.64<\/td><\/tr><tr><td>MYJD209<\/td><td>2400ml<\/td><td>29*22*6.3<\/td><td>48<\/td><td>0.62<\/td><td>31.76<\/td><\/tr><tr><td>MYJD210<\/td><td>3500ml<\/td><td>29*22*8.8<\/td><td>36<\/td><td>0.7<\/td><td>27.2<\/td><\/tr><tr><td>MYJD211<\/td><td>4600ml<\/td><td>29*22*11.2<\/td><td>24<\/td><td>0.76<\/td><td>20.24<\/td><\/tr><\/tbody><\/table><\/figure>\n<\/div>\n<\/div>\n\n\n\n<h3 class=\"wp-block-heading\">Kundenspezifische Edelstahl-Lebensmittelbeh\u00e4lter-Optionen<\/h3>\n\n\n\n<p><strong>Logo<\/strong>: Ihr Markenlogo auf Produkt und Verpackung.<br><strong>Deckel<\/strong>: Glasdeckel, PP-Deckel<br><strong>Logo-Optionen<\/strong>: gedrucktes Logo, lasergraviertes Logo, etc.<br><strong>Muster<\/strong>Druck von Mustern auf Lebensmittelbeh\u00e4ltern.<br><strong>Drucktechnik<\/strong>Wassertransferdruck, Siebdruck, W\u00e4rmetransferdruck, usw.<br><strong>Paket<\/strong>:Farbkasten<br><a href=\"https:\/\/moyahousehold.com\/de\/individuelle-losung\/\" data-type=\"page\" data-id=\"2817\"><strong>Mehr Anpassungsm\u00f6glichkeiten entdecken<\/strong><\/a><\/p>\n\n\n\n<div class=\"wp-block-columns is-layout-flex wp-container-core-columns-is-layout-9d6595d7 wp-block-columns-is-layout-flex\">\n<div class=\"wp-block-column is-layout-flow wp-block-column-is-layout-flow\">\n<figure class=\"wp-block-image size-full\"><img fetchpriority=\"high\" decoding=\"async\" width=\"837\" height=\"837\" src=\"https:\/\/moyahousehold.com\/wp-content\/uploads\/2024\/07\/bulk-food-container-5.webp\" alt=\"Bulk-Edelstahl-Lebensmittel-Container Gro\u00dfhandel \" class=\"wp-image-7238\" srcset=\"https:\/\/moyahousehold.com\/wp-content\/uploads\/2024\/07\/bulk-food-container-5.webp 837w, https:\/\/moyahousehold.com\/wp-content\/uploads\/2024\/07\/bulk-food-container-5-300x300.webp 300w, https:\/\/moyahousehold.com\/wp-content\/uploads\/2024\/07\/bulk-food-container-5-150x150.webp 150w, https:\/\/moyahousehold.com\/wp-content\/uploads\/2024\/07\/bulk-food-container-5-768x768.webp 768w, https:\/\/moyahousehold.com\/wp-content\/uploads\/2024\/07\/bulk-food-container-5-12x12.webp 12w, https:\/\/moyahousehold.com\/wp-content\/uploads\/2024\/07\/bulk-food-container-5-285x285.webp 285w, https:\/\/moyahousehold.com\/wp-content\/uploads\/2024\/07\/bulk-food-container-5-270x270.webp 270w, https:\/\/moyahousehold.com\/wp-content\/uploads\/2024\/07\/bulk-food-container-5-540x540.webp 540w, https:\/\/moyahousehold.com\/wp-content\/uploads\/2024\/07\/bulk-food-container-5-660x660.webp 660w\" sizes=\"(max-width: 837px) 100vw, 837px\" \/><\/figure>\n<\/div>\n\n\n\n<div class=\"wp-block-column is-layout-flow wp-block-column-is-layout-flow\">\n<figure class=\"wp-block-image size-full\"><img decoding=\"async\" width=\"837\" height=\"837\" src=\"https:\/\/moyahousehold.com\/wp-content\/uploads\/2024\/07\/bulk-food-container-5.jpg\" alt=\"Beh\u00e4lter f\u00fcr lose Lebensmittel (5)\" class=\"wp-image-7237\" srcset=\"https:\/\/moyahousehold.com\/wp-content\/uploads\/2024\/07\/bulk-food-container-5.jpg 837w, https:\/\/moyahousehold.com\/wp-content\/uploads\/2024\/07\/bulk-food-container-5-300x300.jpg 300w, https:\/\/moyahousehold.com\/wp-content\/uploads\/2024\/07\/bulk-food-container-5-150x150.jpg 150w, https:\/\/moyahousehold.com\/wp-content\/uploads\/2024\/07\/bulk-food-container-5-768x768.jpg 768w, https:\/\/moyahousehold.com\/wp-content\/uploads\/2024\/07\/bulk-food-container-5-12x12.jpg 12w, https:\/\/moyahousehold.com\/wp-content\/uploads\/2024\/07\/bulk-food-container-5-285x285.jpg 285w, https:\/\/moyahousehold.com\/wp-content\/uploads\/2024\/07\/bulk-food-container-5-270x270.jpg 270w, https:\/\/moyahousehold.com\/wp-content\/uploads\/2024\/07\/bulk-food-container-5-540x540.jpg 540w, https:\/\/moyahousehold.com\/wp-content\/uploads\/2024\/07\/bulk-food-container-5-660x660.jpg 660w\" sizes=\"(max-width: 837px) 100vw, 837px\" \/><\/figure>\n<\/div>\n<\/div>\n\n\n\n<div class=\"wp-block-columns is-layout-flex wp-container-core-columns-is-layout-9d6595d7 wp-block-columns-is-layout-flex\">\n<div class=\"wp-block-column is-layout-flow wp-block-column-is-layout-flow\"><\/div>\n\n\n\n<div class=\"wp-block-column is-layout-flow wp-block-column-is-layout-flow\"><\/div>\n<\/div>\n\n\n\n<p><\/p>","protected":false},"excerpt":{"rendered":"<p>Wir sind ein professionelles<a href=\"https:\/\/moyahousehold.com\/de\/produktkategorie\/food-storage-container-wholesale\/\" target=\"_blank\" rel=\"noopener\"><strong> Hersteller von Lebensmittelbeh\u00e4ltern aus Edelstahl<\/strong><\/a>Wir bieten Gro\u00dfhandelsdienstleistungen f\u00fcr Edelstahl-Lebensmittelbeh\u00e4lter in gro\u00dfen Mengen an. Dieser Edelstahl-Lebensmittelbeh\u00e4lter hat eine Vielzahl von Spezifikationen zur Auswahl, geeignet f\u00fcr die Lagerung von verschiedenen Arten von Lebensmitteln, einschlie\u00dflich Gem\u00fcse, Meeresfr\u00fcchte, Fleisch oder gekochte Lebensmittel, mit ausgezeichneter Abdichtung, so dass Sie nicht mehr \u00fcber Lebensmittel versch\u00fctten zu k\u00fcmmern. Die umweltfreundlichen, abfallfreien Lebensmittelbeh\u00e4lter bieten Ihnen ein stilvolles und nachhaltiges Esserlebnis. Unsere Lebensmittelbeh\u00e4lter aus Edelstahl k\u00f6nnen nicht nur Ihre gro\u00dfen Bestellungen erf\u00fcllen, sondern auch Ihre Marke durch wettbewerbsf\u00e4hige Preise und hohe Qualit\u00e4t aufwerten.<\/p>\n<h3>Merkmale und Vorteile von Lebensmittelbeh\u00e4ltern f\u00fcr Gro\u00dfmengen<\/p>\n<\/h3>\n<p><strong>Schnellgefrieren<\/strong>: Dieser Lebensmittelbeh\u00e4lter aus rostfreiem Stahl hat eine Schnellgefrierfunktion. Das Metallmaterial leitet die K\u00e4lte schnell, wodurch die Zutaten besser frisch gehalten werden k\u00f6nnen. Es ist sehr geeignet f\u00fcr die Lagerung von frischem Fleisch.<\/p>\n<p><strong>Mikrowellengeeignet<\/strong>: Dieser Lebensmittelbeh\u00e4lter aus rostfreiem Stahl kann in der Mikrowelle erhitzt werden (auf mittlerer Stufe f\u00fcr ca. 3-5 Minuten). Achten Sie darauf, den Deckel beim Erhitzen zu entfernen und die Bel\u00fcftung aufrechtzuerhalten).<\/p>\n<p><strong>Leicht zu reinigen<\/strong>: Die Oberfl\u00e4che unserer Beh\u00e4lter ist fein poliert, glatt wie neu und sehr leicht zu reinigen. Das Oberfl\u00e4chenmaterial widersteht nicht nur effektiv dem Schmutz, sondern eliminiert auch m\u00f6gliche Geruchsr\u00fcckst\u00e4nde. Gleichzeitig sind sie auch ideale Begleiter f\u00fcr K\u00fchl- und Gefrierschr\u00e4nke und k\u00f6nnen nach Belieben gelagert werden.<\/p>\n<p><strong>Mehrere Gr\u00f6\u00dfenoptionen<\/strong>: Dieses Set besteht aus 9 Beh\u00e4ltern mit unterschiedlichem Fassungsverm\u00f6gen, von 400 ml bis 4600 ml, um verschiedene Aufbewahrungsanforderungen zu erf\u00fcllen. Egal, ob es sich um t\u00e4gliche Mahlzeiten, Snacks oder Reste handelt, es kann Lebensmittel lange frisch und lecker halten.<\/p>\n<p><strong>Vielseitigkeit und Umweltschutz<\/strong>: Unsere Lebensmittelbeh\u00e4lter aus Edelstahl sind vielseitig einsetzbar und k\u00f6nnen als Lunchboxen, Snackbeh\u00e4lter und Bento-Boxen verwendet werden. Die Wahl dieser wiederverwendbaren Beh\u00e4lter ist eine M\u00f6glichkeit, einen positiven Beitrag zum Umweltschutz zu leisten, indem Sie die Verwendung von Einwegplastik reduzieren und so die Belastung der nat\u00fcrlichen Umwelt durch Plastikm\u00fcll verringern.<\/p>\n<p><strong><a href=\"https:\/\/moyahousehold.com\/de\/individuelle-losung\/\">Wir bieten OEM- und ODM-L\u00f6sungen f\u00fcr kundenspezifische Lebensmittelbeh\u00e4lter, um Ihren Anforderungen gerecht zu werden.<\/a><\/strong><\/p>","protected":false},"featured_media":7246,"comment_status":"open","ping_status":"closed","template":"","meta":[],"product_cat":[57],"product_tag":[95,106,99],"class_list":{"0":"post-7316","1":"product","2":"type-product","3":"status-publish","4":"has-post-thumbnail","6":"product_cat-food-storage-container-wholesale","7":"product_tag-wholesale-food-storage-containers-with-date-dial","8":"product_tag-microwavable-food-storage-containers","9":"product_tag-wholesale-rectangle-food-storage-containers","11":"first","12":"instock","13":"shipping-taxable","14":"product-type-simple"},"_links":{"self":[{"href":"https:\/\/moyahousehold.com\/de\/wp-json\/wp\/v2\/product\/7316","targetHints":{"allow":["GET"]}}],"collection":[{"href":"https:\/\/moyahousehold.com\/de\/wp-json\/wp\/v2\/product"}],"about":[{"href":"https:\/\/moyahousehold.com\/de\/wp-json\/wp\/v2\/types\/product"}],"replies":[{"embeddable":true,"href":"https:\/\/moyahousehold.com\/de\/wp-json\/wp\/v2\/comments?post=7316"}],"version-history":[{"count":0,"href":"https:\/\/moyahousehold.com\/de\/wp-json\/wp\/v2\/product\/7316\/revisions"}],"wp:featuredmedia":[{"embeddable":true,"href":"https:\/\/moyahousehold.com\/de\/wp-json\/wp\/v2\/media\/7246"}],"wp:attachment":[{"href":"https:\/\/moyahousehold.com\/de\/wp-json\/wp\/v2\/media?parent=7316"}],"wp:term":[{"taxonomy":"product_cat","embeddable":true,"href":"https:\/\/moyahousehold.com\/de\/wp-json\/wp\/v2\/product_cat?post=7316"},{"taxonomy":"product_tag","embeddable":true,"href":"https:\/\/moyahousehold.com\/de\/wp-json\/wp\/v2\/product_tag?post=7316"}],"curies":[{"name":"wp","href":"https:\/\/api.w.org\/{rel}","templated":true}]}}