{"id":7319,"date":"2024-07-18T08:07:54","date_gmt":"2024-07-18T08:07:54","guid":{"rendered":"https:\/\/moyahousehold.com\/?post_type=product&#038;p=7319"},"modified":"2025-02-05T09:57:38","modified_gmt":"2025-02-05T09:57:38","slug":"wholesale-stainless-steel-color-food-containers-with-lids","status":"publish","type":"product","link":"https:\/\/moyahousehold.com\/de\/produkt\/wholesale-stainless-steel-color-food-containers-with-lids\/","title":{"rendered":"Gro\u00dfhandel Edelstahl Farbe Lebensmittelbeh\u00e4lter mit Deckel- Ideal f\u00fcr Haus und kommerzielle Lagerung"},"content":{"rendered":"<div class=\"wp-block-columns is-layout-flex wp-container-core-columns-is-layout-9d6595d7 wp-block-columns-is-layout-flex\">\n<div class=\"wp-block-column is-layout-flow wp-block-column-is-layout-flow\">\n<h3 class=\"wp-block-heading\">Parameter von farbigen Lebensmittelbeh\u00e4ltern aus Edelstahl<\/h3>\n\n\n\n<figure class=\"wp-block-table\"><table class=\"has-fixed-layout\"><tbody><tr><td>Artikel<\/td><td>Kapazit\u00e4t<\/td><td>Gr\u00f6\u00dfe\/PCS<\/td><td>PCS\/Koffer<\/td><td>N.W.\/PCS<\/td><td>G.W.\/Fall<\/td><\/tr><tr><td>MYJD203<\/td><td>400ml<\/td><td>13.3*11.3*6.3<\/td><td>80<\/td><td>0.18<\/td><td>16.4<\/td><\/tr><tr><td>MYJD204<\/td><td>650ml<\/td><td>13.3*11.3*8.6<\/td><td>80<\/td><td>0.2<\/td><td>18<\/td><\/tr><tr><td>MYJD205<\/td><td>900ml<\/td><td>13.3*11.3*11.1<\/td><td>60<\/td><td>0.24<\/td><td>16.4<\/td><\/tr><tr><td>MYJD206<\/td><td>1000ml<\/td><td>22*15.1*6.5<\/td><td>60<\/td><td>0.35<\/td><td>23<\/td><\/tr><tr><td>MYJD207<\/td><td>1600ml<\/td><td>22*15.1*8.9<\/td><td>60<\/td><td>0.38<\/td><td>24.8<\/td><\/tr><tr><td>MYJD208<\/td><td>2100ml<\/td><td>22*15.1*11.3<\/td><td>48<\/td><td>0.43<\/td><td>22.64<\/td><\/tr><tr><td>MYJD209<\/td><td>2400ml<\/td><td>29*22*6.3<\/td><td>48<\/td><td>0.62<\/td><td>31.76<\/td><\/tr><tr><td>MYJD210<\/td><td>3500ml<\/td><td>29*22*8.8<\/td><td>36<\/td><td>0.7<\/td><td>27.2<\/td><\/tr><tr><td>MYJD211<\/td><td>4600ml<\/td><td>29*22*11.2<\/td><td>24<\/td><td>0.76<\/td><td>20.24<\/td><\/tr><\/tbody><\/table><\/figure>\n<\/div>\n<\/div>\n\n\n\n<h3 class=\"wp-block-heading\">Kundenspezifische Edelstahl-Lebensmittelbeh\u00e4lter-Optionen<\/h3>\n\n\n\n<p><strong>Logo<\/strong>: Individuelle Gestaltung Ihres Markenlogos auf Produkt und Verpackung.<br><strong>Deckel<\/strong>: Glasdeckel, PP-Deckel<br><strong>Logo-Optionen<\/strong>: gedrucktes Logo, lasergraviertes Logo, etc.<br><strong>Muster<\/strong>Druck von Mustern auf Lebensmittelbeh\u00e4ltern.<br><strong>Drucktechnik<\/strong>Wassertransferdruck, Siebdruck, W\u00e4rmetransferdruck, usw.<br><strong>Paket<\/strong>:Farbkasten<br><a href=\"https:\/\/moyahousehold.com\/de\/individuelle-losung\/\" data-type=\"page\" data-id=\"2817\"><strong>Erfahren Sie mehr \u00fcber kundenspezifische L\u00f6sungen f\u00fcr Lebensmittelbeh\u00e4lter<\/strong><\/a><\/p>\n\n\n\n<div class=\"wp-block-columns is-layout-flex wp-container-core-columns-is-layout-9d6595d7 wp-block-columns-is-layout-flex\">\n<div class=\"wp-block-column is-layout-flow wp-block-column-is-layout-flow\">\n<figure class=\"wp-block-image size-full\"><img fetchpriority=\"high\" decoding=\"async\" width=\"1500\" height=\"1500\" src=\"https:\/\/moyahousehold.com\/wp-content\/uploads\/2024\/07\/blue-food-container-display.jpg\" alt=\"Display f\u00fcr blaue Lebensmittelbeh\u00e4lter\" class=\"wp-image-9042\" srcset=\"https:\/\/moyahousehold.com\/wp-content\/uploads\/2024\/07\/blue-food-container-display.jpg 1500w, https:\/\/moyahousehold.com\/wp-content\/uploads\/2024\/07\/blue-food-container-display-300x300.jpg 300w, https:\/\/moyahousehold.com\/wp-content\/uploads\/2024\/07\/blue-food-container-display-150x150.jpg 150w, https:\/\/moyahousehold.com\/wp-content\/uploads\/2024\/07\/blue-food-container-display-768x768.jpg 768w, https:\/\/moyahousehold.com\/wp-content\/uploads\/2024\/07\/blue-food-container-display-12x12.jpg 12w, https:\/\/moyahousehold.com\/wp-content\/uploads\/2024\/07\/blue-food-container-display-285x285.jpg 285w, https:\/\/moyahousehold.com\/wp-content\/uploads\/2024\/07\/blue-food-container-display-270x270.jpg 270w, https:\/\/moyahousehold.com\/wp-content\/uploads\/2024\/07\/blue-food-container-display-540x540.jpg 540w, https:\/\/moyahousehold.com\/wp-content\/uploads\/2024\/07\/blue-food-container-display-660x660.jpg 660w\" sizes=\"(max-width: 1500px) 100vw, 1500px\" \/><\/figure>\n<\/div>\n\n\n\n<div class=\"wp-block-column is-layout-flow wp-block-column-is-layout-flow\">\n<figure class=\"wp-block-image size-full\"><img decoding=\"async\" width=\"1500\" height=\"1500\" src=\"https:\/\/moyahousehold.com\/wp-content\/uploads\/2024\/07\/green-food-container-display.jpg\" alt=\"Display f\u00fcr gr\u00fcne Lebensmittelbeh\u00e4lter\" class=\"wp-image-9044\" srcset=\"https:\/\/moyahousehold.com\/wp-content\/uploads\/2024\/07\/green-food-container-display.jpg 1500w, https:\/\/moyahousehold.com\/wp-content\/uploads\/2024\/07\/green-food-container-display-300x300.jpg 300w, https:\/\/moyahousehold.com\/wp-content\/uploads\/2024\/07\/green-food-container-display-150x150.jpg 150w, https:\/\/moyahousehold.com\/wp-content\/uploads\/2024\/07\/green-food-container-display-768x768.jpg 768w, https:\/\/moyahousehold.com\/wp-content\/uploads\/2024\/07\/green-food-container-display-12x12.jpg 12w, https:\/\/moyahousehold.com\/wp-content\/uploads\/2024\/07\/green-food-container-display-285x285.jpg 285w, https:\/\/moyahousehold.com\/wp-content\/uploads\/2024\/07\/green-food-container-display-270x270.jpg 270w, https:\/\/moyahousehold.com\/wp-content\/uploads\/2024\/07\/green-food-container-display-540x540.jpg 540w, https:\/\/moyahousehold.com\/wp-content\/uploads\/2024\/07\/green-food-container-display-660x660.jpg 660w\" sizes=\"(max-width: 1500px) 100vw, 1500px\" \/><\/figure>\n<\/div>\n<\/div>","protected":false},"excerpt":{"rendered":"<p>Gro\u00dfhandel bunte Edelstahl Lebensmittelbeh\u00e4lter, unsere Bulk-Lebensmittel-Container sind sowohl praktisch als auch stilvoll, wir injizieren reiche Farbelemente in diese Edelstahl-Lebensmittel-Container, und entwerfen eine Vielzahl von Kapazit\u00e4ten f\u00fcr Sie zu w\u00e4hlen, sehr geeignet f\u00fcr Haus und Restaurant Lagerung. MOYA Lebensmittelbeh\u00e4lter Hersteller bietet Ihnen die besten Edelstahl Lebensmittelbeh\u00e4lter Gro\u00dfhandel Dienstleistungen und ma\u00dfgeschneiderte L\u00f6sungen. Willkommen, um uns f\u00fcr weitere Informationen zu kontaktieren.<\/p>\n<h3>Eigenschaften von Edelstahl Farbe Lebensmittel Lagerung Container<\/h3>\n<p><strong>Hochwertiges Material in Lebensmittelqualit\u00e4t:<\/strong> Das MOYA-Edelstahl-Beh\u00e4lter-Set f\u00fcr Lebensmittel bietet Ihnen eine ges\u00fcndere Wahl. Unser Beh\u00e4lter-Set f\u00fcr die Lebensmittelzubereitung ist aus Edelstahl 304 gefertigt und gew\u00e4hrleistet die Sicherheit und Gesundheit der Lebensmittelaufbewahrung.<\/p>\n<p><strong>BPA-frei:<\/strong> Dieser Lebensmittelbeh\u00e4lter aus rostfreiem Stahl besteht aus BPA-freiem, wiederverwertbarem Material, das Lebensmittel auch bei hohen Temperaturen oder langfristigem Gebrauch rein und frisch h\u00e4lt.<\/p>\n<p>&nbsp;<\/p>\n<p><strong>Ideales Geschenk:<\/strong> Das 9-teilige Lebensmittelbeh\u00e4lter-Set aus Edelstahl von Moya eignet sich perfekt f\u00fcr verschiedene Aufbewahrungsbed\u00fcrfnisse, und das farbenfrohe Aussehen bringt noch mehr Spa\u00df ins Leben. Es ist ein ideales Geschenk f\u00fcr verschiedene Anl\u00e4sse wie Hochzeiten und Weihnachten.<\/p>\n<p><strong>Vielseitig einsetzbar:<\/strong> Der Lebensmittelbeh\u00e4lter aus Edelstahl von MOYA ist mit einem pr\u00e4zisionsgefertigten Deckel mit einem Zeiterfassungsmodul auf dem Deckel ausgestattet, das den Benutzern hilft, die Frische der Lebensmittel besser zu verwalten und Verschwendung zu vermeiden.<\/p>\n<p><strong>Gro\u00dfhandel und kundenspezifischer Service:<\/strong> Wir bieten flexible Gro\u00dfhandelsoptionen und professionelle kundenspezifische Dienstleistungen an und k\u00f6nnen Farben, Spezifikationen, Markenlogos und Zifferblattdesigns entsprechend den Kundenanforderungen anpassen.<\/p>","protected":false},"featured_media":9045,"comment_status":"open","ping_status":"closed","template":"","meta":[],"product_cat":[57],"product_tag":[95,99],"class_list":{"0":"post-7319","1":"product","2":"type-product","3":"status-publish","4":"has-post-thumbnail","6":"product_cat-food-storage-container-wholesale","7":"product_tag-wholesale-food-storage-containers-with-date-dial","8":"product_tag-wholesale-rectangle-food-storage-containers","10":"first","11":"instock","12":"shipping-taxable","13":"product-type-simple"},"_links":{"self":[{"href":"https:\/\/moyahousehold.com\/de\/wp-json\/wp\/v2\/product\/7319","targetHints":{"allow":["GET"]}}],"collection":[{"href":"https:\/\/moyahousehold.com\/de\/wp-json\/wp\/v2\/product"}],"about":[{"href":"https:\/\/moyahousehold.com\/de\/wp-json\/wp\/v2\/types\/product"}],"replies":[{"embeddable":true,"href":"https:\/\/moyahousehold.com\/de\/wp-json\/wp\/v2\/comments?post=7319"}],"version-history":[{"count":0,"href":"https:\/\/moyahousehold.com\/de\/wp-json\/wp\/v2\/product\/7319\/revisions"}],"wp:featuredmedia":[{"embeddable":true,"href":"https:\/\/moyahousehold.com\/de\/wp-json\/wp\/v2\/media\/9045"}],"wp:attachment":[{"href":"https:\/\/moyahousehold.com\/de\/wp-json\/wp\/v2\/media?parent=7319"}],"wp:term":[{"taxonomy":"product_cat","embeddable":true,"href":"https:\/\/moyahousehold.com\/de\/wp-json\/wp\/v2\/product_cat?post=7319"},{"taxonomy":"product_tag","embeddable":true,"href":"https:\/\/moyahousehold.com\/de\/wp-json\/wp\/v2\/product_tag?post=7319"}],"curies":[{"name":"wp","href":"https:\/\/api.w.org\/{rel}","templated":true}]}}