{"id":7321,"date":"2024-07-18T08:13:11","date_gmt":"2024-07-18T08:13:11","guid":{"rendered":"https:\/\/moyahousehold.com\/?post_type=product&#038;p=7321"},"modified":"2024-12-04T06:55:21","modified_gmt":"2024-12-04T06:55:21","slug":"wholesale-stainless-steel-frying-pans-with-lids","status":"publish","type":"product","link":"https:\/\/moyahousehold.com\/de\/produkt\/wholesale-stainless-steel-frying-pans-with-lids\/","title":{"rendered":"Gro\u00dfhandel Edelstahl Bratpfannen mit Deckel - MOYA stilvolle Kochgeschirr Set, Unterst\u00fctzung OEM &amp; ODM"},"content":{"rendered":"<div class=\"wp-block-columns is-layout-flex wp-container-core-columns-is-layout-9d6595d7 wp-block-columns-is-layout-flex\">\n<div class=\"wp-block-column is-layout-flow wp-block-column-is-layout-flow\">\n<h3 class=\"wp-block-heading\">Parameter der Bratpfanne aus Edelstahl<\/h3>\n\n\n\n<p><strong>Modellnummer<\/strong>: MYHL009-012<br><strong>Material<\/strong>: 304 dreischichtiger Stahl<br><strong>Farbe<\/strong>: Beige\/Stahl<br><strong>Kapazit\u00e4t<\/strong>: 30cm<\/p>\n\n\n\n<h3 class=\"wp-block-heading\">Individuelle Kochgeschirr-Optionen<\/h3>\n\n\n\n<p><strong>Logo:&nbsp;<\/strong>Ihr Markenlogo auf Kochgeschirr und Verpackungen anbringen.<br><strong>kundenspezifische Logo-Optionen:<\/strong>&nbsp;gedrucktes Logo, lasergraviertes Logo, usw.<br><strong>\u00c4u\u00dfere Oberfl\u00e4che:&nbsp;<\/strong>Sie k\u00f6nnen das Aussehen Ihres Kochgeschirrs individuell gestalten.<br><strong>Verpackung:&nbsp;<\/strong>Farbkasten<br><strong>Gr\u00f6\u00dfe und Kapazit\u00e4t<\/strong>: Gr\u00f6\u00dfe und Fassungsverm\u00f6gen des Kochgeschirrs individuell anpassen<br><strong><a href=\"https:\/\/moyahousehold.com\/de\/individuelle-losung\/\" target=\"_blank\" rel=\"noreferrer noopener\">Erfahren Sie mehr \u00fcber individuelle Kochgeschirrl\u00f6sungen<\/a><\/strong><\/p>\n<\/div>\n<\/div>\n\n\n\n<div class=\"wp-block-columns is-layout-flex wp-container-core-columns-is-layout-9d6595d7 wp-block-columns-is-layout-flex\">\n<div class=\"wp-block-column is-layout-flow wp-block-column-is-layout-flow\">\n<figure class=\"wp-block-image size-full\"><img fetchpriority=\"high\" decoding=\"async\" width=\"1200\" height=\"1200\" src=\"https:\/\/moyahousehold.com\/wp-content\/uploads\/2024\/07\/Stylish-Stainless-Steel-Frying-Pans-With-Lids-1.webp\" alt=\"Stilvolle Bratpfannen aus Edelstahl mit Deckel (1)\" class=\"wp-image-9698\" srcset=\"https:\/\/moyahousehold.com\/wp-content\/uploads\/2024\/07\/Stylish-Stainless-Steel-Frying-Pans-With-Lids-1.webp 1200w, https:\/\/moyahousehold.com\/wp-content\/uploads\/2024\/07\/Stylish-Stainless-Steel-Frying-Pans-With-Lids-1-300x300.webp 300w, https:\/\/moyahousehold.com\/wp-content\/uploads\/2024\/07\/Stylish-Stainless-Steel-Frying-Pans-With-Lids-1-150x150.webp 150w, https:\/\/moyahousehold.com\/wp-content\/uploads\/2024\/07\/Stylish-Stainless-Steel-Frying-Pans-With-Lids-1-768x768.webp 768w, https:\/\/moyahousehold.com\/wp-content\/uploads\/2024\/07\/Stylish-Stainless-Steel-Frying-Pans-With-Lids-1-12x12.webp 12w, https:\/\/moyahousehold.com\/wp-content\/uploads\/2024\/07\/Stylish-Stainless-Steel-Frying-Pans-With-Lids-1-285x285.webp 285w, https:\/\/moyahousehold.com\/wp-content\/uploads\/2024\/07\/Stylish-Stainless-Steel-Frying-Pans-With-Lids-1-270x270.webp 270w, https:\/\/moyahousehold.com\/wp-content\/uploads\/2024\/07\/Stylish-Stainless-Steel-Frying-Pans-With-Lids-1-540x540.webp 540w, https:\/\/moyahousehold.com\/wp-content\/uploads\/2024\/07\/Stylish-Stainless-Steel-Frying-Pans-With-Lids-1-660x660.webp 660w\" sizes=\"(max-width: 1200px) 100vw, 1200px\" \/><\/figure>\n<\/div>\n\n\n\n<div class=\"wp-block-column is-layout-flow wp-block-column-is-layout-flow\">\n<figure class=\"wp-block-image size-full\"><img decoding=\"async\" width=\"1200\" height=\"1200\" src=\"https:\/\/moyahousehold.com\/wp-content\/uploads\/2024\/07\/Stylish-Stainless-Steel-Frying-Pans-With-Lids-2.webp\" alt=\"Stilvolle Bratpfannen aus Edelstahl mit Deckeln (2)\" class=\"wp-image-9699\" srcset=\"https:\/\/moyahousehold.com\/wp-content\/uploads\/2024\/07\/Stylish-Stainless-Steel-Frying-Pans-With-Lids-2.webp 1200w, https:\/\/moyahousehold.com\/wp-content\/uploads\/2024\/07\/Stylish-Stainless-Steel-Frying-Pans-With-Lids-2-300x300.webp 300w, https:\/\/moyahousehold.com\/wp-content\/uploads\/2024\/07\/Stylish-Stainless-Steel-Frying-Pans-With-Lids-2-150x150.webp 150w, https:\/\/moyahousehold.com\/wp-content\/uploads\/2024\/07\/Stylish-Stainless-Steel-Frying-Pans-With-Lids-2-768x768.webp 768w, https:\/\/moyahousehold.com\/wp-content\/uploads\/2024\/07\/Stylish-Stainless-Steel-Frying-Pans-With-Lids-2-12x12.webp 12w, https:\/\/moyahousehold.com\/wp-content\/uploads\/2024\/07\/Stylish-Stainless-Steel-Frying-Pans-With-Lids-2-285x285.webp 285w, https:\/\/moyahousehold.com\/wp-content\/uploads\/2024\/07\/Stylish-Stainless-Steel-Frying-Pans-With-Lids-2-270x270.webp 270w, https:\/\/moyahousehold.com\/wp-content\/uploads\/2024\/07\/Stylish-Stainless-Steel-Frying-Pans-With-Lids-2-540x540.webp 540w, https:\/\/moyahousehold.com\/wp-content\/uploads\/2024\/07\/Stylish-Stainless-Steel-Frying-Pans-With-Lids-2-660x660.webp 660w\" sizes=\"(max-width: 1200px) 100vw, 1200px\" \/><\/figure>\n<\/div>\n<\/div>","protected":false},"excerpt":{"rendered":"<p>Gro\u00dfhandel stilvolle Kochgeschirr Serie - Edelstahl Bratpfanne, diese Edelstahl Bratpfanne hat ein einfaches Design, das eine moderne und elegante Note zu Ihrer K\u00fcche hinzuf\u00fcgen. Der Boden der Pfanne besteht aus dreifachem Edelstahl, der eine gute W\u00e4rmeleitf\u00e4higkeit hat und eine gleichm\u00e4\u00dfige Erhitzung der Speisen erm\u00f6glicht, was sie zu einem guten Helfer f\u00fcr Haus- und Restaurantk\u00f6che macht. Gerne k\u00f6nnen Sie uns f\u00fcr ein Angebot kontaktieren.<\/p>\n<h3>Merkmale der Edelstahl-Bratpfanne<\/h3>\n<p><strong>Sichtbare Glasabdeckung:<\/strong> Die Gro\u00dfhandelspfanne aus Edelstahl ist mit einer sichtbaren Glasabdeckung ausgestattet, so dass der Garstatus der Speisen auf einen Blick erkennbar ist.<\/p>\n<p><strong>Unbeschichtetes hochwertiges Material:<\/strong> Diese Bratpfanne besteht aus hochwertigem Edelstahl 304 ohne Beschichtung, so dass w\u00e4hrend des Kochvorgangs keine sch\u00e4dlichen Stoffe freigesetzt werden und die Lebensmittelsicherheit gew\u00e4hrleistet ist.<\/p>\n<p><strong>Gute W\u00e4rmeleitf\u00e4higkeit:<\/strong> Diese Bratpfanne hat einen dreifachen Topfboden aus Edelstahl, der eine gute W\u00e4rmeleitf\u00e4higkeit aufweist und dem Benutzer hilft, das Essen schneller und gleichm\u00e4\u00dfiger zu erhitzen.<\/p>\n<p><strong>Langlebigkeit:<\/strong> Der Topfk\u00f6rper aus hochwertigem Edelstahl verleiht dieser Bratpfanne eine ausgezeichnete Haltbarkeit, eine l\u00e4ngere Lebensdauer und kann seinen metallischen Glanz auch nach langem Gebrauch beibehalten.<\/p>\n<p><strong>OEM&amp;ODM-Dienstleistung:<\/strong> Wir bieten die besten ma\u00dfgeschneiderten L\u00f6sungen f\u00fcr Kochgeschirr nach Ihren Bed\u00fcrfnissen, passen das Logo und die Verpackung der von Ihnen bestellten Kochgeschirrprodukte an und helfen Ihnen, Ihr Markenimage zu verbessern.<\/p>","protected":false},"featured_media":9702,"comment_status":"closed","ping_status":"closed","template":"","meta":[],"product_cat":[56],"product_tag":[],"class_list":{"0":"post-7321","1":"product","2":"type-product","3":"status-publish","4":"has-post-thumbnail","6":"product_cat-stainless-steel-cookware-wholesale","8":"first","9":"instock","10":"shipping-taxable","11":"product-type-simple"},"_links":{"self":[{"href":"https:\/\/moyahousehold.com\/de\/wp-json\/wp\/v2\/product\/7321","targetHints":{"allow":["GET"]}}],"collection":[{"href":"https:\/\/moyahousehold.com\/de\/wp-json\/wp\/v2\/product"}],"about":[{"href":"https:\/\/moyahousehold.com\/de\/wp-json\/wp\/v2\/types\/product"}],"replies":[{"embeddable":true,"href":"https:\/\/moyahousehold.com\/de\/wp-json\/wp\/v2\/comments?post=7321"}],"version-history":[{"count":0,"href":"https:\/\/moyahousehold.com\/de\/wp-json\/wp\/v2\/product\/7321\/revisions"}],"wp:featuredmedia":[{"embeddable":true,"href":"https:\/\/moyahousehold.com\/de\/wp-json\/wp\/v2\/media\/9702"}],"wp:attachment":[{"href":"https:\/\/moyahousehold.com\/de\/wp-json\/wp\/v2\/media?parent=7321"}],"wp:term":[{"taxonomy":"product_cat","embeddable":true,"href":"https:\/\/moyahousehold.com\/de\/wp-json\/wp\/v2\/product_cat?post=7321"},{"taxonomy":"product_tag","embeddable":true,"href":"https:\/\/moyahousehold.com\/de\/wp-json\/wp\/v2\/product_tag?post=7321"}],"curies":[{"name":"wp","href":"https:\/\/api.w.org\/{rel}","templated":true}]}}