{"id":7325,"date":"2024-07-22T15:16:45","date_gmt":"2024-07-18T08:26:33","guid":{"rendered":"https:\/\/moyahousehold.com\/?post_type=product&#038;p=7325"},"modified":"2026-04-06T07:52:43","modified_gmt":"2026-04-06T07:52:43","slug":"premium-wholesale-thicken-stainless-steel-cookware-set","status":"publish","type":"product","link":"https:\/\/moyahousehold.com\/de\/produkt\/premium-groshandel-verdicken-edelstahl-kochgeschirr-set\/","title":{"rendered":"Premium Wholesale Three-layer Steel Cookware Set &#8211; Kitchen Essentials for Chefs and Home Cooks"},"content":{"rendered":"<div class=\"wp-block-columns is-layout-flex wp-container-core-columns-is-layout-9d6595d7 wp-block-columns-is-layout-flex\">\n<div class=\"wp-block-column is-layout-flow wp-block-column-is-layout-flow\">\n<figure class=\"wp-block-image size-full\"><img fetchpriority=\"high\" decoding=\"async\" width=\"6240\" height=\"4160\" src=\"https:\/\/moyahousehold.com\/wp-content\/uploads\/2024\/07\/HL\u83ab\u5229\u4e9a\u6728\u5957\u88c5\u9505-25.jpg\" alt=\"Stainless Steel Steamer Pot Set (3 - Layer) with Wooden Handles - Kitchen Countertop with Toaster, Spices, and Cooking Essentials, White Tiled Background\" class=\"wp-image-12646\" srcset=\"https:\/\/moyahousehold.com\/wp-content\/uploads\/2024\/07\/HL\u83ab\u5229\u4e9a\u6728\u5957\u88c5\u9505-25.jpg 6240w, https:\/\/moyahousehold.com\/wp-content\/uploads\/2024\/07\/HL\u83ab\u5229\u4e9a\u6728\u5957\u88c5\u9505-25-300x200.jpg 300w, https:\/\/moyahousehold.com\/wp-content\/uploads\/2024\/07\/HL\u83ab\u5229\u4e9a\u6728\u5957\u88c5\u9505-25-768x512.jpg 768w, https:\/\/moyahousehold.com\/wp-content\/uploads\/2024\/07\/HL\u83ab\u5229\u4e9a\u6728\u5957\u88c5\u9505-25-18x12.jpg 18w, https:\/\/moyahousehold.com\/wp-content\/uploads\/2024\/07\/HL\u83ab\u5229\u4e9a\u6728\u5957\u88c5\u9505-25-285x190.jpg 285w, https:\/\/moyahousehold.com\/wp-content\/uploads\/2024\/07\/HL\u83ab\u5229\u4e9a\u6728\u5957\u88c5\u9505-25-1600x1067.jpg 1600w, https:\/\/moyahousehold.com\/wp-content\/uploads\/2024\/07\/HL\u83ab\u5229\u4e9a\u6728\u5957\u88c5\u9505-25-660x440.jpg 660w, https:\/\/moyahousehold.com\/wp-content\/uploads\/2024\/07\/HL\u83ab\u5229\u4e9a\u6728\u5957\u88c5\u9505-25-150x100.jpg 150w\" sizes=\"(max-width: 6240px) 100vw, 6240px\" \/><\/figure>\n\n\n\n<h3 class=\"wp-block-heading\">Thciken Edelstahl-Kochgeschirr Parameter<\/h3>\n\n\n\n<figure class=\"wp-block-table\"><table class=\"has-fixed-layout\"><tbody><tr><td>Artikel<\/td><td>Kapazit\u00e4t<\/td><td>Gr\u00f6\u00dfe\/PCS<\/td><td>PCS\/Koffer<\/td><td>N.W.\/PCS<\/td><td>G.W.\/Fall<\/td><\/tr><tr><td>MYHL016<\/td><td>18CM\/2L<\/td><td>18*18*10<\/td><td>12<\/td><td>1.28&nbsp;<\/td><td>17.36<\/td><\/tr><tr><td>MYHL017<\/td><td>18CM\/2L<\/td><td>18*18*16.5<\/td><td>12<\/td><td>1.53&nbsp;<\/td><td>20.36<\/td><\/tr><tr><td>MYHL018<\/td><td>24CM\/4L<\/td><td>24*24*11<\/td><td>8<\/td><td>2.09&nbsp;<\/td><td>18.72<\/td><\/tr><tr><td>MYHL019<\/td><td>24CM\/4L<\/td><td>24*24*20.5<\/td><td>8<\/td><td>2.55&nbsp;<\/td><td>22.4<\/td><\/tr><\/tbody><\/table><\/figure>\n\n\n\n<h3 class=\"wp-block-heading\">Individuelle Edelstahl-Kochgeschirr-Optionen<\/h3>\n\n\n\n<p><strong>Logo<\/strong>: Custom your brand logo on product and package.<br><strong>Logo Options<\/strong>: Printed logo, laser engraved logo, etc.<br><strong>Muster<\/strong>: Druckmuster.<br><strong>Printing Technology<\/strong>: Water transfer printing, silk screen printing, heat transfer printing, sublimation transfer, etc.<br><strong>Paket<\/strong>: Color box.<br><a href=\"https:\/\/moyahousehold.com\/de\/individuelle-losung\/\" target=\"_blank\" rel=\"noreferrer noopener\"><strong>Mehr Anpassungsm\u00f6glichkeiten entdecken<\/strong><\/a><\/p>\n<\/div>\n<\/div>\n\n\n\n<div class=\"wp-block-columns is-layout-flex wp-container-core-columns-is-layout-9d6595d7 wp-block-columns-is-layout-flex\">\n<div class=\"wp-block-column is-layout-flow wp-block-column-is-layout-flow\">\n<figure class=\"wp-block-image size-full\"><img decoding=\"async\" width=\"871\" height=\"871\" src=\"https:\/\/moyahousehold.com\/wp-content\/uploads\/2024\/07\/wholesale-high-quality-cookware-7.png\" alt=\"Gro\u00dfhandel mit hochwertigem Kochgeschirr (7)\" class=\"wp-image-7425\" srcset=\"https:\/\/moyahousehold.com\/wp-content\/uploads\/2024\/07\/wholesale-high-quality-cookware-7.png 871w, https:\/\/moyahousehold.com\/wp-content\/uploads\/2024\/07\/wholesale-high-quality-cookware-7-300x300.png 300w, https:\/\/moyahousehold.com\/wp-content\/uploads\/2024\/07\/wholesale-high-quality-cookware-7-150x150.png 150w, https:\/\/moyahousehold.com\/wp-content\/uploads\/2024\/07\/wholesale-high-quality-cookware-7-768x768.png 768w, https:\/\/moyahousehold.com\/wp-content\/uploads\/2024\/07\/wholesale-high-quality-cookware-7-12x12.png 12w, https:\/\/moyahousehold.com\/wp-content\/uploads\/2024\/07\/wholesale-high-quality-cookware-7-285x285.png 285w, https:\/\/moyahousehold.com\/wp-content\/uploads\/2024\/07\/wholesale-high-quality-cookware-7-270x270.png 270w, https:\/\/moyahousehold.com\/wp-content\/uploads\/2024\/07\/wholesale-high-quality-cookware-7-540x540.png 540w, https:\/\/moyahousehold.com\/wp-content\/uploads\/2024\/07\/wholesale-high-quality-cookware-7-660x660.png 660w\" sizes=\"(max-width: 871px) 100vw, 871px\" \/><\/figure>\n<\/div>\n\n\n\n<div class=\"wp-block-column is-layout-flow wp-block-column-is-layout-flow\">\n<figure class=\"wp-block-image size-full\"><img decoding=\"async\" width=\"892\" height=\"892\" src=\"https:\/\/moyahousehold.com\/wp-content\/uploads\/2024\/07\/wholesale-high-quality-cookware-6.png\" alt=\"Gro\u00dfhandel mit hochwertigem Kochgeschirr (6)\" class=\"wp-image-7424\" srcset=\"https:\/\/moyahousehold.com\/wp-content\/uploads\/2024\/07\/wholesale-high-quality-cookware-6.png 892w, https:\/\/moyahousehold.com\/wp-content\/uploads\/2024\/07\/wholesale-high-quality-cookware-6-300x300.png 300w, https:\/\/moyahousehold.com\/wp-content\/uploads\/2024\/07\/wholesale-high-quality-cookware-6-150x150.png 150w, https:\/\/moyahousehold.com\/wp-content\/uploads\/2024\/07\/wholesale-high-quality-cookware-6-768x768.png 768w, https:\/\/moyahousehold.com\/wp-content\/uploads\/2024\/07\/wholesale-high-quality-cookware-6-12x12.png 12w, https:\/\/moyahousehold.com\/wp-content\/uploads\/2024\/07\/wholesale-high-quality-cookware-6-285x285.png 285w, https:\/\/moyahousehold.com\/wp-content\/uploads\/2024\/07\/wholesale-high-quality-cookware-6-270x270.png 270w, https:\/\/moyahousehold.com\/wp-content\/uploads\/2024\/07\/wholesale-high-quality-cookware-6-540x540.png 540w, https:\/\/moyahousehold.com\/wp-content\/uploads\/2024\/07\/wholesale-high-quality-cookware-6-660x660.png 660w\" sizes=\"(max-width: 892px) 100vw, 892px\" \/><\/figure>\n<\/div>\n<\/div>\n\n\n\n<div class=\"wp-block-columns is-layout-flex wp-container-core-columns-is-layout-9d6595d7 wp-block-columns-is-layout-flex\">\n<div class=\"wp-block-column is-layout-flow wp-block-column-is-layout-flow\">\n<figure class=\"wp-block-image size-full\"><img loading=\"lazy\" decoding=\"async\" width=\"4160\" height=\"6240\" src=\"https:\/\/moyahousehold.com\/wp-content\/uploads\/2024\/07\/HL\u83ab\u5229\u4e9a\u6728\u5957\u88c5\u9505-5.jpg\" alt=\"Stainless Steel Steamer Pot Set (3 - Layer) with Wooden Handles - Kitchen Countertop with Toaster, Spices, and Cooking Essentials, White Tiled Background\" class=\"wp-image-12654\" srcset=\"https:\/\/moyahousehold.com\/wp-content\/uploads\/2024\/07\/HL\u83ab\u5229\u4e9a\u6728\u5957\u88c5\u9505-5.jpg 4160w, https:\/\/moyahousehold.com\/wp-content\/uploads\/2024\/07\/HL\u83ab\u5229\u4e9a\u6728\u5957\u88c5\u9505-5-200x300.jpg 200w, https:\/\/moyahousehold.com\/wp-content\/uploads\/2024\/07\/HL\u83ab\u5229\u4e9a\u6728\u5957\u88c5\u9505-5-768x1152.jpg 768w, https:\/\/moyahousehold.com\/wp-content\/uploads\/2024\/07\/HL\u83ab\u5229\u4e9a\u6728\u5957\u88c5\u9505-5-8x12.jpg 8w, https:\/\/moyahousehold.com\/wp-content\/uploads\/2024\/07\/HL\u83ab\u5229\u4e9a\u6728\u5957\u88c5\u9505-5-285x428.jpg 285w, https:\/\/moyahousehold.com\/wp-content\/uploads\/2024\/07\/HL\u83ab\u5229\u4e9a\u6728\u5957\u88c5\u9505-5-1600x2400.jpg 1600w, https:\/\/moyahousehold.com\/wp-content\/uploads\/2024\/07\/HL\u83ab\u5229\u4e9a\u6728\u5957\u88c5\u9505-5-440x660.jpg 440w, https:\/\/moyahousehold.com\/wp-content\/uploads\/2024\/07\/HL\u83ab\u5229\u4e9a\u6728\u5957\u88c5\u9505-5-100x150.jpg 100w\" sizes=\"(max-width: 4160px) 100vw, 4160px\" \/><\/figure>\n<\/div>\n\n\n\n<div class=\"wp-block-column is-layout-flow wp-block-column-is-layout-flow\">\n<figure class=\"wp-block-image size-full\"><img loading=\"lazy\" decoding=\"async\" width=\"4160\" height=\"6240\" src=\"https:\/\/moyahousehold.com\/wp-content\/uploads\/2024\/07\/HL\u83ab\u5229\u4e9a\u6728\u5957\u88c5\u9505-4.jpg\" alt=\"Stainless Steel Steamer Pot Set (3 - Layer) with Wooden Handles - Kitchen Countertop with Toaster, Spices, and Cooking Essentials, White Tiled Background\" class=\"wp-image-12648\" srcset=\"https:\/\/moyahousehold.com\/wp-content\/uploads\/2024\/07\/HL\u83ab\u5229\u4e9a\u6728\u5957\u88c5\u9505-4.jpg 4160w, https:\/\/moyahousehold.com\/wp-content\/uploads\/2024\/07\/HL\u83ab\u5229\u4e9a\u6728\u5957\u88c5\u9505-4-200x300.jpg 200w, https:\/\/moyahousehold.com\/wp-content\/uploads\/2024\/07\/HL\u83ab\u5229\u4e9a\u6728\u5957\u88c5\u9505-4-768x1152.jpg 768w, https:\/\/moyahousehold.com\/wp-content\/uploads\/2024\/07\/HL\u83ab\u5229\u4e9a\u6728\u5957\u88c5\u9505-4-8x12.jpg 8w, https:\/\/moyahousehold.com\/wp-content\/uploads\/2024\/07\/HL\u83ab\u5229\u4e9a\u6728\u5957\u88c5\u9505-4-285x428.jpg 285w, https:\/\/moyahousehold.com\/wp-content\/uploads\/2024\/07\/HL\u83ab\u5229\u4e9a\u6728\u5957\u88c5\u9505-4-1600x2400.jpg 1600w, https:\/\/moyahousehold.com\/wp-content\/uploads\/2024\/07\/HL\u83ab\u5229\u4e9a\u6728\u5957\u88c5\u9505-4-440x660.jpg 440w, https:\/\/moyahousehold.com\/wp-content\/uploads\/2024\/07\/HL\u83ab\u5229\u4e9a\u6728\u5957\u88c5\u9505-4-100x150.jpg 100w\" sizes=\"(max-width: 4160px) 100vw, 4160px\" \/><\/figure>\n<\/div>\n<\/div>\n\n\n\n<p><\/p>","protected":false},"excerpt":{"rendered":"<p>Our wholesale thickened cookware set includes a soup pot, a frying pan, and a steamer. Meet the cooking needs of the family. The pot body is made of thickened high-quality 3-layer steel, which has better heat preservation and more even heating. If you have customized needs, we can provide the most comprehensive customized cookware solutions, please contact us for a quote.<\/p>\n<h3>Merkmale und Vorteile von Kochgeschirr aus dickem Edelstahl<\/h3>\n<p><strong>Hochwertiger Stahl ohne Beschichtung<\/strong>: Made of high-quality three-layer steel, high-temperature cooking will not produce harmful substances, which is very healthy and safe.<\/p>\n<p><strong>Multifunktionale<\/strong>: Der Suppentopf ist mit einem Dampfkochtopf kombiniert, und Sie k\u00f6nnen gleichzeitig d\u00e4mpfen und kochen, so dass Sie zwei k\u00f6stliche Gerichte auf einmal zubereiten k\u00f6nnen, was Ihre Kochzeit spart.<\/p>\n<p><strong>Griff aus Holz<\/strong>: Das Kochgeschirrset hat einen hitzebest\u00e4ndigen Holzgriff, der bequem in der Hand liegt und das Kocherlebnis verbessert.<\/p>\n<p><strong>Kompatibel mit mehreren W\u00e4rmequellen<\/strong>: Es kann perfekte Ergebnisse auf verschiedenen W\u00e4rmequellen liefern und unterst\u00fctzt Gasherde, Induktionsherde usw.<\/p>\n<p><strong>Muster Provision<\/strong>: Wir stellen Ihnen Muster zur Verf\u00fcgung, damit Sie unsere Produkte und das Gro\u00dfhandelsgesch\u00e4ft mit Kochgeschirr besser verstehen und bessere Entscheidungen treffen k\u00f6nnen.<\/p>\n<p><strong>Ma\u00dfgeschneiderter Service<\/strong>: Als Hersteller von Kochgeschirr bieten wir umfassende kundenspezifische L\u00f6sungen f\u00fcr Kochgeschirr, die Ihnen helfen, Ihr Markenimage zu verbessern, indem wir Logos, Verpackungen usw. f\u00fcr Ihre Produkte anpassen.<\/p>","protected":false},"featured_media":9706,"comment_status":"open","ping_status":"closed","template":"","meta":[],"product_cat":[56],"product_tag":[138],"class_list":{"0":"post-7325","1":"product","2":"type-product","3":"status-publish","4":"has-post-thumbnail","6":"product_cat-stainless-steel-cookware-wholesale","7":"product_tag-3-layer-steel-cookware-set","9":"first","10":"instock","11":"shipping-taxable","12":"product-type-simple"},"_links":{"self":[{"href":"https:\/\/moyahousehold.com\/de\/wp-json\/wp\/v2\/product\/7325","targetHints":{"allow":["GET"]}}],"collection":[{"href":"https:\/\/moyahousehold.com\/de\/wp-json\/wp\/v2\/product"}],"about":[{"href":"https:\/\/moyahousehold.com\/de\/wp-json\/wp\/v2\/types\/product"}],"replies":[{"embeddable":true,"href":"https:\/\/moyahousehold.com\/de\/wp-json\/wp\/v2\/comments?post=7325"}],"version-history":[{"count":5,"href":"https:\/\/moyahousehold.com\/de\/wp-json\/wp\/v2\/product\/7325\/revisions"}],"predecessor-version":[{"id":12656,"href":"https:\/\/moyahousehold.com\/de\/wp-json\/wp\/v2\/product\/7325\/revisions\/12656"}],"wp:featuredmedia":[{"embeddable":true,"href":"https:\/\/moyahousehold.com\/de\/wp-json\/wp\/v2\/media\/9706"}],"wp:attachment":[{"href":"https:\/\/moyahousehold.com\/de\/wp-json\/wp\/v2\/media?parent=7325"}],"wp:term":[{"taxonomy":"product_cat","embeddable":true,"href":"https:\/\/moyahousehold.com\/de\/wp-json\/wp\/v2\/product_cat?post=7325"},{"taxonomy":"product_tag","embeddable":true,"href":"https:\/\/moyahousehold.com\/de\/wp-json\/wp\/v2\/product_tag?post=7325"}],"curies":[{"name":"wp","href":"https:\/\/api.w.org\/{rel}","templated":true}]}}