{"id":8143,"date":"2024-08-22T06:22:27","date_gmt":"2024-08-21T01:28:37","guid":{"rendered":"https:\/\/moyahousehold.com\/?post_type=product&#038;p=8143"},"modified":"2025-04-12T09:48:13","modified_gmt":"2025-04-12T09:48:13","slug":"wholesale-stainless-steel-mugs-with-handle","status":"publish","type":"product","link":"https:\/\/moyahousehold.com\/de\/produkt\/wholesale-stainless-steel-mugs-with-handle\/","title":{"rendered":"Gro\u00dfhandel Edelstahl Becher mit Griff, 316 Edelstahl Material, Kapazit\u00e4t 400ML"},"content":{"rendered":"<h2 class=\"wp-block-heading\">Parameter von Edelstahlbechern mit Henkel<\/h2>\n\n\n\n<p><strong>Material:<\/strong>304 + 316 + PP <strong> Farbe:<\/strong>Wei\u00df\/Schwarz\/Stahl\/Khaki<\/p>\n\n\n\n<figure class=\"wp-block-table\"><table><tbody><tr><td>Modellnummer<\/td><td>Kapazit\u00e4t<\/td><td>Gr\u00f6\u00dfe des Produkts<\/td><td>\u00c4u\u00dfere Gr\u00f6\u00dfe der Box<\/td><td>Menge pro Kiste<\/td><td>N.W<\/td><td>G.W\/Koffer<\/td><\/tr><tr><td>MYJJL10<\/td><td>400ml<\/td><td>8.8*8.8*10.8<\/td><td>62*40*37.5<\/td><td>60<\/td><td>0.3<\/td><td>30<\/td><\/tr><\/tbody><\/table><\/figure>\n\n\n\n<h3 class=\"wp-block-heading\">Individuelle Edelstahl-Kaffeetasse Option<\/h3>\n\n\n\n<p><strong>Logo: <\/strong>Gestalten Sie Ihr Markenlogo auf Bechern und Verpackungen aus Edelstahl.<br><strong>Logo-Optionen: <\/strong>Wir bieten Ihnen Lasergravur- oder Thermotransfer-Methoden zur individuellen Gestaltung Ihres Logos auf Edelstahlbechern<br><strong>Muster:<\/strong> Drucken Sie individuelle Muster auf Edelstahlbecher.<br><strong>Drucktechnik: <\/strong>Wir bieten eine Vielzahl von Druckverfahren an, darunter <strong>Bildschirm\u00fcbertragung<\/strong>,<strong> W\u00e4rme\u00fcbertragung<\/strong>, <strong>und Wassertransfer<\/strong>. Sie k\u00f6nnen die geeignete Methode w\u00e4hlen, um Ihr Produktmuster anzupassen<br><strong>Paket<\/strong>: Farbkasten<br><a href=\"https:\/\/moyahousehold.com\/de\/individuelle-losung\/\" target=\"_blank\" rel=\"noreferrer noopener\"><strong>Entdecken Sie weitere Details zu individuellen Kaffeebechern.<\/strong><\/a><\/p>\n\n\n\n<div class=\"wp-block-columns is-layout-flex wp-container-core-columns-is-layout-9d6595d7 wp-block-columns-is-layout-flex\">\n<div class=\"wp-block-column is-layout-flow wp-block-column-is-layout-flow\">\n<figure class=\"wp-block-image size-full\"><img fetchpriority=\"high\" decoding=\"async\" width=\"1600\" height=\"1600\" src=\"https:\/\/moyahousehold.com\/wp-content\/uploads\/2024\/08\/Stainless-Steel-Mugs-with-Handle-Display-1.webp\" alt=\"Edelstahlbecher mit Henkel Display (1)\" class=\"wp-image-10847\" srcset=\"https:\/\/moyahousehold.com\/wp-content\/uploads\/2024\/08\/Stainless-Steel-Mugs-with-Handle-Display-1.webp 1600w, https:\/\/moyahousehold.com\/wp-content\/uploads\/2024\/08\/Stainless-Steel-Mugs-with-Handle-Display-1-300x300.webp 300w, https:\/\/moyahousehold.com\/wp-content\/uploads\/2024\/08\/Stainless-Steel-Mugs-with-Handle-Display-1-150x150.webp 150w, https:\/\/moyahousehold.com\/wp-content\/uploads\/2024\/08\/Stainless-Steel-Mugs-with-Handle-Display-1-768x768.webp 768w, https:\/\/moyahousehold.com\/wp-content\/uploads\/2024\/08\/Stainless-Steel-Mugs-with-Handle-Display-1-12x12.webp 12w, https:\/\/moyahousehold.com\/wp-content\/uploads\/2024\/08\/Stainless-Steel-Mugs-with-Handle-Display-1-285x285.webp 285w, https:\/\/moyahousehold.com\/wp-content\/uploads\/2024\/08\/Stainless-Steel-Mugs-with-Handle-Display-1-270x270.webp 270w, https:\/\/moyahousehold.com\/wp-content\/uploads\/2024\/08\/Stainless-Steel-Mugs-with-Handle-Display-1-540x540.webp 540w, https:\/\/moyahousehold.com\/wp-content\/uploads\/2024\/08\/Stainless-Steel-Mugs-with-Handle-Display-1-660x660.webp 660w\" sizes=\"(max-width: 1600px) 100vw, 1600px\" \/><\/figure>\n<\/div>\n\n\n\n<div class=\"wp-block-column is-layout-flow wp-block-column-is-layout-flow\">\n<figure class=\"wp-block-image size-full\"><img decoding=\"async\" width=\"1600\" height=\"1600\" src=\"https:\/\/moyahousehold.com\/wp-content\/uploads\/2024\/08\/Stainless-Steel-Mugs-with-Handle-Display-2.webp\" alt=\"Edelstahlbecher mit Henkel Display (2)\" class=\"wp-image-10848\" srcset=\"https:\/\/moyahousehold.com\/wp-content\/uploads\/2024\/08\/Stainless-Steel-Mugs-with-Handle-Display-2.webp 1600w, https:\/\/moyahousehold.com\/wp-content\/uploads\/2024\/08\/Stainless-Steel-Mugs-with-Handle-Display-2-300x300.webp 300w, https:\/\/moyahousehold.com\/wp-content\/uploads\/2024\/08\/Stainless-Steel-Mugs-with-Handle-Display-2-150x150.webp 150w, https:\/\/moyahousehold.com\/wp-content\/uploads\/2024\/08\/Stainless-Steel-Mugs-with-Handle-Display-2-768x768.webp 768w, https:\/\/moyahousehold.com\/wp-content\/uploads\/2024\/08\/Stainless-Steel-Mugs-with-Handle-Display-2-12x12.webp 12w, https:\/\/moyahousehold.com\/wp-content\/uploads\/2024\/08\/Stainless-Steel-Mugs-with-Handle-Display-2-285x285.webp 285w, https:\/\/moyahousehold.com\/wp-content\/uploads\/2024\/08\/Stainless-Steel-Mugs-with-Handle-Display-2-270x270.webp 270w, https:\/\/moyahousehold.com\/wp-content\/uploads\/2024\/08\/Stainless-Steel-Mugs-with-Handle-Display-2-540x540.webp 540w, https:\/\/moyahousehold.com\/wp-content\/uploads\/2024\/08\/Stainless-Steel-Mugs-with-Handle-Display-2-660x660.webp 660w\" sizes=\"(max-width: 1600px) 100vw, 1600px\" \/><\/figure>\n<\/div>\n<\/div>\n\n\n\n<div class=\"wp-block-columns is-layout-flex wp-container-core-columns-is-layout-9d6595d7 wp-block-columns-is-layout-flex\">\n<div class=\"wp-block-column is-layout-flow wp-block-column-is-layout-flow\">\n<figure class=\"wp-block-image size-full\"><img decoding=\"async\" width=\"1600\" height=\"1600\" src=\"https:\/\/moyahousehold.com\/wp-content\/uploads\/2024\/08\/Stainless-Steel-Mugs-with-Handle-Display-3.webp\" alt=\"Edelstahlbecher mit Henkel Display (3)\" class=\"wp-image-10849\" srcset=\"https:\/\/moyahousehold.com\/wp-content\/uploads\/2024\/08\/Stainless-Steel-Mugs-with-Handle-Display-3.webp 1600w, https:\/\/moyahousehold.com\/wp-content\/uploads\/2024\/08\/Stainless-Steel-Mugs-with-Handle-Display-3-300x300.webp 300w, https:\/\/moyahousehold.com\/wp-content\/uploads\/2024\/08\/Stainless-Steel-Mugs-with-Handle-Display-3-150x150.webp 150w, https:\/\/moyahousehold.com\/wp-content\/uploads\/2024\/08\/Stainless-Steel-Mugs-with-Handle-Display-3-768x768.webp 768w, https:\/\/moyahousehold.com\/wp-content\/uploads\/2024\/08\/Stainless-Steel-Mugs-with-Handle-Display-3-12x12.webp 12w, https:\/\/moyahousehold.com\/wp-content\/uploads\/2024\/08\/Stainless-Steel-Mugs-with-Handle-Display-3-285x285.webp 285w, https:\/\/moyahousehold.com\/wp-content\/uploads\/2024\/08\/Stainless-Steel-Mugs-with-Handle-Display-3-270x270.webp 270w, https:\/\/moyahousehold.com\/wp-content\/uploads\/2024\/08\/Stainless-Steel-Mugs-with-Handle-Display-3-540x540.webp 540w, https:\/\/moyahousehold.com\/wp-content\/uploads\/2024\/08\/Stainless-Steel-Mugs-with-Handle-Display-3-660x660.webp 660w\" sizes=\"(max-width: 1600px) 100vw, 1600px\" \/><\/figure>\n<\/div>\n\n\n\n<div class=\"wp-block-column is-layout-flow wp-block-column-is-layout-flow\">\n<figure class=\"wp-block-image size-full\"><img loading=\"lazy\" decoding=\"async\" width=\"3998\" height=\"3998\" src=\"https:\/\/moyahousehold.com\/wp-content\/uploads\/2024\/08\/Stainless-Steel-Mugs-with-Handle-Display-4.webp\" alt=\"Edelstahlbecher mit Henkel Display (4)\" class=\"wp-image-10850\" srcset=\"https:\/\/moyahousehold.com\/wp-content\/uploads\/2024\/08\/Stainless-Steel-Mugs-with-Handle-Display-4.webp 3998w, https:\/\/moyahousehold.com\/wp-content\/uploads\/2024\/08\/Stainless-Steel-Mugs-with-Handle-Display-4-300x300.webp 300w, https:\/\/moyahousehold.com\/wp-content\/uploads\/2024\/08\/Stainless-Steel-Mugs-with-Handle-Display-4-150x150.webp 150w, https:\/\/moyahousehold.com\/wp-content\/uploads\/2024\/08\/Stainless-Steel-Mugs-with-Handle-Display-4-768x768.webp 768w, https:\/\/moyahousehold.com\/wp-content\/uploads\/2024\/08\/Stainless-Steel-Mugs-with-Handle-Display-4-12x12.webp 12w, https:\/\/moyahousehold.com\/wp-content\/uploads\/2024\/08\/Stainless-Steel-Mugs-with-Handle-Display-4-285x285.webp 285w, https:\/\/moyahousehold.com\/wp-content\/uploads\/2024\/08\/Stainless-Steel-Mugs-with-Handle-Display-4-1600x1600.webp 1600w, https:\/\/moyahousehold.com\/wp-content\/uploads\/2024\/08\/Stainless-Steel-Mugs-with-Handle-Display-4-270x270.webp 270w, https:\/\/moyahousehold.com\/wp-content\/uploads\/2024\/08\/Stainless-Steel-Mugs-with-Handle-Display-4-540x540.webp 540w, https:\/\/moyahousehold.com\/wp-content\/uploads\/2024\/08\/Stainless-Steel-Mugs-with-Handle-Display-4-660x660.webp 660w\" sizes=\"(max-width: 3998px) 100vw, 3998px\" \/><\/figure>\n<\/div>\n<\/div>","protected":false},"excerpt":{"rendered":"<p>Gro\u00dfhandel 316 Edelstahl Becher mit Griff, mit doppelschichtigen verdickten Design, hervorragende W\u00e4rmed\u00e4mmung und Anti-Verbr\u00fchungsschutz, ideal f\u00fcr B\u00fcro, zu Hause oder auf Reisen. Unterst\u00fctzung Gro\u00dfauftr\u00e4ge und komplette OEM\/ODM Anpassung, kontaktieren Sie uns f\u00fcr ein Angebot.<\/p>\n<h3>Eigenschaften und Vorteile des Edelstahl-Kaffeebechers<\/h3>\n<p><strong>Hochwertiger, lebensmittelechter Edelstahl 316:<\/strong> Die Kaffeebecher sind aus lebensmittelechtem Edelstahl 316 gefertigt, der eine gute Korrosionsbest\u00e4ndigkeit und Langlebigkeit aufweist und f\u00fcr den Langzeitgebrauch geeignet ist, so dass jeder Schluck gesund und sorgenfrei ist.<\/p>\n<p><strong>Umweltfreundlicher und komfortabler PP-Griff:<\/strong> Der Griff des Edelstahlbechers besteht aus umweltfreundlichem PP-Kunststoff, der robust und langlebig ist und angenehm in der Hand liegt.<\/p>\n<p><strong>Breite \u00d6ffnung:<\/strong> Der Edelstahlbecher mit Henkel verf\u00fcgt \u00fcber eine breite \u00d6ffnung, die das Aufbr\u00fchen und Umr\u00fchren von Getr\u00e4nken erleichtert und die Ansammlung von R\u00fcckst\u00e4nden oder Bakterienwachstum verhindert.<\/p>\n<p><strong>Verschiebbarer Staubschutzdeckel:<\/strong> Der Edelstahl-Kaffeebecher mit Henkel ist mit einem praktischen Schiebedeckel ausgestattet, der das Versch\u00fctten von Getr\u00e4nken und das Eindringen von Staub oder Schmutz wirksam verhindert und das Trinken bequemer macht.<\/p>\n<p><strong>Gro\u00dfhandelsservice:<\/strong> Wir bieten Gro\u00dfhandelsoptionen und wettbewerbsf\u00e4hige Direktpreise an, um sicherzustellen, dass Sie hochwertige Tassen zu den besten Preisen erhalten.<\/p>","protected":false},"featured_media":10905,"comment_status":"closed","ping_status":"closed","template":"","meta":[],"product_cat":[75],"product_tag":[],"class_list":{"0":"post-8143","1":"product","2":"type-product","3":"status-publish","4":"has-post-thumbnail","6":"product_cat-wholesale-stainless-steel-coffee-mug","8":"first","9":"instock","10":"shipping-taxable","11":"product-type-simple"},"_links":{"self":[{"href":"https:\/\/moyahousehold.com\/de\/wp-json\/wp\/v2\/product\/8143","targetHints":{"allow":["GET"]}}],"collection":[{"href":"https:\/\/moyahousehold.com\/de\/wp-json\/wp\/v2\/product"}],"about":[{"href":"https:\/\/moyahousehold.com\/de\/wp-json\/wp\/v2\/types\/product"}],"replies":[{"embeddable":true,"href":"https:\/\/moyahousehold.com\/de\/wp-json\/wp\/v2\/comments?post=8143"}],"version-history":[{"count":0,"href":"https:\/\/moyahousehold.com\/de\/wp-json\/wp\/v2\/product\/8143\/revisions"}],"wp:featuredmedia":[{"embeddable":true,"href":"https:\/\/moyahousehold.com\/de\/wp-json\/wp\/v2\/media\/10905"}],"wp:attachment":[{"href":"https:\/\/moyahousehold.com\/de\/wp-json\/wp\/v2\/media?parent=8143"}],"wp:term":[{"taxonomy":"product_cat","embeddable":true,"href":"https:\/\/moyahousehold.com\/de\/wp-json\/wp\/v2\/product_cat?post=8143"},{"taxonomy":"product_tag","embeddable":true,"href":"https:\/\/moyahousehold.com\/de\/wp-json\/wp\/v2\/product_tag?post=8143"}],"curies":[{"name":"wp","href":"https:\/\/api.w.org\/{rel}","templated":true}]}}