{"id":8161,"date":"2024-08-22T07:52:44","date_gmt":"2024-08-21T02:12:09","guid":{"rendered":"https:\/\/moyahousehold.com\/?post_type=product&#038;p=8161"},"modified":"2024-11-05T03:45:54","modified_gmt":"2024-11-05T03:45:54","slug":"wholesale-instant-noodle-bowls-with-lid","status":"publish","type":"product","link":"https:\/\/moyahousehold.com\/de\/produkt\/wholesale-instant-noodle-bowls-with-lid\/","title":{"rendered":"Gro\u00dfhandel Edelstahl Instant Nudel Schalen mit Deckel - bequem und schnell Essen"},"content":{"rendered":"<h3 class=\"wp-block-heading\">Parameter f\u00fcr Instant-Nudelschalen<\/h3>\n\n\n\n<div class=\"wp-block-columns is-layout-flex wp-container-core-columns-is-layout-9d6595d7 wp-block-columns-is-layout-flex\">\n<div class=\"wp-block-column is-layout-flow wp-block-column-is-layout-flow\">\n<figure class=\"wp-block-table\"><table class=\"has-fixed-layout\"><tbody><tr><td>Artikel<\/td><td>Kapazit\u00e4t<\/td><td>Gr\u00f6\u00dfe\/PCS<\/td><td>PCS\/Koffer<\/td><td>N.W.\/PCS<\/td><td>G.W.\/Fall<\/td><\/tr><tr><td>MYJD243<\/td><td>900ML<\/td><td>14.6*14.6*10.4<\/td><td>60<\/td><td>0.24<\/td><td>16.4<\/td><\/tr><\/tbody><\/table><\/figure>\n\n\n\n<h3 class=\"wp-block-heading\">Individuelle Instant-Nudelschalen-Optionen<\/h3>\n\n\n\n<p><strong>Logo<\/strong>: Ihr Markenlogo auf Produkt und Verpackung.<br><strong>Logo-Optionen<\/strong>: gedrucktes Logo, lasergraviertes Logo, etc.<br><strong>Muster<\/strong>: Druckmuster<br><strong>Drucktechnik<\/strong>Wassertransferdruck, Siebdruck, W\u00e4rmetransferdruck, Sublimationstransfer, etc.<br><strong>Paket<\/strong>:Farbkasten<br><a href=\"https:\/\/moyahousehold.com\/de\/individuelle-losung\/\" target=\"_blank\" rel=\"noreferrer noopener\"><strong>Entdecken Sie weitere individuelle Nudelschalenl\u00f6sungen<\/strong><\/a><\/p>\n<\/div>\n<\/div>\n\n\n\n<div class=\"wp-block-columns is-layout-flex wp-container-core-columns-is-layout-9d6595d7 wp-block-columns-is-layout-flex\">\n<div class=\"wp-block-column is-layout-flow wp-block-column-is-layout-flow\">\n<figure class=\"wp-block-image size-full\"><img fetchpriority=\"high\" decoding=\"async\" width=\"800\" height=\"800\" src=\"https:\/\/moyahousehold.com\/wp-content\/uploads\/2024\/08\/instant-noodle-bowls-detail-2.png\" alt=\"Instant-Nudelschalen Detail (2)\" class=\"wp-image-8728\" srcset=\"https:\/\/moyahousehold.com\/wp-content\/uploads\/2024\/08\/instant-noodle-bowls-detail-2.png 800w, https:\/\/moyahousehold.com\/wp-content\/uploads\/2024\/08\/instant-noodle-bowls-detail-2-300x300.png 300w, https:\/\/moyahousehold.com\/wp-content\/uploads\/2024\/08\/instant-noodle-bowls-detail-2-150x150.png 150w, https:\/\/moyahousehold.com\/wp-content\/uploads\/2024\/08\/instant-noodle-bowls-detail-2-768x768.png 768w, https:\/\/moyahousehold.com\/wp-content\/uploads\/2024\/08\/instant-noodle-bowls-detail-2-12x12.png 12w, https:\/\/moyahousehold.com\/wp-content\/uploads\/2024\/08\/instant-noodle-bowls-detail-2-285x285.png 285w, https:\/\/moyahousehold.com\/wp-content\/uploads\/2024\/08\/instant-noodle-bowls-detail-2-270x270.png 270w, https:\/\/moyahousehold.com\/wp-content\/uploads\/2024\/08\/instant-noodle-bowls-detail-2-540x540.png 540w, https:\/\/moyahousehold.com\/wp-content\/uploads\/2024\/08\/instant-noodle-bowls-detail-2-660x660.png 660w\" sizes=\"(max-width: 800px) 100vw, 800px\" \/><\/figure>\n<\/div>\n\n\n\n<div class=\"wp-block-column is-layout-flow wp-block-column-is-layout-flow\">\n<figure class=\"wp-block-image size-full\"><img decoding=\"async\" width=\"800\" height=\"800\" src=\"https:\/\/moyahousehold.com\/wp-content\/uploads\/2024\/08\/instant-noodle-bowls-detail-1.png\" alt=\"Instant-Nudelschalen Detail (1)\" class=\"wp-image-8727\" srcset=\"https:\/\/moyahousehold.com\/wp-content\/uploads\/2024\/08\/instant-noodle-bowls-detail-1.png 800w, https:\/\/moyahousehold.com\/wp-content\/uploads\/2024\/08\/instant-noodle-bowls-detail-1-300x300.png 300w, https:\/\/moyahousehold.com\/wp-content\/uploads\/2024\/08\/instant-noodle-bowls-detail-1-150x150.png 150w, https:\/\/moyahousehold.com\/wp-content\/uploads\/2024\/08\/instant-noodle-bowls-detail-1-768x768.png 768w, https:\/\/moyahousehold.com\/wp-content\/uploads\/2024\/08\/instant-noodle-bowls-detail-1-12x12.png 12w, https:\/\/moyahousehold.com\/wp-content\/uploads\/2024\/08\/instant-noodle-bowls-detail-1-285x285.png 285w, https:\/\/moyahousehold.com\/wp-content\/uploads\/2024\/08\/instant-noodle-bowls-detail-1-270x270.png 270w, https:\/\/moyahousehold.com\/wp-content\/uploads\/2024\/08\/instant-noodle-bowls-detail-1-540x540.png 540w, https:\/\/moyahousehold.com\/wp-content\/uploads\/2024\/08\/instant-noodle-bowls-detail-1-660x660.png 660w\" sizes=\"(max-width: 800px) 100vw, 800px\" \/><\/figure>\n<\/div>\n<\/div>","protected":false},"excerpt":{"rendered":"<p>Diese Instantnudelschale aus Edelstahl ist f\u00fcr den Verzehr von Instantnudeln und zum Mitnehmen von Mittagessen gedacht. Sie eignet sich f\u00fcr den Einsatz in einer Vielzahl von Szenarien wie B\u00fcro, Outdoor-Camping, etc. Wir bieten 3 verschiedene Modelle zur Auswahl an. B2B-K\u00e4ufer k\u00f6nnen sich gerne mit uns in Verbindung setzen, um ein Angebot einzuholen.<\/p>\n<h3>Eigenschaften und Vorteile von Instant-Nudelsch\u00fcsseln<\/h3>\n<p><strong>Gesundes Material:<\/strong> Unsere Instant-Nudelsch\u00fcssel ist aus Edelstahl 304 gefertigt, der eine gute Korrosionsbest\u00e4ndigkeit aufweist und kein BPA enth\u00e4lt. Sie k\u00f6nnen es verwenden, um hei\u00dfe Lebensmittel mit Vertrauen zu bewahren.<\/p>\n<p><strong>Auslaufsichere Konstruktion:<\/strong> Unsere Instant-Nudelsch\u00fcssel ist mit einem Sch\u00fcsseldeckel ausgestattet, der hervorragend abdichtet. Sie k\u00f6nnen die Sch\u00fcssel sicher in Ihrer Tasche oder im Auto verstauen, ohne sich \u00fcber Probleme durch versehentliches Auslaufen Gedanken machen zu m\u00fcssen.<\/p>\n<p><strong>Reiche Stile:<\/strong> Diese Instant-Nudelsch\u00fcssel hat eine Vielzahl von Farben zur Auswahl, darunter gr\u00fcn, beige, braun usw.<\/p>\n<p><strong>Vielseitigkeit:<\/strong> Diese Instant-Nudelschale eignet sich nicht nur f\u00fcr Instant-Nudeln, sondern auch sehr gut zur Aufbewahrung von Suppe, Getr\u00e4nken, Reis und anderen Lebensmitteln.<\/p>\n<p><strong>Breite Palette von Anwendungsszenarien:<\/strong> Diese Instant-Nudelsch\u00fcssel ist so konzipiert, dass sie den Anforderungen verschiedener Szenarien gerecht wird. Ob im Studentenwohnheim, im B\u00fcro, auf Reisen oder bei Selbstfahrertouren - sie ist die ideale Wahl.<\/p>\n<p><strong>Kostenlose Proben:<\/strong> Wir bieten kostenlose Muster an. Sie k\u00f6nnen unsere Instant-Nudelschalen aus Edelstahl pers\u00f6nlich erleben und ihre hochwertigen Materialien und ihr Design sp\u00fcren.<\/p>\n<p><strong>Gro\u00dfhandel und kundenspezifische Dienstleistungen:<\/strong> Wir bieten Gro\u00dfhandel Edelstahl Instant-Nudelschalen zu direkten Fabrikpreisen, und unterst\u00fctzen Ihre unterschiedlichen Bed\u00fcrfnisse mit personalisierten Dienstleistungen angepasst.<\/p>","protected":false},"featured_media":8733,"comment_status":"closed","ping_status":"closed","template":"","meta":[],"product_cat":[58],"product_tag":[],"class_list":{"0":"post-8161","1":"product","2":"type-product","3":"status-publish","4":"has-post-thumbnail","6":"product_cat-lunch-box-wholesale","8":"first","9":"instock","10":"shipping-taxable","11":"product-type-simple"},"_links":{"self":[{"href":"https:\/\/moyahousehold.com\/de\/wp-json\/wp\/v2\/product\/8161","targetHints":{"allow":["GET"]}}],"collection":[{"href":"https:\/\/moyahousehold.com\/de\/wp-json\/wp\/v2\/product"}],"about":[{"href":"https:\/\/moyahousehold.com\/de\/wp-json\/wp\/v2\/types\/product"}],"replies":[{"embeddable":true,"href":"https:\/\/moyahousehold.com\/de\/wp-json\/wp\/v2\/comments?post=8161"}],"version-history":[{"count":0,"href":"https:\/\/moyahousehold.com\/de\/wp-json\/wp\/v2\/product\/8161\/revisions"}],"wp:featuredmedia":[{"embeddable":true,"href":"https:\/\/moyahousehold.com\/de\/wp-json\/wp\/v2\/media\/8733"}],"wp:attachment":[{"href":"https:\/\/moyahousehold.com\/de\/wp-json\/wp\/v2\/media?parent=8161"}],"wp:term":[{"taxonomy":"product_cat","embeddable":true,"href":"https:\/\/moyahousehold.com\/de\/wp-json\/wp\/v2\/product_cat?post=8161"},{"taxonomy":"product_tag","embeddable":true,"href":"https:\/\/moyahousehold.com\/de\/wp-json\/wp\/v2\/product_tag?post=8161"}],"curies":[{"name":"wp","href":"https:\/\/api.w.org\/{rel}","templated":true}]}}