{"id":8243,"date":"2024-09-07T02:59:13","date_gmt":"2024-09-01T06:54:03","guid":{"rendered":"https:\/\/moyahousehold.com\/?post_type=product&#038;p=8243"},"modified":"2025-02-05T07:18:01","modified_gmt":"2025-02-05T07:18:01","slug":"wholesale-stainless-steel-lunch-boxes-supplier","status":"publish","type":"product","link":"https:\/\/moyahousehold.com\/de\/produkt\/wholesale-stainless-steel-lunch-boxes-supplier\/","title":{"rendered":"Gro\u00dfhandel Edelstahl Lunch Box mit Containern, Bulk Lunch Box Container mit F\u00e4chern zu verkaufen"},"content":{"rendered":"<h3 class=\"wp-block-heading\">Parameter der Edelstahl-Lunchbox mit Beh\u00e4lter<\/h3>\n\n\n\n<p><strong>Material:<\/strong>304 + PP <strong> <\/strong><br><strong>Farbe:<\/strong>Beige\u3001Khaki <br><strong>Gr\u00f6\u00dfe:<\/strong>Gro\u00df\u3001Mittel\u3001Klein <br><strong>Gitter:<\/strong>3\u30014\u30015<\/p>\n\n\n\n<h3 class=\"wp-block-heading\">Kundenspezifische Bento-Box<\/h3>\n\n\n\n<p><strong>Logo: <\/strong>Ihr Markenlogo auf der Brotdose und der Verpackung anbringen.<br><strong>Logo-Optionen:<\/strong> gedrucktes Logo, lasergraviertes Logo, usw.<br><strong>Muster:<\/strong> Druckmuster <br><strong>Drucktechnik:<\/strong> Wassertransferdruck, Siebdruck, W\u00e4rmetransferdruck, Sublimationstransfer, etc.<br><strong>Verpackung:<\/strong> Farbkasten<br><a href=\"https:\/\/moyahousehold.com\/de\/individuelle-losung\/\"><strong>Erfahren Sie mehr \u00fcber individuelle L\u00f6sungen f\u00fcr Lunchpakete.<\/strong><\/a><\/p>\n\n\n\n<div class=\"wp-block-columns is-layout-flex wp-container-core-columns-is-layout-9d6595d7 wp-block-columns-is-layout-flex\">\n<div class=\"wp-block-column is-layout-flow wp-block-column-is-layout-flow\">\n<figure class=\"wp-block-image size-full\"><img fetchpriority=\"high\" decoding=\"async\" width=\"1600\" height=\"1600\" src=\"https:\/\/moyahousehold.com\/wp-content\/uploads\/2024\/09\/Lunch-box-details-1.webp\" alt=\"Details zur Brotdose (1)\" class=\"wp-image-8303\" srcset=\"https:\/\/moyahousehold.com\/wp-content\/uploads\/2024\/09\/Lunch-box-details-1.webp 1600w, https:\/\/moyahousehold.com\/wp-content\/uploads\/2024\/09\/Lunch-box-details-1-300x300.webp 300w, https:\/\/moyahousehold.com\/wp-content\/uploads\/2024\/09\/Lunch-box-details-1-150x150.webp 150w, https:\/\/moyahousehold.com\/wp-content\/uploads\/2024\/09\/Lunch-box-details-1-768x768.webp 768w, https:\/\/moyahousehold.com\/wp-content\/uploads\/2024\/09\/Lunch-box-details-1-12x12.webp 12w, https:\/\/moyahousehold.com\/wp-content\/uploads\/2024\/09\/Lunch-box-details-1-285x285.webp 285w, https:\/\/moyahousehold.com\/wp-content\/uploads\/2024\/09\/Lunch-box-details-1-270x270.webp 270w, https:\/\/moyahousehold.com\/wp-content\/uploads\/2024\/09\/Lunch-box-details-1-540x540.webp 540w, https:\/\/moyahousehold.com\/wp-content\/uploads\/2024\/09\/Lunch-box-details-1-660x660.webp 660w\" sizes=\"(max-width: 1600px) 100vw, 1600px\" \/><\/figure>\n<\/div>\n\n\n\n<div class=\"wp-block-column is-layout-flow wp-block-column-is-layout-flow\">\n<figure class=\"wp-block-image size-full\"><img decoding=\"async\" width=\"1600\" height=\"1600\" src=\"https:\/\/moyahousehold.com\/wp-content\/uploads\/2024\/09\/Lunch-box-details-2.webp\" alt=\"Details zur Brotdose (2)\" class=\"wp-image-8304\" srcset=\"https:\/\/moyahousehold.com\/wp-content\/uploads\/2024\/09\/Lunch-box-details-2.webp 1600w, https:\/\/moyahousehold.com\/wp-content\/uploads\/2024\/09\/Lunch-box-details-2-300x300.webp 300w, https:\/\/moyahousehold.com\/wp-content\/uploads\/2024\/09\/Lunch-box-details-2-150x150.webp 150w, https:\/\/moyahousehold.com\/wp-content\/uploads\/2024\/09\/Lunch-box-details-2-768x768.webp 768w, https:\/\/moyahousehold.com\/wp-content\/uploads\/2024\/09\/Lunch-box-details-2-12x12.webp 12w, https:\/\/moyahousehold.com\/wp-content\/uploads\/2024\/09\/Lunch-box-details-2-285x285.webp 285w, https:\/\/moyahousehold.com\/wp-content\/uploads\/2024\/09\/Lunch-box-details-2-270x270.webp 270w, https:\/\/moyahousehold.com\/wp-content\/uploads\/2024\/09\/Lunch-box-details-2-540x540.webp 540w, https:\/\/moyahousehold.com\/wp-content\/uploads\/2024\/09\/Lunch-box-details-2-660x660.webp 660w\" sizes=\"(max-width: 1600px) 100vw, 1600px\" \/><\/figure>\n<\/div>\n<\/div>\n\n\n\n<div class=\"wp-block-columns is-layout-flex wp-container-core-columns-is-layout-9d6595d7 wp-block-columns-is-layout-flex\">\n<div class=\"wp-block-column is-layout-flow wp-block-column-is-layout-flow\">\n<figure class=\"wp-block-image size-full\"><img decoding=\"async\" width=\"1600\" height=\"1600\" src=\"https:\/\/moyahousehold.com\/wp-content\/uploads\/2024\/09\/Lunch-box-details-3.webp\" alt=\"Details zur Brotdose (3)\" class=\"wp-image-8305\" srcset=\"https:\/\/moyahousehold.com\/wp-content\/uploads\/2024\/09\/Lunch-box-details-3.webp 1600w, https:\/\/moyahousehold.com\/wp-content\/uploads\/2024\/09\/Lunch-box-details-3-300x300.webp 300w, https:\/\/moyahousehold.com\/wp-content\/uploads\/2024\/09\/Lunch-box-details-3-150x150.webp 150w, https:\/\/moyahousehold.com\/wp-content\/uploads\/2024\/09\/Lunch-box-details-3-768x768.webp 768w, https:\/\/moyahousehold.com\/wp-content\/uploads\/2024\/09\/Lunch-box-details-3-12x12.webp 12w, https:\/\/moyahousehold.com\/wp-content\/uploads\/2024\/09\/Lunch-box-details-3-285x285.webp 285w, https:\/\/moyahousehold.com\/wp-content\/uploads\/2024\/09\/Lunch-box-details-3-270x270.webp 270w, https:\/\/moyahousehold.com\/wp-content\/uploads\/2024\/09\/Lunch-box-details-3-540x540.webp 540w, https:\/\/moyahousehold.com\/wp-content\/uploads\/2024\/09\/Lunch-box-details-3-660x660.webp 660w\" sizes=\"(max-width: 1600px) 100vw, 1600px\" \/><\/figure>\n<\/div>\n\n\n\n<div class=\"wp-block-column is-layout-flow wp-block-column-is-layout-flow\">\n<figure class=\"wp-block-image size-full\"><img loading=\"lazy\" decoding=\"async\" width=\"4095\" height=\"4095\" src=\"https:\/\/moyahousehold.com\/wp-content\/uploads\/2024\/09\/Lunch-box-details-4.webp\" alt=\"Details zur Brotdose (4)\" class=\"wp-image-8306\" srcset=\"https:\/\/moyahousehold.com\/wp-content\/uploads\/2024\/09\/Lunch-box-details-4.webp 4095w, https:\/\/moyahousehold.com\/wp-content\/uploads\/2024\/09\/Lunch-box-details-4-300x300.webp 300w, https:\/\/moyahousehold.com\/wp-content\/uploads\/2024\/09\/Lunch-box-details-4-150x150.webp 150w, https:\/\/moyahousehold.com\/wp-content\/uploads\/2024\/09\/Lunch-box-details-4-768x768.webp 768w, https:\/\/moyahousehold.com\/wp-content\/uploads\/2024\/09\/Lunch-box-details-4-12x12.webp 12w, https:\/\/moyahousehold.com\/wp-content\/uploads\/2024\/09\/Lunch-box-details-4-285x285.webp 285w, https:\/\/moyahousehold.com\/wp-content\/uploads\/2024\/09\/Lunch-box-details-4-1600x1600.webp 1600w, https:\/\/moyahousehold.com\/wp-content\/uploads\/2024\/09\/Lunch-box-details-4-270x270.webp 270w, https:\/\/moyahousehold.com\/wp-content\/uploads\/2024\/09\/Lunch-box-details-4-540x540.webp 540w, https:\/\/moyahousehold.com\/wp-content\/uploads\/2024\/09\/Lunch-box-details-4-660x660.webp 660w\" sizes=\"(max-width: 4095px) 100vw, 4095px\" \/><\/figure>\n<\/div>\n<\/div>","protected":false},"excerpt":{"rendered":"<p>Wir bieten eine Vielzahl von Lunchboxen an, darunter Lunchboxen mit 3 F\u00e4chern, Lunchboxen mit zwei F\u00e4chern und Lunchboxen mit 4 F\u00e4chern. Hergestellt aus lebensmittelechtem Edelstahl, ist diese Lunch-Box geeignet f\u00fcr die Speicherung einer Vielzahl von hei\u00dfen und kalten Speisen. Als professioneller Anbieter von Lunchboxen bieten wir hochwertige Gro\u00dfhandels-Lunchboxen und unterst\u00fctzen Oem- und Odm-Services, bitte kontaktieren Sie uns.<\/p>\n<h2>Eigenschaften der Edelstahl-Lunchbox<\/p>\n<\/h2>\n<p><strong>304 Edelstahl Auskleidung:<\/strong> Die Brotdose ist aus lebensmittelechtem Edelstahl 304 gefertigt, der langlebig, korrosionsbest\u00e4ndig und sicherer f\u00fcr die Aufbewahrung von Lebensmitteln ist. Dar\u00fcber hinaus ist dieses Material leicht zu reinigen, geruchsneutral und kann zur Reinigung in die Sp\u00fclmaschine gestellt werden, was Zeit spart.<\/p>\n<p><strong>Lunch-Box-Beh\u00e4lter mit F\u00e4chern:<\/strong> Es handelt sich um eine Lunchbox mit 4 F\u00e4chern, in denen jeweils verschiedene Gegenst\u00e4nde separat aufbewahrt werden k\u00f6nnen, und sie ist mit Lebensmittelbeh\u00e4ltern ausgestattet, die die Aufbewahrung von fl\u00fcssigen Lebensmitteln erleichtern.<\/p>\n<p><strong>Tragbar:<\/strong> Diese Brotdose ist leicht, l\u00e4sst sich einfach transportieren und nimmt nicht viel Platz weg. Sie eignet sich f\u00fcr Aktivit\u00e4ten im Freien wie Arbeit, Schule oder Reisen.<\/p>\n<p><strong>Umweltfreundlich und wiederverwendbar:<\/strong> Die Lunchbox besteht aus haltbarem Edelstahl und anderen Materialien, wodurch die Verwendung von Einweg-Lunchboxen reduziert werden kann, was sowohl f\u00fcr die Benutzer als auch f\u00fcr die Umwelt kosteng\u00fcnstig ist.<\/p>\n<p><strong>Gro\u00dfhandel und kundenspezifische Dienstleistungen:<\/strong> Wir bieten Lunchboxen f\u00fcr den Gro\u00dfhandel an und unterst\u00fctzen die individuelle Anpassung an Kundenw\u00fcnsche. Kunden k\u00f6nnen Kapazit\u00e4t, Farbe, Material, Markenlogo, etc. nach ihren Bed\u00fcrfnissen w\u00e4hlen, um verschiedene personalisierte Bed\u00fcrfnisse zu erf\u00fcllen.<\/p>\n<p>&nbsp;<\/p>","protected":false},"featured_media":8956,"comment_status":"closed","ping_status":"closed","template":"","meta":[],"product_cat":[58],"product_tag":[87],"class_list":{"0":"post-8243","1":"product","2":"type-product","3":"status-publish","4":"has-post-thumbnail","6":"product_cat-lunch-box-wholesale","7":"product_tag-wholesale-multi-compartment-lunch-box","9":"first","10":"instock","11":"shipping-taxable","12":"product-type-simple"},"_links":{"self":[{"href":"https:\/\/moyahousehold.com\/de\/wp-json\/wp\/v2\/product\/8243","targetHints":{"allow":["GET"]}}],"collection":[{"href":"https:\/\/moyahousehold.com\/de\/wp-json\/wp\/v2\/product"}],"about":[{"href":"https:\/\/moyahousehold.com\/de\/wp-json\/wp\/v2\/types\/product"}],"replies":[{"embeddable":true,"href":"https:\/\/moyahousehold.com\/de\/wp-json\/wp\/v2\/comments?post=8243"}],"version-history":[{"count":0,"href":"https:\/\/moyahousehold.com\/de\/wp-json\/wp\/v2\/product\/8243\/revisions"}],"wp:featuredmedia":[{"embeddable":true,"href":"https:\/\/moyahousehold.com\/de\/wp-json\/wp\/v2\/media\/8956"}],"wp:attachment":[{"href":"https:\/\/moyahousehold.com\/de\/wp-json\/wp\/v2\/media?parent=8243"}],"wp:term":[{"taxonomy":"product_cat","embeddable":true,"href":"https:\/\/moyahousehold.com\/de\/wp-json\/wp\/v2\/product_cat?post=8243"},{"taxonomy":"product_tag","embeddable":true,"href":"https:\/\/moyahousehold.com\/de\/wp-json\/wp\/v2\/product_tag?post=8243"}],"curies":[{"name":"wp","href":"https:\/\/api.w.org\/{rel}","templated":true}]}}