{"id":8435,"date":"2024-09-30T01:20:47","date_gmt":"2024-09-30T01:20:47","guid":{"rendered":"https:\/\/moyahousehold.com\/?post_type=product&#038;p=8435"},"modified":"2025-04-15T09:38:56","modified_gmt":"2025-04-15T09:38:56","slug":"wholesale-stainless-steel-thermal-coffee-carafe","status":"publish","type":"product","link":"https:\/\/moyahousehold.com\/de\/produkt\/wholesale-stainless-steel-thermal-coffee-carafe\/","title":{"rendered":"Gro\u00dfhandel 1.2L Edelstahl thermische Kaffee-Karaffe, Bulk isolierte Kaffeet\u00f6pfe zu verkaufen"},"content":{"rendered":"<h3 class=\"wp-block-heading\">Parameter der thermischen Kaffeekaraffe aus Edelstahl<\/h3>\n\n\n\n<figure class=\"wp-block-table\"><table class=\"has-fixed-layout\"><tbody><tr><td>Produkt&nbsp;<\/td><td>Kapazit\u00e4t<\/td><td>Marke<\/td><td>Modell<\/td><td>Farbe<\/td><td>Material<\/td><td>Abmessungen<\/td><td>Bruttogewicht<\/td><\/tr><tr><td>Thermokaraffe f\u00fcr Kaffee nach italienischer Art<\/td><td>1.2L<\/td><td>MOYA<\/td><td>MY0022<\/td><td>schwarz,<br>beige,<br>wei\u00df,<br>hellgrau<\/td><td>PP, Edelstahl 304, Kieselgel<\/td><td>138*130*283cm<\/td><td>1kg<\/td><\/tr><\/tbody><\/table><\/figure>\n\n\n\n<h3 class=\"wp-block-heading\">Individuelle Edelstahl-Thermokaraffe als Option<\/h3>\n\n\n\n<p><strong>Logo:<\/strong> Ihr Markenlogo auf der Kaffeekaraffe und der Verpackung anbringen.<br><strong>Logo-Optionen:<\/strong> gedrucktes Logo, lasergraviertes Logo, usw.<br><strong>Muster:<\/strong> Druckmuster auf Kaffeekaraffe.<br><strong>Drucktechnik: <\/strong>Wassertransferdruck, Siebdruck, W\u00e4rmetransferdruck, Sublimationstransfer, etc. <br><strong>Verpackung:<\/strong> Farbkasten<br><a href=\"https:\/\/moyahousehold.com\/de\/individuelle-losung\/\"><strong>Entdecken Sie weitere individuelle Kaffeekaraffen-Optionen<\/strong><\/a><\/p>\n\n\n\n<div class=\"wp-block-columns is-layout-flex wp-container-core-columns-is-layout-9d6595d7 wp-block-columns-is-layout-flex\">\n<div class=\"wp-block-column is-layout-flow wp-block-column-is-layout-flow\">\n<figure class=\"wp-block-image size-full\"><img fetchpriority=\"high\" decoding=\"async\" width=\"1600\" height=\"1600\" src=\"https:\/\/moyahousehold.com\/wp-content\/uploads\/2024\/09\/Thermal-coffee-carafe-dimensions.jpg\" alt=\"Abmessungen der thermischen Kaffeekaraffe\" class=\"wp-image-8446\" srcset=\"https:\/\/moyahousehold.com\/wp-content\/uploads\/2024\/09\/Thermal-coffee-carafe-dimensions.jpg 1600w, https:\/\/moyahousehold.com\/wp-content\/uploads\/2024\/09\/Thermal-coffee-carafe-dimensions-300x300.jpg 300w, https:\/\/moyahousehold.com\/wp-content\/uploads\/2024\/09\/Thermal-coffee-carafe-dimensions-150x150.jpg 150w, https:\/\/moyahousehold.com\/wp-content\/uploads\/2024\/09\/Thermal-coffee-carafe-dimensions-768x768.jpg 768w, https:\/\/moyahousehold.com\/wp-content\/uploads\/2024\/09\/Thermal-coffee-carafe-dimensions-12x12.jpg 12w, https:\/\/moyahousehold.com\/wp-content\/uploads\/2024\/09\/Thermal-coffee-carafe-dimensions-285x285.jpg 285w, https:\/\/moyahousehold.com\/wp-content\/uploads\/2024\/09\/Thermal-coffee-carafe-dimensions-270x270.jpg 270w, https:\/\/moyahousehold.com\/wp-content\/uploads\/2024\/09\/Thermal-coffee-carafe-dimensions-540x540.jpg 540w, https:\/\/moyahousehold.com\/wp-content\/uploads\/2024\/09\/Thermal-coffee-carafe-dimensions-660x660.jpg 660w\" sizes=\"(max-width: 1600px) 100vw, 1600px\" \/><\/figure>\n<\/div>\n\n\n\n<div class=\"wp-block-column is-layout-flow wp-block-column-is-layout-flow\">\n<figure class=\"wp-block-image size-full\"><img decoding=\"async\" width=\"4160\" height=\"4164\" src=\"https:\/\/moyahousehold.com\/wp-content\/uploads\/2024\/09\/Physical-display-of-thermal-coffee-carafe.jpg\" alt=\"Physikalische Anzeige der thermischen Kaffeekaraffe\" class=\"wp-image-8445\" srcset=\"https:\/\/moyahousehold.com\/wp-content\/uploads\/2024\/09\/Physical-display-of-thermal-coffee-carafe.jpg 4160w, https:\/\/moyahousehold.com\/wp-content\/uploads\/2024\/09\/Physical-display-of-thermal-coffee-carafe-300x300.jpg 300w, https:\/\/moyahousehold.com\/wp-content\/uploads\/2024\/09\/Physical-display-of-thermal-coffee-carafe-150x150.jpg 150w, https:\/\/moyahousehold.com\/wp-content\/uploads\/2024\/09\/Physical-display-of-thermal-coffee-carafe-768x769.jpg 768w, https:\/\/moyahousehold.com\/wp-content\/uploads\/2024\/09\/Physical-display-of-thermal-coffee-carafe-12x12.jpg 12w, https:\/\/moyahousehold.com\/wp-content\/uploads\/2024\/09\/Physical-display-of-thermal-coffee-carafe-285x285.jpg 285w, https:\/\/moyahousehold.com\/wp-content\/uploads\/2024\/09\/Physical-display-of-thermal-coffee-carafe-1600x1602.jpg 1600w, https:\/\/moyahousehold.com\/wp-content\/uploads\/2024\/09\/Physical-display-of-thermal-coffee-carafe-270x270.jpg 270w, https:\/\/moyahousehold.com\/wp-content\/uploads\/2024\/09\/Physical-display-of-thermal-coffee-carafe-540x540.jpg 540w, https:\/\/moyahousehold.com\/wp-content\/uploads\/2024\/09\/Physical-display-of-thermal-coffee-carafe-660x660.jpg 660w\" sizes=\"(max-width: 4160px) 100vw, 4160px\" \/><\/figure>\n<\/div>\n<\/div>","protected":false},"excerpt":{"rendered":"<p>Thermokaraffe im italienischen Gro\u00dfhandel, minimalistisches \u00e4sthetisches Design macht sie nicht nur zu einem Isolierbeh\u00e4lter, sondern auch zu einem Kunstwerk, das zur Dekoration des Raumes geeignet ist. Die thermische Kaffeekaraffe ist aus hochwertigem Edelstahl gefertigt, mit einer einzigartigen Metallstruktur und einer sehr langen Lebensdauer. Das Innere besteht aus einer Vakuumschicht, die eine gute Isolierwirkung hat. Geeignet f\u00fcr Restaurants und Familien, B2B-K\u00e4ufer k\u00f6nnen uns gerne kontaktieren.<\/p>\n<h3>Merkmale und Vorteile der Thermokaffeekaraffe aus Edelstahl<\/h3>\n<p><strong>Isolierende Wirkung<\/strong>: Die thermische Kaffeekaraffe hat eine hervorragende Isolierleistung f\u00fcr 12 Stunden. Das \u00c4u\u00dfere ist aus PP-Material, die Auskleidung ist aus Edelstahl und mit einem wasserdichten Silikonring kombiniert, um ein zweischichtiges Vakuumdesign zu bilden. Diese Struktur verbessert effektiv die Dichtungs- und Isolationsleistung des Produkts und stellt sicher, dass das Getr\u00e4nk die Temperatur f\u00fcr eine lange Zeit beibeh\u00e4lt.<\/p>\n<p><strong>Gro\u00dfe Kapazit\u00e4t<\/strong>: Das gro\u00dfe Fassungsverm\u00f6gen von 1,2 l eignet sich f\u00fcr den t\u00e4glichen Gebrauch in der Familie, ohne dass h\u00e4ufig Wasser nachgef\u00fcllt werden muss, und deckt den t\u00e4glichen Bedarf. Egal, ob Tee, Kaffee oder andere Getr\u00e4nke zubereitet werden sollen, es kann alles auf einmal zubereitet werden, besonders geeignet f\u00fcr Familientreffen oder die Unterhaltung von Freunden.<\/p>\n<p><strong>Modischer Auftritt<\/strong>: Diese thermische Kaffeekaraffe verbindet die Designkonzepte von Einfachheit und Mode, die sowohl praktisch als auch dekorativ ist. Ihre schlichten und eleganten Farben bringen eine modische Atmosph\u00e4re auf den Schreibtisch.<\/p>\n<p><strong>Mehrere Farben<\/strong>: Die thermische Kaffeekaraffe hat eine Vielzahl von Farben zur Auswahl, um den Vorlieben der verschiedenen Benutzer gerecht zu werden, und das minimalistische Aussehen bietet den Benutzern eine angenehme visuelle Erfahrung.<\/p>\n<p><strong>Gro\u00dfhandelsdienstleistung<\/strong>: Wir bieten Gro\u00dfhandel thermische Kaffeekaraffe Service f\u00fcr B2B-K\u00e4ufer. Wir unterst\u00fctzen Sie von der Anpassung, Produktion bis zur Lieferung.<\/p>\n<p><strong>Anpassungsdienst<\/strong>: Als professioneller Hersteller von thermischen Kaffeekaraffen bieten wir professionelle Anpassungsl\u00f6sungen an. Das Aussehen, das Fassungsverm\u00f6gen, das Material und die Verpackung der Thermokaffeekaraffe k\u00f6nnen individuell angepasst werden. Bitte kontaktieren Sie uns.<\/p>\n<p><strong><a href=\"https:\/\/moyahousehold.com\/de\/wholesale-1-2l-italian-style-thermal-coffee-carafe\/\" target=\"_blank\" rel=\"noopener\">Erfahren Sie mehr \u00fcber Thermokaffeekannen aus Edelstahl im italienischen Stil<\/a><\/p>\n<p><\/strong><\/p>","protected":false},"featured_media":8436,"comment_status":"open","ping_status":"closed","template":"","meta":[],"product_cat":[54],"product_tag":[73,85],"class_list":{"0":"post-8435","1":"product","2":"type-product","3":"status-publish","4":"has-post-thumbnail","6":"product_cat-thermal-carafe-wholesale","7":"product_tag-wholesale-1200ml-thermos-carafe","8":"product_tag-wholesale-stainless-steel-liner-thermos-carafe","10":"first","11":"instock","12":"shipping-taxable","13":"product-type-simple"},"_links":{"self":[{"href":"https:\/\/moyahousehold.com\/de\/wp-json\/wp\/v2\/product\/8435","targetHints":{"allow":["GET"]}}],"collection":[{"href":"https:\/\/moyahousehold.com\/de\/wp-json\/wp\/v2\/product"}],"about":[{"href":"https:\/\/moyahousehold.com\/de\/wp-json\/wp\/v2\/types\/product"}],"replies":[{"embeddable":true,"href":"https:\/\/moyahousehold.com\/de\/wp-json\/wp\/v2\/comments?post=8435"}],"version-history":[{"count":0,"href":"https:\/\/moyahousehold.com\/de\/wp-json\/wp\/v2\/product\/8435\/revisions"}],"wp:featuredmedia":[{"embeddable":true,"href":"https:\/\/moyahousehold.com\/de\/wp-json\/wp\/v2\/media\/8436"}],"wp:attachment":[{"href":"https:\/\/moyahousehold.com\/de\/wp-json\/wp\/v2\/media?parent=8435"}],"wp:term":[{"taxonomy":"product_cat","embeddable":true,"href":"https:\/\/moyahousehold.com\/de\/wp-json\/wp\/v2\/product_cat?post=8435"},{"taxonomy":"product_tag","embeddable":true,"href":"https:\/\/moyahousehold.com\/de\/wp-json\/wp\/v2\/product_tag?post=8435"}],"curies":[{"name":"wp","href":"https:\/\/api.w.org\/{rel}","templated":true}]}}