{"id":8450,"date":"2024-09-30T02:24:47","date_gmt":"2024-09-30T02:24:47","guid":{"rendered":"https:\/\/moyahousehold.com\/?post_type=product&#038;p=8450"},"modified":"2025-04-19T09:24:49","modified_gmt":"2025-04-19T09:24:49","slug":"wholesale-1l-arabic-style-thermos-kettle","status":"publish","type":"product","link":"https:\/\/moyahousehold.com\/de\/produkt\/wholesale-1l-arabic-style-thermos-kettle\/","title":{"rendered":"Gro\u00dfhandel 1.0L arabischen Stil Thermoskanne, Bulk Vakuum Thermoskanne zum Verkauf, Unterst\u00fctzung OEM &amp; ODM"},"content":{"rendered":"<h3 class=\"wp-block-heading\">Parameter des 1.0L Thermoskessels im arabischen Stil<\/h3>\n\n\n\n<figure class=\"wp-block-table\"><table class=\"has-fixed-layout\"><tbody><tr><td>Produkt&nbsp;<\/td><td>Kapazit\u00e4t<\/td><td>Marke<\/td><td>Modell<\/td><td>Farbe<\/td><td>Material<\/td><td>Abmessungen<\/td><td>Bruttogewicht<\/td><\/tr><tr><td>Isolierte Kaffeekanne im arabischen Stil<\/td><td>1.0L<\/td><td>MOYA<\/td><td>Arabische Thermoskanne<\/td><td>schwarz<br>beige<br>dunkelgrau<\/td><td>PP, Edelstahl 304, Kieselgel, Buche<\/td><td>170*170*246<\/td><td>0.5<\/td><\/tr><\/tbody><\/table><\/figure>\n\n\n\n<h3 class=\"wp-block-heading\">Individuelle Thermoskessel-Optionen<\/h3>\n\n\n\n<p><strong>Logo: <\/strong>Gestalten Sie Ihr Markenlogo auf isolierten Kaffeekannen und Verpackungen.<br><strong>Logo-Optionen: <\/strong>gedrucktes Logo, lasergraviertes Logo, usw.<br><strong>Muster: <\/strong>Druck von Mustern auf isolierte Kaffeekannen.<br><strong>Drucktechnik:<\/strong> Wassertransferdruck, Siebdruck, W\u00e4rmetransferdruck, Sublimationstransfer, etc. <br><strong>Paket:<\/strong> Farbkasten<br><a href=\"https:\/\/moyahousehold.com\/de\/individuelle-losung\/\"><strong>Entdecken Sie weitere individuelle Thermoskannenoptionen<\/strong><\/a><\/p>\n\n\n\n<div class=\"wp-block-columns is-layout-flex wp-container-core-columns-is-layout-9d6595d7 wp-block-columns-is-layout-flex\">\n<div class=\"wp-block-column is-layout-flow wp-block-column-is-layout-flow\">\n<figure class=\"wp-block-image size-full\"><img fetchpriority=\"high\" decoding=\"async\" width=\"1500\" height=\"1500\" src=\"https:\/\/moyahousehold.com\/wp-content\/uploads\/2024\/09\/Arabic-style-thermos-kettle-detail1.jpg\" alt=\"Thermoskanne im arabischen Stil Detail(1)\" class=\"wp-image-10006\" srcset=\"https:\/\/moyahousehold.com\/wp-content\/uploads\/2024\/09\/Arabic-style-thermos-kettle-detail1.jpg 1500w, https:\/\/moyahousehold.com\/wp-content\/uploads\/2024\/09\/Arabic-style-thermos-kettle-detail1-300x300.jpg 300w, https:\/\/moyahousehold.com\/wp-content\/uploads\/2024\/09\/Arabic-style-thermos-kettle-detail1-150x150.jpg 150w, https:\/\/moyahousehold.com\/wp-content\/uploads\/2024\/09\/Arabic-style-thermos-kettle-detail1-768x768.jpg 768w, https:\/\/moyahousehold.com\/wp-content\/uploads\/2024\/09\/Arabic-style-thermos-kettle-detail1-12x12.jpg 12w, https:\/\/moyahousehold.com\/wp-content\/uploads\/2024\/09\/Arabic-style-thermos-kettle-detail1-285x285.jpg 285w, https:\/\/moyahousehold.com\/wp-content\/uploads\/2024\/09\/Arabic-style-thermos-kettle-detail1-270x270.jpg 270w, https:\/\/moyahousehold.com\/wp-content\/uploads\/2024\/09\/Arabic-style-thermos-kettle-detail1-540x540.jpg 540w, https:\/\/moyahousehold.com\/wp-content\/uploads\/2024\/09\/Arabic-style-thermos-kettle-detail1-660x660.jpg 660w\" sizes=\"(max-width: 1500px) 100vw, 1500px\" \/><\/figure>\n<\/div>\n\n\n\n<div class=\"wp-block-column is-layout-flow wp-block-column-is-layout-flow\">\n<figure class=\"wp-block-image size-full\"><img decoding=\"async\" width=\"2240\" height=\"2240\" src=\"https:\/\/moyahousehold.com\/wp-content\/uploads\/2024\/09\/Arabic-style-thermos-kettle-detail2.jpg\" alt=\"Thermoskanne im arabischen Stil Detail(2)\" class=\"wp-image-10007\" srcset=\"https:\/\/moyahousehold.com\/wp-content\/uploads\/2024\/09\/Arabic-style-thermos-kettle-detail2.jpg 2240w, https:\/\/moyahousehold.com\/wp-content\/uploads\/2024\/09\/Arabic-style-thermos-kettle-detail2-300x300.jpg 300w, https:\/\/moyahousehold.com\/wp-content\/uploads\/2024\/09\/Arabic-style-thermos-kettle-detail2-150x150.jpg 150w, https:\/\/moyahousehold.com\/wp-content\/uploads\/2024\/09\/Arabic-style-thermos-kettle-detail2-768x768.jpg 768w, https:\/\/moyahousehold.com\/wp-content\/uploads\/2024\/09\/Arabic-style-thermos-kettle-detail2-12x12.jpg 12w, https:\/\/moyahousehold.com\/wp-content\/uploads\/2024\/09\/Arabic-style-thermos-kettle-detail2-285x285.jpg 285w, https:\/\/moyahousehold.com\/wp-content\/uploads\/2024\/09\/Arabic-style-thermos-kettle-detail2-1600x1600.jpg 1600w, https:\/\/moyahousehold.com\/wp-content\/uploads\/2024\/09\/Arabic-style-thermos-kettle-detail2-270x270.jpg 270w, https:\/\/moyahousehold.com\/wp-content\/uploads\/2024\/09\/Arabic-style-thermos-kettle-detail2-540x540.jpg 540w, https:\/\/moyahousehold.com\/wp-content\/uploads\/2024\/09\/Arabic-style-thermos-kettle-detail2-660x660.jpg 660w\" sizes=\"(max-width: 2240px) 100vw, 2240px\" \/><\/figure>\n<\/div>\n<\/div>","protected":false},"excerpt":{"rendered":"<p>Gro\u00dfhandel arabischen Stil Thermoskanne, diese Thermoskanne enth\u00e4lt traditionelle arabische kulturelle Elemente, die einzigartigen Charme zu Ihrer K\u00fcche oder Wohnzimmer Dekoration. Der Innentank ist aus lebensmittelechtem Edelstahl gefertigt, der eine gute W\u00e4rmeerhaltung und Korrosionsbest\u00e4ndigkeit hat. Wir bieten OEM &amp; ODM Dienstleistungen an, bitte kontaktieren Sie uns.<\/p>\n<h3>Eigenschaften von 1.0L Arabic Style Thermos Kettle<\/h3>\n<p><strong>Design im arabischen Stil:<\/strong> Dieser Thermoskessel hat die traditionelle arabische Kesselform, die einen starken arabischen Stil ausstrahlt und Ihrer Wohnungseinrichtung Charme verleiht.<\/p>\n<p><strong>Auskleidung aus rostfreiem Stahl<\/strong>: Diese Thermoskanne im arabischen Stil verf\u00fcgt \u00fcber eine Vakuum-Edelstahl-Auskleidung, die eine hervorragende W\u00e4rme- und K\u00e4ltekonservierung bietet.<\/p>\n<p><strong>Praktisches Design:<\/strong> Diese Thermoskanne im arabischen Stil verf\u00fcgt \u00fcber ein Ein-Knopf-Design, und das Wasser kann mit einem leichten Druck schnell abgelassen werden.<\/p>\n<p><strong>Mehrere Stiloptionen:<\/strong> Wir bieten eine Vielzahl von Farboptionen an, darunter Schwarz, Beige und Dunkelgrau, um den Vorlieben der verschiedenen Benutzer gerecht zu werden.<\/p>\n<p><strong>Gro\u00dfhandelsservice:<\/strong> Wir bieten Gro\u00dfhandels-Thermoskannen zu Fabrikpreisen an, unterst\u00fctzen Gro\u00dfeink\u00e4ufe und Kleinserienk\u00e4ufe, geeignet f\u00fcr Gro\u00dfh\u00e4ndler, Distributoren und Einzelh\u00e4ndler.<\/p>\n<p><strong>Kundenspezifische Dienstleistungen:<\/strong> Als professioneller Hersteller von Thermoskannen bieten wir professionelle kundenspezifische L\u00f6sungen an. Das Aussehen, das Fassungsverm\u00f6gen, das Material und die Verpackung der Thermoskanne k\u00f6nnen individuell angepasst werden. Erstellen Sie eine exklusive Marke Thermoskanne f\u00fcr Sie.<\/p>\n<p><strong><a href=\"https:\/\/moyahousehold.com\/de\/wholesale-1l-arabic-style-thermos-kettle-introduction\/\" target=\"_blank\" rel=\"noopener\">Erfahren Sie mehr \u00fcber den Thermoskessel im arabischen Stil.<\/a><\/p>\n<p><\/strong><\/p>","protected":false},"featured_media":10008,"comment_status":"closed","ping_status":"closed","template":"","meta":[],"product_cat":[54],"product_tag":[66,85],"class_list":{"0":"post-8450","1":"product","2":"type-product","3":"status-publish","4":"has-post-thumbnail","6":"product_cat-thermal-carafe-wholesale","7":"product_tag-wholesale-1000ml-thermos-carafe","8":"product_tag-wholesale-stainless-steel-liner-thermos-carafe","10":"first","11":"instock","12":"shipping-taxable","13":"product-type-simple"},"_links":{"self":[{"href":"https:\/\/moyahousehold.com\/de\/wp-json\/wp\/v2\/product\/8450","targetHints":{"allow":["GET"]}}],"collection":[{"href":"https:\/\/moyahousehold.com\/de\/wp-json\/wp\/v2\/product"}],"about":[{"href":"https:\/\/moyahousehold.com\/de\/wp-json\/wp\/v2\/types\/product"}],"replies":[{"embeddable":true,"href":"https:\/\/moyahousehold.com\/de\/wp-json\/wp\/v2\/comments?post=8450"}],"version-history":[{"count":0,"href":"https:\/\/moyahousehold.com\/de\/wp-json\/wp\/v2\/product\/8450\/revisions"}],"wp:featuredmedia":[{"embeddable":true,"href":"https:\/\/moyahousehold.com\/de\/wp-json\/wp\/v2\/media\/10008"}],"wp:attachment":[{"href":"https:\/\/moyahousehold.com\/de\/wp-json\/wp\/v2\/media?parent=8450"}],"wp:term":[{"taxonomy":"product_cat","embeddable":true,"href":"https:\/\/moyahousehold.com\/de\/wp-json\/wp\/v2\/product_cat?post=8450"},{"taxonomy":"product_tag","embeddable":true,"href":"https:\/\/moyahousehold.com\/de\/wp-json\/wp\/v2\/product_tag?post=8450"}],"curies":[{"name":"wp","href":"https:\/\/api.w.org\/{rel}","templated":true}]}}