{"id":9198,"date":"2024-11-19T10:25:01","date_gmt":"2024-11-17T02:31:09","guid":{"rendered":"https:\/\/moyahousehold.com\/?post_type=product&#038;p=9198"},"modified":"2025-02-05T09:56:47","modified_gmt":"2025-02-05T09:56:47","slug":"wholesale-stainless-steel-kitchen-food-containers","status":"publish","type":"product","link":"https:\/\/moyahousehold.com\/de\/produkt\/wholesale-stainless-steel-kitchen-food-containers\/","title":{"rendered":"Gro\u00dfhandel Edelstahl K\u00fcche Lebensmittel-Container, Bulk Picknick Lebensmittel Lagerung Container zu verkaufen"},"content":{"rendered":"<div class=\"wp-block-columns is-layout-flex wp-container-core-columns-is-layout-9d6595d7 wp-block-columns-is-layout-flex\">\n<div class=\"wp-block-column is-layout-flow wp-block-column-is-layout-flow\">\n<h3 class=\"wp-block-heading\">Parameter von Lebensmittelbeh\u00e4ltern aus Edelstahl f\u00fcr die K\u00fcche<\/h3>\n\n\n\n<figure class=\"wp-block-table\"><table><tbody><tr><td>Artikel NO<\/td><td>Kapazit\u00e4t<\/td><td>Gr\u00f6\u00dfe\/PCS<\/td><td>PCS\/Koffer<\/td><td>N.W.\/PCS<\/td><td>G.W.\/Fall<\/td><\/tr><tr><td>MYJD126<\/td><td>420ml<\/td><td>13.3*9.6*5.6<\/td><td>80<\/td><td>14<\/td><td>0.15<\/td><\/tr><tr><td>MYJD127<\/td><td>660ml<\/td><td>13.3*9.6*8.2<\/td><td>80<\/td><td>14.8<\/td><td>0.16<\/td><\/tr><tr><td>MYJD128<\/td><td>900ml<\/td><td>13.3*9.6*10.7<\/td><td>60<\/td><td>14<\/td><td>0.2<\/td><\/tr><tr><td>MYJD129<\/td><td>1000ml<\/td><td>20.3*13.5*5.7<\/td><td>60<\/td><td>17<\/td><td>0.25<\/td><\/tr><tr><td>MYJD130<\/td><td>1600ml<\/td><td>20.3*13.5*8.2<\/td><td>60<\/td><td>18.8<\/td><td>0.28<\/td><\/tr><tr><td>MYJD131<\/td><td>2100ml<\/td><td>20.3*13.5*10.7<\/td><td>48<\/td><td>18.32<\/td><td>0.34<\/td><\/tr><tr><td>MYJD132<\/td><td>2400ml<\/td><td>27.5*20.2*6<\/td><td>48<\/td><td>25.52<\/td><td>0.49<\/td><\/tr><tr><td>MYJD133<\/td><td>3500ml<\/td><td>27.5*20.2*8.2<\/td><td>36<\/td><td>22.52<\/td><td>0.57<\/td><\/tr><tr><td>MYJD134<\/td><td>4600ml<\/td><td>27.5*20.2*10.7<\/td><td>24<\/td><td>17.12<\/td><td>0.63<\/td><\/tr><\/tbody><\/table><\/figure>\n<\/div>\n<\/div>\n\n\n\n<h3 class=\"wp-block-heading\">Kundenspezifische Optionen f\u00fcr Lebensmittelbeh\u00e4lter<\/h3>\n\n\n\n<p><strong>Logo:<\/strong> Ihr Markenlogo auf Lebensmittelbeh\u00e4ltern und -verpackungen anbringen.<br><strong>Deckel: <\/strong>Glasdeckel, PP-Deckel<br><strong>Logo-Optionen:<\/strong> gedrucktes Logo, lasergraviertes Logo, usw.<br><strong>Muster:<\/strong> Druck von Mustern auf Lebensmittelbeh\u00e4ltern.<br><strong>Drucktechnik:<\/strong> Wassertransferdruck, Siebdruck, W\u00e4rmetransferdruck, usw.<br><strong>Verpackung:<\/strong>Farbkasten<br><a href=\"https:\/\/moyahousehold.com\/de\/individuelle-losung\/\" data-type=\"page\" data-id=\"2817\"><strong>Erfahren Sie mehr \u00fcber individuelle Lebensmittelbeh\u00e4lteroptionen<\/strong><\/a>.<\/p>\n\n\n\n<div class=\"wp-block-columns is-layout-flex wp-container-core-columns-is-layout-9d6595d7 wp-block-columns-is-layout-flex\">\n<div class=\"wp-block-column is-layout-flow wp-block-column-is-layout-flow\">\n<figure class=\"wp-block-image size-full\"><img fetchpriority=\"high\" decoding=\"async\" width=\"1500\" height=\"1500\" src=\"https:\/\/moyahousehold.com\/wp-content\/uploads\/2024\/11\/stainless-steel-kitchen-food-containers-1.jpg\" alt=\"Edelstahlbeh\u00e4lter f\u00fcr Lebensmittel (1)\" class=\"wp-image-9396\" srcset=\"https:\/\/moyahousehold.com\/wp-content\/uploads\/2024\/11\/stainless-steel-kitchen-food-containers-1.jpg 1500w, https:\/\/moyahousehold.com\/wp-content\/uploads\/2024\/11\/stainless-steel-kitchen-food-containers-1-300x300.jpg 300w, https:\/\/moyahousehold.com\/wp-content\/uploads\/2024\/11\/stainless-steel-kitchen-food-containers-1-150x150.jpg 150w, https:\/\/moyahousehold.com\/wp-content\/uploads\/2024\/11\/stainless-steel-kitchen-food-containers-1-768x768.jpg 768w, https:\/\/moyahousehold.com\/wp-content\/uploads\/2024\/11\/stainless-steel-kitchen-food-containers-1-12x12.jpg 12w, https:\/\/moyahousehold.com\/wp-content\/uploads\/2024\/11\/stainless-steel-kitchen-food-containers-1-285x285.jpg 285w, https:\/\/moyahousehold.com\/wp-content\/uploads\/2024\/11\/stainless-steel-kitchen-food-containers-1-270x270.jpg 270w, https:\/\/moyahousehold.com\/wp-content\/uploads\/2024\/11\/stainless-steel-kitchen-food-containers-1-540x540.jpg 540w, https:\/\/moyahousehold.com\/wp-content\/uploads\/2024\/11\/stainless-steel-kitchen-food-containers-1-660x660.jpg 660w\" sizes=\"(max-width: 1500px) 100vw, 1500px\" \/><\/figure>\n<\/div>\n\n\n\n<div class=\"wp-block-column is-layout-flow wp-block-column-is-layout-flow\">\n<figure class=\"wp-block-image size-full\"><img decoding=\"async\" width=\"1500\" height=\"1500\" src=\"https:\/\/moyahousehold.com\/wp-content\/uploads\/2024\/11\/stainless-steel-kitchen-food-containers-2.jpg\" alt=\"Lebensmittelbeh\u00e4lter aus Edelstahl f\u00fcr die K\u00fcche (2)\" class=\"wp-image-9397\" srcset=\"https:\/\/moyahousehold.com\/wp-content\/uploads\/2024\/11\/stainless-steel-kitchen-food-containers-2.jpg 1500w, https:\/\/moyahousehold.com\/wp-content\/uploads\/2024\/11\/stainless-steel-kitchen-food-containers-2-300x300.jpg 300w, https:\/\/moyahousehold.com\/wp-content\/uploads\/2024\/11\/stainless-steel-kitchen-food-containers-2-150x150.jpg 150w, https:\/\/moyahousehold.com\/wp-content\/uploads\/2024\/11\/stainless-steel-kitchen-food-containers-2-768x768.jpg 768w, https:\/\/moyahousehold.com\/wp-content\/uploads\/2024\/11\/stainless-steel-kitchen-food-containers-2-12x12.jpg 12w, https:\/\/moyahousehold.com\/wp-content\/uploads\/2024\/11\/stainless-steel-kitchen-food-containers-2-285x285.jpg 285w, https:\/\/moyahousehold.com\/wp-content\/uploads\/2024\/11\/stainless-steel-kitchen-food-containers-2-270x270.jpg 270w, https:\/\/moyahousehold.com\/wp-content\/uploads\/2024\/11\/stainless-steel-kitchen-food-containers-2-540x540.jpg 540w, https:\/\/moyahousehold.com\/wp-content\/uploads\/2024\/11\/stainless-steel-kitchen-food-containers-2-660x660.jpg 660w\" sizes=\"(max-width: 1500px) 100vw, 1500px\" \/><\/figure>\n<\/div>\n<\/div>","protected":false},"excerpt":{"rendered":"<p>Gro\u00dfhandel hochwertige Edelstahl K\u00fcche Lebensmittelbeh\u00e4lter, diese multifunktionale Lebensmittelbeh\u00e4lter ist sowohl praktisch und stilvoll, f\u00fcr die Lagerung und Picknick im Freien entworfen! Hergestellt aus hochwertigem Edelstahl, auslaufsicheres Design, effektiv h\u00e4lt Lebensmittel frisch. Es sind neun Gr\u00f6\u00dfen erh\u00e4ltlich, die sich f\u00fcr die K\u00fcche zu Hause, f\u00fcr Restaurants oder f\u00fcr die Gastronomie eignen. Ob f\u00fcr die Zubereitung von Mahlzeiten, die Aufbewahrung von Resten oder zum Mitnehmen, dieser Lebensmittelbeh\u00e4lter ist sehr gut geeignet.<\/p>\n<h3>Eigenschaften von farbigen Lebensmittelbeh\u00e4ltern<\/h3>\n<p><strong>Erh\u00e4ltlich in mehreren Gr\u00f6\u00dfen: <\/strong>Dieses Set von Lebensmittelbeh\u00e4ltern aus rostfreiem Stahl gibt es in verschiedenen Gr\u00f6\u00dfen, von klein und tragbar bis hin zu gro\u00dfem Fassungsverm\u00f6gen, passend f\u00fcr die unterschiedlichen Essensbed\u00fcrfnisse der ganzen Familie. Die gro\u00dfe Gr\u00f6\u00dfe eignet sich f\u00fcr Essensreste oder gro\u00dfe St\u00fccke von Lebensmitteln, w\u00e4hrend die kleine Gr\u00f6\u00dfe praktisch f\u00fcr kleine Mahlzeiten oder Snacks ist. Dieses vielf\u00e4ltige Design eignet sich sowohl f\u00fcr den privaten als auch f\u00fcr den gewerblichen Gebrauch.<\/p>\n<p><strong>Mehrfache Verwendung:<\/strong> Der Lebensmittelbeh\u00e4lter aus Edelstahl eignet sich nicht nur zum Aufbewahren von Mittag- oder Abendessen, sondern auch zum K\u00fchlen von Essensresten, zum Aufw\u00e4rmen in der Mikrowelle im B\u00fcro und kann auch als Vorratsbeh\u00e4lter f\u00fcr Picknickgerichte verwendet werden. Es macht das Leben bequemer.<\/p>\n<p><strong>Hochwertige Materialien:<\/strong> Die Innenauskleidung des Lebensmittelbeh\u00e4lters besteht aus rostfreiem Stahl, der sehr korrosionsbest\u00e4ndig und langlebig ist. Er kann verschiedene Lebensmittel sicher aufbewahren und reagiert nicht mit Lebensmitteln. Im Vergleich zu Lunchboxen aus Kunststoff ist Edelstahl ges\u00fcnder und umweltfreundlicher und f\u00fcr den langfristigen Gebrauch geeignet.<\/p>\n<p><strong>Elegantes Design:<\/strong> Dieser Lebensmittelbeh\u00e4lter aus Edelstahl hat ein einfaches und stilvolles Design, das der modernen \u00c4sthetik entspricht. Wir bieten zwei Au\u00dfenfarben, beige und gelb. Besonders geeignet f\u00fcr Benutzer, die Lebensqualit\u00e4t verfolgen.<\/p>","protected":false},"featured_media":9379,"comment_status":"closed","ping_status":"closed","template":"","meta":[],"product_cat":[57],"product_tag":[95,99],"class_list":{"0":"post-9198","1":"product","2":"type-product","3":"status-publish","4":"has-post-thumbnail","6":"product_cat-food-storage-container-wholesale","7":"product_tag-wholesale-food-storage-containers-with-date-dial","8":"product_tag-wholesale-rectangle-food-storage-containers","10":"first","11":"instock","12":"shipping-taxable","13":"product-type-simple"},"_links":{"self":[{"href":"https:\/\/moyahousehold.com\/de\/wp-json\/wp\/v2\/product\/9198","targetHints":{"allow":["GET"]}}],"collection":[{"href":"https:\/\/moyahousehold.com\/de\/wp-json\/wp\/v2\/product"}],"about":[{"href":"https:\/\/moyahousehold.com\/de\/wp-json\/wp\/v2\/types\/product"}],"replies":[{"embeddable":true,"href":"https:\/\/moyahousehold.com\/de\/wp-json\/wp\/v2\/comments?post=9198"}],"version-history":[{"count":0,"href":"https:\/\/moyahousehold.com\/de\/wp-json\/wp\/v2\/product\/9198\/revisions"}],"wp:featuredmedia":[{"embeddable":true,"href":"https:\/\/moyahousehold.com\/de\/wp-json\/wp\/v2\/media\/9379"}],"wp:attachment":[{"href":"https:\/\/moyahousehold.com\/de\/wp-json\/wp\/v2\/media?parent=9198"}],"wp:term":[{"taxonomy":"product_cat","embeddable":true,"href":"https:\/\/moyahousehold.com\/de\/wp-json\/wp\/v2\/product_cat?post=9198"},{"taxonomy":"product_tag","embeddable":true,"href":"https:\/\/moyahousehold.com\/de\/wp-json\/wp\/v2\/product_tag?post=9198"}],"curies":[{"name":"wp","href":"https:\/\/api.w.org\/{rel}","templated":true}]}}