{"id":9226,"date":"2024-11-20T10:07:21","date_gmt":"2024-11-17T03:24:38","guid":{"rendered":"https:\/\/moyahousehold.com\/?post_type=product&#038;p=9226"},"modified":"2025-03-05T10:08:35","modified_gmt":"2025-03-05T10:08:35","slug":"wholesale-stainless-steel-food-containers-for-restaurants","status":"publish","type":"product","link":"https:\/\/moyahousehold.com\/de\/produkt\/wholesale-stainless-steel-food-containers-for-restaurants\/","title":{"rendered":"Gro\u00dfhandel Edelstahl Lebensmittelbeh\u00e4lter f\u00fcr Restaurants, Microwavable Edelstahl Restaurant Lebensmittel Container zu verkaufen"},"content":{"rendered":"<div class=\"wp-block-columns is-layout-flex wp-container-core-columns-is-layout-9d6595d7 wp-block-columns-is-layout-flex\">\n<div class=\"wp-block-column is-layout-flow wp-block-column-is-layout-flow\">\n<h3 class=\"wp-block-heading\">Parameter von Lebensmittelbeh\u00e4ltern f\u00fcr Restaurants<\/h3>\n\n\n\n<figure class=\"wp-block-table\"><table><tbody><tr><td>Artikel NO<\/td><td>Kapazit\u00e4t<\/td><td>Gr\u00f6\u00dfe\/PCS<\/td><td>PCS\/Koffer<\/td><td>N.W.\/PCS<\/td><td>G.W.\/Fall<\/td><\/tr><tr><td>MYJD126<\/td><td>420ml<\/td><td>13.3*9.6*5.6<\/td><td>80<\/td><td>14<\/td><td>0.15<\/td><\/tr><tr><td>MYJD127<\/td><td>660ml<\/td><td>13.3*9.6*8.2<\/td><td>80<\/td><td>14.8<\/td><td>0.16<\/td><\/tr><tr><td>MYJD128<\/td><td>900ml<\/td><td>13.3*9.6*10.7<\/td><td>60<\/td><td>14<\/td><td>0.2<\/td><\/tr><tr><td>MYJD129<\/td><td>1000ml<\/td><td>20.3*13.5*5.7<\/td><td>60<\/td><td>17<\/td><td>0.25<\/td><\/tr><tr><td>MYJD130<\/td><td>1600ml<\/td><td>20.3*13.5*8.2<\/td><td>60<\/td><td>18.8<\/td><td>0.28<\/td><\/tr><tr><td>MYJD131<\/td><td>2100ml<\/td><td>20.3*13.5*10.7<\/td><td>48<\/td><td>18.32<\/td><td>0.34<\/td><\/tr><tr><td>MYJD132<\/td><td>2400ml<\/td><td>27.5*20.2*6<\/td><td>48<\/td><td>25.52<\/td><td>0.49<\/td><\/tr><tr><td>MYJD133<\/td><td>3500ml<\/td><td>27.5*20.2*8.2<\/td><td>36<\/td><td>22.52<\/td><td>0.57<\/td><\/tr><tr><td>MYJD134<\/td><td>4600ml<\/td><td>27.5*20.2*10.7<\/td><td>24<\/td><td>17.12<\/td><td>0.63<\/td><\/tr><\/tbody><\/table><\/figure>\n<\/div>\n<\/div>\n\n\n\n<h3 class=\"wp-block-heading\">Kundenspezifische Optionen f\u00fcr Lebensmittelbeh\u00e4lter<\/h3>\n\n\n\n<p><strong>Logo:<\/strong> Individualisierung Ihres Markenlogos auf Lebensmittelbeh\u00e4ltern und -verpackungen.<br><strong>Deckel: <\/strong>Glasdeckel, PP-Deckel<br><strong>Logo-Optionen:<\/strong> gedrucktes Logo, lasergraviertes Logo, usw.<br><strong>Muster:<\/strong> Druck von Mustern auf Lebensmittelbeh\u00e4ltern.<br><strong>Drucktechnik:<\/strong> Wassertransferdruck, Siebdruck, W\u00e4rmetransferdruck, usw.<br><strong>Verpackung:<\/strong>Farbkasten<br><a href=\"https:\/\/moyahousehold.com\/de\/individuelle-losung\/\" data-type=\"page\" data-id=\"2817\"><strong>Erfahren Sie mehr \u00fcber individuelle Lebensmittelbeh\u00e4lteroptionen<\/strong><\/a>.<\/p>\n\n\n\n<div class=\"wp-block-columns is-layout-flex wp-container-core-columns-is-layout-9d6595d7 wp-block-columns-is-layout-flex\">\n<div class=\"wp-block-column is-layout-flow wp-block-column-is-layout-flow\">\n<figure class=\"wp-block-image size-full\"><img fetchpriority=\"high\" decoding=\"async\" width=\"1500\" height=\"1500\" src=\"https:\/\/moyahousehold.com\/wp-content\/uploads\/2024\/11\/stainless-steel-food-containers-for-restaurants-1.jpg\" alt=\"lebensmittelbeh\u00e4lter aus edelstahl f\u00fcr restaurants (1)\" class=\"wp-image-9414\" srcset=\"https:\/\/moyahousehold.com\/wp-content\/uploads\/2024\/11\/stainless-steel-food-containers-for-restaurants-1.jpg 1500w, https:\/\/moyahousehold.com\/wp-content\/uploads\/2024\/11\/stainless-steel-food-containers-for-restaurants-1-300x300.jpg 300w, https:\/\/moyahousehold.com\/wp-content\/uploads\/2024\/11\/stainless-steel-food-containers-for-restaurants-1-150x150.jpg 150w, https:\/\/moyahousehold.com\/wp-content\/uploads\/2024\/11\/stainless-steel-food-containers-for-restaurants-1-768x768.jpg 768w, https:\/\/moyahousehold.com\/wp-content\/uploads\/2024\/11\/stainless-steel-food-containers-for-restaurants-1-12x12.jpg 12w, https:\/\/moyahousehold.com\/wp-content\/uploads\/2024\/11\/stainless-steel-food-containers-for-restaurants-1-285x285.jpg 285w, https:\/\/moyahousehold.com\/wp-content\/uploads\/2024\/11\/stainless-steel-food-containers-for-restaurants-1-270x270.jpg 270w, https:\/\/moyahousehold.com\/wp-content\/uploads\/2024\/11\/stainless-steel-food-containers-for-restaurants-1-540x540.jpg 540w, https:\/\/moyahousehold.com\/wp-content\/uploads\/2024\/11\/stainless-steel-food-containers-for-restaurants-1-660x660.jpg 660w\" sizes=\"(max-width: 1500px) 100vw, 1500px\" \/><\/figure>\n<\/div>\n\n\n\n<div class=\"wp-block-column is-layout-flow wp-block-column-is-layout-flow\">\n<figure class=\"wp-block-image size-full\"><img decoding=\"async\" width=\"1500\" height=\"1500\" src=\"https:\/\/moyahousehold.com\/wp-content\/uploads\/2024\/11\/stainless-steel-food-containers-for-restaurants-2.jpg\" alt=\"Lebensmittelbeh\u00e4lter aus Edelstahl f\u00fcr Restaurants (2)\" class=\"wp-image-9426\" srcset=\"https:\/\/moyahousehold.com\/wp-content\/uploads\/2024\/11\/stainless-steel-food-containers-for-restaurants-2.jpg 1500w, https:\/\/moyahousehold.com\/wp-content\/uploads\/2024\/11\/stainless-steel-food-containers-for-restaurants-2-300x300.jpg 300w, https:\/\/moyahousehold.com\/wp-content\/uploads\/2024\/11\/stainless-steel-food-containers-for-restaurants-2-150x150.jpg 150w, https:\/\/moyahousehold.com\/wp-content\/uploads\/2024\/11\/stainless-steel-food-containers-for-restaurants-2-768x768.jpg 768w, https:\/\/moyahousehold.com\/wp-content\/uploads\/2024\/11\/stainless-steel-food-containers-for-restaurants-2-12x12.jpg 12w, https:\/\/moyahousehold.com\/wp-content\/uploads\/2024\/11\/stainless-steel-food-containers-for-restaurants-2-285x285.jpg 285w, https:\/\/moyahousehold.com\/wp-content\/uploads\/2024\/11\/stainless-steel-food-containers-for-restaurants-2-270x270.jpg 270w, https:\/\/moyahousehold.com\/wp-content\/uploads\/2024\/11\/stainless-steel-food-containers-for-restaurants-2-540x540.jpg 540w, https:\/\/moyahousehold.com\/wp-content\/uploads\/2024\/11\/stainless-steel-food-containers-for-restaurants-2-660x660.jpg 660w\" sizes=\"(max-width: 1500px) 100vw, 1500px\" \/><\/figure>\n<\/div>\n<\/div>","protected":false},"excerpt":{"rendered":"<p>Gro\u00dfhandel Microwavable Edelstahl Restaurant Lebensmittel Container. Dieser Edelstahl-Lebensmittelbeh\u00e4lter ist langlebig, praktisch und sch\u00f6n, geeignet f\u00fcr zu Hause, Restaurant und Outdoor-Gebrauch. Kommerziell kann er die Kosten f\u00fcr den Austausch des Geschirrs reduzieren und das Markenimage verbessern. Gleichzeitig k\u00f6nnen Sie als Profi <a href=\"https:\/\/moyahousehold.com\/de\/produktkategorie\/food-storage-container-wholesale\/\" target=\"_blank\" rel=\"noopener\"><strong>Hersteller von Lebensmittelbeh\u00e4ltern<\/strong><\/a>Wir unterst\u00fctzen sowohl die Massenproduktion als auch die Anpassung an Kundenw\u00fcnsche und k\u00f6nnen die Gr\u00f6\u00dfe, die Form oder die Funktion des Deckels an die Bed\u00fcrfnisse kommerzieller Kunden anpassen, um die individuellen Anforderungen zu erf\u00fcllen.<\/p>\n<h3>Merkmale von Lebensmittelbeh\u00e4ltern f\u00fcr Restaurants<\/h3>\n<p><strong>Hochwertiger rostfreier Stahl:<\/strong> Dieser Restaurant-Food-Container ist aus hochwertigen Materialien gefertigt und h\u00e4lt Kratzern, Korrosion und t\u00e4glicher Abnutzung problemlos stand. Er eignet sich sowohl f\u00fcr den privaten als auch f\u00fcr den gewerblichen Gebrauch.<\/p>\n<p>&nbsp;<\/p>\n<p><strong>Einzigartiges Stapeldesign:<\/strong> Maximiert die Raumnutzung bei der Lagerung und Verwendung, besonders geeignet f\u00fcr K\u00fcchen und K\u00fchlschr\u00e4nke mit begrenztem Platzangebot, spart Platz und sorgt f\u00fcr Ordnung.<\/p>\n<p>&nbsp;<\/p>\n<p><strong>Mehrere Spezifikationen:<\/strong> Dieser Lebensmittelbeh\u00e4lter aus rostfreiem Stahl hat eine Vielzahl von Produktdesigns, die eine Vielzahl von Spezifikationen abdecken, von kleinen Snacks bis hin zu gro\u00dfen Hauptgerichten, die verschiedene Aufbewahrungsbed\u00fcrfnisse erf\u00fcllen, ob es sich um einen Familientisch, ein Picknick im Freien oder eine Restaurantk\u00fcche handelt, Sie k\u00f6nnen eine passende Wahl finden.<\/p>\n<p>&nbsp;<\/p>\n<p><strong>Leicht zu reinigen:<\/strong> Die Edelstahloberfl\u00e4che ist glatt und schmutzabweisend, und \u00d6lflecken lassen sich leicht entfernen. Au\u00dferdem ist sie sp\u00fclmaschinengeeignet, was die Reinigung zeitsparend und sorgenfrei macht.<\/p>\n<p>&nbsp;<\/p>\n<p><strong>Transparente Deckelkonstruktion:<\/strong> Sie k\u00f6nnen die Lebensmittel im Beh\u00e4lter auf einen Blick sehen, vermeiden die Oxidation der Lebensmittel durch h\u00e4ufiges \u00d6ffnen des Deckels und halten die Lebensmittel frisch.<\/p>","protected":false},"featured_media":9236,"comment_status":"closed","ping_status":"closed","template":"","meta":[],"product_cat":[57],"product_tag":[95,106,99],"class_list":{"0":"post-9226","1":"product","2":"type-product","3":"status-publish","4":"has-post-thumbnail","6":"product_cat-food-storage-container-wholesale","7":"product_tag-wholesale-food-storage-containers-with-date-dial","8":"product_tag-microwavable-food-storage-containers","9":"product_tag-wholesale-rectangle-food-storage-containers","11":"first","12":"instock","13":"shipping-taxable","14":"product-type-simple"},"_links":{"self":[{"href":"https:\/\/moyahousehold.com\/de\/wp-json\/wp\/v2\/product\/9226","targetHints":{"allow":["GET"]}}],"collection":[{"href":"https:\/\/moyahousehold.com\/de\/wp-json\/wp\/v2\/product"}],"about":[{"href":"https:\/\/moyahousehold.com\/de\/wp-json\/wp\/v2\/types\/product"}],"replies":[{"embeddable":true,"href":"https:\/\/moyahousehold.com\/de\/wp-json\/wp\/v2\/comments?post=9226"}],"version-history":[{"count":0,"href":"https:\/\/moyahousehold.com\/de\/wp-json\/wp\/v2\/product\/9226\/revisions"}],"wp:featuredmedia":[{"embeddable":true,"href":"https:\/\/moyahousehold.com\/de\/wp-json\/wp\/v2\/media\/9236"}],"wp:attachment":[{"href":"https:\/\/moyahousehold.com\/de\/wp-json\/wp\/v2\/media?parent=9226"}],"wp:term":[{"taxonomy":"product_cat","embeddable":true,"href":"https:\/\/moyahousehold.com\/de\/wp-json\/wp\/v2\/product_cat?post=9226"},{"taxonomy":"product_tag","embeddable":true,"href":"https:\/\/moyahousehold.com\/de\/wp-json\/wp\/v2\/product_tag?post=9226"}],"curies":[{"name":"wp","href":"https:\/\/api.w.org\/{rel}","templated":true}]}}