{"id":9356,"date":"2024-11-22T02:44:32","date_gmt":"2024-11-19T08:37:00","guid":{"rendered":"https:\/\/moyahousehold.com\/?post_type=product&#038;p=9356"},"modified":"2025-04-22T09:29:12","modified_gmt":"2025-04-22T09:29:12","slug":"wholesale-colorful-stackable-stainless-steel-lunch-boxes","status":"publish","type":"product","link":"https:\/\/moyahousehold.com\/de\/produkt\/wholesale-colorful-stackable-stainless-steel-lunch-boxes\/","title":{"rendered":"Gro\u00dfhandel bunte stapelbar Edelstahl Lunch-Boxen mit bequemen Griff f\u00fcr einfaches Tragen und Lagerung"},"content":{"rendered":"<div class=\"wp-block-columns is-layout-flex wp-container-core-columns-is-layout-9d6595d7 wp-block-columns-is-layout-flex\">\n<div class=\"wp-block-column is-layout-flow wp-block-column-is-layout-flow\">\n<h3 class=\"wp-block-heading\">Parameter der stapelbaren Edelstahl-Lunchbox<\/h3>\n<\/div>\n<\/div>\n\n\n\n<p><strong>Material<\/strong>:304+PP <strong>Farbe<\/strong>:Gr\u00fcn\/Beige\/Braun\/Dunkelgr\u00fcn<\/p>\n\n\n\n<figure class=\"wp-block-table\"><table><tbody><tr><td>Modellnummer<\/td><td>Kapazit\u00e4t<\/td><td>Gr\u00f6\u00dfe des Produkts<\/td><td>\u00c4u\u00dfere Gr\u00f6\u00dfe des Kartons<\/td><td>Menge pro Kiste<\/td><td>N.W<\/td><td>G.W\/Koffer<\/td><\/tr><tr><td>MYJD102<\/td><td>550ML<\/td><td>11.5*7.9*7.5<\/td><td>60*50*53<\/td><td>120<\/td><td>0.15<\/td><td>39.36<\/td><\/tr><tr><td>MYJD103<\/td><td>850ML<\/td><td>13.5*9.5*8.5<\/td><td>61*58*60<\/td><td>96<\/td><td>0.21<\/td><td>28.8<\/td><\/tr><tr><td>MYJD104<\/td><td>1500ML<\/td><td>16*11*9.5<\/td><td>67*66*45<\/td><td>60<\/td><td>0.28<\/td><td>24.12<\/td><\/tr><tr><td>MYJD105<\/td><td>2800ML<br>mit Griff<\/td><td>19*13*12.5<\/td><td>68*67*69.5<\/td><td>36<\/td><td>0.47<\/td><td>16.3<\/td><\/tr><\/tbody><\/table><\/figure>\n\n\n\n<h3 class=\"wp-block-heading\">Individuelle Lunchbox-Optionen<\/h3>\n\n\n\n<p><strong>Logo<\/strong>: Gestalten Sie Ihr Markenlogo auf Brotdosen und Verpackungen.<br><strong>Deckel<\/strong>: Glasdeckel, PP-Deckel<br><strong>Logo-Optionen<\/strong>: gedrucktes Logo, lasergraviertes Logo, etc.<br><strong>Muster<\/strong>Druckmuster auf stapelbarer Brotdose<br><strong>Drucktechnik<\/strong>Wassertransferdruck, Siebdruck, W\u00e4rmetransferdruck, usw.<br><strong>Paket<\/strong>:Farbkasten<br><a href=\"https:\/\/moyahousehold.com\/de\/individuelle-losung\/\" data-type=\"page\" data-id=\"2817\"><strong>Entdecken Sie weitere individuelle L\u00f6sungen f\u00fcr Lunchboxen. <\/strong><\/a><\/p>\n\n\n\n<div class=\"wp-block-columns is-layout-flex wp-container-core-columns-is-layout-9d6595d7 wp-block-columns-is-layout-flex\">\n<div class=\"wp-block-column is-layout-flow wp-block-column-is-layout-flow\">\n<figure class=\"wp-block-image size-full\"><img fetchpriority=\"high\" decoding=\"async\" width=\"1500\" height=\"1500\" src=\"https:\/\/moyahousehold.com\/wp-content\/uploads\/2024\/11\/Wholesale-Stackable-Stainless-Steel-Lunch-Boxes-1.jpg\" alt=\"Gro\u00dfhandel stapelbar Edelstahl Lunch-Boxen (1)\" class=\"wp-image-9488\" srcset=\"https:\/\/moyahousehold.com\/wp-content\/uploads\/2024\/11\/Wholesale-Stackable-Stainless-Steel-Lunch-Boxes-1.jpg 1500w, https:\/\/moyahousehold.com\/wp-content\/uploads\/2024\/11\/Wholesale-Stackable-Stainless-Steel-Lunch-Boxes-1-300x300.jpg 300w, https:\/\/moyahousehold.com\/wp-content\/uploads\/2024\/11\/Wholesale-Stackable-Stainless-Steel-Lunch-Boxes-1-150x150.jpg 150w, https:\/\/moyahousehold.com\/wp-content\/uploads\/2024\/11\/Wholesale-Stackable-Stainless-Steel-Lunch-Boxes-1-768x768.jpg 768w, https:\/\/moyahousehold.com\/wp-content\/uploads\/2024\/11\/Wholesale-Stackable-Stainless-Steel-Lunch-Boxes-1-12x12.jpg 12w, https:\/\/moyahousehold.com\/wp-content\/uploads\/2024\/11\/Wholesale-Stackable-Stainless-Steel-Lunch-Boxes-1-285x285.jpg 285w, https:\/\/moyahousehold.com\/wp-content\/uploads\/2024\/11\/Wholesale-Stackable-Stainless-Steel-Lunch-Boxes-1-270x270.jpg 270w, https:\/\/moyahousehold.com\/wp-content\/uploads\/2024\/11\/Wholesale-Stackable-Stainless-Steel-Lunch-Boxes-1-540x540.jpg 540w, https:\/\/moyahousehold.com\/wp-content\/uploads\/2024\/11\/Wholesale-Stackable-Stainless-Steel-Lunch-Boxes-1-660x660.jpg 660w\" sizes=\"(max-width: 1500px) 100vw, 1500px\" \/><\/figure>\n<\/div>\n\n\n\n<div class=\"wp-block-column is-layout-flow wp-block-column-is-layout-flow\">\n<figure class=\"wp-block-image size-full\"><img decoding=\"async\" width=\"1500\" height=\"1500\" src=\"https:\/\/moyahousehold.com\/wp-content\/uploads\/2024\/11\/Wholesale-Stackable-Stainless-Steel-Lunch-Boxes-2.jpg\" alt=\"Gro\u00dfhandel stapelbar Edelstahl Lunch-Boxen (2)\" class=\"wp-image-9489\" srcset=\"https:\/\/moyahousehold.com\/wp-content\/uploads\/2024\/11\/Wholesale-Stackable-Stainless-Steel-Lunch-Boxes-2.jpg 1500w, https:\/\/moyahousehold.com\/wp-content\/uploads\/2024\/11\/Wholesale-Stackable-Stainless-Steel-Lunch-Boxes-2-300x300.jpg 300w, https:\/\/moyahousehold.com\/wp-content\/uploads\/2024\/11\/Wholesale-Stackable-Stainless-Steel-Lunch-Boxes-2-150x150.jpg 150w, https:\/\/moyahousehold.com\/wp-content\/uploads\/2024\/11\/Wholesale-Stackable-Stainless-Steel-Lunch-Boxes-2-768x768.jpg 768w, https:\/\/moyahousehold.com\/wp-content\/uploads\/2024\/11\/Wholesale-Stackable-Stainless-Steel-Lunch-Boxes-2-12x12.jpg 12w, https:\/\/moyahousehold.com\/wp-content\/uploads\/2024\/11\/Wholesale-Stackable-Stainless-Steel-Lunch-Boxes-2-285x285.jpg 285w, https:\/\/moyahousehold.com\/wp-content\/uploads\/2024\/11\/Wholesale-Stackable-Stainless-Steel-Lunch-Boxes-2-270x270.jpg 270w, https:\/\/moyahousehold.com\/wp-content\/uploads\/2024\/11\/Wholesale-Stackable-Stainless-Steel-Lunch-Boxes-2-540x540.jpg 540w, https:\/\/moyahousehold.com\/wp-content\/uploads\/2024\/11\/Wholesale-Stackable-Stainless-Steel-Lunch-Boxes-2-660x660.jpg 660w\" sizes=\"(max-width: 1500px) 100vw, 1500px\" \/><\/figure>\n<\/div>\n<\/div>\n\n\n\n<div class=\"wp-block-columns is-layout-flex wp-container-core-columns-is-layout-9d6595d7 wp-block-columns-is-layout-flex\">\n<div class=\"wp-block-column is-layout-flow wp-block-column-is-layout-flow\">\n<figure class=\"wp-block-image size-full\"><img decoding=\"async\" width=\"1500\" height=\"1500\" src=\"https:\/\/moyahousehold.com\/wp-content\/uploads\/2024\/11\/Wholesale-Stackable-Stainless-Steel-Lunch-Boxes-3.jpg\" alt=\"Gro\u00dfhandel stapelbar Edelstahl Lunch-Boxen (3)\" class=\"wp-image-9490\" srcset=\"https:\/\/moyahousehold.com\/wp-content\/uploads\/2024\/11\/Wholesale-Stackable-Stainless-Steel-Lunch-Boxes-3.jpg 1500w, https:\/\/moyahousehold.com\/wp-content\/uploads\/2024\/11\/Wholesale-Stackable-Stainless-Steel-Lunch-Boxes-3-300x300.jpg 300w, https:\/\/moyahousehold.com\/wp-content\/uploads\/2024\/11\/Wholesale-Stackable-Stainless-Steel-Lunch-Boxes-3-150x150.jpg 150w, https:\/\/moyahousehold.com\/wp-content\/uploads\/2024\/11\/Wholesale-Stackable-Stainless-Steel-Lunch-Boxes-3-768x768.jpg 768w, https:\/\/moyahousehold.com\/wp-content\/uploads\/2024\/11\/Wholesale-Stackable-Stainless-Steel-Lunch-Boxes-3-12x12.jpg 12w, https:\/\/moyahousehold.com\/wp-content\/uploads\/2024\/11\/Wholesale-Stackable-Stainless-Steel-Lunch-Boxes-3-285x285.jpg 285w, https:\/\/moyahousehold.com\/wp-content\/uploads\/2024\/11\/Wholesale-Stackable-Stainless-Steel-Lunch-Boxes-3-270x270.jpg 270w, https:\/\/moyahousehold.com\/wp-content\/uploads\/2024\/11\/Wholesale-Stackable-Stainless-Steel-Lunch-Boxes-3-540x540.jpg 540w, https:\/\/moyahousehold.com\/wp-content\/uploads\/2024\/11\/Wholesale-Stackable-Stainless-Steel-Lunch-Boxes-3-660x660.jpg 660w\" sizes=\"(max-width: 1500px) 100vw, 1500px\" \/><\/figure>\n<\/div>\n\n\n\n<div class=\"wp-block-column is-layout-flow wp-block-column-is-layout-flow\">\n<figure class=\"wp-block-image size-full\"><img loading=\"lazy\" decoding=\"async\" width=\"1500\" height=\"1500\" src=\"https:\/\/moyahousehold.com\/wp-content\/uploads\/2024\/11\/Wholesale-Stackable-Stainless-Steel-Lunch-Boxes-4.jpg\" alt=\"Gro\u00dfhandel stapelbar Edelstahl Lunch-Boxen (4)\" class=\"wp-image-9491\" srcset=\"https:\/\/moyahousehold.com\/wp-content\/uploads\/2024\/11\/Wholesale-Stackable-Stainless-Steel-Lunch-Boxes-4.jpg 1500w, https:\/\/moyahousehold.com\/wp-content\/uploads\/2024\/11\/Wholesale-Stackable-Stainless-Steel-Lunch-Boxes-4-300x300.jpg 300w, https:\/\/moyahousehold.com\/wp-content\/uploads\/2024\/11\/Wholesale-Stackable-Stainless-Steel-Lunch-Boxes-4-150x150.jpg 150w, https:\/\/moyahousehold.com\/wp-content\/uploads\/2024\/11\/Wholesale-Stackable-Stainless-Steel-Lunch-Boxes-4-768x768.jpg 768w, https:\/\/moyahousehold.com\/wp-content\/uploads\/2024\/11\/Wholesale-Stackable-Stainless-Steel-Lunch-Boxes-4-12x12.jpg 12w, https:\/\/moyahousehold.com\/wp-content\/uploads\/2024\/11\/Wholesale-Stackable-Stainless-Steel-Lunch-Boxes-4-285x285.jpg 285w, https:\/\/moyahousehold.com\/wp-content\/uploads\/2024\/11\/Wholesale-Stackable-Stainless-Steel-Lunch-Boxes-4-270x270.jpg 270w, https:\/\/moyahousehold.com\/wp-content\/uploads\/2024\/11\/Wholesale-Stackable-Stainless-Steel-Lunch-Boxes-4-540x540.jpg 540w, https:\/\/moyahousehold.com\/wp-content\/uploads\/2024\/11\/Wholesale-Stackable-Stainless-Steel-Lunch-Boxes-4-660x660.jpg 660w\" sizes=\"(max-width: 1500px) 100vw, 1500px\" \/><\/figure>\n<\/div>\n<\/div>","protected":false},"excerpt":{"rendered":"<p>Gro\u00dfhandel stapelbar Edelstahl-Lunch-Box, hat diese Lunch-Box ein einzigartiges Design und bunte Farboptionen, die sowohl praktisch und modisch ist. Geeignet f\u00fcr den Heimgebrauch, B\u00fcro tragen und Outdoor-Aktivit\u00e4ten, wird es zu Ihrem Essen Spa\u00df hinzuf\u00fcgen. Wir unterst\u00fctzen Markenanpassung, Farbanpassung und Spezifikationsanpassung, und begr\u00fc\u00dfen Gro\u00dfh\u00e4ndler, Einzelh\u00e4ndler und Unternehmen zu kaufen.<\/p>\n<h3><strong>Die Eigenschaften der stapelbaren Lunchbox aus Edelstahl<\/strong><\/h3>\n<p><strong>H\u00fcbsches Aussehen Design:<\/strong> Diese stapelbare Brotdose hat ein einzigartiges und kreatives Design, das die Aufmerksamkeit von Kindern und Erwachsenen auf sich zieht, und unsere Vielfalt an leuchtenden Farben bringt Farbe in das Leben des Benutzers.<\/p>\n<p><strong>Stapelbares Design:<\/strong> Die Lunchboxen lassen sich kompakt in K\u00fcchenschr\u00e4nken und K\u00fchlschr\u00e4nken aufbewahren und verbessern auch den Tragekomfort, besonders geeignet f\u00fcr Reisen, Ausfl\u00fcge oder die Arbeit.<\/p>\n<p><strong>Hochwertiges Material:<\/strong> Die Brotdose besteht aus lebensmittelechtem Edelstahl, der langlebig und umweltfreundlich ist, wiederverwendbar, langlebig und reduziert die Verwendung von Einwegplastikprodukten.<\/p>\n<p><strong>Mehrzweck-Szenarien:<\/strong> Geeignet f\u00fcr den Transport des t\u00e4glichen Mittagessens, die Aufbewahrung von Lebensmitteln f\u00fcr Outdoor-Aktivit\u00e4ten und die Aufbewahrung von t\u00e4glichen Mahlzeiten, einschlie\u00dflich Obst, Snacks, Salaten und anderen Zutaten.<\/p>\n<p><strong>Gro\u00dfhandel Fabrik Preis:<\/strong> Wir bieten Gro\u00dfhandelspreise an und hei\u00dfen Gro\u00df- und Einzelh\u00e4ndler willkommen, die sich f\u00fcr Gro\u00dfeink\u00e4ufe an uns wenden. Wir bieten professionelle Dienstleistungen und Vorzugspreise und erf\u00fcllen individuelle Bed\u00fcrfnisse.<\/p>","protected":false},"featured_media":9494,"comment_status":"closed","ping_status":"closed","template":"","meta":[],"product_cat":[57,58],"product_tag":[99,92],"class_list":{"0":"post-9356","1":"product","2":"type-product","3":"status-publish","4":"has-post-thumbnail","6":"product_cat-food-storage-container-wholesale","7":"product_cat-lunch-box-wholesale","8":"product_tag-wholesale-rectangle-food-storage-containers","9":"product_tag-wholesale-rectangle-lunch-box","11":"first","12":"instock","13":"shipping-taxable","14":"product-type-simple"},"_links":{"self":[{"href":"https:\/\/moyahousehold.com\/de\/wp-json\/wp\/v2\/product\/9356","targetHints":{"allow":["GET"]}}],"collection":[{"href":"https:\/\/moyahousehold.com\/de\/wp-json\/wp\/v2\/product"}],"about":[{"href":"https:\/\/moyahousehold.com\/de\/wp-json\/wp\/v2\/types\/product"}],"replies":[{"embeddable":true,"href":"https:\/\/moyahousehold.com\/de\/wp-json\/wp\/v2\/comments?post=9356"}],"version-history":[{"count":0,"href":"https:\/\/moyahousehold.com\/de\/wp-json\/wp\/v2\/product\/9356\/revisions"}],"wp:featuredmedia":[{"embeddable":true,"href":"https:\/\/moyahousehold.com\/de\/wp-json\/wp\/v2\/media\/9494"}],"wp:attachment":[{"href":"https:\/\/moyahousehold.com\/de\/wp-json\/wp\/v2\/media?parent=9356"}],"wp:term":[{"taxonomy":"product_cat","embeddable":true,"href":"https:\/\/moyahousehold.com\/de\/wp-json\/wp\/v2\/product_cat?post=9356"},{"taxonomy":"product_tag","embeddable":true,"href":"https:\/\/moyahousehold.com\/de\/wp-json\/wp\/v2\/product_tag?post=9356"}],"curies":[{"name":"wp","href":"https:\/\/api.w.org\/{rel}","templated":true}]}}