{"id":9520,"date":"2024-11-23T07:38:09","date_gmt":"2024-11-23T07:38:09","guid":{"rendered":"https:\/\/moyahousehold.com\/?post_type=product&#038;p=9520"},"modified":"2025-02-05T09:53:55","modified_gmt":"2025-02-05T09:53:55","slug":"wholesale-stainless-steel-outdoor-camping-food-storage-containers","status":"publish","type":"product","link":"https:\/\/moyahousehold.com\/de\/produkt\/wholesale-stainless-steel-outdoor-camping-food-storage-containers\/","title":{"rendered":"Gro\u00dfhandel Edelstahl Outdoor Camping Lebensmittel Lagerung Container, Bulk Exquisite Outdoor Lunch Box zu verkaufen"},"content":{"rendered":"<div class=\"wp-block-columns is-layout-flex wp-container-core-columns-is-layout-9d6595d7 wp-block-columns-is-layout-flex\">\n<div class=\"wp-block-column is-layout-flow wp-block-column-is-layout-flow\">\n<h3 class=\"wp-block-heading\">Parameter der Outdoor-Camping Lebensmittel Lagerung Container<\/h3>\n\n\n\n<figure class=\"wp-block-table\"><table class=\"has-fixed-layout\"><tbody><tr><td>Artikel<\/td><td>Kapazit\u00e4t<\/td><td>Gr\u00f6\u00dfe\/PCS<\/td><\/tr><tr><td>MYJD274<\/td><td>1100ml<\/td><td>19.5*19.5*6<\/td><\/tr><tr><td>MYJD275<\/td><td>1700ml<\/td><td>19.5*19.5*8.5<\/td><\/tr><tr><td>MYJD276<\/td><td>2200ml<\/td><td>19.5*19.5*11<\/td><\/tr><\/tbody><\/table><\/figure>\n<\/div>\n<\/div>\n\n\n\n<p><strong>Material<\/strong>:304+PP\/AB <strong>Farbe<\/strong>:Gelb\/Beige\/Braun\/Stahl<\/p>\n\n\n\n<h3 class=\"wp-block-heading\">Individuelle Optionen f\u00fcr Lebensmittelbeh\u00e4lter<\/h3>\n\n\n\n<p><strong>Logo<\/strong>: Gestalten Sie Ihr Markenlogo auf Brotdosen und Verpackungen.<br><strong>Deckel<\/strong>: Glasdeckel, PP-Deckel<br><strong>Logo-Optionen<\/strong>: gedrucktes Logo, lasergraviertes Logo, etc.<br><strong>Muster<\/strong>Druckmuster auf stapelbarer Brotdose<br><strong>Drucktechnik<\/strong>Wassertransferdruck, Siebdruck, W\u00e4rmetransferdruck, usw.<br><strong>Paket<\/strong>: Farbkasten<br><a href=\"https:\/\/moyahousehold.com\/de\/individuelle-losung\/\" data-type=\"page\" data-id=\"2817\"><strong>Entdecken Sie weitere individuelle L\u00f6sungen f\u00fcr Lebensmittelbeh\u00e4lter. <\/strong><\/a><\/p>\n\n\n\n<div class=\"wp-block-columns is-layout-flex wp-container-core-columns-is-layout-9d6595d7 wp-block-columns-is-layout-flex\">\n<div class=\"wp-block-column is-layout-flow wp-block-column-is-layout-flow\">\n<figure class=\"wp-block-image size-full\"><img fetchpriority=\"high\" decoding=\"async\" width=\"1500\" height=\"1500\" src=\"https:\/\/moyahousehold.com\/wp-content\/uploads\/2024\/11\/Wholesale-Outdoor-Camping-Food-Storage-Container-Lunch-Box-1.jpg\" alt=\"Gro\u00dfhandel Outdoor Camping Lebensmittel Lagerung Container Lunch Box (1)\" class=\"wp-image-9554\" srcset=\"https:\/\/moyahousehold.com\/wp-content\/uploads\/2024\/11\/Wholesale-Outdoor-Camping-Food-Storage-Container-Lunch-Box-1.jpg 1500w, https:\/\/moyahousehold.com\/wp-content\/uploads\/2024\/11\/Wholesale-Outdoor-Camping-Food-Storage-Container-Lunch-Box-1-300x300.jpg 300w, https:\/\/moyahousehold.com\/wp-content\/uploads\/2024\/11\/Wholesale-Outdoor-Camping-Food-Storage-Container-Lunch-Box-1-150x150.jpg 150w, https:\/\/moyahousehold.com\/wp-content\/uploads\/2024\/11\/Wholesale-Outdoor-Camping-Food-Storage-Container-Lunch-Box-1-768x768.jpg 768w, https:\/\/moyahousehold.com\/wp-content\/uploads\/2024\/11\/Wholesale-Outdoor-Camping-Food-Storage-Container-Lunch-Box-1-12x12.jpg 12w, https:\/\/moyahousehold.com\/wp-content\/uploads\/2024\/11\/Wholesale-Outdoor-Camping-Food-Storage-Container-Lunch-Box-1-285x285.jpg 285w, https:\/\/moyahousehold.com\/wp-content\/uploads\/2024\/11\/Wholesale-Outdoor-Camping-Food-Storage-Container-Lunch-Box-1-270x270.jpg 270w, https:\/\/moyahousehold.com\/wp-content\/uploads\/2024\/11\/Wholesale-Outdoor-Camping-Food-Storage-Container-Lunch-Box-1-540x540.jpg 540w, https:\/\/moyahousehold.com\/wp-content\/uploads\/2024\/11\/Wholesale-Outdoor-Camping-Food-Storage-Container-Lunch-Box-1-660x660.jpg 660w\" sizes=\"(max-width: 1500px) 100vw, 1500px\" \/><\/figure>\n<\/div>\n\n\n\n<div class=\"wp-block-column is-layout-flow wp-block-column-is-layout-flow\">\n<figure class=\"wp-block-image size-full\"><img decoding=\"async\" width=\"1500\" height=\"1500\" src=\"https:\/\/moyahousehold.com\/wp-content\/uploads\/2024\/11\/Wholesale-Outdoor-Camping-Food-Storage-Container-Lunch-Box-2.jpg\" alt=\"Gro\u00dfhandel Outdoor Camping Lebensmittel Lagerung Container Lunch Box (2)\" class=\"wp-image-9555\" srcset=\"https:\/\/moyahousehold.com\/wp-content\/uploads\/2024\/11\/Wholesale-Outdoor-Camping-Food-Storage-Container-Lunch-Box-2.jpg 1500w, https:\/\/moyahousehold.com\/wp-content\/uploads\/2024\/11\/Wholesale-Outdoor-Camping-Food-Storage-Container-Lunch-Box-2-300x300.jpg 300w, https:\/\/moyahousehold.com\/wp-content\/uploads\/2024\/11\/Wholesale-Outdoor-Camping-Food-Storage-Container-Lunch-Box-2-150x150.jpg 150w, https:\/\/moyahousehold.com\/wp-content\/uploads\/2024\/11\/Wholesale-Outdoor-Camping-Food-Storage-Container-Lunch-Box-2-768x768.jpg 768w, https:\/\/moyahousehold.com\/wp-content\/uploads\/2024\/11\/Wholesale-Outdoor-Camping-Food-Storage-Container-Lunch-Box-2-12x12.jpg 12w, https:\/\/moyahousehold.com\/wp-content\/uploads\/2024\/11\/Wholesale-Outdoor-Camping-Food-Storage-Container-Lunch-Box-2-285x285.jpg 285w, https:\/\/moyahousehold.com\/wp-content\/uploads\/2024\/11\/Wholesale-Outdoor-Camping-Food-Storage-Container-Lunch-Box-2-270x270.jpg 270w, https:\/\/moyahousehold.com\/wp-content\/uploads\/2024\/11\/Wholesale-Outdoor-Camping-Food-Storage-Container-Lunch-Box-2-540x540.jpg 540w, https:\/\/moyahousehold.com\/wp-content\/uploads\/2024\/11\/Wholesale-Outdoor-Camping-Food-Storage-Container-Lunch-Box-2-660x660.jpg 660w\" sizes=\"(max-width: 1500px) 100vw, 1500px\" \/><\/figure>\n<\/div>\n<\/div>\n\n\n\n<div class=\"wp-block-columns is-layout-flex wp-container-core-columns-is-layout-9d6595d7 wp-block-columns-is-layout-flex\">\n<div class=\"wp-block-column is-layout-flow wp-block-column-is-layout-flow\">\n<figure class=\"wp-block-image size-full\"><img decoding=\"async\" width=\"1500\" height=\"1500\" src=\"https:\/\/moyahousehold.com\/wp-content\/uploads\/2024\/11\/Wholesale-Outdoor-Camping-Food-Storage-Container-Lunch-Box-3.jpg\" alt=\"Gro\u00dfhandel Outdoor Camping Lebensmittel Lagerung Container Lunch Box (3)\" class=\"wp-image-9556\" srcset=\"https:\/\/moyahousehold.com\/wp-content\/uploads\/2024\/11\/Wholesale-Outdoor-Camping-Food-Storage-Container-Lunch-Box-3.jpg 1500w, https:\/\/moyahousehold.com\/wp-content\/uploads\/2024\/11\/Wholesale-Outdoor-Camping-Food-Storage-Container-Lunch-Box-3-300x300.jpg 300w, https:\/\/moyahousehold.com\/wp-content\/uploads\/2024\/11\/Wholesale-Outdoor-Camping-Food-Storage-Container-Lunch-Box-3-150x150.jpg 150w, https:\/\/moyahousehold.com\/wp-content\/uploads\/2024\/11\/Wholesale-Outdoor-Camping-Food-Storage-Container-Lunch-Box-3-768x768.jpg 768w, https:\/\/moyahousehold.com\/wp-content\/uploads\/2024\/11\/Wholesale-Outdoor-Camping-Food-Storage-Container-Lunch-Box-3-12x12.jpg 12w, https:\/\/moyahousehold.com\/wp-content\/uploads\/2024\/11\/Wholesale-Outdoor-Camping-Food-Storage-Container-Lunch-Box-3-285x285.jpg 285w, https:\/\/moyahousehold.com\/wp-content\/uploads\/2024\/11\/Wholesale-Outdoor-Camping-Food-Storage-Container-Lunch-Box-3-270x270.jpg 270w, https:\/\/moyahousehold.com\/wp-content\/uploads\/2024\/11\/Wholesale-Outdoor-Camping-Food-Storage-Container-Lunch-Box-3-540x540.jpg 540w, https:\/\/moyahousehold.com\/wp-content\/uploads\/2024\/11\/Wholesale-Outdoor-Camping-Food-Storage-Container-Lunch-Box-3-660x660.jpg 660w\" sizes=\"(max-width: 1500px) 100vw, 1500px\" \/><\/figure>\n<\/div>\n\n\n\n<div class=\"wp-block-column is-layout-flow wp-block-column-is-layout-flow\">\n<figure class=\"wp-block-image size-full\"><img loading=\"lazy\" decoding=\"async\" width=\"1500\" height=\"1500\" src=\"https:\/\/moyahousehold.com\/wp-content\/uploads\/2024\/11\/Wholesale-Outdoor-Camping-Food-Storage-Container-Lunch-Box-4.jpg\" alt=\"Gro\u00dfhandel Outdoor Camping Lebensmittel Lagerung Container Lunch Box (4)\" class=\"wp-image-9557\" srcset=\"https:\/\/moyahousehold.com\/wp-content\/uploads\/2024\/11\/Wholesale-Outdoor-Camping-Food-Storage-Container-Lunch-Box-4.jpg 1500w, https:\/\/moyahousehold.com\/wp-content\/uploads\/2024\/11\/Wholesale-Outdoor-Camping-Food-Storage-Container-Lunch-Box-4-300x300.jpg 300w, https:\/\/moyahousehold.com\/wp-content\/uploads\/2024\/11\/Wholesale-Outdoor-Camping-Food-Storage-Container-Lunch-Box-4-150x150.jpg 150w, https:\/\/moyahousehold.com\/wp-content\/uploads\/2024\/11\/Wholesale-Outdoor-Camping-Food-Storage-Container-Lunch-Box-4-768x768.jpg 768w, https:\/\/moyahousehold.com\/wp-content\/uploads\/2024\/11\/Wholesale-Outdoor-Camping-Food-Storage-Container-Lunch-Box-4-12x12.jpg 12w, https:\/\/moyahousehold.com\/wp-content\/uploads\/2024\/11\/Wholesale-Outdoor-Camping-Food-Storage-Container-Lunch-Box-4-285x285.jpg 285w, https:\/\/moyahousehold.com\/wp-content\/uploads\/2024\/11\/Wholesale-Outdoor-Camping-Food-Storage-Container-Lunch-Box-4-270x270.jpg 270w, https:\/\/moyahousehold.com\/wp-content\/uploads\/2024\/11\/Wholesale-Outdoor-Camping-Food-Storage-Container-Lunch-Box-4-540x540.jpg 540w, https:\/\/moyahousehold.com\/wp-content\/uploads\/2024\/11\/Wholesale-Outdoor-Camping-Food-Storage-Container-Lunch-Box-4-660x660.jpg 660w\" sizes=\"(max-width: 1500px) 100vw, 1500px\" \/><\/figure>\n<\/div>\n<\/div>","protected":false},"excerpt":{"rendered":"<p>Gro\u00dfhandel Outdoor-Camping Lebensmittel Lagerung Container, entworfen, um Ihre vielf\u00e4ltigen Bed\u00fcrfnisse zu erf\u00fcllen. Dieser Edelstahl-Lebensmittelvorratsbeh\u00e4lter, bieten wir 1100ml, 1700ml, 2200ml, geeignet f\u00fcr Camping-Enthusiasten, Reisende, geeignet f\u00fcr die Speicherung von Mittagessen, Snacks, Obst und mehr, kann auch als t\u00e4gliche Speicherbeh\u00e4lter f\u00fcr Familien, Studenten Lunch-Boxen verwendet werden. Es ist ein vielseitiges K\u00fcchenwerkzeug. Als Hersteller von Brotdosen und Lebensmittelbeh\u00e4ltern bieten wir Gro\u00dfhandel und kundenspezifische Dienstleistungen an, bitte kontaktieren Sie uns.<\/p>\n<h3>Eigenschaften von Edelstahl Outdoor Camping Food Storage Container<\/h3>\n<p><strong>Modisches Aussehen:<\/strong> Dieser stilvolle Beh\u00e4lter zur Aufbewahrung von Lebensmitteln f\u00fcr den Au\u00dfenbereich hat ein einfaches und modernes Design mit niedlicher Form und bunten Farben, die sowohl f\u00fcr Kinder als auch f\u00fcr Erwachsene attraktiv sind und Ihnen ein besseres Esserlebnis im Freien bieten.<\/p>\n<p><strong>Hochwertige Materialien:<\/strong> Dieser Outdoor-Camping-Beh\u00e4lter zur Aufbewahrung von Lebensmitteln ist aus verdicktem, lebensmittelechtem Edelstahl gefertigt, der robust und langlebig ist. Er wurde mit einem elektrolytischen Verfahren behandelt, und die Oberfl\u00e4che ist glatt und leicht zu reinigen.<\/p>\n<p><strong>Dichtes Design:<\/strong> Der Lebensmittelbeh\u00e4lter verf\u00fcgt \u00fcber einen Deckel mit hoher Dichtigkeit, um das Auslaufen von Lebensmitteln zu verhindern, und selbst fl\u00fcssige Lebensmittel oder Suppe k\u00f6nnen transportiert werden.<\/p>\n<p><strong>Umweltfreundlich und unbedenklich:<\/strong> Unsere Lebensmittelbeh\u00e4lter aus rostfreiem Stahl sind ISO9001-zertifiziert, enthalten keine sch\u00e4dlichen Substanzen, entsprechen den Lebensmittelsicherheitsstandards und sind ideal f\u00fcr den Umweltschutz und die Wiederverwendbarkeit.<\/p>\n<p><strong>Vielseitigkeit:<\/strong> Lebensmittelbeh\u00e4lter aus Edelstahl sind robust und langlebig, und man muss sich keine Sorgen machen, dass sie herunterfallen. Sie sind eine ausgezeichnete Wahl f\u00fcr die Aufbewahrung von Mittagessen und Lebensmitteln f\u00fcr das Camping im Freien und sind auch ein guter Helfer f\u00fcr den t\u00e4glichen Gebrauch.<\/p>\n<p><strong>Vorteile f\u00fcr den Gro\u00dfhandel:<\/strong> Wir bieten sehr wettbewerbsf\u00e4hige Gro\u00dfhandelspreise und laden Gro\u00dfh\u00e4ndler, Einzelh\u00e4ndler und Unternehmen herzlich dazu ein, in gro\u00dfen Mengen einzukaufen.<\/p>\n<p><strong>OEM&amp;ODM anpassbar:<\/strong> Wir unterst\u00fctzen Markenanpassung, Farbanpassung und Spezifikationsanpassung. Wir k\u00f6nnen exklusive Produkte nach Ihren Anforderungen herstellen und bieten professionelle Dienstleistungen und Vorzugspreise.<\/p>","protected":false},"featured_media":9541,"comment_status":"closed","ping_status":"closed","template":"","meta":[],"product_cat":[57,58],"product_tag":[95],"class_list":{"0":"post-9520","1":"product","2":"type-product","3":"status-publish","4":"has-post-thumbnail","6":"product_cat-food-storage-container-wholesale","7":"product_cat-lunch-box-wholesale","8":"product_tag-wholesale-food-storage-containers-with-date-dial","10":"first","11":"instock","12":"shipping-taxable","13":"product-type-simple"},"_links":{"self":[{"href":"https:\/\/moyahousehold.com\/de\/wp-json\/wp\/v2\/product\/9520","targetHints":{"allow":["GET"]}}],"collection":[{"href":"https:\/\/moyahousehold.com\/de\/wp-json\/wp\/v2\/product"}],"about":[{"href":"https:\/\/moyahousehold.com\/de\/wp-json\/wp\/v2\/types\/product"}],"replies":[{"embeddable":true,"href":"https:\/\/moyahousehold.com\/de\/wp-json\/wp\/v2\/comments?post=9520"}],"version-history":[{"count":0,"href":"https:\/\/moyahousehold.com\/de\/wp-json\/wp\/v2\/product\/9520\/revisions"}],"wp:featuredmedia":[{"embeddable":true,"href":"https:\/\/moyahousehold.com\/de\/wp-json\/wp\/v2\/media\/9541"}],"wp:attachment":[{"href":"https:\/\/moyahousehold.com\/de\/wp-json\/wp\/v2\/media?parent=9520"}],"wp:term":[{"taxonomy":"product_cat","embeddable":true,"href":"https:\/\/moyahousehold.com\/de\/wp-json\/wp\/v2\/product_cat?post=9520"},{"taxonomy":"product_tag","embeddable":true,"href":"https:\/\/moyahousehold.com\/de\/wp-json\/wp\/v2\/product_tag?post=9520"}],"curies":[{"name":"wp","href":"https:\/\/api.w.org\/{rel}","templated":true}]}}