{"id":9579,"date":"2024-11-29T10:33:33","date_gmt":"2024-11-28T08:10:24","guid":{"rendered":"https:\/\/moyahousehold.com\/?post_type=product&#038;p=9579"},"modified":"2025-02-05T08:33:16","modified_gmt":"2025-02-05T08:33:16","slug":"wholesale-stainless-steel-4-compartment-lunch-boxes","status":"publish","type":"product","link":"https:\/\/moyahousehold.com\/de\/produkt\/wholesale-stainless-steel-4-compartment-lunch-boxes\/","title":{"rendered":"Gro\u00dfhandel Edelstahl 4 Compartment Lunch-Boxen - perfekt f\u00fcr Schulen, B\u00fcros"},"content":{"rendered":"<h2 class=\"wp-block-heading\">Parameter der Lunchbox mit 4 F\u00e4chern<\/h2>\n\n\n\n<p><strong>Material:<\/strong>304 + PP <strong> Farbe:<\/strong>Beige\u3001Khaki\u3001Gr\u00fcn\u3001Gelb\u3001Wei\u00df\u3001Camel<\/p>\n\n\n\n<figure class=\"wp-block-table\"><table class=\"has-fixed-layout\"><tbody><tr><td>Artikel<\/td><td>Kapazit\u00e4t<\/td><td>Gr\u00f6\u00dfe\/PCS<\/td><td>PCS\/Koffer<\/td><td>N.W.\/PCS<\/td><td>G.W.\/Fall<\/td><\/tr><tr><td>MYJD250<\/td><td>4 F\u00e4cher<\/td><td>29*22.5*7<\/td><td>\/<\/td><td>0.81<\/td><td>\/<\/td><\/tr><\/tbody><\/table><\/figure>\n\n\n\n<h3 class=\"wp-block-heading\">Individuelle Lunchbox-Optionen<\/h3>\n\n\n\n<p><strong>Logo<\/strong>: Gestalten Sie Ihr Markenlogo auf der Bento-Box aus Edelstahl und der Verpackung.<br><strong>Logo-Optionen<\/strong>: gedrucktes Logo, lasergraviertes Logo, etc.<br><strong>Muster<\/strong>: Druck von individuellen Mustern auf Produkte und Verpackungen.<br><strong>Drucktechnik<\/strong>Wassertransferdruck, Siebdruck, W\u00e4rmetransferdruck, Sublimationstransfer, etc.<br><strong>Paket<\/strong>:Farbkasten.<br><a href=\"https:\/\/moyahousehold.com\/de\/individuelle-losung\/\"><strong>Erfahren Sie mehr \u00fcber individuelle L\u00f6sungen f\u00fcr Lunchpakete.<\/strong><\/a><\/p>\n\n\n\n<div class=\"wp-block-columns is-layout-flex wp-container-core-columns-is-layout-9d6595d7 wp-block-columns-is-layout-flex\">\n<div class=\"wp-block-column is-layout-flow wp-block-column-is-layout-flow\">\n<figure class=\"wp-block-image size-full\"><img fetchpriority=\"high\" decoding=\"async\" width=\"3393\" height=\"3393\" src=\"https:\/\/moyahousehold.com\/wp-content\/uploads\/2024\/11\/4-Compartment-Lunch-Box-Detail-1.webp\" alt=\"Lunchbox mit 4 F\u00e4chern Detail (1)\" class=\"wp-image-9595\" srcset=\"https:\/\/moyahousehold.com\/wp-content\/uploads\/2024\/11\/4-Compartment-Lunch-Box-Detail-1.webp 3393w, https:\/\/moyahousehold.com\/wp-content\/uploads\/2024\/11\/4-Compartment-Lunch-Box-Detail-1-300x300.webp 300w, https:\/\/moyahousehold.com\/wp-content\/uploads\/2024\/11\/4-Compartment-Lunch-Box-Detail-1-150x150.webp 150w, https:\/\/moyahousehold.com\/wp-content\/uploads\/2024\/11\/4-Compartment-Lunch-Box-Detail-1-768x768.webp 768w, https:\/\/moyahousehold.com\/wp-content\/uploads\/2024\/11\/4-Compartment-Lunch-Box-Detail-1-12x12.webp 12w, https:\/\/moyahousehold.com\/wp-content\/uploads\/2024\/11\/4-Compartment-Lunch-Box-Detail-1-285x285.webp 285w, https:\/\/moyahousehold.com\/wp-content\/uploads\/2024\/11\/4-Compartment-Lunch-Box-Detail-1-1600x1600.webp 1600w, https:\/\/moyahousehold.com\/wp-content\/uploads\/2024\/11\/4-Compartment-Lunch-Box-Detail-1-270x270.webp 270w, https:\/\/moyahousehold.com\/wp-content\/uploads\/2024\/11\/4-Compartment-Lunch-Box-Detail-1-540x540.webp 540w, https:\/\/moyahousehold.com\/wp-content\/uploads\/2024\/11\/4-Compartment-Lunch-Box-Detail-1-660x660.webp 660w\" sizes=\"(max-width: 3393px) 100vw, 3393px\" \/><\/figure>\n<\/div>\n\n\n\n<div class=\"wp-block-column is-layout-flow wp-block-column-is-layout-flow\">\n<figure class=\"wp-block-image size-full\"><img decoding=\"async\" width=\"3229\" height=\"3229\" src=\"https:\/\/moyahousehold.com\/wp-content\/uploads\/2024\/11\/4-Compartment-Lunch-Box-Detail-2.webp\" alt=\"Lunchbox mit 4 F\u00e4chern Detail (2)\" class=\"wp-image-9596\" srcset=\"https:\/\/moyahousehold.com\/wp-content\/uploads\/2024\/11\/4-Compartment-Lunch-Box-Detail-2.webp 3229w, https:\/\/moyahousehold.com\/wp-content\/uploads\/2024\/11\/4-Compartment-Lunch-Box-Detail-2-300x300.webp 300w, https:\/\/moyahousehold.com\/wp-content\/uploads\/2024\/11\/4-Compartment-Lunch-Box-Detail-2-150x150.webp 150w, https:\/\/moyahousehold.com\/wp-content\/uploads\/2024\/11\/4-Compartment-Lunch-Box-Detail-2-768x768.webp 768w, https:\/\/moyahousehold.com\/wp-content\/uploads\/2024\/11\/4-Compartment-Lunch-Box-Detail-2-12x12.webp 12w, https:\/\/moyahousehold.com\/wp-content\/uploads\/2024\/11\/4-Compartment-Lunch-Box-Detail-2-285x285.webp 285w, https:\/\/moyahousehold.com\/wp-content\/uploads\/2024\/11\/4-Compartment-Lunch-Box-Detail-2-1600x1600.webp 1600w, https:\/\/moyahousehold.com\/wp-content\/uploads\/2024\/11\/4-Compartment-Lunch-Box-Detail-2-270x270.webp 270w, https:\/\/moyahousehold.com\/wp-content\/uploads\/2024\/11\/4-Compartment-Lunch-Box-Detail-2-540x540.webp 540w, https:\/\/moyahousehold.com\/wp-content\/uploads\/2024\/11\/4-Compartment-Lunch-Box-Detail-2-660x660.webp 660w\" sizes=\"(max-width: 3229px) 100vw, 3229px\" \/><\/figure>\n<\/div>\n<\/div>\n\n\n\n<div class=\"wp-block-columns is-layout-flex wp-container-core-columns-is-layout-9d6595d7 wp-block-columns-is-layout-flex\">\n<div class=\"wp-block-column is-layout-flow wp-block-column-is-layout-flow\">\n<figure class=\"wp-block-image size-full\"><img decoding=\"async\" width=\"3316\" height=\"3316\" src=\"https:\/\/moyahousehold.com\/wp-content\/uploads\/2024\/11\/4-Compartment-Lunch-Box-Detail-3.webp\" alt=\"Lunchbox mit 4 F\u00e4chern Detail (3)\" class=\"wp-image-9597\" srcset=\"https:\/\/moyahousehold.com\/wp-content\/uploads\/2024\/11\/4-Compartment-Lunch-Box-Detail-3.webp 3316w, https:\/\/moyahousehold.com\/wp-content\/uploads\/2024\/11\/4-Compartment-Lunch-Box-Detail-3-300x300.webp 300w, https:\/\/moyahousehold.com\/wp-content\/uploads\/2024\/11\/4-Compartment-Lunch-Box-Detail-3-150x150.webp 150w, https:\/\/moyahousehold.com\/wp-content\/uploads\/2024\/11\/4-Compartment-Lunch-Box-Detail-3-768x768.webp 768w, https:\/\/moyahousehold.com\/wp-content\/uploads\/2024\/11\/4-Compartment-Lunch-Box-Detail-3-12x12.webp 12w, https:\/\/moyahousehold.com\/wp-content\/uploads\/2024\/11\/4-Compartment-Lunch-Box-Detail-3-285x285.webp 285w, https:\/\/moyahousehold.com\/wp-content\/uploads\/2024\/11\/4-Compartment-Lunch-Box-Detail-3-1600x1600.webp 1600w, https:\/\/moyahousehold.com\/wp-content\/uploads\/2024\/11\/4-Compartment-Lunch-Box-Detail-3-270x270.webp 270w, https:\/\/moyahousehold.com\/wp-content\/uploads\/2024\/11\/4-Compartment-Lunch-Box-Detail-3-540x540.webp 540w, https:\/\/moyahousehold.com\/wp-content\/uploads\/2024\/11\/4-Compartment-Lunch-Box-Detail-3-660x660.webp 660w\" sizes=\"(max-width: 3316px) 100vw, 3316px\" \/><\/figure>\n<\/div>\n\n\n\n<div class=\"wp-block-column is-layout-flow wp-block-column-is-layout-flow\">\n<figure class=\"wp-block-image size-full\"><img loading=\"lazy\" decoding=\"async\" width=\"3639\" height=\"3639\" src=\"https:\/\/moyahousehold.com\/wp-content\/uploads\/2024\/11\/4-Compartment-Lunch-Box-Detail-4.webp\" alt=\"Lunchbox mit 4 F\u00e4chern Detail (4)\" class=\"wp-image-9598\" srcset=\"https:\/\/moyahousehold.com\/wp-content\/uploads\/2024\/11\/4-Compartment-Lunch-Box-Detail-4.webp 3639w, https:\/\/moyahousehold.com\/wp-content\/uploads\/2024\/11\/4-Compartment-Lunch-Box-Detail-4-300x300.webp 300w, https:\/\/moyahousehold.com\/wp-content\/uploads\/2024\/11\/4-Compartment-Lunch-Box-Detail-4-150x150.webp 150w, https:\/\/moyahousehold.com\/wp-content\/uploads\/2024\/11\/4-Compartment-Lunch-Box-Detail-4-768x768.webp 768w, https:\/\/moyahousehold.com\/wp-content\/uploads\/2024\/11\/4-Compartment-Lunch-Box-Detail-4-12x12.webp 12w, https:\/\/moyahousehold.com\/wp-content\/uploads\/2024\/11\/4-Compartment-Lunch-Box-Detail-4-285x285.webp 285w, https:\/\/moyahousehold.com\/wp-content\/uploads\/2024\/11\/4-Compartment-Lunch-Box-Detail-4-1600x1600.webp 1600w, https:\/\/moyahousehold.com\/wp-content\/uploads\/2024\/11\/4-Compartment-Lunch-Box-Detail-4-270x270.webp 270w, https:\/\/moyahousehold.com\/wp-content\/uploads\/2024\/11\/4-Compartment-Lunch-Box-Detail-4-540x540.webp 540w, https:\/\/moyahousehold.com\/wp-content\/uploads\/2024\/11\/4-Compartment-Lunch-Box-Detail-4-660x660.webp 660w\" sizes=\"(max-width: 3639px) 100vw, 3639px\" \/><\/figure>\n<\/div>\n<\/div>\n\n\n\n<p><\/p>","protected":false},"excerpt":{"rendered":"<p>Gro\u00dfhandel Edelstahl 4 Fach Lunch-Box, mit einem tragbaren Design, geeignet f\u00fcr die Aufnahme aus. Die 4-Fach-Design erm\u00f6glicht es Benutzern, leicht bringen eine Vielzahl von Lebensmitteln. Als professioneller Hersteller von Brotdosen bieten wir Gro\u00dfhandel und kundenspezifische Brotdosen an. Gro\u00dfh\u00e4ndler, Einzelh\u00e4ndler und Schulen mit entsprechenden Bed\u00fcrfnissen sind willkommen, uns zu kontaktieren.<\/p>\n<h3>Parameter der 4-Fach-Lunchbox aus Edelstahl<\/h3>\n<p><strong>Hochwertige Materialien:<\/strong> Diese Lunchbox ist aus hochwertigem 304er Edelstahl gefertigt, der kein BPA enth\u00e4lt und sich sehr gut eignet, um eine Vielzahl von hei\u00dfen und kalten Speisen lange aufzubewahren.<\/p>\n<p>&nbsp;<\/p>\n<p><strong>Leicht zu reinigen:<\/strong> Die Innenfl\u00e4che der Brotdose ist poliert. F\u00fcr die t\u00e4gliche Reinigung gen\u00fcgt es, sie abzusp\u00fclen oder abzuwischen, um Flecken leicht zu entfernen. Au\u00dferdem kann sie in der Sp\u00fclmaschine gereinigt werden, damit Sie Zeit sparen.<\/p>\n<p>&nbsp;<\/p>\n<p><strong>4-Fach-Design:<\/strong> Diese Lunchbox aus Edelstahl verf\u00fcgt \u00fcber 4 F\u00e4cher zur getrennten Aufbewahrung von nassen und trockenen Lebensmitteln, so dass jede Speise frisch und originell bleibt.<\/p>\n<p>&nbsp;<\/p>\n<p><strong>Multi-Szenario-Anwendung:<\/strong> Diese Lunchbox aus Edelstahl ist leicht zu transportieren und eignet sich f\u00fcr den Gebrauch zu Hause, im B\u00fcro, auf Reisen und beim Essengehen.<\/p>\n<p>&nbsp;<\/p>\n<p><strong>Praktisches Design:<\/strong> Diese Lunchbox aus Edelstahl verf\u00fcgt \u00fcber einen eingebauten Dichtungsring aus hochwertigem, lebensmittelechtem Silikon und einen festen Verschluss, der das Auslaufen von Suppe und anderen Fl\u00fcssigkeiten wirksam verhindert, wodurch sie sich sehr gut zum Mitnehmen eignet.<\/p>\n<p>&nbsp;<\/p>\n<p><strong>OEM&amp;ODM-Anpassung:<\/strong> Als Hersteller von Brotdosen im Gro\u00dfhandel bieten wir umfassende kundenspezifische L\u00f6sungen f\u00fcr Brotdosen. Einschlie\u00dflich kundenspezifischer Aussehen Farbe, Kapazit\u00e4t Design und Markenlogo.<\/p>","protected":false},"featured_media":9602,"comment_status":"closed","ping_status":"closed","template":"","meta":[],"product_cat":[58],"product_tag":[87,92],"class_list":{"0":"post-9579","1":"product","2":"type-product","3":"status-publish","4":"has-post-thumbnail","6":"product_cat-lunch-box-wholesale","7":"product_tag-wholesale-multi-compartment-lunch-box","8":"product_tag-wholesale-rectangle-lunch-box","10":"first","11":"instock","12":"shipping-taxable","13":"product-type-simple"},"_links":{"self":[{"href":"https:\/\/moyahousehold.com\/de\/wp-json\/wp\/v2\/product\/9579","targetHints":{"allow":["GET"]}}],"collection":[{"href":"https:\/\/moyahousehold.com\/de\/wp-json\/wp\/v2\/product"}],"about":[{"href":"https:\/\/moyahousehold.com\/de\/wp-json\/wp\/v2\/types\/product"}],"replies":[{"embeddable":true,"href":"https:\/\/moyahousehold.com\/de\/wp-json\/wp\/v2\/comments?post=9579"}],"version-history":[{"count":0,"href":"https:\/\/moyahousehold.com\/de\/wp-json\/wp\/v2\/product\/9579\/revisions"}],"wp:featuredmedia":[{"embeddable":true,"href":"https:\/\/moyahousehold.com\/de\/wp-json\/wp\/v2\/media\/9602"}],"wp:attachment":[{"href":"https:\/\/moyahousehold.com\/de\/wp-json\/wp\/v2\/media?parent=9579"}],"wp:term":[{"taxonomy":"product_cat","embeddable":true,"href":"https:\/\/moyahousehold.com\/de\/wp-json\/wp\/v2\/product_cat?post=9579"},{"taxonomy":"product_tag","embeddable":true,"href":"https:\/\/moyahousehold.com\/de\/wp-json\/wp\/v2\/product_tag?post=9579"}],"curies":[{"name":"wp","href":"https:\/\/api.w.org\/{rel}","templated":true}]}}