{"id":9607,"date":"2024-11-30T07:35:18","date_gmt":"2024-11-30T02:13:57","guid":{"rendered":"https:\/\/moyahousehold.com\/?post_type=product&#038;p=9607"},"modified":"2025-02-05T08:32:34","modified_gmt":"2025-02-05T08:32:34","slug":"wholesale-cute-stainless-steel-lunch-box-for-kids","status":"publish","type":"product","link":"https:\/\/moyahousehold.com\/de\/produkt\/wholesale-cute-stainless-steel-lunch-box-for-kids\/","title":{"rendered":"Gro\u00dfhandel niedlich Edelstahl Lunch-Box f\u00fcr Kinder mit interessanten Mustern - perfekt f\u00fcr Schule und Picknick im Freien"},"content":{"rendered":"<h2 class=\"wp-block-heading\">Parameter der Edelstahl-Lunchbox f\u00fcr Kinder<\/h2>\n\n\n\n<p><strong>Material:<\/strong> 304 + PP <strong> Farbe:<\/strong> Beige\u3001Khaki\u3001Gr\u00fcn\u3001Rosa\u3001Wei\u00df<\/p>\n\n\n\n<figure class=\"wp-block-table\"><table class=\"has-fixed-layout\"><tbody><tr><td>Artikel<\/td><td>Kapazit\u00e4t<\/td><td>Gr\u00f6\u00dfe\/PCS<\/td><td>PCS\/Koffer<\/td><td>N.W.\/PCS<\/td><td>G.W.\/Fall<\/td><\/tr><tr><td>MYJD005<\/td><td>550ml<\/td><td>17*13*6.5<\/td><td>60<\/td><td>0.74<\/td><td>12.7<\/td><\/tr><tr><td>MYJD006<\/td><td>850ml<\/td><td>19*14*7<\/td><td>48<\/td><td>0.81<\/td><td>14.9<\/td><\/tr><tr><td>MYJD255<\/td><td>1200ml<\/td><td>19*19*7<\/td><td>\/<\/td><td>1.31<\/td><td>\/<\/td><\/tr><\/tbody><\/table><\/figure>\n\n\n\n<h3 class=\"wp-block-heading\">Individuelle Lunchbox-Optionen<\/h3>\n\n\n\n<p><strong>Logo<\/strong>: Gestalten Sie Ihr Markenlogo auf der Bento-Box aus Edelstahl und der Verpackung.<br><strong>Logo-Optionen<\/strong>: gedrucktes Logo, lasergraviertes Logo, etc.<br><strong>Muster<\/strong>: Druck von individuellen Mustern auf Produkte und Verpackungen.<br><strong>Drucktechnik<\/strong>Wassertransferdruck, Siebdruck, W\u00e4rmetransferdruck, Sublimationstransfer, etc.<br><strong>Paket<\/strong>:Farbkasten.<br><a href=\"https:\/\/moyahousehold.com\/de\/individuelle-losung\/\"><strong>Erfahren Sie mehr \u00fcber individuelle L\u00f6sungen f\u00fcr Lunchpakete.<\/strong><\/a><\/p>\n\n\n\n<div class=\"wp-block-columns is-layout-flex wp-container-core-columns-is-layout-9d6595d7 wp-block-columns-is-layout-flex\">\n<div class=\"wp-block-column is-layout-flow wp-block-column-is-layout-flow\">\n<figure class=\"wp-block-image size-full\"><img fetchpriority=\"high\" decoding=\"async\" width=\"1500\" height=\"1500\" src=\"https:\/\/moyahousehold.com\/wp-content\/uploads\/2024\/11\/wholesale-Stainless-Steel-Lunch-Box-For-Kids-1.jpg\" alt=\"Gro\u00dfhandel Edelstahl Lunch Box f\u00fcr Kinder (1)\" class=\"wp-image-9638\" srcset=\"https:\/\/moyahousehold.com\/wp-content\/uploads\/2024\/11\/wholesale-Stainless-Steel-Lunch-Box-For-Kids-1.jpg 1500w, https:\/\/moyahousehold.com\/wp-content\/uploads\/2024\/11\/wholesale-Stainless-Steel-Lunch-Box-For-Kids-1-300x300.jpg 300w, https:\/\/moyahousehold.com\/wp-content\/uploads\/2024\/11\/wholesale-Stainless-Steel-Lunch-Box-For-Kids-1-150x150.jpg 150w, https:\/\/moyahousehold.com\/wp-content\/uploads\/2024\/11\/wholesale-Stainless-Steel-Lunch-Box-For-Kids-1-768x768.jpg 768w, https:\/\/moyahousehold.com\/wp-content\/uploads\/2024\/11\/wholesale-Stainless-Steel-Lunch-Box-For-Kids-1-12x12.jpg 12w, https:\/\/moyahousehold.com\/wp-content\/uploads\/2024\/11\/wholesale-Stainless-Steel-Lunch-Box-For-Kids-1-285x285.jpg 285w, https:\/\/moyahousehold.com\/wp-content\/uploads\/2024\/11\/wholesale-Stainless-Steel-Lunch-Box-For-Kids-1-270x270.jpg 270w, https:\/\/moyahousehold.com\/wp-content\/uploads\/2024\/11\/wholesale-Stainless-Steel-Lunch-Box-For-Kids-1-540x540.jpg 540w, https:\/\/moyahousehold.com\/wp-content\/uploads\/2024\/11\/wholesale-Stainless-Steel-Lunch-Box-For-Kids-1-660x660.jpg 660w\" sizes=\"(max-width: 1500px) 100vw, 1500px\" \/><\/figure>\n<\/div>\n\n\n\n<div class=\"wp-block-column is-layout-flow wp-block-column-is-layout-flow\">\n<figure class=\"wp-block-image size-full\"><img decoding=\"async\" width=\"1500\" height=\"1500\" src=\"https:\/\/moyahousehold.com\/wp-content\/uploads\/2024\/11\/wholesale-Stainless-Steel-Lunch-Box-For-Kids-2.jpg\" alt=\"Gro\u00dfhandel Edelstahl Lunch Box f\u00fcr Kinder (2)\" class=\"wp-image-9639\" srcset=\"https:\/\/moyahousehold.com\/wp-content\/uploads\/2024\/11\/wholesale-Stainless-Steel-Lunch-Box-For-Kids-2.jpg 1500w, https:\/\/moyahousehold.com\/wp-content\/uploads\/2024\/11\/wholesale-Stainless-Steel-Lunch-Box-For-Kids-2-300x300.jpg 300w, https:\/\/moyahousehold.com\/wp-content\/uploads\/2024\/11\/wholesale-Stainless-Steel-Lunch-Box-For-Kids-2-150x150.jpg 150w, https:\/\/moyahousehold.com\/wp-content\/uploads\/2024\/11\/wholesale-Stainless-Steel-Lunch-Box-For-Kids-2-768x768.jpg 768w, https:\/\/moyahousehold.com\/wp-content\/uploads\/2024\/11\/wholesale-Stainless-Steel-Lunch-Box-For-Kids-2-12x12.jpg 12w, https:\/\/moyahousehold.com\/wp-content\/uploads\/2024\/11\/wholesale-Stainless-Steel-Lunch-Box-For-Kids-2-285x285.jpg 285w, https:\/\/moyahousehold.com\/wp-content\/uploads\/2024\/11\/wholesale-Stainless-Steel-Lunch-Box-For-Kids-2-270x270.jpg 270w, https:\/\/moyahousehold.com\/wp-content\/uploads\/2024\/11\/wholesale-Stainless-Steel-Lunch-Box-For-Kids-2-540x540.jpg 540w, https:\/\/moyahousehold.com\/wp-content\/uploads\/2024\/11\/wholesale-Stainless-Steel-Lunch-Box-For-Kids-2-660x660.jpg 660w\" sizes=\"(max-width: 1500px) 100vw, 1500px\" \/><\/figure>\n<\/div>\n<\/div>\n\n\n\n<div class=\"wp-block-columns is-layout-flex wp-container-core-columns-is-layout-9d6595d7 wp-block-columns-is-layout-flex\">\n<div class=\"wp-block-column is-layout-flow wp-block-column-is-layout-flow\">\n<figure class=\"wp-block-image size-full\"><img decoding=\"async\" width=\"1500\" height=\"1500\" src=\"https:\/\/moyahousehold.com\/wp-content\/uploads\/2024\/11\/wholesale-Stainless-Steel-Lunch-Box-For-Kids-3.jpg\" alt=\"Gro\u00dfhandel Edelstahl Lunch Box f\u00fcr Kinder (3)\" class=\"wp-image-9640\" srcset=\"https:\/\/moyahousehold.com\/wp-content\/uploads\/2024\/11\/wholesale-Stainless-Steel-Lunch-Box-For-Kids-3.jpg 1500w, https:\/\/moyahousehold.com\/wp-content\/uploads\/2024\/11\/wholesale-Stainless-Steel-Lunch-Box-For-Kids-3-300x300.jpg 300w, https:\/\/moyahousehold.com\/wp-content\/uploads\/2024\/11\/wholesale-Stainless-Steel-Lunch-Box-For-Kids-3-150x150.jpg 150w, https:\/\/moyahousehold.com\/wp-content\/uploads\/2024\/11\/wholesale-Stainless-Steel-Lunch-Box-For-Kids-3-768x768.jpg 768w, https:\/\/moyahousehold.com\/wp-content\/uploads\/2024\/11\/wholesale-Stainless-Steel-Lunch-Box-For-Kids-3-12x12.jpg 12w, https:\/\/moyahousehold.com\/wp-content\/uploads\/2024\/11\/wholesale-Stainless-Steel-Lunch-Box-For-Kids-3-285x285.jpg 285w, https:\/\/moyahousehold.com\/wp-content\/uploads\/2024\/11\/wholesale-Stainless-Steel-Lunch-Box-For-Kids-3-270x270.jpg 270w, https:\/\/moyahousehold.com\/wp-content\/uploads\/2024\/11\/wholesale-Stainless-Steel-Lunch-Box-For-Kids-3-540x540.jpg 540w, https:\/\/moyahousehold.com\/wp-content\/uploads\/2024\/11\/wholesale-Stainless-Steel-Lunch-Box-For-Kids-3-660x660.jpg 660w\" sizes=\"(max-width: 1500px) 100vw, 1500px\" \/><\/figure>\n<\/div>\n\n\n\n<div class=\"wp-block-column is-layout-flow wp-block-column-is-layout-flow\">\n<figure class=\"wp-block-image size-full\"><img loading=\"lazy\" decoding=\"async\" width=\"1500\" height=\"1500\" src=\"https:\/\/moyahousehold.com\/wp-content\/uploads\/2024\/11\/wholesale-Stainless-Steel-Lunch-Box-For-Kids-4.jpg\" alt=\"Gro\u00dfhandel Edelstahl Lunch Box f\u00fcr Kinder (4)\" class=\"wp-image-9641\" srcset=\"https:\/\/moyahousehold.com\/wp-content\/uploads\/2024\/11\/wholesale-Stainless-Steel-Lunch-Box-For-Kids-4.jpg 1500w, https:\/\/moyahousehold.com\/wp-content\/uploads\/2024\/11\/wholesale-Stainless-Steel-Lunch-Box-For-Kids-4-300x300.jpg 300w, https:\/\/moyahousehold.com\/wp-content\/uploads\/2024\/11\/wholesale-Stainless-Steel-Lunch-Box-For-Kids-4-150x150.jpg 150w, https:\/\/moyahousehold.com\/wp-content\/uploads\/2024\/11\/wholesale-Stainless-Steel-Lunch-Box-For-Kids-4-768x768.jpg 768w, https:\/\/moyahousehold.com\/wp-content\/uploads\/2024\/11\/wholesale-Stainless-Steel-Lunch-Box-For-Kids-4-12x12.jpg 12w, https:\/\/moyahousehold.com\/wp-content\/uploads\/2024\/11\/wholesale-Stainless-Steel-Lunch-Box-For-Kids-4-285x285.jpg 285w, https:\/\/moyahousehold.com\/wp-content\/uploads\/2024\/11\/wholesale-Stainless-Steel-Lunch-Box-For-Kids-4-270x270.jpg 270w, https:\/\/moyahousehold.com\/wp-content\/uploads\/2024\/11\/wholesale-Stainless-Steel-Lunch-Box-For-Kids-4-540x540.jpg 540w, https:\/\/moyahousehold.com\/wp-content\/uploads\/2024\/11\/wholesale-Stainless-Steel-Lunch-Box-For-Kids-4-660x660.jpg 660w\" sizes=\"(max-width: 1500px) 100vw, 1500px\" \/><\/figure>\n<\/div>\n<\/div>","protected":false},"excerpt":{"rendered":"<p>Gro\u00dfhandel Cute Edelstahl Lunch Box f\u00fcr Kinder, mit einer Partition Design zu helfen, Kinder lernen, Essen zu portionieren. Die Brotdose ist aus hochfestem, lebensmittelechtem Edelstahl gefertigt, und das versiegelte Deckeldesign macht es gut versiegelt, tropffest und auslaufsicher, so dass es f\u00fcr Kinder besser geeignet ist. <strong>Der Hersteller der MOYA-Lunchbox bietet OEM&amp;ODM-Dienstleistungen an, bitte kontaktieren Sie uns.<\/strong><\/p>\n<h3>Parameter der Bento-Box aus Edelstahl mit F\u00e4chern<\/h3>\n<p><strong>Niedliches Design:<\/strong> Die Lunchbox ist mit bunten Farben und interessanten Cartoon-Mustern gestaltet, um den Appetit und die Vorfreude der Kinder auf die Mahlzeit zu steigern.<\/p>\n<p>&nbsp;<\/p>\n<p><strong>Brotdose mit F\u00e4chern:<\/strong> Wir bieten eine Lunchbox mit 2 F\u00e4chern und eine Lunchbox mit 3 F\u00e4chern an, in der verschiedene Lebensmittel sinnvoll verteilt werden k\u00f6nnen, um Geschmacksvermischungen zu vermeiden.<\/p>\n<p>&nbsp;<\/p>\n<p><strong>Umweltvertr\u00e4gliche und gesunde Materialien:<\/strong> Diese Lunchbox f\u00fcr Kinder ist aus sicherem und unbedenklichem, lebensmittelechtem Edelstahl gefertigt, ISO- und FDA-zertifiziert und erf\u00fcllt die Gesundheitsstandards f\u00fcr den Gebrauch durch Kinder.<\/p>\n<p>&nbsp;<\/p>\n<p><strong>Vielf\u00e4ltige Wahlm\u00f6glichkeiten:<\/strong> Es gibt eine Vielzahl von Farben und Stilen, die f\u00fcr Kinder mit unterschiedlichen Vorlieben geeignet sind, und wir verwenden Lunchboxen mit unterschiedlichem Fassungsverm\u00f6gen, um den Bed\u00fcrfnissen von Kindern verschiedenen Alters gerecht zu werden.<\/p>\n<p>&nbsp;<\/p>\n<p><strong>Praktisches Design:<\/strong> Das Design der Brotdose ber\u00fccksichtigt auch die Funktion des leicht zu \u00f6ffnenden Deckels, der es den Kindern erm\u00f6glicht, die Brotdose einfach zu \u00f6ffnen und zu schlie\u00dfen. Die Brotdose ist leicht und eignet sich f\u00fcr die Schultasche der Kinder.<\/p>","protected":false},"featured_media":9653,"comment_status":"closed","ping_status":"closed","template":"","meta":[],"product_cat":[58],"product_tag":[87,92,93],"class_list":{"0":"post-9607","1":"product","2":"type-product","3":"status-publish","4":"has-post-thumbnail","6":"product_cat-lunch-box-wholesale","7":"product_tag-wholesale-multi-compartment-lunch-box","8":"product_tag-wholesale-rectangle-lunch-box","9":"product_tag-wholesale-square-lunch-box","11":"first","12":"instock","13":"shipping-taxable","14":"product-type-simple"},"_links":{"self":[{"href":"https:\/\/moyahousehold.com\/de\/wp-json\/wp\/v2\/product\/9607","targetHints":{"allow":["GET"]}}],"collection":[{"href":"https:\/\/moyahousehold.com\/de\/wp-json\/wp\/v2\/product"}],"about":[{"href":"https:\/\/moyahousehold.com\/de\/wp-json\/wp\/v2\/types\/product"}],"replies":[{"embeddable":true,"href":"https:\/\/moyahousehold.com\/de\/wp-json\/wp\/v2\/comments?post=9607"}],"version-history":[{"count":0,"href":"https:\/\/moyahousehold.com\/de\/wp-json\/wp\/v2\/product\/9607\/revisions"}],"wp:featuredmedia":[{"embeddable":true,"href":"https:\/\/moyahousehold.com\/de\/wp-json\/wp\/v2\/media\/9653"}],"wp:attachment":[{"href":"https:\/\/moyahousehold.com\/de\/wp-json\/wp\/v2\/media?parent=9607"}],"wp:term":[{"taxonomy":"product_cat","embeddable":true,"href":"https:\/\/moyahousehold.com\/de\/wp-json\/wp\/v2\/product_cat?post=9607"},{"taxonomy":"product_tag","embeddable":true,"href":"https:\/\/moyahousehold.com\/de\/wp-json\/wp\/v2\/product_tag?post=9607"}],"curies":[{"name":"wp","href":"https:\/\/api.w.org\/{rel}","templated":true}]}}