{"id":10098,"date":"2025-02-04T07:12:20","date_gmt":"2025-02-04T07:12:20","guid":{"rendered":"https:\/\/moyahousehold.com\/?post_type=product&#038;p=10098"},"modified":"2026-04-02T09:44:40","modified_gmt":"2026-04-02T09:44:40","slug":"wholesale-2100ml-exquisite-thermal-carafe","status":"publish","type":"product","link":"https:\/\/moyahousehold.com\/es\/producto\/wholesale-2100ml-exquisite-thermal-carafe\/","title":{"rendered":"Wholesale 2.1L Exquisite Japanese Style Thermal Carafe, Bulk Large Capacity Insulated Carafe for Sale, Support OEM &amp; ODM"},"content":{"rendered":"<h3 class=\"wp-block-heading\">Par\u00e1metros de la jarra t\u00e9rmica de 2,1 l<\/h3>\n\n\n\n<figure class=\"wp-block-table\"><table class=\"has-fixed-layout\"><tbody><tr><td>Producto&nbsp;<\/td><td>Capacidad<\/td><td>Modelo<\/td><td>Color<\/td><td>Material<\/td><td>Dimensiones<\/td><td>Peso bruto<\/td><\/tr><tr><td>Jarra t\u00e9rmica estilo japon\u00e9s de 2,1L<\/td><td>2.1L<\/td><td>MY0450<\/td><td>Chinese Red\/<br>Beige\/Black\/Nature<\/td><td>304+PP+Silica Gel\/Beech<\/td><td>20.7*14.6*22.6<\/td><td>1,2 kg<\/td><\/tr><\/tbody><\/table><\/figure>\n\n\n\n<h3 class=\"wp-block-heading\">Opci\u00f3n de jarra t\u00e9rmica personalizada<\/h3>\n\n\n\n<p><strong>Logotipo: <\/strong>personalice el logotipo de su marca en el producto y el envase.<br><strong>Opciones de logotipo:<\/strong> logotipo impreso, logotipo grabado con l\u00e1ser, etc.<br><strong>Patr\u00f3n:<\/strong> patrones de impresi\u00f3n <br><strong>Tecnolog\u00eda de impresi\u00f3n: <\/strong>impresi\u00f3n por transferencia de agua, serigraf\u00eda, impresi\u00f3n por transferencia de calor, transferencia por sublimaci\u00f3n, etc.<br><strong>Embalaje:<\/strong> caja de color<br><a href=\"https:\/\/moyahousehold.com\/es\/solucion-personalizada\/\"><strong>M\u00e1s informaci\u00f3n sobre soluciones de garrafas t\u00e9rmicas personalizadas. <\/strong><\/a><\/p>\n\n\n\n<div class=\"wp-block-columns is-layout-flex wp-container-core-columns-is-layout-9d6595d7 wp-block-columns-is-layout-flex\">\n<div class=\"wp-block-column is-layout-flow wp-block-column-is-layout-flow\">\n<div class=\"wp-block-columns is-layout-flex wp-container-core-columns-is-layout-9d6595d7 wp-block-columns-is-layout-flex\">\n<div class=\"wp-block-column is-layout-flow wp-block-column-is-layout-flow\" style=\"flex-basis:100%\">\n<div class=\"wp-block-columns is-layout-flex wp-container-core-columns-is-layout-9d6595d7 wp-block-columns-is-layout-flex\">\n<div class=\"wp-block-column is-layout-flow wp-block-column-is-layout-flow\">\n<figure class=\"wp-block-image size-full\"><img fetchpriority=\"high\" decoding=\"async\" width=\"2210\" height=\"2210\" src=\"https:\/\/moyahousehold.com\/wp-content\/uploads\/2025\/02\/2.png\" alt=\"MOYA Japanese Style Stainless Steel Thermal Coffee Carafe with Wooden Handle, Vacuum Insulated Tea Pot\" class=\"wp-image-12577\" srcset=\"https:\/\/moyahousehold.com\/wp-content\/uploads\/2025\/02\/2.png 2210w, https:\/\/moyahousehold.com\/wp-content\/uploads\/2025\/02\/2-300x300.png 300w, https:\/\/moyahousehold.com\/wp-content\/uploads\/2025\/02\/2-150x150.png 150w, https:\/\/moyahousehold.com\/wp-content\/uploads\/2025\/02\/2-768x768.png 768w, https:\/\/moyahousehold.com\/wp-content\/uploads\/2025\/02\/2-12x12.png 12w, https:\/\/moyahousehold.com\/wp-content\/uploads\/2025\/02\/2-285x285.png 285w, https:\/\/moyahousehold.com\/wp-content\/uploads\/2025\/02\/2-1600x1600.png 1600w, https:\/\/moyahousehold.com\/wp-content\/uploads\/2025\/02\/2-270x270.png 270w, https:\/\/moyahousehold.com\/wp-content\/uploads\/2025\/02\/2-540x540.png 540w, https:\/\/moyahousehold.com\/wp-content\/uploads\/2025\/02\/2-660x660.png 660w\" sizes=\"(max-width: 2210px) 100vw, 2210px\" \/><\/figure>\n<\/div>\n\n\n\n<div class=\"wp-block-column is-layout-flow wp-block-column-is-layout-flow\">\n<figure class=\"wp-block-image size-full\"><img decoding=\"async\" width=\"2103\" height=\"2103\" src=\"https:\/\/moyahousehold.com\/wp-content\/uploads\/2025\/02\/5.png\" alt=\"MOYA Japanese Style Stainless Steel Thermal Coffee Carafe with Wooden Handle, Vacuum Insulated Tea Pot\" class=\"wp-image-12575\" srcset=\"https:\/\/moyahousehold.com\/wp-content\/uploads\/2025\/02\/5.png 2103w, https:\/\/moyahousehold.com\/wp-content\/uploads\/2025\/02\/5-300x300.png 300w, https:\/\/moyahousehold.com\/wp-content\/uploads\/2025\/02\/5-150x150.png 150w, https:\/\/moyahousehold.com\/wp-content\/uploads\/2025\/02\/5-768x768.png 768w, https:\/\/moyahousehold.com\/wp-content\/uploads\/2025\/02\/5-12x12.png 12w, https:\/\/moyahousehold.com\/wp-content\/uploads\/2025\/02\/5-285x285.png 285w, https:\/\/moyahousehold.com\/wp-content\/uploads\/2025\/02\/5-1600x1600.png 1600w, https:\/\/moyahousehold.com\/wp-content\/uploads\/2025\/02\/5-270x270.png 270w, https:\/\/moyahousehold.com\/wp-content\/uploads\/2025\/02\/5-540x540.png 540w, https:\/\/moyahousehold.com\/wp-content\/uploads\/2025\/02\/5-660x660.png 660w\" sizes=\"(max-width: 2103px) 100vw, 2103px\" \/><\/figure>\n<\/div>\n<\/div>\n<\/div>\n<\/div>\n<\/div>\n<\/div>\n\n\n\n<div class=\"wp-block-columns is-layout-flex wp-container-core-columns-is-layout-9d6595d7 wp-block-columns-is-layout-flex\">\n<div class=\"wp-block-column is-layout-flow wp-block-column-is-layout-flow\">\n<figure class=\"wp-block-image size-full\"><img decoding=\"async\" width=\"2187\" height=\"2187\" src=\"https:\/\/moyahousehold.com\/wp-content\/uploads\/2025\/02\/6.png\" alt=\"MOYA Japanese Style Stainless Steel Thermal Coffee Carafe with Wooden Handle, Vacuum Insulated Tea Pot\" class=\"wp-image-12576\" srcset=\"https:\/\/moyahousehold.com\/wp-content\/uploads\/2025\/02\/6.png 2187w, https:\/\/moyahousehold.com\/wp-content\/uploads\/2025\/02\/6-300x300.png 300w, https:\/\/moyahousehold.com\/wp-content\/uploads\/2025\/02\/6-150x150.png 150w, https:\/\/moyahousehold.com\/wp-content\/uploads\/2025\/02\/6-768x768.png 768w, https:\/\/moyahousehold.com\/wp-content\/uploads\/2025\/02\/6-12x12.png 12w, https:\/\/moyahousehold.com\/wp-content\/uploads\/2025\/02\/6-285x285.png 285w, https:\/\/moyahousehold.com\/wp-content\/uploads\/2025\/02\/6-1600x1600.png 1600w, https:\/\/moyahousehold.com\/wp-content\/uploads\/2025\/02\/6-270x270.png 270w, https:\/\/moyahousehold.com\/wp-content\/uploads\/2025\/02\/6-540x540.png 540w, https:\/\/moyahousehold.com\/wp-content\/uploads\/2025\/02\/6-660x660.png 660w\" sizes=\"(max-width: 2187px) 100vw, 2187px\" \/><\/figure>\n<\/div>\n\n\n\n<div class=\"wp-block-column is-layout-flow wp-block-column-is-layout-flow\">\n<figure class=\"wp-block-image size-full\"><img loading=\"lazy\" decoding=\"async\" width=\"2232\" height=\"2232\" src=\"https:\/\/moyahousehold.com\/wp-content\/uploads\/2025\/02\/1.png\" alt=\"MOYA Japanese Style Stainless Steel Thermal Coffee Carafe with Wooden Handle, Vacuum Insulated Tea Pot\" class=\"wp-image-12574\" srcset=\"https:\/\/moyahousehold.com\/wp-content\/uploads\/2025\/02\/1.png 2232w, https:\/\/moyahousehold.com\/wp-content\/uploads\/2025\/02\/1-300x300.png 300w, https:\/\/moyahousehold.com\/wp-content\/uploads\/2025\/02\/1-150x150.png 150w, https:\/\/moyahousehold.com\/wp-content\/uploads\/2025\/02\/1-768x768.png 768w, https:\/\/moyahousehold.com\/wp-content\/uploads\/2025\/02\/1-12x12.png 12w, https:\/\/moyahousehold.com\/wp-content\/uploads\/2025\/02\/1-285x285.png 285w, https:\/\/moyahousehold.com\/wp-content\/uploads\/2025\/02\/1-1600x1600.png 1600w, https:\/\/moyahousehold.com\/wp-content\/uploads\/2025\/02\/1-270x270.png 270w, https:\/\/moyahousehold.com\/wp-content\/uploads\/2025\/02\/1-540x540.png 540w, https:\/\/moyahousehold.com\/wp-content\/uploads\/2025\/02\/1-660x660.png 660w\" sizes=\"(max-width: 2232px) 100vw, 2232px\" \/><\/figure>\n<\/div>\n<\/div>\n\n\n\n<div class=\"wp-block-columns is-layout-flex wp-container-core-columns-is-layout-9d6595d7 wp-block-columns-is-layout-flex\">\n<div class=\"wp-block-column is-layout-flow wp-block-column-is-layout-flow\">\n<figure class=\"wp-block-image size-full\"><img loading=\"lazy\" decoding=\"async\" width=\"800\" height=\"800\" src=\"https:\/\/moyahousehold.com\/wp-content\/uploads\/2025\/02\/6.jpg\" alt=\"MOYA Japanese Style Stainless Steel Thermal Coffee Carafe with Wooden Handle, Vacuum Insulated Tea Pot\" class=\"wp-image-12545\" srcset=\"https:\/\/moyahousehold.com\/wp-content\/uploads\/2025\/02\/6.jpg 800w, https:\/\/moyahousehold.com\/wp-content\/uploads\/2025\/02\/6-300x300.jpg 300w, https:\/\/moyahousehold.com\/wp-content\/uploads\/2025\/02\/6-150x150.jpg 150w, https:\/\/moyahousehold.com\/wp-content\/uploads\/2025\/02\/6-768x768.jpg 768w, https:\/\/moyahousehold.com\/wp-content\/uploads\/2025\/02\/6-12x12.jpg 12w, https:\/\/moyahousehold.com\/wp-content\/uploads\/2025\/02\/6-285x285.jpg 285w, https:\/\/moyahousehold.com\/wp-content\/uploads\/2025\/02\/6-270x270.jpg 270w, https:\/\/moyahousehold.com\/wp-content\/uploads\/2025\/02\/6-540x540.jpg 540w, https:\/\/moyahousehold.com\/wp-content\/uploads\/2025\/02\/6-660x660.jpg 660w\" sizes=\"(max-width: 800px) 100vw, 800px\" \/><\/figure>\n<\/div>\n\n\n\n<div class=\"wp-block-column is-layout-flow wp-block-column-is-layout-flow\">\n<figure class=\"wp-block-image size-full\"><img loading=\"lazy\" decoding=\"async\" width=\"800\" height=\"800\" src=\"https:\/\/moyahousehold.com\/wp-content\/uploads\/2025\/02\/4.jpg\" alt=\"MOYA Japanese Style Stainless Steel Thermal Coffee Carafe with Wooden Handle, Vacuum Insulated Tea Pot\" class=\"wp-image-12546\" srcset=\"https:\/\/moyahousehold.com\/wp-content\/uploads\/2025\/02\/4.jpg 800w, https:\/\/moyahousehold.com\/wp-content\/uploads\/2025\/02\/4-300x300.jpg 300w, https:\/\/moyahousehold.com\/wp-content\/uploads\/2025\/02\/4-150x150.jpg 150w, https:\/\/moyahousehold.com\/wp-content\/uploads\/2025\/02\/4-768x768.jpg 768w, https:\/\/moyahousehold.com\/wp-content\/uploads\/2025\/02\/4-12x12.jpg 12w, https:\/\/moyahousehold.com\/wp-content\/uploads\/2025\/02\/4-285x285.jpg 285w, https:\/\/moyahousehold.com\/wp-content\/uploads\/2025\/02\/4-270x270.jpg 270w, https:\/\/moyahousehold.com\/wp-content\/uploads\/2025\/02\/4-540x540.jpg 540w, https:\/\/moyahousehold.com\/wp-content\/uploads\/2025\/02\/4-660x660.jpg 660w\" sizes=\"(max-width: 800px) 100vw, 800px\" \/><\/figure>\n<\/div>\n<\/div>\n\n\n\n<p><\/p>","protected":false},"excerpt":{"rendered":"<p>Venta al por mayor 2.1L estilo japon\u00e9s jarra t\u00e9rmica, de doble capa de vac\u00edo estructura de acero inoxidable, con un excelente rendimiento de conservaci\u00f3n del calor, la preservaci\u00f3n del calor eficaz durante m\u00e1s de 12 horas, disponible en una variedad de colores, f\u00e1cil de combinar con una variedad de ambientes del hogar y la oficina. Apoyamos OEM y ODM, la bienvenida a los mayoristas y minoristas en contacto con nosotros para las cotizaciones.<\/p>\n<h3>Caracter\u00edsticas y ventajas de la jarra t\u00e9rmica de 2,1 l<\/h3>\n<p><strong>Dise\u00f1o de gran capacidad:<\/strong> La jarra t\u00e9rmica tiene un dise\u00f1o de 2100 ml de capacidad, que satisface las necesidades de suministro continuo de agua de reuniones\/reuniones familiares de 4-6 personas.<\/p>\n<p><strong>Dise\u00f1o multicolor a la moda:<\/strong> La jarra t\u00e9rmica ofrece diversas opciones de color, como beige, rojo libro, negro, etc., adecuadas para hogares de estilo n\u00f3rdico, espacios de oficina creativos, cafeter\u00edas boutique y otros escenarios diversos.<\/p>\n<p><strong>Dise\u00f1o preciso del pico vertedor:<\/strong> La jarra t\u00e9rmica adopta una boquilla biselada, el flujo de agua se puede controlar con precisi\u00f3n para evitar salpicaduras, y verter el agua es m\u00e1s suave.<\/p>\n<p><strong>Dise\u00f1o desmontable:<\/strong> El fondo es extra\u00edble, el dep\u00f3sito interior se puede retirar f\u00e1cilmente, es f\u00e1cil de limpiar, evita el crecimiento de olores y bacterias, y es adecuado para almacenar bebidas como leche y caf\u00e9.<\/p>\n<p><strong>Servicio OEM y ODM:<\/strong> Como fabricante de garrafas t\u00e9rmicas, ofrecemos servicios de personalizaci\u00f3n ligera y profunda para satisfacer las necesidades de su marca.<\/p>\n<p><strong><a href=\"https:\/\/moyahousehold.com\/es\/solucion-personalizada\/\">M\u00e1s informaci\u00f3n sobre soluciones de garrafas t\u00e9rmicas personalizadas.<\/a><\/strong><\/p>","protected":false},"featured_media":10104,"comment_status":"closed","ping_status":"closed","template":"","meta":[],"product_cat":[54],"product_tag":[79,85],"class_list":{"0":"post-10098","1":"product","2":"type-product","3":"status-publish","4":"has-post-thumbnail","6":"product_cat-thermal-carafe-wholesale","7":"product_tag-wholesale-2100ml-thermos-carafe","8":"product_tag-wholesale-stainless-steel-liner-thermos-carafe","10":"first","11":"instock","12":"shipping-taxable","13":"product-type-simple"},"_links":{"self":[{"href":"https:\/\/moyahousehold.com\/es\/wp-json\/wp\/v2\/product\/10098","targetHints":{"allow":["GET"]}}],"collection":[{"href":"https:\/\/moyahousehold.com\/es\/wp-json\/wp\/v2\/product"}],"about":[{"href":"https:\/\/moyahousehold.com\/es\/wp-json\/wp\/v2\/types\/product"}],"replies":[{"embeddable":true,"href":"https:\/\/moyahousehold.com\/es\/wp-json\/wp\/v2\/comments?post=10098"}],"version-history":[{"count":0,"href":"https:\/\/moyahousehold.com\/es\/wp-json\/wp\/v2\/product\/10098\/revisions"}],"wp:featuredmedia":[{"embeddable":true,"href":"https:\/\/moyahousehold.com\/es\/wp-json\/wp\/v2\/media\/10104"}],"wp:attachment":[{"href":"https:\/\/moyahousehold.com\/es\/wp-json\/wp\/v2\/media?parent=10098"}],"wp:term":[{"taxonomy":"product_cat","embeddable":true,"href":"https:\/\/moyahousehold.com\/es\/wp-json\/wp\/v2\/product_cat?post=10098"},{"taxonomy":"product_tag","embeddable":true,"href":"https:\/\/moyahousehold.com\/es\/wp-json\/wp\/v2\/product_tag?post=10098"}],"curies":[{"name":"wp","href":"https:\/\/api.w.org\/{rel}","templated":true}]}}