{"id":10112,"date":"2025-02-04T07:45:47","date_gmt":"2025-02-04T07:45:47","guid":{"rendered":"https:\/\/moyahousehold.com\/?post_type=product&#038;p=10112"},"modified":"2025-04-19T10:00:43","modified_gmt":"2025-04-19T10:00:43","slug":"wholesale-1500ml-practical-thermos-kettle","status":"publish","type":"product","link":"https:\/\/moyahousehold.com\/es\/producto\/wholesale-1500ml-practical-thermos-kettle\/","title":{"rendered":"Mayorista Pr\u00e1ctico Termo Hervidor 1.5L - MOYA Thermos Kettle Manufacturer"},"content":{"rendered":"<h3 class=\"wp-block-heading\">Par\u00e1metros del termo hervidor de 1,5 l<\/h3>\n\n\n\n<figure class=\"wp-block-table\"><table class=\"has-fixed-layout\"><tbody><tr><td>Producto&nbsp;<\/td><td>Capacidad<\/td><td>Modelo<\/td><td>Color<\/td><td>Material<\/td><td>Dimensiones<\/td><td>Peso bruto<\/td><\/tr><tr><td>Pr\u00e1ctico termo hervidor de agua de 2,1 l<\/td><td>2.1L<\/td><td>MY0820<\/td><td>Beige, blanco, negro, marr\u00f3n, rojo, verde<\/td><td>PP, acero inoxidable 304, gel de s\u00edlice<\/td><td>202x140x200cm<\/td><td>1,1 kg<\/td><\/tr><\/tbody><\/table><\/figure>\n\n\n\n<h3 class=\"wp-block-heading\">Opci\u00f3n de hervidor termo personalizado<\/h3>\n\n\n\n<p><strong>Logotipo: <\/strong>personalice el logotipo de su marca en el producto y el envase.<br><strong>Opciones de logotipo:<\/strong> logotipo impreso, logotipo grabado con l\u00e1ser, etc.<br><strong>Patr\u00f3n:<\/strong> patrones de impresi\u00f3n <br><strong>Tecnolog\u00eda de impresi\u00f3n: <\/strong>impresi\u00f3n por transferencia de agua, serigraf\u00eda, impresi\u00f3n por transferencia de calor, transferencia por sublimaci\u00f3n, etc.<br><strong>Embalaje:<\/strong> caja de color<br><a href=\"https:\/\/moyahousehold.com\/es\/solucion-personalizada\/\"><strong>Obtenga m\u00e1s informaci\u00f3n sobre soluciones de garrafas termo personalizadas. <\/strong><\/a><\/p>\n\n\n\n<div class=\"wp-block-columns is-layout-flex wp-container-core-columns-is-layout-9d6595d7 wp-block-columns-is-layout-flex\">\n<div class=\"wp-block-column is-layout-flow wp-block-column-is-layout-flow\">\n<figure class=\"wp-block-image size-full\"><img fetchpriority=\"high\" decoding=\"async\" width=\"1600\" height=\"1600\" src=\"https:\/\/moyahousehold.com\/wp-content\/uploads\/2025\/02\/1.5-thermos-kettle-details-3.jpg\" alt=\"1.5 termo detalles (3)\" class=\"wp-image-10115\" srcset=\"https:\/\/moyahousehold.com\/wp-content\/uploads\/2025\/02\/1.5-thermos-kettle-details-3.jpg 1600w, https:\/\/moyahousehold.com\/wp-content\/uploads\/2025\/02\/1.5-thermos-kettle-details-3-300x300.jpg 300w, https:\/\/moyahousehold.com\/wp-content\/uploads\/2025\/02\/1.5-thermos-kettle-details-3-150x150.jpg 150w, https:\/\/moyahousehold.com\/wp-content\/uploads\/2025\/02\/1.5-thermos-kettle-details-3-768x768.jpg 768w, https:\/\/moyahousehold.com\/wp-content\/uploads\/2025\/02\/1.5-thermos-kettle-details-3-12x12.jpg 12w, https:\/\/moyahousehold.com\/wp-content\/uploads\/2025\/02\/1.5-thermos-kettle-details-3-285x285.jpg 285w, https:\/\/moyahousehold.com\/wp-content\/uploads\/2025\/02\/1.5-thermos-kettle-details-3-270x270.jpg 270w, https:\/\/moyahousehold.com\/wp-content\/uploads\/2025\/02\/1.5-thermos-kettle-details-3-540x540.jpg 540w, https:\/\/moyahousehold.com\/wp-content\/uploads\/2025\/02\/1.5-thermos-kettle-details-3-660x660.jpg 660w\" sizes=\"(max-width: 1600px) 100vw, 1600px\" \/><\/figure>\n<\/div>\n\n\n\n<div class=\"wp-block-column is-layout-flow wp-block-column-is-layout-flow\">\n<figure class=\"wp-block-image size-full\"><img decoding=\"async\" width=\"719\" height=\"719\" src=\"https:\/\/moyahousehold.com\/wp-content\/uploads\/2025\/02\/1.5-thermos-kettle-details-4.jpg\" alt=\"1.5 termo detalles (4)\" class=\"wp-image-10116\" srcset=\"https:\/\/moyahousehold.com\/wp-content\/uploads\/2025\/02\/1.5-thermos-kettle-details-4.jpg 719w, https:\/\/moyahousehold.com\/wp-content\/uploads\/2025\/02\/1.5-thermos-kettle-details-4-300x300.jpg 300w, https:\/\/moyahousehold.com\/wp-content\/uploads\/2025\/02\/1.5-thermos-kettle-details-4-150x150.jpg 150w, https:\/\/moyahousehold.com\/wp-content\/uploads\/2025\/02\/1.5-thermos-kettle-details-4-12x12.jpg 12w, https:\/\/moyahousehold.com\/wp-content\/uploads\/2025\/02\/1.5-thermos-kettle-details-4-285x285.jpg 285w, https:\/\/moyahousehold.com\/wp-content\/uploads\/2025\/02\/1.5-thermos-kettle-details-4-270x270.jpg 270w, https:\/\/moyahousehold.com\/wp-content\/uploads\/2025\/02\/1.5-thermos-kettle-details-4-540x540.jpg 540w, https:\/\/moyahousehold.com\/wp-content\/uploads\/2025\/02\/1.5-thermos-kettle-details-4-660x660.jpg 660w\" sizes=\"(max-width: 719px) 100vw, 719px\" \/><\/figure>\n<\/div>\n<\/div>","protected":false},"excerpt":{"rendered":"<p>Pr\u00e1ctico termo hervidor al por mayor de 1,5L, innovadora funci\u00f3n de agua de un solo toque, sin necesidad de desenroscar la tapa, m\u00e1s c\u00f3modo de usar. Dise\u00f1o de doble capa de aislamiento al vac\u00edo, puede mantener la temperatura ideal de la bebida durante mucho tiempo. Apoyamos OEM y ODM, recepci\u00f3n para entrarnos en contacto con para la cita.<\/p>\n<h3>Caracter\u00edsticas y ventajas del termo hervidor de 1,5 l<\/h3>\n<p><strong>Conservaci\u00f3n del calor de alto rendimiento:<\/strong> El hervidor t\u00e9rmico utiliza acero inoxidable de calidad alimentaria como dep\u00f3sito interior, y el cuerpo del hervidor utiliza material PP de alta calidad de calidad alimentaria. El dise\u00f1o al vac\u00edo de doble capa tiene un excelente rendimiento de aislamiento t\u00e9rmico y el tiempo de conservaci\u00f3n del calor es de hasta 12 horas o m\u00e1s.<\/p>\n<p><strong>Dise\u00f1o pr\u00e1ctico:<\/strong> El termo hervidor adopta un dise\u00f1o de descarga de agua con un solo bot\u00f3n, dise\u00f1o a prueba de fugas y dise\u00f1o de pico de \u00e1guila para verter f\u00e1cilmente; una variedad de dise\u00f1os pr\u00e1cticos hacen que este termo hervidor sea m\u00e1s c\u00f3modo de usar.<\/p>\n<p><strong>Filtro extra\u00edble:<\/strong> El termo hervidor est\u00e1 equipado con un filtro de malla de acero inoxidable extra\u00edble, adecuado para preparar t\u00e9 o caf\u00e9, que evita que las hojas de t\u00e9 o los posos de caf\u00e9 entren en la bebida y la mantiene limpia.<\/p>\n<p><strong>Dise\u00f1o moderno y a la moda:<\/strong> Este termo hervidor tiene una forma sencilla y elegante, adecuada para diversos entornos dom\u00e9sticos o de oficina, y realza el sentido de la moda del espacio.<\/p>\n<p><strong>Servicio OEM y ODM:<\/strong> Ofrecemos servicios profesionales de OEM y ODM para crear termos de marca de alta calidad para usted.<\/p>\n<p><strong><a href=\"https:\/\/moyahousehold.com\/es\/solucion-personalizada\/\">M\u00e1s informaci\u00f3n sobre soluciones de hervidores t\u00e9rmicos personalizados.<\/a><\/strong><\/p>","protected":false},"featured_media":10117,"comment_status":"closed","ping_status":"closed","template":"","meta":[],"product_cat":[54],"product_tag":[78,85],"class_list":{"0":"post-10112","1":"product","2":"type-product","3":"status-publish","4":"has-post-thumbnail","6":"product_cat-thermal-carafe-wholesale","7":"product_tag-wholesale-1500ml-thermos-carafe","8":"product_tag-wholesale-stainless-steel-liner-thermos-carafe","10":"first","11":"instock","12":"shipping-taxable","13":"product-type-simple"},"_links":{"self":[{"href":"https:\/\/moyahousehold.com\/es\/wp-json\/wp\/v2\/product\/10112","targetHints":{"allow":["GET"]}}],"collection":[{"href":"https:\/\/moyahousehold.com\/es\/wp-json\/wp\/v2\/product"}],"about":[{"href":"https:\/\/moyahousehold.com\/es\/wp-json\/wp\/v2\/types\/product"}],"replies":[{"embeddable":true,"href":"https:\/\/moyahousehold.com\/es\/wp-json\/wp\/v2\/comments?post=10112"}],"version-history":[{"count":0,"href":"https:\/\/moyahousehold.com\/es\/wp-json\/wp\/v2\/product\/10112\/revisions"}],"wp:featuredmedia":[{"embeddable":true,"href":"https:\/\/moyahousehold.com\/es\/wp-json\/wp\/v2\/media\/10117"}],"wp:attachment":[{"href":"https:\/\/moyahousehold.com\/es\/wp-json\/wp\/v2\/media?parent=10112"}],"wp:term":[{"taxonomy":"product_cat","embeddable":true,"href":"https:\/\/moyahousehold.com\/es\/wp-json\/wp\/v2\/product_cat?post=10112"},{"taxonomy":"product_tag","embeddable":true,"href":"https:\/\/moyahousehold.com\/es\/wp-json\/wp\/v2\/product_tag?post=10112"}],"curies":[{"name":"wp","href":"https:\/\/api.w.org\/{rel}","templated":true}]}}