{"id":10128,"date":"2025-02-04T08:12:25","date_gmt":"2025-02-04T08:12:25","guid":{"rendered":"https:\/\/moyahousehold.com\/?post_type=product&#038;p=10128"},"modified":"2025-04-24T09:33:31","modified_gmt":"2025-04-24T09:33:31","slug":"wholesale-insulated-carafe-with-a-smart-digital-display","status":"publish","type":"product","link":"https:\/\/moyahousehold.com\/es\/producto\/wholesale-insulated-carafe-with-a-smart-digital-display\/","title":{"rendered":"Mayorista Jarra Aislada con Pantalla Digital Inteligente (1.0L) - MOYA Fabricante de Jarra Aislada,Disponible en OEM y ODM"},"content":{"rendered":"<h3 class=\"wp-block-heading\">Par\u00e1metros de la jarra isot\u00e9rmica con pantalla digital inteligente<\/h3>\n\n\n\n<figure class=\"wp-block-table\"><table class=\"has-fixed-layout\"><tbody><tr><td>Producto&nbsp;<\/td><td>Capacidad<\/td><td>Modelo<\/td><td>Color<\/td><td>Material<\/td><td>Dimensiones<\/td><td>Peso bruto<\/td><\/tr><tr><td>Pr\u00e1ctico termo hervidor de agua de 2,1 l<\/td><td>1.0L<\/td><td>MY0896<\/td><td>negro,<br>blanco,<br>rojo chino<\/td><td>PP, acero inoxidable 304, gel de s\u00edlice<\/td><td>188*125*254cm<\/td><td>1,4 kg<\/td><\/tr><\/tbody><\/table><\/figure>\n\n\n\n<h3 class=\"wp-block-heading\">Opci\u00f3n de jarra isot\u00e9rmica personalizada<\/h3>\n\n\n\n<p><strong>Logotipo: <\/strong>personalice el logotipo de su marca en el producto y el envase.<br><strong>Opciones de logotipo:<\/strong> logotipo impreso, logotipo grabado con l\u00e1ser, etc.<br><strong>Patr\u00f3n:<\/strong> patrones de impresi\u00f3n <br><strong>Tecnolog\u00eda de impresi\u00f3n: <\/strong>impresi\u00f3n por transferencia de agua, serigraf\u00eda, impresi\u00f3n por transferencia de calor, transferencia por sublimaci\u00f3n, etc.<br><strong>Embalaje:<\/strong> caja de color<br><a href=\"https:\/\/moyahousehold.com\/es\/solucion-personalizada\/\"><strong>Obtenga m\u00e1s informaci\u00f3n sobre las soluciones personalizadas de garrafas isot\u00e9rmicas. <\/strong><\/a><\/p>\n\n\n\n<div class=\"wp-block-columns is-layout-flex wp-container-core-columns-is-layout-9d6595d7 wp-block-columns-is-layout-flex\">\n<div class=\"wp-block-column is-layout-flow wp-block-column-is-layout-flow\">\n<figure class=\"wp-block-image size-full\"><img fetchpriority=\"high\" decoding=\"async\" width=\"2181\" height=\"2181\" src=\"https:\/\/moyahousehold.com\/wp-content\/uploads\/2025\/02\/Smart-digital-display-insulated-carafe-details-1.webp\" alt=\"Detalles de la jarra isot\u00e9rmica con pantalla digital inteligente (1)\" class=\"wp-image-10129\" srcset=\"https:\/\/moyahousehold.com\/wp-content\/uploads\/2025\/02\/Smart-digital-display-insulated-carafe-details-1.webp 2181w, https:\/\/moyahousehold.com\/wp-content\/uploads\/2025\/02\/Smart-digital-display-insulated-carafe-details-1-300x300.webp 300w, https:\/\/moyahousehold.com\/wp-content\/uploads\/2025\/02\/Smart-digital-display-insulated-carafe-details-1-150x150.webp 150w, https:\/\/moyahousehold.com\/wp-content\/uploads\/2025\/02\/Smart-digital-display-insulated-carafe-details-1-768x768.webp 768w, https:\/\/moyahousehold.com\/wp-content\/uploads\/2025\/02\/Smart-digital-display-insulated-carafe-details-1-12x12.webp 12w, https:\/\/moyahousehold.com\/wp-content\/uploads\/2025\/02\/Smart-digital-display-insulated-carafe-details-1-285x285.webp 285w, https:\/\/moyahousehold.com\/wp-content\/uploads\/2025\/02\/Smart-digital-display-insulated-carafe-details-1-1600x1600.webp 1600w, https:\/\/moyahousehold.com\/wp-content\/uploads\/2025\/02\/Smart-digital-display-insulated-carafe-details-1-270x270.webp 270w, https:\/\/moyahousehold.com\/wp-content\/uploads\/2025\/02\/Smart-digital-display-insulated-carafe-details-1-540x540.webp 540w, https:\/\/moyahousehold.com\/wp-content\/uploads\/2025\/02\/Smart-digital-display-insulated-carafe-details-1-660x660.webp 660w\" sizes=\"(max-width: 2181px) 100vw, 2181px\" \/><\/figure>\n<\/div>\n\n\n\n<div class=\"wp-block-column is-layout-flow wp-block-column-is-layout-flow\">\n<figure class=\"wp-block-image size-full\"><img decoding=\"async\" width=\"1600\" height=\"1600\" src=\"https:\/\/moyahousehold.com\/wp-content\/uploads\/2025\/02\/Smart-digital-display-insulated-carafe-details-2.webp\" alt=\"Detalles de la jarra isot\u00e9rmica con pantalla digital inteligente (2)\" class=\"wp-image-10130\" srcset=\"https:\/\/moyahousehold.com\/wp-content\/uploads\/2025\/02\/Smart-digital-display-insulated-carafe-details-2.webp 1600w, https:\/\/moyahousehold.com\/wp-content\/uploads\/2025\/02\/Smart-digital-display-insulated-carafe-details-2-300x300.webp 300w, https:\/\/moyahousehold.com\/wp-content\/uploads\/2025\/02\/Smart-digital-display-insulated-carafe-details-2-150x150.webp 150w, https:\/\/moyahousehold.com\/wp-content\/uploads\/2025\/02\/Smart-digital-display-insulated-carafe-details-2-768x768.webp 768w, https:\/\/moyahousehold.com\/wp-content\/uploads\/2025\/02\/Smart-digital-display-insulated-carafe-details-2-12x12.webp 12w, https:\/\/moyahousehold.com\/wp-content\/uploads\/2025\/02\/Smart-digital-display-insulated-carafe-details-2-285x285.webp 285w, https:\/\/moyahousehold.com\/wp-content\/uploads\/2025\/02\/Smart-digital-display-insulated-carafe-details-2-270x270.webp 270w, https:\/\/moyahousehold.com\/wp-content\/uploads\/2025\/02\/Smart-digital-display-insulated-carafe-details-2-540x540.webp 540w, https:\/\/moyahousehold.com\/wp-content\/uploads\/2025\/02\/Smart-digital-display-insulated-carafe-details-2-660x660.webp 660w\" sizes=\"(max-width: 1600px) 100vw, 1600px\" \/><\/figure>\n<\/div>\n<\/div>\n\n\n\n<p><\/p>","protected":false},"excerpt":{"rendered":"<p>Jarra aislante al por mayor con pantalla digital inteligente, visualizaci\u00f3n en tiempo real de la temperatura del l\u00edquido. El tiempo de conservaci\u00f3n del calor es de m\u00e1s de 12 horas, y est\u00e1 hecho de materiales seguros y saludables para garantizar la salud de los usuarios. Como fabricante de jarra isot\u00e9rmica, ofrecemos servicios de jarra isot\u00e9rmica al por mayor y personalizada a precios de f\u00e1brica, bienvenido a contactarnos para una cotizaci\u00f3n.<\/p>\n<h3>Caracter\u00edsticas y ventajas de la jarra isot\u00e9rmica con pantalla digital inteligente<\/h3>\n<p><strong>Pantalla digital inteligente:<\/strong> La jarra isot\u00e9rmica est\u00e1 equipada con un indicador digital de temperatura que muestra la temperatura del l\u00edquido en tiempo real, lo que le permite controlar la temperatura de su bebida en todo momento para evitar el sobrecalentamiento o el sobreenfriamiento.<\/p>\n<p><strong>Aislamiento eficaz:<\/strong> La jarra aislante adopta una estructura de acero inoxidable al vac\u00edo de doble capa, que puede mantener la temperatura de la bebida durante mucho tiempo, tanto si se trata de bebidas calientes como fr\u00edas, puede mantener el mejor sabor.<\/p>\n<p><strong>Selecci\u00f3n multicolor:<\/strong> Los usuarios pueden elegir entre varios colores (rojo, blanco y negro) y personalizarlos.<\/p>\n<p><strong>Material respetuoso con el medio ambiente:<\/strong> El tanque interior est\u00e1 hecho de acero inoxidable de calidad alimentaria, y la cubierta exterior est\u00e1 hecha de material PP de calidad alimentaria, que es seguro y no t\u00f3xico para garantizar su uso saludable.<\/p>\n<p><strong>Servicio OEM y ODM:<\/strong> Ofrecemos servicios flexibles de garrafas isot\u00e9rmicas personalizadas. Tanto si se trata de una compra al por mayor como de una personalizaci\u00f3n a medida, podemos ofrecer soluciones eficaces y profesionales.<\/p>\n<p><strong><a href=\"https:\/\/moyahousehold.com\/es\/wholesale-thermal-carafe-with-smart-digital-display\/\" target=\"_blank\" rel=\"noopener\">M\u00e1s informaci\u00f3n sobre la jarra t\u00e9rmica con pantalla digital inteligente detalles.<\/a><\/strong><\/p>","protected":false},"featured_media":10132,"comment_status":"closed","ping_status":"closed","template":"","meta":[],"product_cat":[54],"product_tag":[66,85],"class_list":{"0":"post-10128","1":"product","2":"type-product","3":"status-publish","4":"has-post-thumbnail","6":"product_cat-thermal-carafe-wholesale","7":"product_tag-wholesale-1000ml-thermos-carafe","8":"product_tag-wholesale-stainless-steel-liner-thermos-carafe","10":"first","11":"instock","12":"shipping-taxable","13":"product-type-simple"},"_links":{"self":[{"href":"https:\/\/moyahousehold.com\/es\/wp-json\/wp\/v2\/product\/10128","targetHints":{"allow":["GET"]}}],"collection":[{"href":"https:\/\/moyahousehold.com\/es\/wp-json\/wp\/v2\/product"}],"about":[{"href":"https:\/\/moyahousehold.com\/es\/wp-json\/wp\/v2\/types\/product"}],"replies":[{"embeddable":true,"href":"https:\/\/moyahousehold.com\/es\/wp-json\/wp\/v2\/comments?post=10128"}],"version-history":[{"count":0,"href":"https:\/\/moyahousehold.com\/es\/wp-json\/wp\/v2\/product\/10128\/revisions"}],"wp:featuredmedia":[{"embeddable":true,"href":"https:\/\/moyahousehold.com\/es\/wp-json\/wp\/v2\/media\/10132"}],"wp:attachment":[{"href":"https:\/\/moyahousehold.com\/es\/wp-json\/wp\/v2\/media?parent=10128"}],"wp:term":[{"taxonomy":"product_cat","embeddable":true,"href":"https:\/\/moyahousehold.com\/es\/wp-json\/wp\/v2\/product_cat?post=10128"},{"taxonomy":"product_tag","embeddable":true,"href":"https:\/\/moyahousehold.com\/es\/wp-json\/wp\/v2\/product_tag?post=10128"}],"curies":[{"name":"wp","href":"https:\/\/api.w.org\/{rel}","templated":true}]}}