{"id":10345,"date":"2025-02-06T08:22:02","date_gmt":"2025-02-06T08:22:02","guid":{"rendered":"https:\/\/moyahousehold.com\/?post_type=product&#038;p=10345"},"modified":"2025-02-06T10:09:34","modified_gmt":"2025-02-06T10:09:34","slug":"wholesale-customized-insulated-water-bottles","status":"publish","type":"product","link":"https:\/\/moyahousehold.com\/es\/producto\/wholesale-customized-insulated-water-bottles\/","title":{"rendered":"Botellas de agua aisladas personalizadas Venta directa de f\u00e1brica, Botella de agua de acero inoxidable de 350mL a granel, OEM y ODM disponibles"},"content":{"rendered":"<h3 class=\"wp-block-heading\">Par\u00e1metros de la botella de agua de acero inoxidable de 350 ml<\/h3>\n\n\n\n<figure class=\"wp-block-table\"><table class=\"has-fixed-layout\"><tbody><tr><td>Producto&nbsp;<\/td><td>Capacidad<\/td><td>Modelo<\/td><td>Color<\/td><td>Material<\/td><td>Dimensiones<\/td><td>Peso bruto<\/td><\/tr><tr><td>Botella de agua isot\u00e9rmica de acero inoxidable de 350 ml<\/td><td>350 ml<\/td><td>MY0839-A<\/td><td>negro,<br>rosa,<br>blanco,<br>acero<\/td><td>PP, acero inoxidable 304, gel de s\u00edlice<\/td><td>73x73x180mm<\/td><td>0,4 kg<\/td><\/tr><\/tbody><\/table><\/figure>\n\n\n\n<h3 class=\"wp-block-heading\">Opciones de botellas de agua de acero inoxidable personalizadas<\/h3>\n\n\n\n<p><strong>Logotipo:<\/strong> Personalice el logotipo de su marca en el producto y el envase.<br><strong>Opciones de logotipo:<\/strong> logotipo impreso, logotipo grabado con l\u00e1ser, etc.<br><strong>Patr\u00f3n:<\/strong> patrones de impresi\u00f3n <br><strong>Tecnolog\u00eda de impresi\u00f3n:<\/strong> impresi\u00f3n por transferencia de agua, serigraf\u00eda, impresi\u00f3n por transferencia de calor, transferencia por sublimaci\u00f3n, etc.<br><strong>Embalaje:<\/strong> caja de color<br><a href=\"https:\/\/moyahousehold.com\/es\/solucion-personalizada\/\"><strong>M\u00e1s informaci\u00f3n sobre soluciones personalizadas para botellas de agua de acero inoxidable.<\/strong><\/a><\/p>\n\n\n\n<div class=\"wp-block-columns is-layout-flex wp-container-core-columns-is-layout-9d6595d7 wp-block-columns-is-layout-flex\">\n<div class=\"wp-block-column is-layout-flow wp-block-column-is-layout-flow\">\n<figure class=\"wp-block-image size-full\"><img fetchpriority=\"high\" decoding=\"async\" width=\"1600\" height=\"1600\" src=\"https:\/\/moyahousehold.com\/wp-content\/uploads\/2025\/02\/stainless-steel-insulated-water-bottle-details-2.webp\" alt=\"botella de agua aislada de acero inoxidable detalles (2)\" class=\"wp-image-10347\" srcset=\"https:\/\/moyahousehold.com\/wp-content\/uploads\/2025\/02\/stainless-steel-insulated-water-bottle-details-2.webp 1600w, https:\/\/moyahousehold.com\/wp-content\/uploads\/2025\/02\/stainless-steel-insulated-water-bottle-details-2-300x300.webp 300w, https:\/\/moyahousehold.com\/wp-content\/uploads\/2025\/02\/stainless-steel-insulated-water-bottle-details-2-150x150.webp 150w, https:\/\/moyahousehold.com\/wp-content\/uploads\/2025\/02\/stainless-steel-insulated-water-bottle-details-2-768x768.webp 768w, https:\/\/moyahousehold.com\/wp-content\/uploads\/2025\/02\/stainless-steel-insulated-water-bottle-details-2-12x12.webp 12w, https:\/\/moyahousehold.com\/wp-content\/uploads\/2025\/02\/stainless-steel-insulated-water-bottle-details-2-285x285.webp 285w, https:\/\/moyahousehold.com\/wp-content\/uploads\/2025\/02\/stainless-steel-insulated-water-bottle-details-2-270x270.webp 270w, https:\/\/moyahousehold.com\/wp-content\/uploads\/2025\/02\/stainless-steel-insulated-water-bottle-details-2-540x540.webp 540w, https:\/\/moyahousehold.com\/wp-content\/uploads\/2025\/02\/stainless-steel-insulated-water-bottle-details-2-660x660.webp 660w\" sizes=\"(max-width: 1600px) 100vw, 1600px\" \/><\/figure>\n<\/div>\n\n\n\n<div class=\"wp-block-column is-layout-flow wp-block-column-is-layout-flow\">\n<figure class=\"wp-block-image size-full\"><img decoding=\"async\" width=\"1600\" height=\"1600\" src=\"https:\/\/moyahousehold.com\/wp-content\/uploads\/2025\/02\/stainless-steel-insulated-water-bottle-details-3.webp\" alt=\"botella de agua aislada de acero inoxidable detalles (3)\" class=\"wp-image-10348\" srcset=\"https:\/\/moyahousehold.com\/wp-content\/uploads\/2025\/02\/stainless-steel-insulated-water-bottle-details-3.webp 1600w, https:\/\/moyahousehold.com\/wp-content\/uploads\/2025\/02\/stainless-steel-insulated-water-bottle-details-3-300x300.webp 300w, https:\/\/moyahousehold.com\/wp-content\/uploads\/2025\/02\/stainless-steel-insulated-water-bottle-details-3-150x150.webp 150w, https:\/\/moyahousehold.com\/wp-content\/uploads\/2025\/02\/stainless-steel-insulated-water-bottle-details-3-768x768.webp 768w, https:\/\/moyahousehold.com\/wp-content\/uploads\/2025\/02\/stainless-steel-insulated-water-bottle-details-3-12x12.webp 12w, https:\/\/moyahousehold.com\/wp-content\/uploads\/2025\/02\/stainless-steel-insulated-water-bottle-details-3-285x285.webp 285w, https:\/\/moyahousehold.com\/wp-content\/uploads\/2025\/02\/stainless-steel-insulated-water-bottle-details-3-270x270.webp 270w, https:\/\/moyahousehold.com\/wp-content\/uploads\/2025\/02\/stainless-steel-insulated-water-bottle-details-3-540x540.webp 540w, https:\/\/moyahousehold.com\/wp-content\/uploads\/2025\/02\/stainless-steel-insulated-water-bottle-details-3-660x660.webp 660w\" sizes=\"(max-width: 1600px) 100vw, 1600px\" \/><\/figure>\n<\/div>\n<\/div>","protected":false},"excerpt":{"rendered":"<p>Venta al por mayor 350mL botellas de agua de acero inoxidable con aislamiento, boca ancha, conveniente para verter y limpieza, hecha de acero inoxidable 304 de calidad alimentaria, durable y resistente a la corrosi\u00f3n, se puede utilizar para contener otros l\u00edquidos, como zumo, t\u00e9, etc, con una amplia gama de usos. MOYA fabricante de botellas de agua apoya OEM y ODM, bienvenido a ponerse en contacto con nosotros para una cotizaci\u00f3n.<\/p>\n<h3>Caracter\u00edsticas y ventajas de la botella de agua aislante de acero inoxidable<\/h3>\n<p><strong>Seguridad de los materiales:<\/strong> La botella de agua aislada de acero inoxidable de 350 ml est\u00e1 fabricada con acero inoxidable de calidad alimentaria, que no contiene sustancias nocivas, lo que garantiza la seguridad y la salud del agua potable.<\/p>\n<p><strong>Respetuoso con el medio ambiente y reutilizable:<\/strong> La botella de agua aislada de acero inoxidable puede reducir el uso de botellas de pl\u00e1stico desechables, lo que es m\u00e1s respetuoso con el medio ambiente y se ajusta al concepto de desarrollo sostenible.<\/p>\n<p><strong>Gran durabilidad:<\/strong> El cuerpo de la botella de acero inoxidable es robusto y duradero, resistente al desgaste y a la corrosi\u00f3n, tiene una larga vida \u00fatil y no es f\u00e1cil de da\u00f1ar.<\/p>\n<p><strong>Buen sellado:<\/strong> La botella de agua aislada de acero inoxidable de 350 ml tiene una buena estructura de sellado de la tapa de la botella, que puede evitar fugas de l\u00edquido y se puede colocar de forma segura en una bolsa sin preocuparse de que se mojen las cosas.<\/p>\n<p><strong>Servicio OEM y ODM:<\/strong> El fabricante de botellas de agua de acero inoxidable MOYA ofrece servicios profesionales de personalizaci\u00f3n, y puede grabar el logotipo de su marca en la botella de agua aislada o dise\u00f1ar profundamente una nueva botella de agua para usted.<\/p>\n<p><strong><a href=\"https:\/\/moyahousehold.com\/es\/solucion-personalizada\/\">M\u00e1s informaci\u00f3n sobre soluciones OEM&amp;ODM a medida para botellas de agua de acero inoxidable.<\/a><\/strong><\/p>","protected":false},"featured_media":10354,"comment_status":"closed","ping_status":"closed","template":"","meta":[],"product_cat":[53],"product_tag":[104],"class_list":{"0":"post-10345","1":"product","2":"type-product","3":"status-publish","4":"has-post-thumbnail","6":"product_cat-vacuum-bottle-wholesale","7":"product_tag-wholesale-350ml-insulated-water-bottles","9":"first","10":"instock","11":"shipping-taxable","12":"product-type-simple"},"_links":{"self":[{"href":"https:\/\/moyahousehold.com\/es\/wp-json\/wp\/v2\/product\/10345","targetHints":{"allow":["GET"]}}],"collection":[{"href":"https:\/\/moyahousehold.com\/es\/wp-json\/wp\/v2\/product"}],"about":[{"href":"https:\/\/moyahousehold.com\/es\/wp-json\/wp\/v2\/types\/product"}],"replies":[{"embeddable":true,"href":"https:\/\/moyahousehold.com\/es\/wp-json\/wp\/v2\/comments?post=10345"}],"version-history":[{"count":0,"href":"https:\/\/moyahousehold.com\/es\/wp-json\/wp\/v2\/product\/10345\/revisions"}],"wp:featuredmedia":[{"embeddable":true,"href":"https:\/\/moyahousehold.com\/es\/wp-json\/wp\/v2\/media\/10354"}],"wp:attachment":[{"href":"https:\/\/moyahousehold.com\/es\/wp-json\/wp\/v2\/media?parent=10345"}],"wp:term":[{"taxonomy":"product_cat","embeddable":true,"href":"https:\/\/moyahousehold.com\/es\/wp-json\/wp\/v2\/product_cat?post=10345"},{"taxonomy":"product_tag","embeddable":true,"href":"https:\/\/moyahousehold.com\/es\/wp-json\/wp\/v2\/product_tag?post=10345"}],"curies":[{"name":"wp","href":"https:\/\/api.w.org\/{rel}","templated":true}]}}