{"id":10361,"date":"2025-02-06T08:59:05","date_gmt":"2025-02-06T08:59:05","guid":{"rendered":"https:\/\/moyahousehold.com\/?post_type=product&#038;p=10361"},"modified":"2025-02-06T10:09:22","modified_gmt":"2025-02-06T10:09:22","slug":"bulk-350ml-304-stainless-steel-insulated-water-bottles","status":"publish","type":"product","link":"https:\/\/moyahousehold.com\/es\/producto\/bulk-350ml-304-stainless-steel-insulated-water-bottles\/","title":{"rendered":"A granel 350mL 304 botellas de agua aisladas de acero inoxidable, servicio personalizado de botellas de agua aisladas disponible"},"content":{"rendered":"<h3 class=\"wp-block-heading\">Par\u00e1metros de las botellas de agua aisladas de acero inoxidable 304<\/h3>\n\n\n\n<figure class=\"wp-block-table\"><table class=\"has-fixed-layout\"><tbody><tr><td>Producto&nbsp;<\/td><td>Capacidad<\/td><td>Modelo<\/td><td>Color<\/td><td>Material<\/td><td>Dimensiones<\/td><td>Peso bruto<\/td><\/tr><tr><td>Botella de agua isot\u00e9rmica de acero inoxidable de 350 ml<\/td><td>350 ml<\/td><td>MY0839-B<\/td><td>negro,<br>rosa,<br>blanco,<br>acero<\/td><td>PP, acero inoxidable 304, gel de s\u00edlice<\/td><td>82x82x175mm<\/td><td>0,4 kg<\/td><\/tr><\/tbody><\/table><\/figure>\n\n\n\n<h3 class=\"wp-block-heading\">Opciones de botellas de agua de acero inoxidable personalizadas<\/h3>\n\n\n\n<p><strong>Logotipo:<\/strong> Personalice el logotipo de su marca en productos y envases.<br><strong>Opciones de logotipo:<\/strong> logotipo impreso, logotipo grabado con l\u00e1ser, etc.<br><strong>Patr\u00f3n:<\/strong> patrones de impresi\u00f3n <br><strong>Tecnolog\u00eda de impresi\u00f3n:<\/strong> impresi\u00f3n por transferencia de agua, serigraf\u00eda, impresi\u00f3n por transferencia de calor, transferencia por sublimaci\u00f3n, etc.<br><strong>Embalaje:<\/strong> caja de color<br><a href=\"https:\/\/moyahousehold.com\/es\/solucion-personalizada\/\"><strong>M\u00e1s informaci\u00f3n sobre soluciones personalizadas para botellas de agua de acero inoxidable.<\/strong><\/a><\/p>\n\n\n\n<div class=\"wp-block-columns is-layout-flex wp-container-core-columns-is-layout-9d6595d7 wp-block-columns-is-layout-flex\">\n<div class=\"wp-block-column is-layout-flow wp-block-column-is-layout-flow\">\n<figure class=\"wp-block-image size-full\"><img fetchpriority=\"high\" decoding=\"async\" width=\"1600\" height=\"1600\" src=\"https:\/\/moyahousehold.com\/wp-content\/uploads\/2025\/02\/304-stainless-steel-water-bottle-details-4.webp\" alt=\"Detalles de la botella de agua de acero inoxidable 304 (4)\" class=\"wp-image-10371\" srcset=\"https:\/\/moyahousehold.com\/wp-content\/uploads\/2025\/02\/304-stainless-steel-water-bottle-details-4.webp 1600w, https:\/\/moyahousehold.com\/wp-content\/uploads\/2025\/02\/304-stainless-steel-water-bottle-details-4-300x300.webp 300w, https:\/\/moyahousehold.com\/wp-content\/uploads\/2025\/02\/304-stainless-steel-water-bottle-details-4-150x150.webp 150w, https:\/\/moyahousehold.com\/wp-content\/uploads\/2025\/02\/304-stainless-steel-water-bottle-details-4-768x768.webp 768w, https:\/\/moyahousehold.com\/wp-content\/uploads\/2025\/02\/304-stainless-steel-water-bottle-details-4-12x12.webp 12w, https:\/\/moyahousehold.com\/wp-content\/uploads\/2025\/02\/304-stainless-steel-water-bottle-details-4-285x285.webp 285w, https:\/\/moyahousehold.com\/wp-content\/uploads\/2025\/02\/304-stainless-steel-water-bottle-details-4-270x270.webp 270w, https:\/\/moyahousehold.com\/wp-content\/uploads\/2025\/02\/304-stainless-steel-water-bottle-details-4-540x540.webp 540w, https:\/\/moyahousehold.com\/wp-content\/uploads\/2025\/02\/304-stainless-steel-water-bottle-details-4-660x660.webp 660w\" sizes=\"(max-width: 1600px) 100vw, 1600px\" \/><\/figure>\n<\/div>\n\n\n\n<div class=\"wp-block-column is-layout-flow wp-block-column-is-layout-flow\">\n<figure class=\"wp-block-image size-full\"><img decoding=\"async\" width=\"1600\" height=\"1600\" src=\"https:\/\/moyahousehold.com\/wp-content\/uploads\/2025\/02\/304-stainless-steel-water-bottle-details-5.webp\" alt=\"Detalles de la botella de agua de acero inoxidable 304 (5)\" class=\"wp-image-10372\" srcset=\"https:\/\/moyahousehold.com\/wp-content\/uploads\/2025\/02\/304-stainless-steel-water-bottle-details-5.webp 1600w, https:\/\/moyahousehold.com\/wp-content\/uploads\/2025\/02\/304-stainless-steel-water-bottle-details-5-300x300.webp 300w, https:\/\/moyahousehold.com\/wp-content\/uploads\/2025\/02\/304-stainless-steel-water-bottle-details-5-150x150.webp 150w, https:\/\/moyahousehold.com\/wp-content\/uploads\/2025\/02\/304-stainless-steel-water-bottle-details-5-768x768.webp 768w, https:\/\/moyahousehold.com\/wp-content\/uploads\/2025\/02\/304-stainless-steel-water-bottle-details-5-12x12.webp 12w, https:\/\/moyahousehold.com\/wp-content\/uploads\/2025\/02\/304-stainless-steel-water-bottle-details-5-285x285.webp 285w, https:\/\/moyahousehold.com\/wp-content\/uploads\/2025\/02\/304-stainless-steel-water-bottle-details-5-270x270.webp 270w, https:\/\/moyahousehold.com\/wp-content\/uploads\/2025\/02\/304-stainless-steel-water-bottle-details-5-540x540.webp 540w, https:\/\/moyahousehold.com\/wp-content\/uploads\/2025\/02\/304-stainless-steel-water-bottle-details-5-660x660.webp 660w\" sizes=\"(max-width: 1600px) 100vw, 1600px\" \/><\/figure>\n<\/div>\n<\/div>","protected":false},"excerpt":{"rendered":"<p>Botellas de agua aisladas de acero inoxidable personalizables a granel para la venta, puede lograr m\u00e1s de 12 horas de preservaci\u00f3n del calor o efecto de preservaci\u00f3n del fr\u00edo, adecuado para viajes de larga distancia o actividades al aire libre, dise\u00f1ado para adaptarse al portavasos del coche, conveniente para su uso durante la conducci\u00f3n. MOYA apoya OEM y ODM, p\u00f3ngase en contacto con nosotros para una cotizaci\u00f3n.<\/p>\n<h3>Caracter\u00edsticas y ventajas de la botella de agua aislante de acero inoxidable<\/h3>\n<p><strong>Excelente rendimiento aislante:<\/strong> El dise\u00f1o de acero inoxidable de doble capa puede mantener eficazmente la temperatura de las bebidas calientes y fr\u00edas durante m\u00e1s de 12 horas.<\/p>\n<p><strong>Dise\u00f1o sin olores:<\/strong> Fabricado en acero inoxidable de calidad alimentaria, el interior de la botella termo no es f\u00e1cil de absorber olores, manteniendo las bebidas puras y frescas.<\/p>\n<p><strong>Ergon\u00f3mico:<\/strong> El dise\u00f1o de esta botella de agua aislada de acero inoxidable es ergon\u00f3mico y c\u00f3modo de sujetar.<\/p>\n<p><strong>Apto para varios portavasos de coche:<\/strong> Esta botella de agua aislada de acero inoxidable es adecuada para los portavasos de los coches, por lo que resulta c\u00f3moda de usar mientras se conduce y no ocupa demasiado espacio.<\/p>\n<p><strong>Impresi\u00f3n de logotipo personalizable:<\/strong> Se pueden realizar impresiones personalizadas seg\u00fan las necesidades de particulares o empresas, adecuadas como productos de marca o regalos.<\/p>\n<p><strong>Servicios OEM y ODM:<\/strong> Los fabricantes de botellas de agua de acero inoxidable MOYA proporcionan servicios profesionales de personalizaci\u00f3n, permitiendo a los clientes personalizar las especificaciones, materiales, colores y dise\u00f1os de apariencia de las botellas de agua aisladas de acuerdo con las necesidades de su propia marca.<\/p>\n<p><strong><a href=\"https:\/\/moyahousehold.com\/es\/solucion-personalizada\/\">M\u00e1s informaci\u00f3n sobre soluciones OEM&amp;ODM a medida para botellas de agua de acero inoxidable.<\/a><\/strong><\/p>","protected":false},"featured_media":10362,"comment_status":"closed","ping_status":"closed","template":"","meta":[],"product_cat":[53],"product_tag":[104],"class_list":{"0":"post-10361","1":"product","2":"type-product","3":"status-publish","4":"has-post-thumbnail","6":"product_cat-vacuum-bottle-wholesale","7":"product_tag-wholesale-350ml-insulated-water-bottles","9":"first","10":"instock","11":"shipping-taxable","12":"product-type-simple"},"_links":{"self":[{"href":"https:\/\/moyahousehold.com\/es\/wp-json\/wp\/v2\/product\/10361","targetHints":{"allow":["GET"]}}],"collection":[{"href":"https:\/\/moyahousehold.com\/es\/wp-json\/wp\/v2\/product"}],"about":[{"href":"https:\/\/moyahousehold.com\/es\/wp-json\/wp\/v2\/types\/product"}],"replies":[{"embeddable":true,"href":"https:\/\/moyahousehold.com\/es\/wp-json\/wp\/v2\/comments?post=10361"}],"version-history":[{"count":0,"href":"https:\/\/moyahousehold.com\/es\/wp-json\/wp\/v2\/product\/10361\/revisions"}],"wp:featuredmedia":[{"embeddable":true,"href":"https:\/\/moyahousehold.com\/es\/wp-json\/wp\/v2\/media\/10362"}],"wp:attachment":[{"href":"https:\/\/moyahousehold.com\/es\/wp-json\/wp\/v2\/media?parent=10361"}],"wp:term":[{"taxonomy":"product_cat","embeddable":true,"href":"https:\/\/moyahousehold.com\/es\/wp-json\/wp\/v2\/product_cat?post=10361"},{"taxonomy":"product_tag","embeddable":true,"href":"https:\/\/moyahousehold.com\/es\/wp-json\/wp\/v2\/product_tag?post=10361"}],"curies":[{"name":"wp","href":"https:\/\/api.w.org\/{rel}","templated":true}]}}