{"id":10377,"date":"2025-02-06T09:28:41","date_gmt":"2025-02-06T09:28:41","guid":{"rendered":"https:\/\/moyahousehold.com\/?post_type=product&#038;p=10377"},"modified":"2025-02-06T10:09:10","modified_gmt":"2025-02-06T10:09:10","slug":"wholesale-custom-350ml-thermos-bottles","status":"publish","type":"product","link":"https:\/\/moyahousehold.com\/es\/producto\/wholesale-custom-350ml-thermos-bottles\/","title":{"rendered":"Botella Termo Personalizada Disponible, Botellas Termo 350mL al por mayor al por mayor - MOYA Fabricante de Botellas de Agua"},"content":{"rendered":"<h3 class=\"wp-block-heading\">Par\u00e1metros del termo de 350 ml<\/h3>\n\n\n\n<figure class=\"wp-block-table\"><table class=\"has-fixed-layout\"><tbody><tr><td>Producto&nbsp;<\/td><td>Capacidad<\/td><td>Modelo<\/td><td>Color<\/td><td>Material<\/td><td>Dimensiones<\/td><td>Peso bruto<\/td><\/tr><tr><td>Botella de agua isot\u00e9rmica de acero inoxidable de 350 ml<\/td><td>350 ml<\/td><td>MY0839-B<\/td><td>negro,<br>rosa,<br>blanco,<br>acero<\/td><td>PP, acero inoxidable 304, gel de s\u00edlice<\/td><td>82x82x175mm<\/td><td>0,4 kg<\/td><\/tr><\/tbody><\/table><\/figure>\n\n\n\n<h3 class=\"wp-block-heading\">Opciones de termos personalizados<\/h3>\n\n\n\n<p><strong>Logotipo:<\/strong> Personalice el logotipo de su marca en productos y envases.<br><strong>Opciones de logotipo:<\/strong> logotipo impreso, logotipo grabado con l\u00e1ser, etc.<br><strong>Patr\u00f3n:<\/strong> patrones de impresi\u00f3n <br><strong>Tecnolog\u00eda de impresi\u00f3n:<\/strong> impresi\u00f3n por transferencia de agua, serigraf\u00eda, impresi\u00f3n por transferencia de calor, transferencia por sublimaci\u00f3n, etc.<br><strong>Embalaje:<\/strong> caja de color<br><a href=\"https:\/\/moyahousehold.com\/es\/solucion-personalizada\/\"><strong>Obtenga m\u00e1s informaci\u00f3n sobre soluciones personalizadas para botellas t\u00e9rmicas.<\/strong><\/a><\/p>\n\n\n\n<div class=\"wp-block-columns is-layout-flex wp-container-core-columns-is-layout-9d6595d7 wp-block-columns-is-layout-flex\">\n<div class=\"wp-block-column is-layout-flow wp-block-column-is-layout-flow\">\n<figure class=\"wp-block-image size-full\"><img fetchpriority=\"high\" decoding=\"async\" width=\"1600\" height=\"1600\" src=\"https:\/\/moyahousehold.com\/wp-content\/uploads\/2025\/02\/Bulk-Custom-Thermos-Bottle-Details-5.webp\" alt=\"Detalles de los termos personalizados a granel (5)\" class=\"wp-image-10384\" srcset=\"https:\/\/moyahousehold.com\/wp-content\/uploads\/2025\/02\/Bulk-Custom-Thermos-Bottle-Details-5.webp 1600w, https:\/\/moyahousehold.com\/wp-content\/uploads\/2025\/02\/Bulk-Custom-Thermos-Bottle-Details-5-300x300.webp 300w, https:\/\/moyahousehold.com\/wp-content\/uploads\/2025\/02\/Bulk-Custom-Thermos-Bottle-Details-5-150x150.webp 150w, https:\/\/moyahousehold.com\/wp-content\/uploads\/2025\/02\/Bulk-Custom-Thermos-Bottle-Details-5-768x768.webp 768w, https:\/\/moyahousehold.com\/wp-content\/uploads\/2025\/02\/Bulk-Custom-Thermos-Bottle-Details-5-12x12.webp 12w, https:\/\/moyahousehold.com\/wp-content\/uploads\/2025\/02\/Bulk-Custom-Thermos-Bottle-Details-5-285x285.webp 285w, https:\/\/moyahousehold.com\/wp-content\/uploads\/2025\/02\/Bulk-Custom-Thermos-Bottle-Details-5-270x270.webp 270w, https:\/\/moyahousehold.com\/wp-content\/uploads\/2025\/02\/Bulk-Custom-Thermos-Bottle-Details-5-540x540.webp 540w, https:\/\/moyahousehold.com\/wp-content\/uploads\/2025\/02\/Bulk-Custom-Thermos-Bottle-Details-5-660x660.webp 660w\" sizes=\"(max-width: 1600px) 100vw, 1600px\" \/><\/figure>\n<\/div>\n\n\n\n<div class=\"wp-block-column is-layout-flow wp-block-column-is-layout-flow\">\n<figure class=\"wp-block-image size-full\"><img decoding=\"async\" width=\"1600\" height=\"1600\" src=\"https:\/\/moyahousehold.com\/wp-content\/uploads\/2025\/02\/Bulk-Custom-Thermos-Bottle-Details-6.webp\" alt=\"Detalles de los termos personalizados a granel (6)\" class=\"wp-image-10385\" srcset=\"https:\/\/moyahousehold.com\/wp-content\/uploads\/2025\/02\/Bulk-Custom-Thermos-Bottle-Details-6.webp 1600w, https:\/\/moyahousehold.com\/wp-content\/uploads\/2025\/02\/Bulk-Custom-Thermos-Bottle-Details-6-300x300.webp 300w, https:\/\/moyahousehold.com\/wp-content\/uploads\/2025\/02\/Bulk-Custom-Thermos-Bottle-Details-6-150x150.webp 150w, https:\/\/moyahousehold.com\/wp-content\/uploads\/2025\/02\/Bulk-Custom-Thermos-Bottle-Details-6-768x768.webp 768w, https:\/\/moyahousehold.com\/wp-content\/uploads\/2025\/02\/Bulk-Custom-Thermos-Bottle-Details-6-12x12.webp 12w, https:\/\/moyahousehold.com\/wp-content\/uploads\/2025\/02\/Bulk-Custom-Thermos-Bottle-Details-6-285x285.webp 285w, https:\/\/moyahousehold.com\/wp-content\/uploads\/2025\/02\/Bulk-Custom-Thermos-Bottle-Details-6-270x270.webp 270w, https:\/\/moyahousehold.com\/wp-content\/uploads\/2025\/02\/Bulk-Custom-Thermos-Bottle-Details-6-540x540.webp 540w, https:\/\/moyahousehold.com\/wp-content\/uploads\/2025\/02\/Bulk-Custom-Thermos-Bottle-Details-6-660x660.webp 660w\" sizes=\"(max-width: 1600px) 100vw, 1600px\" \/><\/figure>\n<\/div>\n<\/div>","protected":false},"excerpt":{"rendered":"<p>Botellas termo personalizables al por mayor, adecuadas para su uso en diversos escenarios como oficinas, gimnasios y acampadas. El sello especialmente dise\u00f1ado no gotear\u00e1, por lo que es m\u00e1s adecuado para actividades al aire libre. El tiempo efectivo de conservaci\u00f3n del calor es de m\u00e1s de 18 horas. Admitimos OEM y ODM, p\u00f3ngase en contacto con nosotros para obtener un presupuesto.<\/p>\n<h3>Caracter\u00edsticas y ventajas de la botella de agua aislante de acero inoxidable<\/h3>\n<p><strong>Excelente rendimiento aislante:<\/strong> Esta botella termo adopta un dise\u00f1o de acero inoxidable de doble capa, que a\u00edsla eficazmente los cambios de temperatura externos, garantizando que las bebidas calientes se mantengan calientes y las fr\u00edas, frescas durante horas.<\/p>\n<p><strong>F\u00e1cil de manejar:<\/strong> El bot\u00f3n de la tapa superior se puede pulsar para verter agua, lo que se puede manejar con una sola mano, por lo que resulta c\u00f3modo para los usuarios beber mientras hacen ejercicio o conducen.<\/p>\n<p><strong>Buena durabilidad:<\/strong> La botella termo se fabrica mediante procesos de alto nivel para garantizar la durabilidad del cuerpo de la botella, y no es f\u00e1cil que se da\u00f1e incluso tras un uso prolongado.<\/p>\n<p><strong>Dise\u00f1o de almacenamiento:<\/strong> Su dise\u00f1o compacto minimiza el espacio ocupado en maletas y mochilas, por lo que resulta muy pr\u00e1ctico para guardarlo durante los viajes.<\/p>\n<p><strong>Dise\u00f1o humanizado:<\/strong> La forma ergon\u00f3mica de la botella hace que sea m\u00e1s c\u00f3moda de sujetar y f\u00e1cil de beber.<\/p>\n<p><strong>Servicios OEM y ODM:<\/strong> MOYA proporciona una soluci\u00f3n integral de botellas termo personalizadas, los clientes pueden imprimir el logotipo de su propia marca en el producto o crear un nuevo producto de botella termo.<\/p>\n<p><strong><a href=\"https:\/\/moyahousehold.com\/es\/solucion-personalizada\/\">M\u00e1s informaci\u00f3n sobre soluciones personalizadas para botellas t\u00e9rmicas.<\/a><\/strong><\/p>","protected":false},"featured_media":10378,"comment_status":"closed","ping_status":"closed","template":"","meta":[],"product_cat":[53],"product_tag":[104],"class_list":{"0":"post-10377","1":"product","2":"type-product","3":"status-publish","4":"has-post-thumbnail","6":"product_cat-vacuum-bottle-wholesale","7":"product_tag-wholesale-350ml-insulated-water-bottles","9":"first","10":"instock","11":"shipping-taxable","12":"product-type-simple"},"_links":{"self":[{"href":"https:\/\/moyahousehold.com\/es\/wp-json\/wp\/v2\/product\/10377","targetHints":{"allow":["GET"]}}],"collection":[{"href":"https:\/\/moyahousehold.com\/es\/wp-json\/wp\/v2\/product"}],"about":[{"href":"https:\/\/moyahousehold.com\/es\/wp-json\/wp\/v2\/types\/product"}],"replies":[{"embeddable":true,"href":"https:\/\/moyahousehold.com\/es\/wp-json\/wp\/v2\/comments?post=10377"}],"version-history":[{"count":0,"href":"https:\/\/moyahousehold.com\/es\/wp-json\/wp\/v2\/product\/10377\/revisions"}],"wp:featuredmedia":[{"embeddable":true,"href":"https:\/\/moyahousehold.com\/es\/wp-json\/wp\/v2\/media\/10378"}],"wp:attachment":[{"href":"https:\/\/moyahousehold.com\/es\/wp-json\/wp\/v2\/media?parent=10377"}],"wp:term":[{"taxonomy":"product_cat","embeddable":true,"href":"https:\/\/moyahousehold.com\/es\/wp-json\/wp\/v2\/product_cat?post=10377"},{"taxonomy":"product_tag","embeddable":true,"href":"https:\/\/moyahousehold.com\/es\/wp-json\/wp\/v2\/product_tag?post=10377"}],"curies":[{"name":"wp","href":"https:\/\/api.w.org\/{rel}","templated":true}]}}