{"id":10389,"date":"2025-02-10T23:58:57","date_gmt":"2025-02-08T07:19:18","guid":{"rendered":"https:\/\/moyahousehold.com\/?post_type=product&#038;p=10389"},"modified":"2025-02-11T00:53:34","modified_gmt":"2025-02-11T00:53:34","slug":"wholesale-multi-compartment-lunch-boxes-for-kid","status":"publish","type":"product","link":"https:\/\/moyahousehold.com\/es\/producto\/wholesale-multi-compartment-lunch-boxes-for-kid\/","title":{"rendered":"Mayorista Fiambreras Multi Compartimentos, Mejores Fiambreras para Ni\u00f1os para la Escuela,Soporte OEM y ODM"},"content":{"rendered":"<h2 class=\"wp-block-heading\">Par\u00e1metros de la fiambrera infantil de varios compartimentos para el colegio<\/h2>\n\n\n\n<p><strong>material:<\/strong> 304 + PP <strong> color:<\/strong> Negro\u3001Blanco<\/p>\n\n\n\n<figure class=\"wp-block-table\"><table class=\"has-fixed-layout\"><tbody><tr><td>Art\u00edculo<\/td><td>Capacidad<\/td><td>Talla\/PCS<\/td><td>PCS\/Caja<\/td><td>N.W.\/PCS<\/td><td>G.W.\/Caso<\/td><\/tr><tr><td>MYSK013<\/td><td>5 rejillas<\/td><td>27*19.8*6<\/td><td>\/<\/td><td>0,37 kg<\/td><td>\/<\/td><\/tr><\/tbody><\/table><\/figure>\n\n\n\n<h3 class=\"wp-block-heading\">Opciones de fiambreras personalizadas<\/h3>\n\n\n\n<p><strong>Logotipo<\/strong>Personalice el logotipo de su marca en la caja bento de acero inoxidable y en el embalaje.<br><strong>Opciones de logotipo<\/strong>Logotipo impreso, logotipo grabado con l\u00e1ser, etc.<br><strong>Patr\u00f3n<\/strong>Impresi\u00f3n de motivos en productos y envases.<br><strong>Tecnolog\u00eda de impresi\u00f3n<\/strong>Impresi\u00f3n por transferencia de agua, serigraf\u00eda, transferencia de calor, sublimaci\u00f3n, etc.<br><strong>Embalaje:<\/strong>caja de color.<br><a href=\"https:\/\/moyahousehold.com\/es\/solucion-personalizada\/\"><strong>M\u00e1s informaci\u00f3n sobre soluciones de fiambreras personalizadas.<\/strong><\/a><\/p>\n\n\n\n<div class=\"wp-block-columns is-layout-flex wp-container-core-columns-is-layout-9d6595d7 wp-block-columns-is-layout-flex\">\n<div class=\"wp-block-column is-layout-flow wp-block-column-is-layout-flow\">\n<figure class=\"wp-block-image size-full\"><img fetchpriority=\"high\" decoding=\"async\" width=\"1500\" height=\"1500\" src=\"https:\/\/moyahousehold.com\/wp-content\/uploads\/2025\/02\/wholesale-multi-compartment-lunch-box-for-kid-2.jpg\" alt=\"venta al por mayor fiambrera con varios compartimentos para ni\u00f1os (2)\" class=\"wp-image-10425\" srcset=\"https:\/\/moyahousehold.com\/wp-content\/uploads\/2025\/02\/wholesale-multi-compartment-lunch-box-for-kid-2.jpg 1500w, https:\/\/moyahousehold.com\/wp-content\/uploads\/2025\/02\/wholesale-multi-compartment-lunch-box-for-kid-2-300x300.jpg 300w, https:\/\/moyahousehold.com\/wp-content\/uploads\/2025\/02\/wholesale-multi-compartment-lunch-box-for-kid-2-150x150.jpg 150w, https:\/\/moyahousehold.com\/wp-content\/uploads\/2025\/02\/wholesale-multi-compartment-lunch-box-for-kid-2-768x768.jpg 768w, https:\/\/moyahousehold.com\/wp-content\/uploads\/2025\/02\/wholesale-multi-compartment-lunch-box-for-kid-2-12x12.jpg 12w, https:\/\/moyahousehold.com\/wp-content\/uploads\/2025\/02\/wholesale-multi-compartment-lunch-box-for-kid-2-285x285.jpg 285w, https:\/\/moyahousehold.com\/wp-content\/uploads\/2025\/02\/wholesale-multi-compartment-lunch-box-for-kid-2-270x270.jpg 270w, https:\/\/moyahousehold.com\/wp-content\/uploads\/2025\/02\/wholesale-multi-compartment-lunch-box-for-kid-2-540x540.jpg 540w, https:\/\/moyahousehold.com\/wp-content\/uploads\/2025\/02\/wholesale-multi-compartment-lunch-box-for-kid-2-660x660.jpg 660w\" sizes=\"(max-width: 1500px) 100vw, 1500px\" \/><\/figure>\n<\/div>\n\n\n\n<div class=\"wp-block-column is-layout-flow wp-block-column-is-layout-flow\">\n<figure class=\"wp-block-image size-full\"><img decoding=\"async\" width=\"1500\" height=\"1500\" src=\"https:\/\/moyahousehold.com\/wp-content\/uploads\/2025\/02\/wholesale-multi-compartment-lunch-box-for-kid-3.jpg\" alt=\"venta al por mayor fiambrera con varios compartimentos para ni\u00f1os (3)\" class=\"wp-image-10426\" srcset=\"https:\/\/moyahousehold.com\/wp-content\/uploads\/2025\/02\/wholesale-multi-compartment-lunch-box-for-kid-3.jpg 1500w, https:\/\/moyahousehold.com\/wp-content\/uploads\/2025\/02\/wholesale-multi-compartment-lunch-box-for-kid-3-300x300.jpg 300w, https:\/\/moyahousehold.com\/wp-content\/uploads\/2025\/02\/wholesale-multi-compartment-lunch-box-for-kid-3-150x150.jpg 150w, https:\/\/moyahousehold.com\/wp-content\/uploads\/2025\/02\/wholesale-multi-compartment-lunch-box-for-kid-3-768x768.jpg 768w, https:\/\/moyahousehold.com\/wp-content\/uploads\/2025\/02\/wholesale-multi-compartment-lunch-box-for-kid-3-12x12.jpg 12w, https:\/\/moyahousehold.com\/wp-content\/uploads\/2025\/02\/wholesale-multi-compartment-lunch-box-for-kid-3-285x285.jpg 285w, https:\/\/moyahousehold.com\/wp-content\/uploads\/2025\/02\/wholesale-multi-compartment-lunch-box-for-kid-3-270x270.jpg 270w, https:\/\/moyahousehold.com\/wp-content\/uploads\/2025\/02\/wholesale-multi-compartment-lunch-box-for-kid-3-540x540.jpg 540w, https:\/\/moyahousehold.com\/wp-content\/uploads\/2025\/02\/wholesale-multi-compartment-lunch-box-for-kid-3-660x660.jpg 660w\" sizes=\"(max-width: 1500px) 100vw, 1500px\" \/><\/figure>\n<\/div>\n<\/div>\n\n\n\n<div class=\"wp-block-columns is-layout-flex wp-container-core-columns-is-layout-9d6595d7 wp-block-columns-is-layout-flex\">\n<div class=\"wp-block-column is-layout-flow wp-block-column-is-layout-flow\">\n<figure class=\"wp-block-image size-full\"><img decoding=\"async\" width=\"1500\" height=\"1500\" src=\"https:\/\/moyahousehold.com\/wp-content\/uploads\/2025\/02\/wholesale-multi-compartment-lunch-box-for-kid-4.jpg\" alt=\"venta al por mayor fiambrera con varios compartimentos para ni\u00f1os (4)\" class=\"wp-image-10427\" srcset=\"https:\/\/moyahousehold.com\/wp-content\/uploads\/2025\/02\/wholesale-multi-compartment-lunch-box-for-kid-4.jpg 1500w, https:\/\/moyahousehold.com\/wp-content\/uploads\/2025\/02\/wholesale-multi-compartment-lunch-box-for-kid-4-300x300.jpg 300w, https:\/\/moyahousehold.com\/wp-content\/uploads\/2025\/02\/wholesale-multi-compartment-lunch-box-for-kid-4-150x150.jpg 150w, https:\/\/moyahousehold.com\/wp-content\/uploads\/2025\/02\/wholesale-multi-compartment-lunch-box-for-kid-4-768x768.jpg 768w, https:\/\/moyahousehold.com\/wp-content\/uploads\/2025\/02\/wholesale-multi-compartment-lunch-box-for-kid-4-12x12.jpg 12w, https:\/\/moyahousehold.com\/wp-content\/uploads\/2025\/02\/wholesale-multi-compartment-lunch-box-for-kid-4-285x285.jpg 285w, https:\/\/moyahousehold.com\/wp-content\/uploads\/2025\/02\/wholesale-multi-compartment-lunch-box-for-kid-4-270x270.jpg 270w, https:\/\/moyahousehold.com\/wp-content\/uploads\/2025\/02\/wholesale-multi-compartment-lunch-box-for-kid-4-540x540.jpg 540w, https:\/\/moyahousehold.com\/wp-content\/uploads\/2025\/02\/wholesale-multi-compartment-lunch-box-for-kid-4-660x660.jpg 660w\" sizes=\"(max-width: 1500px) 100vw, 1500px\" \/><\/figure>\n<\/div>\n\n\n\n<div class=\"wp-block-column is-layout-flow wp-block-column-is-layout-flow\">\n<figure class=\"wp-block-image size-full\"><img loading=\"lazy\" decoding=\"async\" width=\"1500\" height=\"1500\" src=\"https:\/\/moyahousehold.com\/wp-content\/uploads\/2025\/02\/wholesale-multi-compartment-lunch-box-for-kid-1.jpg\" alt=\"venta al por mayor fiambrera con varios compartimentos para ni\u00f1os (1)\" class=\"wp-image-10423\" srcset=\"https:\/\/moyahousehold.com\/wp-content\/uploads\/2025\/02\/wholesale-multi-compartment-lunch-box-for-kid-1.jpg 1500w, https:\/\/moyahousehold.com\/wp-content\/uploads\/2025\/02\/wholesale-multi-compartment-lunch-box-for-kid-1-300x300.jpg 300w, https:\/\/moyahousehold.com\/wp-content\/uploads\/2025\/02\/wholesale-multi-compartment-lunch-box-for-kid-1-150x150.jpg 150w, https:\/\/moyahousehold.com\/wp-content\/uploads\/2025\/02\/wholesale-multi-compartment-lunch-box-for-kid-1-768x768.jpg 768w, https:\/\/moyahousehold.com\/wp-content\/uploads\/2025\/02\/wholesale-multi-compartment-lunch-box-for-kid-1-12x12.jpg 12w, https:\/\/moyahousehold.com\/wp-content\/uploads\/2025\/02\/wholesale-multi-compartment-lunch-box-for-kid-1-285x285.jpg 285w, https:\/\/moyahousehold.com\/wp-content\/uploads\/2025\/02\/wholesale-multi-compartment-lunch-box-for-kid-1-270x270.jpg 270w, https:\/\/moyahousehold.com\/wp-content\/uploads\/2025\/02\/wholesale-multi-compartment-lunch-box-for-kid-1-540x540.jpg 540w, https:\/\/moyahousehold.com\/wp-content\/uploads\/2025\/02\/wholesale-multi-compartment-lunch-box-for-kid-1-660x660.jpg 660w\" sizes=\"(max-width: 1500px) 100vw, 1500px\" \/><\/figure>\n<\/div>\n<\/div>\n\n\n\n<p><\/p>","protected":false},"excerpt":{"rendered":"<p>Fiambrera escolar de acero inoxidable al por mayor con m\u00faltiples compartimentos para ni\u00f1os, perfecta para controlar las porciones y comer sano Anime a los ni\u00f1os a aprender a controlar las porciones mientras disfrutan de sus comidas. Esta fiambrera est\u00e1 fabricada en acero inoxidable de calidad alimentaria para garantizar su seguridad y durabilidad. Como fabricante de fiambreras de confianza, MOYA ofrece servicios personalizados de OEM y ODM. Le invitamos a ponerse en contacto con nosotros para buscar oportunidades de colaboraci\u00f3n.<\/p>\n<h3>Caracter\u00edsticas de la fiambrera infantil con varios compartimentos para el colegio<\/h3>\n<p><strong>Dise\u00f1o atractivo:<\/strong> La fiambrera de acero inoxidable con varios compartimentos presenta colores brillantes y encantadores dibujos animados para despertar el inter\u00e9s de los ni\u00f1os a la hora de comer y hacer que disfruten m\u00e1s.<\/p>\n<p><strong>Compartimentos multifuncionales:<\/strong> Disponible en 2 y 3 compartimentos, nuestra fiambrera multicompartimento ayuda a evitar que los sabores se mezclen y fomenta una dieta equilibrada.<\/p>\n<p><strong>Materiales respetuosos con el medio ambiente y seguros:<\/strong> Nuestras fiambreras al por mayor est\u00e1n fabricadas con acero inoxidable de calidad alimentaria 100%, certificado por la ISO y la FDA, lo que garantiza los m\u00e1s altos est\u00e1ndares de salud y seguridad para los ni\u00f1os.<\/p>\n<p><strong>M\u00faltiples opciones:<\/strong> Nuestras fiambreras al por mayor est\u00e1n disponibles en una gran variedad de colores, estilos y capacidades para adaptarse a diferentes preferencias y grupos de edad, perfectas para todos los ni\u00f1os.<\/p>\n<p><strong>Dise\u00f1o f\u00e1cil de usar:<\/strong> La tapa de f\u00e1cil apertura est\u00e1 dise\u00f1ada para manos peque\u00f1as, lo que permite a los ni\u00f1os abrir y cerrar f\u00e1cilmente la fiambrera. Ligera y compacta, cabe f\u00e1cilmente en la mochila, lo que la convierte en la mejor fiambrera escolar.<\/p>\n<p>Elija las fiambreras de acero inoxidable MOYA para combinar funcionalidad, seguridad y diversi\u00f3n para sus peque\u00f1os. P\u00f3ngase en contacto con nosotros hoy mismo para explorar las opciones de personalizaci\u00f3n y realizar su pedido.<\/p>","protected":false},"featured_media":10424,"comment_status":"closed","ping_status":"closed","template":"","meta":[],"product_cat":[58],"product_tag":[87,92],"class_list":{"0":"post-10389","1":"product","2":"type-product","3":"status-publish","4":"has-post-thumbnail","6":"product_cat-lunch-box-wholesale","7":"product_tag-wholesale-multi-compartment-lunch-box","8":"product_tag-wholesale-rectangle-lunch-box","10":"first","11":"instock","12":"shipping-taxable","13":"product-type-simple"},"_links":{"self":[{"href":"https:\/\/moyahousehold.com\/es\/wp-json\/wp\/v2\/product\/10389","targetHints":{"allow":["GET"]}}],"collection":[{"href":"https:\/\/moyahousehold.com\/es\/wp-json\/wp\/v2\/product"}],"about":[{"href":"https:\/\/moyahousehold.com\/es\/wp-json\/wp\/v2\/types\/product"}],"replies":[{"embeddable":true,"href":"https:\/\/moyahousehold.com\/es\/wp-json\/wp\/v2\/comments?post=10389"}],"version-history":[{"count":0,"href":"https:\/\/moyahousehold.com\/es\/wp-json\/wp\/v2\/product\/10389\/revisions"}],"wp:featuredmedia":[{"embeddable":true,"href":"https:\/\/moyahousehold.com\/es\/wp-json\/wp\/v2\/media\/10424"}],"wp:attachment":[{"href":"https:\/\/moyahousehold.com\/es\/wp-json\/wp\/v2\/media?parent=10389"}],"wp:term":[{"taxonomy":"product_cat","embeddable":true,"href":"https:\/\/moyahousehold.com\/es\/wp-json\/wp\/v2\/product_cat?post=10389"},{"taxonomy":"product_tag","embeddable":true,"href":"https:\/\/moyahousehold.com\/es\/wp-json\/wp\/v2\/product_tag?post=10389"}],"curies":[{"name":"wp","href":"https:\/\/api.w.org\/{rel}","templated":true}]}}